{"id":85,"date":"2015-01-15T18:49:55","date_gmt":"2015-01-15T18:49:55","guid":{"rendered":"http:\/\/www2.unifap.br\/ppgdif\/?page_id=85"},"modified":"2015-01-15T18:56:26","modified_gmt":"2015-01-15T18:56:26","slug":"area-de-concentracao","status":"publish","type":"page","link":"https:\/\/www2.unifap.br\/ppgdif\/apresentacao\/area-de-concentracao\/","title":{"rendered":"\u00c1rea de Concentra\u00e7\u00e3o"},"content":{"rendered":"<h3><span style=\"color: #000000\"><strong>F\u00e1rmacos e\u00a0Medicamentos<\/strong><\/span><\/h3>\n<p style=\"text-align: justify\">A \u00e1rea de f\u00e1rmacos e medicamentos contempla conte\u00fados multidisciplinares envolvendo o f\u00e1rmaco que \u00e9\u00a0designado como uma subst\u00e2ncia qu\u00edmica conhecida e de estrutura qu\u00edmica definida dotada de propriedade\u00a0farmacol\u00f3gica, e o medicamento como sendo produto farmac\u00eautico, tecnicamente obtido ou elaborado com\u00a0finalidade profil\u00e1tica, curativa, paliativa ou para fins de diagn\u00f3stico, ou seja, uma forma farmac\u00eautica terminada\u00a0que cont\u00e9m o f\u00e1rmaco, geralmente em associa\u00e7\u00e3o com adjuvantes farmacot\u00e9cnicos. A forma\u00e7\u00e3o nesta \u00e1rea\u00a0permitir\u00e1 o conhecimento de todas as etapas do processo, da descoberta at\u00e9 a aprova\u00e7\u00e3o para comercializa\u00e7\u00e3o.<\/p>\n","protected":false},"excerpt":{"rendered":"<p>F\u00e1rmacos e\u00a0Medicamentos A \u00e1rea de f\u00e1rmacos e medicamentos contempla conte\u00fados multidisciplinares envolvendo o f\u00e1rmaco que \u00e9\u00a0designado como uma subst\u00e2ncia qu\u00edmica conhecida e de estrutura qu\u00edmica definida dotada de propriedade\u00a0farmacol\u00f3gica, e o medicamento como sendo produto farmac\u00eautico, tecnicamente obtido ou elaborado&hellip; <\/p>\n<p><a href=\"https:\/\/www2.unifap.br\/ppgdif\/apresentacao\/area-de-concentracao\/\" class=\"readmore-button\">Continue Reading<\/a><\/p>\n","protected":false},"author":624,"featured_media":0,"parent":24,"menu_order":1,"comment_status":"open","ping_status":"open","template":"","meta":{"inline_featured_image":false,"ngg_post_thumbnail":0,"footnotes":""},"class_list":["post-85","page","type-page","status-publish","hentry"],"_links":{"self":[{"href":"https:\/\/www2.unifap.br\/ppgdif\/wp-json\/wp\/v2\/pages\/85","targetHints":{"allow":["GET"]}}],"collection":[{"href":"https:\/\/www2.unifap.br\/ppgdif\/wp-json\/wp\/v2\/pages"}],"about":[{"href":"https:\/\/www2.unifap.br\/ppgdif\/wp-json\/wp\/v2\/types\/page"}],"author":[{"embeddable":true,"href":"https:\/\/www2.unifap.br\/ppgdif\/wp-json\/wp\/v2\/users\/624"}],"replies":[{"embeddable":true,"href":"https:\/\/www2.unifap.br\/ppgdif\/wp-json\/wp\/v2\/comments?post=85"}],"version-history":[{"count":2,"href":"https:\/\/www2.unifap.br\/ppgdif\/wp-json\/wp\/v2\/pages\/85\/revisions"}],"predecessor-version":[{"id":90,"href":"https:\/\/www2.unifap.br\/ppgdif\/wp-json\/wp\/v2\/pages\/85\/revisions\/90"}],"up":[{"embeddable":true,"href":"https:\/\/www2.unifap.br\/ppgdif\/wp-json\/wp\/v2\/pages\/24"}],"wp:attachment":[{"href":"https:\/\/www2.unifap.br\/ppgdif\/wp-json\/wp\/v2\/media?parent=85"}],"curies":[{"name":"wp","href":"https:\/\/api.w.org\/{rel}","templated":true}]}}