{"id":87,"date":"2015-01-15T18:53:40","date_gmt":"2015-01-15T18:53:40","guid":{"rendered":"http:\/\/www2.unifap.br\/ppgdif\/?page_id=87"},"modified":"2015-01-15T18:53:40","modified_gmt":"2015-01-15T18:53:40","slug":"linhas-de-pesquisa","status":"publish","type":"page","link":"https:\/\/www2.unifap.br\/ppgdif\/apresentacao\/linhas-de-pesquisa\/","title":{"rendered":"Linhas de Pesquisa"},"content":{"rendered":"<p style=\"text-align: justify\"><strong>\u2192\u00a0Planejamento, pesquisa, s\u00edntese e\u00a0avalia\u00e7\u00e3o biol\u00f3gica de produtos\u00a0naturais e mol\u00e9culas bioativas<\/strong><\/p>\n<p style=\"text-align: justify\">Planejar de forma racional novos candidatos a prot\u00f3tipos de f\u00e1rmacos,\u00a0associar \u00e1 s\u00edntese org\u00e2nica cl\u00e1ssica ferramentas tais como a bioconvers\u00e3o e\u00a0modelagem molecular de modo a promover quimiodiversidade em substratos\u00a0de origem natural ou sint\u00e9tica. Aplicar metodologias in vitro para estudo do\u00a0metabolismo e triagem de potenciais atividades ou eventual toxicidade dos\u00a0novos compostos obtidos.<\/p>\n<p style=\"text-align: justify\">\n<p style=\"text-align: justify\"><strong>\u2192\u00a0Desenvolvimento farmacot\u00e9cnico,\u00a0anal\u00edtico e avalia\u00e7\u00e3o\u00a0biofarmac\u00eautica de f\u00e1rmacos e\u00a0medicamentos<\/strong><\/p>\n<p style=\"text-align: justify\">Desenvolver novos produtos a partir de insumos oriundos da flora regional,\u00a0implementar e validar metodologias anal\u00edticas para controle de qualidade de\u00a0produtos naturais e fitoer\u00e1picos. Avaliar a farmacocin\u00e9tica e atividade\u00a0terap\u00eautica de novos f\u00e1rmacos e medicamentos.<\/p>\n","protected":false},"excerpt":{"rendered":"<p>\u2192\u00a0Planejamento, pesquisa, s\u00edntese e\u00a0avalia\u00e7\u00e3o biol\u00f3gica de produtos\u00a0naturais e mol\u00e9culas bioativas Planejar de forma racional novos candidatos a prot\u00f3tipos de f\u00e1rmacos,\u00a0associar \u00e1 s\u00edntese org\u00e2nica cl\u00e1ssica ferramentas tais como a bioconvers\u00e3o e\u00a0modelagem molecular de modo a promover quimiodiversidade em substratos\u00a0de origem natural&hellip; <\/p>\n<p><a href=\"https:\/\/www2.unifap.br\/ppgdif\/apresentacao\/linhas-de-pesquisa\/\" class=\"readmore-button\">Continue Reading<\/a><\/p>\n","protected":false},"author":624,"featured_media":0,"parent":24,"menu_order":2,"comment_status":"open","ping_status":"open","template":"","meta":{"inline_featured_image":false,"ngg_post_thumbnail":0,"footnotes":""},"class_list":["post-87","page","type-page","status-publish","hentry"],"_links":{"self":[{"href":"https:\/\/www2.unifap.br\/ppgdif\/wp-json\/wp\/v2\/pages\/87","targetHints":{"allow":["GET"]}}],"collection":[{"href":"https:\/\/www2.unifap.br\/ppgdif\/wp-json\/wp\/v2\/pages"}],"about":[{"href":"https:\/\/www2.unifap.br\/ppgdif\/wp-json\/wp\/v2\/types\/page"}],"author":[{"embeddable":true,"href":"https:\/\/www2.unifap.br\/ppgdif\/wp-json\/wp\/v2\/users\/624"}],"replies":[{"embeddable":true,"href":"https:\/\/www2.unifap.br\/ppgdif\/wp-json\/wp\/v2\/comments?post=87"}],"version-history":[{"count":2,"href":"https:\/\/www2.unifap.br\/ppgdif\/wp-json\/wp\/v2\/pages\/87\/revisions"}],"predecessor-version":[{"id":89,"href":"https:\/\/www2.unifap.br\/ppgdif\/wp-json\/wp\/v2\/pages\/87\/revisions\/89"}],"up":[{"embeddable":true,"href":"https:\/\/www2.unifap.br\/ppgdif\/wp-json\/wp\/v2\/pages\/24"}],"wp:attachment":[{"href":"https:\/\/www2.unifap.br\/ppgdif\/wp-json\/wp\/v2\/media?parent=87"}],"curies":[{"name":"wp","href":"https:\/\/api.w.org\/{rel}","templated":true}]}}