{"id":15,"date":"2017-08-16T20:28:21","date_gmt":"2017-08-16T20:28:21","guid":{"rendered":"http:\/\/www2.unifap.br\/ppged\/?page_id=15"},"modified":"2019-09-25T02:15:12","modified_gmt":"2019-09-25T02:15:12","slug":"apresentacao","status":"publish","type":"page","link":"https:\/\/www2.unifap.br\/ppged\/apresentacao\/","title":{"rendered":"INSTITUCIONAL"},"content":{"rendered":"<p>O Programa de P\u00f3s- Gradua\u00e7\u00e3o em Educa\u00e7\u00e3o &#8211; Mestrado em Educa\u00e7\u00e3o da Universidade Federal do Amap\u00e1, foi institu\u00eddo no ano de 2017. Possui duas Linhas \u00a0de Pesquisa: Pol\u00edticas Educacionais e Educa\u00e7\u00e3o, Culturas e Diversidades, que est\u00e3o organicamente articuladas \u00e0 \u00c1rea de Concentra\u00e7\u00e3o do Curso , Educa\u00e7\u00e3o, Pol\u00edticas e Culturas.<\/p>\n<p>A educa\u00e7\u00e3o \u00e9 considerada como campo do conhecimento, al\u00e9m de um processo de media\u00e7\u00f5es sociais, com determinantes e desdobramentos hist\u00f3ricos, pol\u00edticos e culturais. Partindo-se da rela\u00e7\u00e3o entre Estado e sociedade, compreende-se a educa\u00e7\u00e3o numa perspectiva ampla, a qual ocorre em ambientes sociais diversos, inclusive n\u00e3o-escolares. A articula\u00e7\u00e3o entre as Linhas de Pesquisa, as disciplinas e demais componentes curriculares do Curso, na \u00e1rea de concentra\u00e7\u00e3o apresentada, toma como princ\u00edpio a necessidade de vincula\u00e7\u00e3o \u201corg\u00e2nica\u201d sustentado numa perspectiva de supera\u00e7\u00e3o da justaposi\u00e7\u00e3o e\/ou aglutina\u00e7\u00e3o por soma de tem\u00e1ticas de estudos. Nesse sentido, congrega pesquisadores individuais, Grupos, Linhas e disciplinas, em torno de elementos te\u00f3rico-metodol\u00f3gicos basilares e integradores.<\/p>\n<p>A compreens\u00e3o das pol\u00edticas educacionais, como constru\u00e7\u00e3o dial\u00e9tica, cultural e hist\u00f3rico-social, forjada na correla\u00e7\u00e3o de for\u00e7as entre os grupos, movimentos e organiza\u00e7\u00f5es sociais e pol\u00edticas. Assim, para al\u00e9m de manifesta\u00e7\u00e3o de a\u00e7\u00f5es do Estado, em seu sentido estrito, ou de Governo, concebe-se a pol\u00edtica educacional tamb\u00e9m na sua dimens\u00e3o cultural, entendendo que sua materializa\u00e7\u00e3o n\u00e3o ocorre de forma linear, estabelecida mecanicamente por meio de leis, decretos e similares. Da mesma forma, a cultura \u00e9 vista como processo din\u00e2mico que perpassa e imbrica-se em todas as dimens\u00f5es da vida social. A compreens\u00e3o da diversidade cultural e sua rela\u00e7\u00e3o com a educa\u00e7\u00e3o pressup\u00f5e entender tais fen\u00f4menos como resultados e determinantes de a\u00e7\u00f5es pol\u00edticas, econ\u00f4micas e sociais, conformadoras e geradoras de significados, aceita\u00e7\u00f5es e resist\u00eancias em conflito. A educa\u00e7\u00e3o, ao expressar tamb\u00e9m rela\u00e7\u00f5es de poder, manifesta\u00e7\u00e3o pol\u00edtico-cultural, \u00e9 constituinte e constitui-se nesse processo, a um s\u00f3 tempo.<\/p>\n<p>&nbsp;<\/p>\n<p>&nbsp;<\/p>\n","protected":false},"excerpt":{"rendered":"<p>O Programa de P\u00f3s- Gradua\u00e7\u00e3o em Educa\u00e7\u00e3o &#8211; Mestrado em Educa\u00e7\u00e3o da Universidade Federal do Amap\u00e1, foi institu\u00eddo no ano de 2017. Possui duas Linhas \u00a0de Pesquisa: Pol\u00edticas Educacionais e Educa\u00e7\u00e3o, Culturas e Diversidades, que est\u00e3o organicamente articuladas \u00e0 \u00c1rea de Concentra\u00e7\u00e3o do Curso , Educa\u00e7\u00e3o, Pol\u00edticas e Culturas. A educa\u00e7\u00e3o \u00e9 considerada como campo&#8230;<\/p>\n","protected":false},"author":1095,"featured_media":0,"parent":0,"menu_order":0,"comment_status":"open","ping_status":"closed","template":"","meta":{"inline_featured_image":false,"ngg_post_thumbnail":0,"footnotes":""},"folder":[],"class_list":["post-15","page","type-page","status-publish","hentry","entry"],"_links":{"self":[{"href":"https:\/\/www2.unifap.br\/ppged\/wp-json\/wp\/v2\/pages\/15","targetHints":{"allow":["GET"]}}],"collection":[{"href":"https:\/\/www2.unifap.br\/ppged\/wp-json\/wp\/v2\/pages"}],"about":[{"href":"https:\/\/www2.unifap.br\/ppged\/wp-json\/wp\/v2\/types\/page"}],"author":[{"embeddable":true,"href":"https:\/\/www2.unifap.br\/ppged\/wp-json\/wp\/v2\/users\/1095"}],"replies":[{"embeddable":true,"href":"https:\/\/www2.unifap.br\/ppged\/wp-json\/wp\/v2\/comments?post=15"}],"version-history":[{"count":2,"href":"https:\/\/www2.unifap.br\/ppged\/wp-json\/wp\/v2\/pages\/15\/revisions"}],"predecessor-version":[{"id":1132,"href":"https:\/\/www2.unifap.br\/ppged\/wp-json\/wp\/v2\/pages\/15\/revisions\/1132"}],"wp:attachment":[{"href":"https:\/\/www2.unifap.br\/ppged\/wp-json\/wp\/v2\/media?parent=15"}],"wp:term":[{"taxonomy":"folder","embeddable":true,"href":"https:\/\/www2.unifap.br\/ppged\/wp-json\/wp\/v2\/folder?post=15"}],"curies":[{"name":"wp","href":"https:\/\/api.w.org\/{rel}","templated":true}]}}