{"id":1566,"date":"2019-10-15T20:52:33","date_gmt":"2019-10-15T20:52:33","guid":{"rendered":"http:\/\/www2.unifap.br\/ppged\/?page_id=1566"},"modified":"2019-10-15T20:52:33","modified_gmt":"2019-10-15T20:52:33","slug":"turma-2017-6","status":"publish","type":"page","link":"https:\/\/www2.unifap.br\/ppged\/turma-2017-6\/","title":{"rendered":"TURMA 2017"},"content":{"rendered":"<p>&nbsp;<\/p>\n<p align=\"center\"><b>PROGRAMA DE P\u00d3S-GRADUA\u00c7\u00c3O EM EDUCA\u00c7\u00c3O \u2013 PPGED<\/b>&nbsp;<\/p>\n<p align=\"center\"><b>TURMA 2017<\/b><\/p>\n<p><strong>LINHA DE PESQUISA:<\/strong>&nbsp;POL\u00cdTICAS EDUCACIONAIS<\/p>\n<ul>\n<li>Darllen Almeida da Silva<\/li>\n<li>Edlenne Patr\u00edcia dos Santos Cordeiro<\/li>\n<li>Francisco Costa Leite Neto<\/li>\n<li>Jo\u00e3o de Deus Santos de Sampaio<\/li>\n<li>Jos\u00e9 Almir Brito dos Santos<\/li>\n<li>K\u00e1tia de Nazar\u00e9 Santos Fonseca<\/li>\n<li>Lindisay Giany Moreira<\/li>\n<li>Lucilea Santos Ayres da Silva<\/li>\n<li>Maria do Socorro Simith Neves<\/li>\n<li>Marilia Pantoja Brito<\/li>\n<li>Michelle Karoline Pereira&nbsp;da Silva<\/li>\n<li>Pollianna Pimentel Ferreira<\/li>\n<li>Rodrigo Barbosa Bastos<\/li>\n<\/ul>\n<p><strong>LINHA DE PESQUISA:&nbsp;<\/strong>EDUCA\u00c7\u00c3O, CULTURAS E DIVERSIDADES<\/p>\n<ul>\n<li>Bento Nunes de Souza Filho<\/li>\n<li>Bruna Cardoso Gon\u00e7alves<\/li>\n<li>Gisele Paula Batista<\/li>\n<li>Gleidson Costa da Silva<\/li>\n<li>Jemina de Ara\u00fajo Moraes Andrade<\/li>\n<li>Jos\u00e9 Roberto Afonso Pantoja<\/li>\n<li>Marcelo Concei\u00e7\u00e3o da Rocha Campos<\/li>\n<li>Miquelly Pastana Tito Sanches<\/li>\n<li>Moises de Jesus Prazeres dos Santos Bezerra<\/li>\n<li>Priscilla Pantoja do Nascimento Brand\u00e3o<\/li>\n<li>R\u00f4mulo Cambraia Ribeiro<\/li>\n<li>Sirney Thiago Fonseca dos Santos<\/li>\n<\/ul>\n","protected":false},"excerpt":{"rendered":"<p>&nbsp; PROGRAMA DE P\u00d3S-GRADUA\u00c7\u00c3O EM EDUCA\u00c7\u00c3O \u2013 PPGED&nbsp; TURMA 2017 LINHA DE PESQUISA:&nbsp;POL\u00cdTICAS EDUCACIONAIS Darllen Almeida da Silva Edlenne Patr\u00edcia dos Santos Cordeiro Francisco Costa Leite Neto Jo\u00e3o de Deus Santos de Sampaio Jos\u00e9 Almir Brito dos Santos K\u00e1tia de Nazar\u00e9 Santos Fonseca Lindisay Giany Moreira Lucilea Santos Ayres da Silva Maria do Socorro Simith&#8230;<\/p>\n","protected":false},"author":1095,"featured_media":0,"parent":0,"menu_order":0,"comment_status":"closed","ping_status":"closed","template":"fullwidth.php","meta":{"inline_featured_image":false,"ngg_post_thumbnail":0,"footnotes":""},"folder":[],"class_list":["post-1566","page","type-page","status-publish","hentry","entry"],"_links":{"self":[{"href":"https:\/\/www2.unifap.br\/ppged\/wp-json\/wp\/v2\/pages\/1566","targetHints":{"allow":["GET"]}}],"collection":[{"href":"https:\/\/www2.unifap.br\/ppged\/wp-json\/wp\/v2\/pages"}],"about":[{"href":"https:\/\/www2.unifap.br\/ppged\/wp-json\/wp\/v2\/types\/page"}],"author":[{"embeddable":true,"href":"https:\/\/www2.unifap.br\/ppged\/wp-json\/wp\/v2\/users\/1095"}],"replies":[{"embeddable":true,"href":"https:\/\/www2.unifap.br\/ppged\/wp-json\/wp\/v2\/comments?post=1566"}],"version-history":[{"count":1,"href":"https:\/\/www2.unifap.br\/ppged\/wp-json\/wp\/v2\/pages\/1566\/revisions"}],"predecessor-version":[{"id":1567,"href":"https:\/\/www2.unifap.br\/ppged\/wp-json\/wp\/v2\/pages\/1566\/revisions\/1567"}],"wp:attachment":[{"href":"https:\/\/www2.unifap.br\/ppged\/wp-json\/wp\/v2\/media?parent=1566"}],"wp:term":[{"taxonomy":"folder","embeddable":true,"href":"https:\/\/www2.unifap.br\/ppged\/wp-json\/wp\/v2\/folder?post=1566"}],"curies":[{"name":"wp","href":"https:\/\/api.w.org\/{rel}","templated":true}]}}