{"id":181,"date":"2017-10-06T13:24:10","date_gmt":"2017-10-06T13:24:10","guid":{"rendered":"http:\/\/www2.unifap.br\/ppged\/?page_id=181"},"modified":"2025-11-11T11:14:51","modified_gmt":"2025-11-11T11:14:51","slug":"documentos-2","status":"publish","type":"page","link":"https:\/\/www2.unifap.br\/ppged\/documentos-2\/","title":{"rendered":"DOCUMENTOS"},"content":{"rendered":"\t\t<div data-elementor-type=\"wp-post\" data-elementor-id=\"181\" class=\"elementor elementor-181\">\n\t\t\t\t\t\t<section class=\"elementor-section elementor-top-section elementor-element elementor-element-3b9c22f8 elementor-section-boxed elementor-section-height-default elementor-section-height-default\" data-id=\"3b9c22f8\" data-element_type=\"section\" data-e-type=\"section\">\n\t\t\t\t\t\t<div class=\"elementor-container elementor-column-gap-default\">\n\t\t\t\t\t<div class=\"elementor-column elementor-col-100 elementor-top-column elementor-element elementor-element-7ec0fa38\" data-id=\"7ec0fa38\" data-element_type=\"column\" data-e-type=\"column\">\n\t\t\t<div class=\"elementor-widget-wrap elementor-element-populated\">\n\t\t\t\t\t\t<div class=\"elementor-element elementor-element-99e76f5 elementor-widget elementor-widget-heading\" data-id=\"99e76f5\" data-element_type=\"widget\" data-e-type=\"widget\" data-widget_type=\"heading.default\">\n\t\t\t\t<div class=\"elementor-widget-container\">\n\t\t\t\t\t<h2 class=\"elementor-heading-title elementor-size-default\">NORMAS E REGIMENTOS<\/h2>\t\t\t\t<\/div>\n\t\t\t\t<\/div>\n\t\t\t\t<div class=\"elementor-element elementor-element-ce2295b elementor-widget-divider--view-line elementor-widget elementor-widget-divider\" data-id=\"ce2295b\" data-element_type=\"widget\" data-e-type=\"widget\" data-widget_type=\"divider.default\">\n\t\t\t\t<div class=\"elementor-widget-container\">\n\t\t\t\t\t\t\t<div class=\"elementor-divider\">\n\t\t\t<span class=\"elementor-divider-separator\">\n\t\t\t\t\t\t<\/span>\n\t\t<\/div>\n\t\t\t\t\t\t<\/div>\n\t\t\t\t<\/div>\n\t\t\t\t\t<\/div>\n\t\t<\/div>\n\t\t\t\t\t<\/div>\n\t\t<\/section>\n\t\t\t\t<section class=\"elementor-section elementor-top-section elementor-element elementor-element-ddb7562 elementor-section-boxed elementor-section-height-default elementor-section-height-default\" data-id=\"ddb7562\" data-element_type=\"section\" data-e-type=\"section\">\n\t\t\t\t\t\t<div class=\"elementor-container elementor-column-gap-default\">\n\t\t\t\t\t<div class=\"elementor-column elementor-col-100 elementor-top-column elementor-element elementor-element-ed1287f\" data-id=\"ed1287f\" data-element_type=\"column\" data-e-type=\"column\">\n\t\t\t<div class=\"elementor-widget-wrap elementor-element-populated\">\n\t\t\t\t\t\t<section class=\"elementor-section elementor-inner-section elementor-element elementor-element-994565e elementor-section-boxed elementor-section-height-default elementor-section-height-default\" data-id=\"994565e\" data-element_type=\"section\" data-e-type=\"section\">\n\t\t\t\t\t\t<div class=\"elementor-container elementor-column-gap-default\">\n\t\t\t\t\t<div class=\"elementor-column elementor-col-100 elementor-inner-column elementor-element elementor-element-205d5e2\" data-id=\"205d5e2\" data-element_type=\"column\" data-e-type=\"column\">\n\t\t\t<div class=\"elementor-widget-wrap elementor-element-populated\">\n\t\t\t\t\t\t<div class=\"elementor-element elementor-element-94ae018 elementor-widget elementor-widget-text-editor\" data-id=\"94ae018\" data-element_type=\"widget\" data-e-type=\"widget\" data-widget_type=\"text-editor.default\">\n\t\t\t\t<div class=\"elementor-widget-container\">\n\t\t\t\t\t\t\t\t\t<p><strong><span style=\"font-family: Liberation Sans, sans-serif\"><span style=\"font-size: medium\"><span style=\"font-style: normal\">NORMAS GERAIS DA P\u00d3S-GRADUA\u00c7\u00c3O<\/span><\/span><\/span><\/strong><\/p><ul><li><p style=\"margin-bottom: 0cm\"><strong><span style=\"font-family: Liberation Sans, sans-serif\"><span style=\"font-size: medium\"><span style=\"font-style: normal\"><span style=\"font-weight: normal\"><a href=\"http:\/\/www2.unifap.br\/ppged\/files\/2017\/10\/RESOLUCAO-N-7-DE-11-DE-DEZEMBRO-DE-2017_CNE-CES.pdf\">Normas para funcionamento de Cursos de P\u00f3s-gradua\u00e7\u00e3o stricto sensu (Resolu\u00e7\u00e3o n\u00ba 7, de 11 de dezembro de 2017 (CNE-CES)<\/a><\/span><\/span><\/span><\/span><\/strong><\/p><\/li><li><p><strong style=\"font-size: 15px\"><span style=\"font-family: Liberation Sans, sans-serif\"><span style=\"font-size: medium\"><span style=\"font-style: normal\"><span style=\"font-weight: normal\"><a href=\"http:\/\/www2.unifap.br\/ppged\/files\/2017\/10\/Resolu%C3%A7%C3%A3o-n%C2%BA-11-2017-Reg.-Geral-da-P%C3%B3s-gradua%C3%A7%C3%A3o_UNIFAP.pdf\">Regimento Geral da P\u00f3s-gradua\u00e7\u00e3o (R<\/a><a href=\"http:\/\/www2.unifap.br\/ppged\/files\/2017\/10\/Resolu%C3%A7%C3%A3o-n%C2%BA-11-2017-Reg.-Geral-da-P%C3%B3s-gradua%C3%A7%C3%A3o_UNIFAP.pdf\">esolu\u00e7\u00e3o n\u00ba 11\/2017<\/a><a href=\"http:\/\/www2.unifap.br\/ppged\/files\/2017\/10\/Resolu%C3%A7%C3%A3o-n%C2%BA-11-2017-Reg.-Geral-da-P%C3%B3s-gradua%C3%A7%C3%A3o_UNIFAP.pdf\">-UNIFAP)<\/a><\/span><\/span><\/span><\/span><\/strong><\/p><\/li><\/ul><p><strong><span style=\"font-family: Liberation Sans, sans-serif\"><span style=\"font-size: medium\"><span style=\"font-style: normal\">REGIMENTO INTERNO<\/span><\/span><\/span><\/strong><\/p><ul><li><p><a href=\"http:\/\/www2.unifap.br\/ppged\/files\/2025\/10\/REGIMENTO-ATUALIZADO.pdf\" target=\"_blank\" rel=\"noopener\">Regimento Atual<\/a><\/p><\/li><li><p><a href=\"http:\/\/www2.unifap.br\/ppged\/files\/2023\/03\/7._RESOLUO_5.2023_CONSU_-_15.02.2023_-_Aprova_o_Regimento_do_Programa_de_Ps-G-1.pdf\">Regimento 2023-2024<\/a><\/p><\/li><li><p><strong style=\"font-size: 15px\"><span style=\"font-family: Liberation Sans, sans-serif\"><span style=\"font-size: medium\"><span style=\"font-style: normal\"><span style=\"font-weight: normal\"><a href=\"http:\/\/www2.unifap.br\/ppged\/files\/2017\/10\/Regimento-Aprovado-15.03.18.pdf\">Regimento 2017-2023<\/a>;<\/span><\/span><\/span><\/span><\/strong><\/p><\/li><\/ul><h5>\u00a0<\/h5><h5><strong><span style=\"font-family: Liberation Sans, sans-serif\"><span style=\"font-size: medium\"><span style=\"font-style: normal\">NORMATIZA\u00c7\u00d5ES E RESOLU\u00c7\u00d5ES DO COLEGIADO<\/span><\/span><\/span><\/strong><\/h5><ul><li><p><span style=\"color: #333399\"><strong><span style=\"font-family: Liberation Sans, sans-serif\"><span style=\"font-size: medium\"><span style=\"font-style: normal\"><span style=\"font-weight: normal\"><a style=\"color: #333399\" href=\"http:\/\/www2.unifap.br\/ppged\/files\/2017\/10\/NORMATIZA%C3%87%C3%83O-N%C2%BA-01-2018-PPGED-UNIFAP-ATIVIDADES-PROGRAMADAS.pdf\">Atividades Programadas &#8211; Normatiza\u00e7\u00e3o n. 01, de\u00a026 de abril de 2018\u00a0<\/a>;<\/span><\/span><\/span><\/span><\/strong><\/span><\/p><\/li><li><p><a href=\"http:\/\/www2.unifap.br\/ppged\/files\/2025\/10\/01_2024_QUALIFICACAO.pdf\">Exame de Qualifica\u00e7\u00e3o &#8211; Normatiza\u00e7\u00e3o N. 01\/2024<\/a><\/p><\/li><li><p><a href=\"http:\/\/www2.unifap.br\/ppged\/files\/2025\/10\/01_2025_DEFESA.pdf\">Defesa de Disserta\u00e7\u00e3o e Tese &#8211; Normatiza\u00e7\u00e3o N. 01\/2025<\/a><\/p><\/li><li><p><span style=\"color: #333399\"><strong style=\"font-size: 14px\"><span style=\"font-family: Liberation Sans, sans-serif\"><span style=\"font-size: medium\"><span style=\"font-style: normal\"><span style=\"font-weight: normal\">Profici\u00eancia em L\u00edngua Estrangeira &#8211;\u00a0 <a style=\"color: #333399\" href=\"https:\/\/www2.unifap.br\/ppged\/normatizacao-no-05-de-02-de-setembro-de-2022\/\" rel=\"attachment wp-att-3816\">Normatiza\u00e7\u00e3o n\u00ba 05, de 02 de setembro de 2022<\/a><\/span><\/span><\/span><\/span><\/strong><\/span><\/p><\/li><li><p><span style=\"color: #333399\"><a style=\"color: #333399\" href=\"http:\/\/www2.unifap.br\/ppged\/credenciamento-recredenciamento-e-descredenciamento-docente-normatizacao-n-04-de-08-de-fevereiro-de-2021\/\" rel=\"attachment wp-att-2158\">Credenciamento, recredenciamento e descredenciamento docente &#8211; Normatiza\u00e7\u00e3o n. 04, de 08 de fevereiro de 2021.<\/a><\/span><\/p><\/li><li><p><span style=\"color: #333399\"><a style=\"color: #333399\" href=\"http:\/\/www2.unifap.br\/ppged\/files\/2021\/03\/Normas-procedimentais-aplic\u00e1veis-\u00e0-avalia\u00e7\u00e3o-de-desempenho-intelectual-docente-instru\u00e7\u00e3o-normativa-n.-01-de-08-de-fevereiro-de-2021.pdf\">Normas procedimentais aplic\u00e1veis \u00e0 avalia\u00e7\u00e3o de desempenho intelectual docente &#8211; instru\u00e7\u00e3o normativa n. 01 de 08 de fevereiro de 2021<\/a><\/span><\/p><\/li><li><p><a href=\"http:\/\/www2.unifap.br\/ppged\/files\/2025\/09\/normatizacao-PROAP-PPGED.pdf\">Aux\u00edlio Pesquisador e Aux\u00edlio a Estudantes (PROAP\/CAPES) &#8211; Resolu\u00e7\u00e3o n. 01\/2025<\/a><\/p><\/li><li><p><a href=\"http:\/\/www2.unifap.br\/ppged\/files\/2025\/11\/Normativa-02.2025-PPGED-_-10.11.2025-_-Regulamenta-a-selecao-de-bolsistas.pdf\">Sele\u00e7\u00e3o de Bolsista ao Usufruto de Bolsa de Estudo &#8211; Normatiza\u00e7\u00e3o n. 02\/2025<\/a><\/p><\/li><\/ul><h6>\u00a0<\/h6><p><strong>PLANEJAMENTO ESTRAT\u00c9GICO DO PPGED<\/strong><\/p><ul><li><p><a href=\"https:\/\/www2.unifap.br\/ppged\/plano-estrategico-2021-2024\/\" rel=\"attachment wp-att-3306\">Plano Estrat\u00e9gico (2021-2024)<\/a><\/p><\/li><\/ul><p style=\"margin-bottom: 0cm\"><strong><span style=\"font-family: Liberation Sans, sans-serif\"><span style=\"font-size: medium\"><span style=\"font-style: normal\">\u00a0<\/span><\/span><\/span><\/strong><\/p><p style=\"font-family: Roboto, sans-serif;font-size: 18px;font-style: normal\"><b>ELEI\u00c7\u00d5ES PARA COORDENA\u00c7\u00c3O\u00a0<\/b><\/p><ul style=\"font-family: Roboto, sans-serif;font-size: 18px;font-style: normal;font-weight: 400\"><li style=\"font-size: 18px\"><p><a href=\"http:\/\/www2.unifap.br\/ppged\/files\/2025\/09\/Regimento-para-eleicao-de-coordenacao-do-PPGED-1.pdf\">Regimento Eleitoral &#8211; Bi\u00eanio 2025-2027<\/a><\/p><ul style=\"font-family: Roboto, sans-serif;font-size: 18px;font-style: normal;font-weight: 400\"><li><a href=\"http:\/\/www2.unifap.br\/ppged\/files\/2025\/10\/LISTA-DE-ELEITORES-APTOS.pdf\">Lista de Eleitores<\/a><\/li><\/ul><\/li><\/ul><p style=\"margin-bottom: 0cm\"><strong><span style=\"font-family: Liberation Sans, sans-serif\"><span style=\"font-size: medium\"><span style=\"font-style: normal\">\u00a0<\/span><\/span><\/span><\/strong><\/p><p style=\"margin-bottom: 0cm\"><strong><span style=\"font-family: Liberation Sans, sans-serif\"><span style=\"font-size: medium\"><span style=\"font-style: normal\">RECONHECIMENTO DOS CURSOS<\/span><\/span><\/span><\/strong><\/p><ul><li><p><span style=\"font-family: Liberation Sans, sans-serif\"><span style=\"font-size: medium\"><span style=\"font-style: normal\"><span style=\"font-weight: normal\"><a href=\"http:\/\/www2.unifap.br\/ppged\/files\/2019\/06\/portaria-de-reconhecimento.pdf\">Portaria MEC N\u00ba 1.359, de 18 de dezembro de 2018 (Curso de Mestrado)<\/a><\/span><\/span><\/span><\/span><\/p><\/li><li><p><a href=\"http:\/\/www2.unifap.br\/ppged\/files\/2025\/09\/Anexo-G.pdf\">Portaria MEC N\u00ba 2.149, de 26 de dezembro de 2023 (Curso de Doutorado)<\/a><\/p><\/li><\/ul><h6 style=\"margin-bottom: 0cm;font-style: normal;font-weight: normal\">\u00a0<\/h6>\t\t\t\t\t\t\t\t<\/div>\n\t\t\t\t<\/div>\n\t\t\t\t\t<\/div>\n\t\t<\/div>\n\t\t\t\t\t<\/div>\n\t\t<\/section>\n\t\t\t\t\t<\/div>\n\t\t<\/div>\n\t\t\t\t\t<\/div>\n\t\t<\/section>\n\t\t\t\t<\/div>\n\t\t","protected":false},"excerpt":{"rendered":"<p>NORMAS E REGIMENTOS NORMAS GERAIS DA P\u00d3S-GRADUA\u00c7\u00c3O Normas para funcionamento de Cursos de P\u00f3s-gradua\u00e7\u00e3o stricto sensu (Resolu\u00e7\u00e3o n\u00ba 7, de 11 de dezembro de 2017 (CNE-CES) Regimento Geral da P\u00f3s-gradua\u00e7\u00e3o (Resolu\u00e7\u00e3o n\u00ba 11\/2017-UNIFAP) REGIMENTO INTERNO Regimento Atual Regimento 2023-2024 Regimento 2017-2023; \u00a0 NORMATIZA\u00c7\u00d5ES E RESOLU\u00c7\u00d5ES DO COLEGIADO Atividades Programadas &#8211; Normatiza\u00e7\u00e3o n. 01, de\u00a026 de&#8230;<\/p>\n","protected":false},"author":1095,"featured_media":0,"parent":0,"menu_order":0,"comment_status":"closed","ping_status":"closed","template":"elementor_header_footer","meta":{"inline_featured_image":false,"ngg_post_thumbnail":0,"footnotes":""},"folder":[],"class_list":["post-181","page","type-page","status-publish","hentry","entry"],"_links":{"self":[{"href":"https:\/\/www2.unifap.br\/ppged\/wp-json\/wp\/v2\/pages\/181","targetHints":{"allow":["GET"]}}],"collection":[{"href":"https:\/\/www2.unifap.br\/ppged\/wp-json\/wp\/v2\/pages"}],"about":[{"href":"https:\/\/www2.unifap.br\/ppged\/wp-json\/wp\/v2\/types\/page"}],"author":[{"embeddable":true,"href":"https:\/\/www2.unifap.br\/ppged\/wp-json\/wp\/v2\/users\/1095"}],"replies":[{"embeddable":true,"href":"https:\/\/www2.unifap.br\/ppged\/wp-json\/wp\/v2\/comments?post=181"}],"version-history":[{"count":88,"href":"https:\/\/www2.unifap.br\/ppged\/wp-json\/wp\/v2\/pages\/181\/revisions"}],"predecessor-version":[{"id":7821,"href":"https:\/\/www2.unifap.br\/ppged\/wp-json\/wp\/v2\/pages\/181\/revisions\/7821"}],"wp:attachment":[{"href":"https:\/\/www2.unifap.br\/ppged\/wp-json\/wp\/v2\/media?parent=181"}],"wp:term":[{"taxonomy":"folder","embeddable":true,"href":"https:\/\/www2.unifap.br\/ppged\/wp-json\/wp\/v2\/folder?post=181"}],"curies":[{"name":"wp","href":"https:\/\/api.w.org\/{rel}","templated":true}]}}