{"id":1857,"date":"2020-07-09T18:54:08","date_gmt":"2020-07-09T18:54:08","guid":{"rendered":"http:\/\/www2.unifap.br\/ppged\/?page_id=1857"},"modified":"2021-05-13T03:38:28","modified_gmt":"2021-05-13T03:38:28","slug":"lista-de-eventos","status":"publish","type":"page","link":"https:\/\/www2.unifap.br\/ppged\/lista-de-eventos\/","title":{"rendered":"Lista de eventos"},"content":{"rendered":"\t\t<div data-elementor-type=\"wp-page\" data-elementor-id=\"1857\" class=\"elementor elementor-1857\">\n\t\t\t\t\t\t<section class=\"elementor-section elementor-top-section elementor-element elementor-element-6f09c405 elementor-section-boxed elementor-section-height-default elementor-section-height-default\" data-id=\"6f09c405\" data-element_type=\"section\" data-e-type=\"section\">\n\t\t\t\t\t\t<div class=\"elementor-container elementor-column-gap-default\">\n\t\t\t\t\t<div class=\"elementor-column elementor-col-100 elementor-top-column elementor-element elementor-element-591e9d67\" data-id=\"591e9d67\" data-element_type=\"column\" data-e-type=\"column\">\n\t\t\t<div class=\"elementor-widget-wrap elementor-element-populated\">\n\t\t\t\t\t\t<div class=\"elementor-element elementor-element-afe129c elementor-widget elementor-widget-spacer\" data-id=\"afe129c\" data-element_type=\"widget\" data-e-type=\"widget\" data-widget_type=\"spacer.default\">\n\t\t\t\t<div class=\"elementor-widget-container\">\n\t\t\t\t\t\t\t<div class=\"elementor-spacer\">\n\t\t\t<div class=\"elementor-spacer-inner\"><\/div>\n\t\t<\/div>\n\t\t\t\t\t\t<\/div>\n\t\t\t\t<\/div>\n\t\t\t\t<div class=\"elementor-element elementor-element-1d4029c elementor-widget elementor-widget-text-editor\" data-id=\"1d4029c\" data-element_type=\"widget\" data-e-type=\"widget\" data-widget_type=\"text-editor.default\">\n\t\t\t\t<div class=\"elementor-widget-container\">\n\t\t\t\t\t\t\t\t\t<h1>Nossos eventos<\/h1>\n<h3>2020<\/h3>\n<hr>\n<p><div class=\"pt-cv-wrapper\"><div class=\"pt-cv-view pt-cv-collapsible\" id=\"pt-cv-view-2852e59e7x\"><div data-id=\"pt-cv-page-1\" class=\"pt-cv-page\" data-cvc=\"1\"><div class=\"panel-group\" id=\"cea6f0ae49\"><div class=\"panel panel-default pt-cv-content-item pt-cv-1-col\" >\r\n<div class=\"panel-heading pt-cv-title\">\r\n    <a class=\"panel-title\" data-toggle=\"cvcollapse\" data-parent=\"#cea6f0ae49\" data-target=\"#2f1f55asz9\" href='https:\/\/www2.unifap.br\/ppged\/2020\/07\/10\/ii-encontro-estadual-da-anpae-iii-seminario-estado-e-politica-educacional\/' onclick='event.preventDefault()'>\r\n\t\tII Encontro Estadual da ANPAE III Semin\u00e1rio Estado e Pol\u00edtica Educacional\t<\/a>\r\n\t<\/div>\r\n<div id=\"2f1f55asz9\" class=\"panel-collapse collapse in\">\r\n\t<div class=\"panel-body\">\r\n\t\t<a href=\"https:\/\/www2.unifap.br\/ppged\/2020\/07\/10\/ii-encontro-estadual-da-anpae-iii-seminario-estado-e-politica-educacional\/\" class=\"_self pt-cv-href-thumbnail pt-cv-thumb-default\" target=\"_self\" ><img fetchpriority=\"high\" decoding=\"async\" width=\"300\" height=\"225\" src=\"https:\/\/www2.unifap.br\/ppged\/files\/2020\/07\/img1-300x225.jpg\" class=\"pt-cv-thumbnail\" alt=\"\" srcset=\"https:\/\/www2.unifap.br\/ppged\/files\/2020\/07\/img1-300x225.jpg 300w, https:\/\/www2.unifap.br\/ppged\/files\/2020\/07\/img1-768x576.jpg 768w, https:\/\/www2.unifap.br\/ppged\/files\/2020\/07\/img1.jpg 960w\" sizes=\"(max-width: 300px) 100vw, 300px\" \/><\/a>\n<div class=\"pt-cv-content\">A Associa\u00e7\u00e3o Nacional de Pol\u00edtica e Administra\u00e7\u00e3o da Educa\u00e7\u00e3o (ANPAE), Se\u00e7\u00e3o Estadual Amap\u00e1, conjuntamente com o Curso de Especializa\u00e7\u00e3o em &#8230;<br \/><div class=\"pt-cv-rmwrap\"><a href=\"https:\/\/www2.unifap.br\/ppged\/2020\/07\/10\/ii-encontro-estadual-da-anpae-iii-seminario-estado-e-politica-educacional\/\" class=\"_self pt-cv-readmore btn btn-success\" target=\"_self\">Leia Mais<\/a><\/div><\/div>\t<\/div>\r\n<\/div><\/div>\n<div class=\"panel panel-default pt-cv-content-item pt-cv-1-col\" >\r\n<div class=\"panel-heading pt-cv-title\">\r\n    <a class=\"panel-title\" data-toggle=\"cvcollapse\" data-parent=\"#cea6f0ae49\" data-target=\"#0602b59rc0\" href='https:\/\/www2.unifap.br\/ppged\/2020\/06\/13\/reuniao-ampliada-ppged-unifap-ead-trabalho-e-ensino-remotos-no-contexto-de-pandemia-de-covid-19\/' onclick='event.preventDefault()'>\r\n\t\tReuni\u00e3o ampliada &#8211; PPGED\/UNIFAP &#8211; EAD, trabalho e ensino remotos no contexto de pandemia de COVID-19\t<\/a>\r\n\t<\/div>\r\n<div id=\"0602b59rc0\" class=\"panel-collapse collapse \">\r\n\t<div class=\"panel-body\">\r\n\t\t<a href=\"https:\/\/www2.unifap.br\/ppged\/2020\/06\/13\/reuniao-ampliada-ppged-unifap-ead-trabalho-e-ensino-remotos-no-contexto-de-pandemia-de-covid-19\/\" class=\"_self pt-cv-href-thumbnail pt-cv-thumb-default\" target=\"_self\" ><img decoding=\"async\" width=\"300\" height=\"169\" src=\"https:\/\/www2.unifap.br\/ppged\/files\/2020\/07\/1b13faa3-66e1-4b2a-ae49-8ffb90ec5e0f-300x169.jpg\" class=\"pt-cv-thumbnail\" alt=\"\" srcset=\"https:\/\/www2.unifap.br\/ppged\/files\/2020\/07\/1b13faa3-66e1-4b2a-ae49-8ffb90ec5e0f-300x169.jpg 300w, https:\/\/www2.unifap.br\/ppged\/files\/2020\/07\/1b13faa3-66e1-4b2a-ae49-8ffb90ec5e0f-1024x576.jpg 1024w, https:\/\/www2.unifap.br\/ppged\/files\/2020\/07\/1b13faa3-66e1-4b2a-ae49-8ffb90ec5e0f-768x432.jpg 768w, https:\/\/www2.unifap.br\/ppged\/files\/2020\/07\/1b13faa3-66e1-4b2a-ae49-8ffb90ec5e0f.jpg 1280w\" sizes=\"(max-width: 300px) 100vw, 300px\" \/><\/a>\n<div class=\"pt-cv-content\"> &#8230;<br \/><div class=\"pt-cv-rmwrap\"><a href=\"https:\/\/www2.unifap.br\/ppged\/2020\/06\/13\/reuniao-ampliada-ppged-unifap-ead-trabalho-e-ensino-remotos-no-contexto-de-pandemia-de-covid-19\/\" class=\"_self pt-cv-readmore btn btn-success\" target=\"_self\">Leia Mais<\/a><\/div><\/div>\t<\/div>\r\n<\/div><\/div><\/div><\/div><\/div><\/div><\/p>\n<hr>\n<h3>2019<\/h3>\n<hr>\n<p><div class=\"pt-cv-wrapper\"><div class=\"pt-cv-view pt-cv-collapsible\" id=\"pt-cv-view-bf61d41oji\"><div data-id=\"pt-cv-page-1\" class=\"pt-cv-page\" data-cvc=\"1\"><div class=\"panel-group\" id=\"8ca9477pa7\"><div class=\"panel panel-default pt-cv-content-item pt-cv-1-col\" >\r\n<div class=\"panel-heading pt-cv-title\">\r\n    <a class=\"panel-title\" data-toggle=\"cvcollapse\" data-parent=\"#8ca9477pa7\" data-target=\"#2208b00w1z\" href='https:\/\/www2.unifap.br\/ppged\/2019\/12\/04\/mesa-tematica-trabalho-formacao-de-professores-e-politicas-educacionais-na-atualidade\/' onclick='event.preventDefault()'>\r\n\t\tMesa Tem\u00e1tica: Trabalho, forma\u00e7\u00e3o de professores e pol\u00edticas educacionais na atualidade\t<\/a>\r\n\t<\/div>\r\n<div id=\"2208b00w1z\" class=\"panel-collapse collapse in\">\r\n\t<div class=\"panel-body\">\r\n\t\t<div class=\"pt-cv-content\">Palestrantes: Olga\u00edses Cabral Mau\u00e9s (UFPA) Olinda Evangelista (UFSC) Data: 12 de dezembro de 2019 Hor\u00e1rio: 18h00 Local: Audit\u00f3rio do DCET\/ &#8230;<br \/><div class=\"pt-cv-rmwrap\"><a href=\"https:\/\/www2.unifap.br\/ppged\/2019\/12\/04\/mesa-tematica-trabalho-formacao-de-professores-e-politicas-educacionais-na-atualidade\/\" class=\"_self pt-cv-readmore btn btn-success\" target=\"_self\">Leia Mais<\/a><\/div><\/div>\t<\/div>\r\n<\/div><\/div>\n<div class=\"panel panel-default pt-cv-content-item pt-cv-1-col\" >\r\n<div class=\"panel-heading pt-cv-title\">\r\n    <a class=\"panel-title\" data-toggle=\"cvcollapse\" data-parent=\"#8ca9477pa7\" data-target=\"#d5143e6fi5\" href='https:\/\/www2.unifap.br\/ppged\/2019\/12\/04\/i-encontro-de-egressos-i-seminario-de-autoavaliacao-do-programa-de-pos-graduacao-em-educacao-da-unifap-desafios-e-perspectivas\/' onclick='event.preventDefault()'>\r\n\t\tI Encontro de egressos \/ I Semin\u00e1rio de autoavalia\u00e7\u00e3o do programa de P\u00f3s-gradua\u00e7\u00e3o em Educa\u00e7\u00e3o da Unifap: Desafios e perspectivas\t<\/a>\r\n\t<\/div>\r\n<div id=\"d5143e6fi5\" class=\"panel-collapse collapse \">\r\n\t<div class=\"panel-body\">\r\n\t\t<div class=\"pt-cv-content\">Data: 11, 12, 13 de dezembro de 2019 Local: Audit\u00f3rio do Dep. de Ci\u00eancias Exatas e Tecnologia \/ DCET \/ &#8230;<br \/><div class=\"pt-cv-rmwrap\"><a href=\"https:\/\/www2.unifap.br\/ppged\/2019\/12\/04\/i-encontro-de-egressos-i-seminario-de-autoavaliacao-do-programa-de-pos-graduacao-em-educacao-da-unifap-desafios-e-perspectivas\/\" class=\"_self pt-cv-readmore btn btn-success\" target=\"_self\">Leia Mais<\/a><\/div><\/div>\t<\/div>\r\n<\/div><\/div><\/div><\/div><\/div><\/div><\/p>\n<p><div class=\"pt-cv-wrapper\"><div class=\"pt-cv-view pt-cv-collapsible\" id=\"pt-cv-view-51d67d32xv\"><div data-id=\"pt-cv-page-1\" class=\"pt-cv-page\" data-cvc=\"1\"><div class=\"panel-group\" id=\"1f73e709l2\"><div class=\"panel panel-default pt-cv-content-item pt-cv-1-col\" >\r\n<div class=\"panel-heading pt-cv-title\">\r\n    <a class=\"panel-title\" data-toggle=\"cvcollapse\" data-parent=\"#1f73e709l2\" data-target=\"#df368839rm\" href='https:\/\/www2.unifap.br\/ppged\/events\/seminario-de-direitos-humanos-e-educacao-uma-questao-interdisciplinar-em-diferentes-contextos-sedih-2019-ii-seminario-de-educacao-decolonialidade-genero-e-diversidade-sexual\/' onclick='event.preventDefault()'>\r\n\t\tSEMIN\u00c1RIO DE DIREITOS HUMANOS E EDUCA\u00c7\u00c3O: UMA QUEST\u00c3O INTERDISCIPLINAR EM DIFERENTES CONTEXTOS &#8211; SEDIH 2019  &amp;  II SEMIN\u00c1RIO DE EDUCA\u00c7\u00c3O, DECOLONIALIDADE, G\u00caNERO E DIVERSIDADE SEXUAL\t<\/a>\r\n\t<\/div>\r\n<div id=\"df368839rm\" class=\"panel-collapse collapse in\">\r\n\t<div class=\"panel-body\">\r\n\t\t<a href=\"https:\/\/www2.unifap.br\/ppged\/events\/seminario-de-direitos-humanos-e-educacao-uma-questao-interdisciplinar-em-diferentes-contextos-sedih-2019-ii-seminario-de-educacao-decolonialidade-genero-e-diversidade-sexual\/\" class=\"_self pt-cv-href-thumbnail pt-cv-thumb-default\" target=\"_self\" ><\/a>\n<div class=\"pt-cv-content\">MAIS INFORMA\u00c7\u00d5ES CLIQUE AQUI Sobre o Evento: Os Direitos Humanos nascem de uma constru\u00e7\u00e3o hist\u00f3rica que busca reconhecer a dignidade &#8230;<br \/><div class=\"pt-cv-rmwrap\"><a href=\"https:\/\/www2.unifap.br\/ppged\/events\/seminario-de-direitos-humanos-e-educacao-uma-questao-interdisciplinar-em-diferentes-contextos-sedih-2019-ii-seminario-de-educacao-decolonialidade-genero-e-diversidade-sexual\/\" class=\"_self pt-cv-readmore btn btn-success\" target=\"_self\">Leia Mais<\/a><\/div><\/div>\t<\/div>\r\n<\/div><\/div>\n<div class=\"panel panel-default pt-cv-content-item pt-cv-1-col\" >\r\n<div class=\"panel-heading pt-cv-title\">\r\n    <a class=\"panel-title\" data-toggle=\"cvcollapse\" data-parent=\"#1f73e709l2\" data-target=\"#ce1f4f8dk5\" href='https:\/\/www2.unifap.br\/ppged\/events\/857-2\/' onclick='event.preventDefault()'>\r\n\t\tMESA REDONDA: DIVERSIDADE, SEXUALIDADE E EDUCA\u00c7\u00c3O\t<\/a>\r\n\t<\/div>\r\n<div id=\"ce1f4f8dk5\" class=\"panel-collapse collapse \">\r\n\t<div class=\"panel-body\">\r\n\t\t<a href=\"https:\/\/www2.unifap.br\/ppged\/events\/857-2\/\" class=\"_self pt-cv-href-thumbnail pt-cv-thumb-default\" target=\"_self\" ><\/a>\n<div class=\"pt-cv-content\">MESA REDONDA: DIVERSIDADE, SEXUALIDADE E EDUCA\u00c7\u00c3O Diversidade, Sexualidade e Educa\u00e7\u00e3o tem sido temas muito debatidos na atualidade. Quest\u00f5es como g\u00eanero, &#8230;<br \/><div class=\"pt-cv-rmwrap\"><a href=\"https:\/\/www2.unifap.br\/ppged\/events\/857-2\/\" class=\"_self pt-cv-readmore btn btn-success\" target=\"_self\">Leia Mais<\/a><\/div><\/div>\t<\/div>\r\n<\/div><\/div>\n<div class=\"panel panel-default pt-cv-content-item pt-cv-1-col\" >\r\n<div class=\"panel-heading pt-cv-title\">\r\n    <a class=\"panel-title\" data-toggle=\"cvcollapse\" data-parent=\"#1f73e709l2\" data-target=\"#ae77935xnp\" href='https:\/\/www2.unifap.br\/ppged\/events\/conferencia-magistral-salvador-vidal-ortiz\/' onclick='event.preventDefault()'>\r\n\t\tConfer\u00eancia Magistral Salvador Vidal-Ortiz\t<\/a>\r\n\t<\/div>\r\n<div id=\"ae77935xnp\" class=\"panel-collapse collapse \">\r\n\t<div class=\"panel-body\">\r\n\t\t<a href=\"https:\/\/www2.unifap.br\/ppged\/events\/conferencia-magistral-salvador-vidal-ortiz\/\" class=\"_self pt-cv-href-thumbnail pt-cv-thumb-default\" target=\"_self\" ><\/a>\n<div class=\"pt-cv-content\">para inscrever-se no evento clique no link\u00a0https:\/\/www.sympla.com.br\/conferencia-magistral-travar-el-saber-com-prof-dr-salvador-vidal-ortiz-american-university__436943\u00a0 A\u00a0Confer\u00eancia Magistral &#8220;Travar el Saber&#8221; ser\u00e1 realizada no Anfiteatro da UNIFAP com o\u00a0Prof &#8230;<br \/><div class=\"pt-cv-rmwrap\"><a href=\"https:\/\/www2.unifap.br\/ppged\/events\/conferencia-magistral-salvador-vidal-ortiz\/\" class=\"_self pt-cv-readmore btn btn-success\" target=\"_self\">Leia Mais<\/a><\/div><\/div>\t<\/div>\r\n<\/div><\/div>\n<div class=\"panel panel-default pt-cv-content-item pt-cv-1-col\" >\r\n<div class=\"panel-heading pt-cv-title\">\r\n    <a class=\"panel-title\" data-toggle=\"cvcollapse\" data-parent=\"#1f73e709l2\" data-target=\"#d076e73q9w\" href='https:\/\/www2.unifap.br\/ppged\/aluno-especial\/inclusao-genero-sexualidades-racaetnia\/' onclick='event.preventDefault()'>\r\n\t\tInclus\u00e3o: G\u00eanero, Sexualidades, Ra\u00e7a\/Etnia\t<\/a>\r\n\t<\/div>\r\n<div id=\"d076e73q9w\" class=\"panel-collapse collapse \">\r\n\t<div class=\"panel-body\">\r\n\t\t<a href=\"https:\/\/www2.unifap.br\/ppged\/aluno-especial\/inclusao-genero-sexualidades-racaetnia\/\" class=\"_self pt-cv-href-thumbnail pt-cv-thumb-default\" target=\"_self\" ><\/a>\n<div class=\"pt-cv-content\">Os interessados em cursar como Aluno(a) Especial a Disciplina &#8220;Inclus\u00e3o: G\u00eanero, Sexualidades, Ra\u00e7\u00e3\/Etnia&#8221;, que ser\u00e1 ministrada pelo\u00a0Prof. Dr. Salvador Vidal-Ortiz &#8230;<br \/><div class=\"pt-cv-rmwrap\"><a href=\"https:\/\/www2.unifap.br\/ppged\/aluno-especial\/inclusao-genero-sexualidades-racaetnia\/\" class=\"_self pt-cv-readmore btn btn-success\" target=\"_self\">Leia Mais<\/a><\/div><\/div>\t<\/div>\r\n<\/div><\/div><\/div><\/div><\/div><\/div><\/p>\n<hr>\n<h3>2018<\/h3>\n<hr>\n<p><div class=\"pt-cv-wrapper\"><div class=\"pt-cv-view pt-cv-collapsible\" id=\"pt-cv-view-874623154m\"><div data-id=\"pt-cv-page-1\" class=\"pt-cv-page\" data-cvc=\"1\"><div class=\"panel-group\" id=\"b646a81rqc\"><div class=\"panel panel-default pt-cv-content-item pt-cv-1-col\" >\r\n<div class=\"panel-heading pt-cv-title\">\r\n    <a class=\"panel-title\" data-toggle=\"cvcollapse\" data-parent=\"#b646a81rqc\" data-target=\"#d53e7c2iua\" href='https:\/\/www2.unifap.br\/ppged\/ementas-das-disciplinas\/trabalho-e-educacao-em-marx\/' onclick='event.preventDefault()'>\r\n\t\tTrabalho e Educa\u00e7\u00e3o em Marx\t<\/a>\r\n\t<\/div>\r\n<div id=\"d53e7c2iua\" class=\"panel-collapse collapse in\">\r\n\t<div class=\"panel-body\">\r\n\t\t<a href=\"https:\/\/www2.unifap.br\/ppged\/ementas-das-disciplinas\/trabalho-e-educacao-em-marx\/\" class=\"_self pt-cv-href-thumbnail pt-cv-thumb-default\" target=\"_self\" ><\/a>\n<div class=\"pt-cv-content\">O PPGED\/UNIFAP ofertar\u00e1 a Disciplina Trabalho e Educa\u00e7\u00e3o em Marx, ministrada pelo Prof. Dr. Caio Sgarbi Antunes (UFG) Observa\u00e7\u00f5es importantes: &#8230;<br \/><div class=\"pt-cv-rmwrap\"><a href=\"https:\/\/www2.unifap.br\/ppged\/ementas-das-disciplinas\/trabalho-e-educacao-em-marx\/\" class=\"_self pt-cv-readmore btn btn-success\" target=\"_self\">Leia Mais<\/a><\/div><\/div>\t<\/div>\r\n<\/div><\/div>\n<div class=\"panel panel-default pt-cv-content-item pt-cv-1-col\" >\r\n<div class=\"panel-heading pt-cv-title\">\r\n    <a class=\"panel-title\" data-toggle=\"cvcollapse\" data-parent=\"#b646a81rqc\" data-target=\"#e23fc293ix\" href='https:\/\/www2.unifap.br\/ppged\/events\/dialogos-em-educacao\/' onclick='event.preventDefault()'>\r\n\t\tDi\u00e1logos em educa\u00e7\u00e3o\t<\/a>\r\n\t<\/div>\r\n<div id=\"e23fc293ix\" class=\"panel-collapse collapse \">\r\n\t<div class=\"panel-body\">\r\n\t\t<a href=\"https:\/\/www2.unifap.br\/ppged\/events\/dialogos-em-educacao\/\" class=\"_self pt-cv-href-thumbnail pt-cv-thumb-default\" target=\"_self\" ><\/a>\n<div class=\"pt-cv-content\">Di\u00e1logos em Educa\u00e7\u00e3o \u00e9 uma atividade acad\u00eamica permanente do Programa de P\u00f3s-gradua\u00e7\u00e3o em Educa\u00e7\u00e3o da Universidade Federal do Amap\u00e1. Os &#8230;<br \/><div class=\"pt-cv-rmwrap\"><a href=\"https:\/\/www2.unifap.br\/ppged\/events\/dialogos-em-educacao\/\" class=\"_self pt-cv-readmore btn btn-success\" target=\"_self\">Leia Mais<\/a><\/div><\/div>\t<\/div>\r\n<\/div><\/div>\n<div class=\"panel panel-default pt-cv-content-item pt-cv-1-col\" >\r\n<div class=\"panel-heading pt-cv-title\">\r\n    <a class=\"panel-title\" data-toggle=\"cvcollapse\" data-parent=\"#b646a81rqc\" data-target=\"#ff89ec02ug\" href='https:\/\/www2.unifap.br\/ppged\/events\/i-seminario-estado-e-politica-educacional\/' onclick='event.preventDefault()'>\r\n\t\tI Semin\u00e1rio Estado e Pol\u00edtica Educacional\t<\/a>\r\n\t<\/div>\r\n<div id=\"ff89ec02ug\" class=\"panel-collapse collapse \">\r\n\t<div class=\"panel-body\">\r\n\t\t<a href=\"https:\/\/www2.unifap.br\/ppged\/events\/i-seminario-estado-e-politica-educacional\/\" class=\"_self pt-cv-href-thumbnail pt-cv-thumb-default\" target=\"_self\" ><\/a>\n<div class=\"pt-cv-content\">APRESENTA\u00c7\u00c3O O Semin\u00e1rio Estado e Pol\u00edtica Educacional constitui-se em espa\u00e7o de debates com confer\u00eancia, mesas tem\u00e1ticas e produ\u00e7\u00f5es cient\u00edficas, apresentadas &#8230;<br \/><div class=\"pt-cv-rmwrap\"><a href=\"https:\/\/www2.unifap.br\/ppged\/events\/i-seminario-estado-e-politica-educacional\/\" class=\"_self pt-cv-readmore btn btn-success\" target=\"_self\">Leia Mais<\/a><\/div><\/div>\t<\/div>\r\n<\/div><\/div>\n<div class=\"panel panel-default pt-cv-content-item pt-cv-1-col\" >\r\n<div class=\"panel-heading pt-cv-title\">\r\n    <a class=\"panel-title\" data-toggle=\"cvcollapse\" data-parent=\"#b646a81rqc\" data-target=\"#53279dckyg\" href='https:\/\/www2.unifap.br\/ppged\/events\/anpae\/' onclick='event.preventDefault()'>\r\n\t\tI Encontro Estadual Amapaense da ANPAE  II Semin\u00e1rio Estado e Pol\u00edtica Educacional\t<\/a>\r\n\t<\/div>\r\n<div id=\"53279dckyg\" class=\"panel-collapse collapse \">\r\n\t<div class=\"panel-body\">\r\n\t\t<a href=\"https:\/\/www2.unifap.br\/ppged\/events\/anpae\/\" class=\"_self pt-cv-href-thumbnail pt-cv-thumb-default\" target=\"_self\" ><\/a>\n<div class=\"pt-cv-content\">\u201cEstado e educa\u00e7\u00e3o no Brasil: contextos, planos, tens\u00f5es e desafios\u201d \u00a0INSCRI\u00c7\u00d5ES ABERTAS PARA OUVINTES!\u00a0\u00a0Clique aqui\u00a0 A Associa\u00e7\u00e3o Nacional de Pol\u00edtica &#8230;<br \/><div class=\"pt-cv-rmwrap\"><a href=\"https:\/\/www2.unifap.br\/ppged\/events\/anpae\/\" class=\"_self pt-cv-readmore btn btn-success\" target=\"_self\">Leia Mais<\/a><\/div><\/div>\t<\/div>\r\n<\/div><\/div>\n<div class=\"panel panel-default pt-cv-content-item pt-cv-1-col\" >\r\n<div class=\"panel-heading pt-cv-title\">\r\n    <a class=\"panel-title\" data-toggle=\"cvcollapse\" data-parent=\"#b646a81rqc\" data-target=\"#779d7e4aud\" href='https:\/\/www2.unifap.br\/ppged\/events\/convite-aula-magna-turma-2018-2\/' onclick='event.preventDefault()'>\r\n\t\tCONVITE AULA MAGNA TURMA 2018\t<\/a>\r\n\t<\/div>\r\n<div id=\"779d7e4aud\" class=\"panel-collapse collapse \">\r\n\t<div class=\"panel-body\">\r\n\t\t<a href=\"https:\/\/www2.unifap.br\/ppged\/events\/convite-aula-magna-turma-2018-2\/\" class=\"_self pt-cv-href-thumbnail pt-cv-thumb-default\" target=\"_self\" ><\/a>\n<div class=\"pt-cv-content\"> &#8230;<br \/><div class=\"pt-cv-rmwrap\"><a href=\"https:\/\/www2.unifap.br\/ppged\/events\/convite-aula-magna-turma-2018-2\/\" class=\"_self pt-cv-readmore btn btn-success\" target=\"_self\">Leia Mais<\/a><\/div><\/div>\t<\/div>\r\n<\/div><\/div><\/div><\/div><\/div><\/div><\/p>\n<hr>\n<h3>2017<\/h3>\n<hr>\n<p><div class=\"pt-cv-wrapper\"><div class=\"pt-cv-view pt-cv-collapsible\" id=\"pt-cv-view-322d4023cd\"><div data-id=\"pt-cv-page-1\" class=\"pt-cv-page\" data-cvc=\"1\"><div class=\"panel-group\" id=\"55783a48vz\"><div class=\"panel panel-default pt-cv-content-item pt-cv-1-col\" >\r\n<div class=\"panel-heading pt-cv-title\">\r\n    <a class=\"panel-title\" data-toggle=\"cvcollapse\" data-parent=\"#55783a48vz\" data-target=\"#c3cfb73my7\" href='https:\/\/www2.unifap.br\/ppged\/events\/i-seminario-infanciacultura-e-diversidade-dias-26-e-27102017-ueap\/' onclick='event.preventDefault()'>\r\n\t\tI SEMIN\u00c1RIO INF\u00c2NCIA,CULTURA E DIVERSIDADE DIAS 26 E 27\/10\/2017 -UEAP\t<\/a>\r\n\t<\/div>\r\n<div id=\"c3cfb73my7\" class=\"panel-collapse collapse in\">\r\n\t<div class=\"panel-body\">\r\n\t\t<a href=\"https:\/\/www2.unifap.br\/ppged\/events\/i-seminario-infanciacultura-e-diversidade-dias-26-e-27102017-ueap\/\" class=\"_self pt-cv-href-thumbnail pt-cv-thumb-default\" target=\"_self\" ><\/a>\n<div class=\"pt-cv-content\">CARTAZ DO EVENTO PROGRAMA\u00c7\u00c3O DO EVENTO &#8230;<br \/><div class=\"pt-cv-rmwrap\"><a href=\"https:\/\/www2.unifap.br\/ppged\/events\/i-seminario-infanciacultura-e-diversidade-dias-26-e-27102017-ueap\/\" class=\"_self pt-cv-readmore btn btn-success\" target=\"_self\">Leia Mais<\/a><\/div><\/div>\t<\/div>\r\n<\/div><\/div>\n<div class=\"panel panel-default pt-cv-content-item pt-cv-1-col\" >\r\n<div class=\"panel-heading pt-cv-title\">\r\n    <a class=\"panel-title\" data-toggle=\"cvcollapse\" data-parent=\"#55783a48vz\" data-target=\"#6eebc11zv1\" href='https:\/\/www2.unifap.br\/ppged\/events\/2seminario\/' onclick='event.preventDefault()'>\r\n\t\t2\u00ba SEMIN\u00c1RIO POL\u00cdTICA DE EDUCA\u00c7\u00c3O SUPERIOR BRASILEIRA\t<\/a>\r\n\t<\/div>\r\n<div id=\"6eebc11zv1\" class=\"panel-collapse collapse \">\r\n\t<div class=\"panel-body\">\r\n\t\t<a href=\"https:\/\/www2.unifap.br\/ppged\/events\/2seminario\/\" class=\"_self pt-cv-href-thumbnail pt-cv-thumb-default\" target=\"_self\" ><\/a>\n<div class=\"pt-cv-content\">2\u00ba SEMIN\u00c1RIO POL\u00cdTICA DE EDUCA\u00c7\u00c3O SUPERIOR BRASILEIRA: expans\u00e3o em tempos de incertezas APRESENTA\u00c7\u00c3O: O 2\u00ba Semin\u00e1rio &#8220;Pol\u00edtica de Educa\u00e7\u00e3o Superior &#8230;<br \/><div class=\"pt-cv-rmwrap\"><a href=\"https:\/\/www2.unifap.br\/ppged\/events\/2seminario\/\" class=\"_self pt-cv-readmore btn btn-success\" target=\"_self\">Leia Mais<\/a><\/div><\/div>\t<\/div>\r\n<\/div><\/div><\/div><\/div><\/div><\/div><\/p>\t\t\t\t\t\t\t\t<\/div>\n\t\t\t\t<\/div>\n\t\t\t\t\t<\/div>\n\t\t<\/div>\n\t\t\t\t\t<\/div>\n\t\t<\/section>\n\t\t\t\t<\/div>\n\t\t","protected":false},"excerpt":{"rendered":"<p>Nossos eventos 2020 2019 2018 2017<\/p>\n","protected":false},"author":1095,"featured_media":0,"parent":0,"menu_order":0,"comment_status":"closed","ping_status":"closed","template":"elementor_header_footer","meta":{"inline_featured_image":false,"ngg_post_thumbnail":0,"footnotes":""},"folder":[],"class_list":["post-1857","page","type-page","status-publish","hentry","entry"],"_links":{"self":[{"href":"https:\/\/www2.unifap.br\/ppged\/wp-json\/wp\/v2\/pages\/1857","targetHints":{"allow":["GET"]}}],"collection":[{"href":"https:\/\/www2.unifap.br\/ppged\/wp-json\/wp\/v2\/pages"}],"about":[{"href":"https:\/\/www2.unifap.br\/ppged\/wp-json\/wp\/v2\/types\/page"}],"author":[{"embeddable":true,"href":"https:\/\/www2.unifap.br\/ppged\/wp-json\/wp\/v2\/users\/1095"}],"replies":[{"embeddable":true,"href":"https:\/\/www2.unifap.br\/ppged\/wp-json\/wp\/v2\/comments?post=1857"}],"version-history":[{"count":4,"href":"https:\/\/www2.unifap.br\/ppged\/wp-json\/wp\/v2\/pages\/1857\/revisions"}],"predecessor-version":[{"id":2388,"href":"https:\/\/www2.unifap.br\/ppged\/wp-json\/wp\/v2\/pages\/1857\/revisions\/2388"}],"wp:attachment":[{"href":"https:\/\/www2.unifap.br\/ppged\/wp-json\/wp\/v2\/media?parent=1857"}],"wp:term":[{"taxonomy":"folder","embeddable":true,"href":"https:\/\/www2.unifap.br\/ppged\/wp-json\/wp\/v2\/folder?post=1857"}],"curies":[{"name":"wp","href":"https:\/\/api.w.org\/{rel}","templated":true}]}}