{"id":205,"date":"2017-10-10T23:16:38","date_gmt":"2017-10-10T23:16:38","guid":{"rendered":"http:\/\/www2.unifap.br\/ppged\/?page_id=205"},"modified":"2018-08-20T04:01:40","modified_gmt":"2018-08-20T04:01:40","slug":"2seminario","status":"publish","type":"page","link":"https:\/\/www2.unifap.br\/ppged\/events\/2seminario\/","title":{"rendered":"2\u00ba SEMIN\u00c1RIO POL\u00cdTICA DE EDUCA\u00c7\u00c3O SUPERIOR BRASILEIRA"},"content":{"rendered":"<p><a href=\"http:\/\/www2.unifap.br\/ppged\/files\/2017\/10\/cartaz.jpg\"><img fetchpriority=\"high\" decoding=\"async\" class=\"aligncenter size-full wp-image-214\" alt=\"cartaz\" src=\"http:\/\/www2.unifap.br\/ppged\/files\/2017\/10\/cartaz.jpg\" width=\"945\" height=\"1512\" srcset=\"https:\/\/www2.unifap.br\/ppged\/files\/2017\/10\/cartaz.jpg 945w, https:\/\/www2.unifap.br\/ppged\/files\/2017\/10\/cartaz-187x300.jpg 187w, https:\/\/www2.unifap.br\/ppged\/files\/2017\/10\/cartaz-640x1024.jpg 640w\" sizes=\"(max-width: 945px) 100vw, 945px\" \/><\/a><\/p>\n<p>&nbsp;<\/p>\n<p><a href=\"http:\/\/www2.unifap.br\/ppged\/files\/2017\/10\/PROGRAMA\u00c7\u00c3O1-1.jpg\"><img decoding=\"async\" class=\"aligncenter size-full wp-image-216\" alt=\"PROGRAMA\u00c7\u00c3O1 (1)\" src=\"http:\/\/www2.unifap.br\/ppged\/files\/2017\/10\/PROGRAMA\u00c7\u00c3O1-1.jpg\" width=\"944\" height=\"1511\" srcset=\"https:\/\/www2.unifap.br\/ppged\/files\/2017\/10\/PROGRAMA\u00c7\u00c3O1-1.jpg 944w, https:\/\/www2.unifap.br\/ppged\/files\/2017\/10\/PROGRAMA\u00c7\u00c3O1-1-187x300.jpg 187w, https:\/\/www2.unifap.br\/ppged\/files\/2017\/10\/PROGRAMA\u00c7\u00c3O1-1-639x1024.jpg 639w\" sizes=\"(max-width: 944px) 100vw, 944px\" \/><\/a><\/p>\n<p>&nbsp;<\/p>\n<p>&nbsp;<\/p>\n<p>2\u00ba SEMIN\u00c1RIO POL\u00cdTICA DE EDUCA\u00c7\u00c3O SUPERIOR BRASILEIRA:<br \/>\nexpans\u00e3o em tempos de incertezas<\/p>\n<p>APRESENTA\u00c7\u00c3O:<\/p>\n<p>O 2\u00ba Semin\u00e1rio &#8220;Pol\u00edtica de Educa\u00e7\u00e3o Superior Brasileira&#8221;, com o tema central &#8220;Expans\u00e3o em tempos de incertezas&#8221;, apresenta-se como evento de relev\u00e2ncia social e acad\u00eamica no \u00e2mbito da Universidade do Estado do Amap\u00e1 (UEAP) e da Universidade Federal do Amap\u00e1 (UNIFAP), uma vez que o Amap\u00e1 carece de pesquisas e eventos acad\u00eamicos que analisem a realidade local e promovam a articula\u00e7\u00e3o com pesquisadores de outros estados e regi\u00f5es. Essa necessidade se reafirma como condi\u00e7\u00e3o indispens\u00e1vel para o fortalecimento das a\u00e7\u00f5es de pesquisa e extens\u00e3o dos Curso de Pedagogias, bem como para manuten\u00e7\u00e3o do rec\u00e9m-criado Mestrado em Educa\u00e7\u00e3o na UNIFAP, com rela\u00e7\u00e3o direta com a linha em Pol\u00edtica Educacional.<br \/>\nO evento em quest\u00e3o decorre de pesquisas desenvolvidas localmente e em articula\u00e7\u00e3o com outros pesquisadores nacionais (destaque para a Rede Universitas\/Br). Assim, articula-se indiretamente ao conjunto de pesquisas desenvolvidas por essa Rede (com financiamento do CNPq, CAPES e outros \u00f3rg\u00e3os de fomentos estaduais). De forma direta, o Semin\u00e1rio se vincula ao projeto de pesquisa, coordenado pelo Prof. Dr. Andr\u00e9 Rodrigues Guimar\u00e3es, &#8220;Expans\u00e3o e Financimento da Educa\u00e7\u00e3o Superior P\u00fablica nos Estados do Amap\u00e1 e Par\u00e1 (2006-2016)&#8221; em parceria com os professores da UEAP: Me. Val\u00e9ria Silva de Moraes Novais e Me. Andr\u00e9 Lins de Melo, registrado no DPq\/UNIFAP (N. 811\/2017), o qual conta com financiamento do CNPq. Tamb\u00e9m tem rela\u00e7\u00e3o direta com pesquisa sobre a tem\u00e1tica em quest\u00e3o, finalizada em julho de 2017, tamb\u00e9m registrada no DPq\/UNIFAP (N. 528\/2014).<br \/>\nEssa atividade ser\u00e1 fundamental para consolida\u00e7\u00e3o de pesquisa na \u00e1rea, bem como na necess\u00e1ria articula\u00e7\u00e3o com pesquisadores experientes na tem\u00e1tica, de v\u00e1rias universidades brasileiras. Isso possibilitar\u00e1 a troca e socializa\u00e7\u00e3o de conhecimentos produzidos localmente e nacionalmente.<br \/>\nO Semin\u00e1rio tamb\u00e9m proporcionar\u00e1 maior conhecimento sobre a educa\u00e7\u00e3o superior amapaense. Destaca-se que nos \u00faltimos anos o Amap\u00e1 experimentou, como decorr\u00eancia de movimento nacional, acentuada expans\u00e3o do acesso ao ensino superior. No setor privado esse crescimento deu-se, sobretudo, na capital. Nas IES p\u00fablicas, particularmente em fun\u00e7\u00e3o do crescimento da rede federal, via UNIFAP, esse movimento tamb\u00e9m se registrou nos munic\u00edpios do interior do estado (Santana, Mazag\u00e3o e Oiapoque). Nesse processo expansionista p\u00fablico registra-se tamb\u00e9m o atendimento \u00e0 determinados segmentos historicamente exclu\u00eddos (ind\u00edgenas e trabalhadores do campo).<br \/>\nDestaque tamb\u00e9m nesse movimento a cria\u00e7\u00e3o da Universidade do Estado do Amap\u00e1 (UEAP) e do Instituto Federal de Educa\u00e7\u00e3o, Ci\u00eancia e Tecnologia do Amap\u00e1 (IFAP). Portanto, a realiza\u00e7\u00e3o do Semin\u00e1rio se constitui em momento oportuno para discutir o processo de expans\u00e3o (p\u00fablico e privado) da educa\u00e7\u00e3o superior no Amap\u00e1 de forma articulada as pesquisas desenvolvidas no Brasil.<\/p>\n<p>OBJETIVOS GERAIS:<\/p>\n<p>&#8211; Divulgar resultados de pesquisas sobre a expans\u00e3o da educa\u00e7\u00e3o superior, com foco no financiamento, acesso e perman\u00eancia, avalia\u00e7\u00e3o e internacionaliza\u00e7\u00e3o;<br \/>\n&#8211; Estimular a realiza\u00e7\u00e3o de estudos e pesquisas, sobre a pol\u00edtica de educa\u00e7\u00e3o superior, nas universidades p\u00fablicas do Amap\u00e1;<br \/>\n&#8211; Articular pesquisas em rede sobre a tem\u00e1tica da educa\u00e7\u00e3o superior;<br \/>\n&#8211; Consolidar projetos de pesquisa e produ\u00e7\u00e3o entre os docentes da UNIFAP, UEAP, UFPA e UEPA, sobre a tem\u00e1tica da educa\u00e7\u00e3o superior;<br \/>\n&#8211; Fortalecer os estudos e pesquisas sobre educa\u00e7\u00e3o superior no \u00e2mbito do Curso de Pedagogia da UEAP, Curso de Pedagogia e Programa de P\u00f3s-gradua\u00e7\u00e3o em Educa\u00e7\u00e3o (PPGED) da UNIFAP;<br \/>\n&#8211; Proporcionar aos estudantes da gradua\u00e7\u00e3o e p\u00f3s-gradua\u00e7\u00e3o, particularmente do Curso de Pedagogia e do PPGED\/UNIFAP, a participa\u00e7\u00e3o e debates cient\u00edficos sobre a tem\u00e1tica da educa\u00e7\u00e3o superior, estimulando interc\u00e2mbios e outros estudos futuros;<br \/>\n&#8211; Debater a atual pol\u00edtica de educa\u00e7\u00e3o superior\u00a0brasileira e seus impactos na realidade amaz\u00f4nica e amapaense.<\/p>\n<p>RESULTADOS ESPERADOS:<\/p>\n<p>O Semin\u00e1rio propiciar\u00e1 importantes\u00a0articula\u00e7\u00f5es entre docentes e pesquisadores sobre a tem\u00e1tica da educa\u00e7\u00e3o superior, particularmente\u00a0da UNIFAP, UFPA, UEAP e UEPA. O eixo central do debate \u00e9 a expans\u00e3o desse n\u00edvel, mas envolver\u00e1\u00a0discuss\u00f5es e pesquisas sobre a avalia\u00e7\u00e3o, trabalho docente, internacionaliza\u00e7\u00e3o e financiamento.\u00a0Isso possibilitar\u00e1 aos professores do Curso de Pedagogia e do Curso de Mestrado em Educa\u00e7\u00e3o da UNIFAP, particularmente na Linha\u00a0de Pol\u00edticas Educacionais, o envolvimento em pesquisas de outros docentes, regionais e nacionais,\u00a0bem como o estabelecimento de parcerias futuras.<br \/>\nDestaque para a articula\u00e7\u00e3o a ser\u00a0realizada\/aprofundada com os professores, inclusive sendo 3 bolsistas produtividade do CNPq, do\u00a0PPGED\/UFPA, Programa da \u00e1rea da educa\u00e7\u00e3o consolidado na regi\u00e3o. Tamb\u00e9m merece ser ressaltado\u00a0a participa\u00e7\u00e3o da Profa. Dra. Deise Mancebo (UERJ), do Prof. Dr. Valdermar Sguissardi (UFSCAR &#8211; aposentado) e do Prof. Dr. Jos\u00e9 Vieira de Sousa (UnB), que apresetam\u00a0vasta pesquisa e produ\u00e7\u00e3o na \u00e1rea, sendo reconhecidos nacional e internacionalmente.<br \/>\nEssa atividade possibilitar\u00e1 o fortalecimento dos la\u00e7os entre os grupos de pesquisa, a\u00a0divulga\u00e7\u00e3o da produ\u00e7\u00e3o realizada em programas de p\u00f3s-gradua\u00e7\u00e3o e a consolida\u00e7\u00e3o das pesquisas\u00a0em educa\u00e7\u00e3o superior no PPGED\/UNIFAP.<\/p>\n<p>&nbsp;<\/p>\n<p>Inscri\u00e7\u00f5es sem apresenta\u00e7\u00e3o veja orienta\u00e7\u00f5es no link:\u00a0<a title=\"inscri\u00e7\u00f5es - veja informa\u00e7\u00f5es no link\" href=\"http:\/\/www2.unifap.br\/ppged\/?p=219\">http:\/\/www2.unifap.br\/ppged\/?p=219<\/a><\/p>\n<p>&nbsp;<\/p>\n<p align=\"center\"><span style=\"font-family: 'Times New Roman', serif\"><span><b>ORIENTA\u00c7\u00d5ES PARA A SUBMISS\u00c3O DE RESUMO EXPANDIDO A SER APRESENTADO EM FORMATO DE P\u00d4STER<\/b><\/span><\/span><\/p>\n<p align=\"justify\"><span style=\"font-family: 'Times New Roman', serif\"><span>1. Somente ser\u00e3o aceitos trabalhos que tenham como objeto de estudo a educa\u00e7\u00e3o superior;<\/span><\/span><\/p>\n<p align=\"justify\"><span style=\"font-family: 'Times New Roman', serif\"><span>2. Cada autor(a) poder\u00e1 inscrever at\u00e9 2 (dois) trabalhos, podendo ser autor(a) principal em apenas 1 (um) trabalho;<\/span><\/span><\/p>\n<p align=\"justify\"><span style=\"font-family: 'Times New Roman', serif\"><span>3. Cada trabalho dever\u00e1 ter no m\u00e1ximo um(a) autor(a) e tr\u00eas coautores(as);<\/span><\/span><\/p>\n<p align=\"justify\"><span style=\"font-family: 'Times New Roman', serif\"><span>4. O Resumo Expandido dever\u00e1 abordar pesquisa cient\u00edfica, conclu\u00edda ou em andamento e ainda:<\/span><\/span><\/p>\n<p align=\"justify\"><span style=\"font-family: 'Times New Roman', serif\"><span>a) ter extens\u00e3o de 6.000 a 10.000 caracteres (com espa\u00e7o), contabilizando inclusive notas de rodap\u00e9, refer\u00eancias bibliogr\u00e1ficas, gr\u00e1ficos, ilustra\u00e7\u00f5es, mapas e tabelas;<\/span><\/span><\/p>\n<p align=\"justify\"><span style=\"font-family: 'Times New Roman', serif\"><span>b) ser produzido em arquivo Word for Windows obedecendo \u00e0s seguintes recomenda\u00e7\u00f5es: Times New Roman, tamanho 12, espa\u00e7o 1,5, todas as margens de 2,5 cm, pagina\u00e7\u00e3o no canto inferior direito, papel A4;<\/span><\/span><\/p>\n<p align=\"justify\"><span style=\"font-family: 'Times New Roman', serif\"><span>c) apresentar o t\u00edtulo do trabalho (mai\u00fasculo e negrito), com subt\u00edtulo, se houver (min\u00fasculo e negrito). Poder\u00e1 ser inclu\u00edda nota de rodap\u00e9 ao t\u00edtulo informando a institui\u00e7\u00e3o financiadora (quando for o caso); <\/span><\/span><\/p>\n<p align=\"justify\"><span style=\"font-family: 'Times New Roman', serif\"><span>d) indicar o(s) nome(s) do(s) autor(es), alinhados \u00e0 direita, com nota de rodap\u00e9 informando: a titula\u00e7\u00e3o m\u00e1xima, institui\u00e7\u00e3o de v\u00ednculo e e-mail;<\/span><\/span><\/p>\n<p align=\"justify\"><span style=\"font-family: 'Times New Roman', serif\"><span>e) contemplar: a apresenta\u00e7\u00e3o da tem\u00e1tica, os objetivos, a metodologia, os resultados e discuss\u00e3o, as conclus\u00f5es e as refer\u00eancias (de acordo com as normas da ABNT, inclusive para as cita\u00e7\u00f5es utilizadas no texto);<\/span><\/span><\/p>\n<p align=\"justify\"><a name=\"_gjdgxs\"><\/a> <span style=\"font-family: 'Times New Roman', serif\"><span>5. A submiss\u00e3o de Resumo Expandido deve ser feita no per\u00edodo de 25\/10 a 05\/11, para o e-mail: <\/span><\/span><a href=\"mailto:2seminariodepolitica@gmail.com\"><span style=\"color: #0563c1\"><span style=\"font-family: 'Times New Roman', serif\"><span><span style=\"text-decoration: underline\">2seminariodepolitica@gmail.com<\/span><\/span><\/span><\/span><\/a><span style=\"font-family: 'Times New Roman', serif\"><span>; <\/span><\/span><\/p>\n<p align=\"justify\"><span style=\"font-family: 'Times New Roman', serif\"><span>6. Os Resumos Expandidos aprovados pelo Comit\u00ea Cient\u00edfico ser\u00e3o publicados nos Anais do Semin\u00e1rio (CD-ROM) e dever\u00e3o ser apresentados no 2\u00ba Semin\u00e1rio &#8220;Pol\u00edtica de Educa\u00e7\u00e3o Superior Brasileira&#8221;, em formato de p\u00f4ster, conforme programa\u00e7\u00e3o do evento;<\/span><\/span><\/p>\n<p align=\"justify\"><span style=\"font-family: 'Times New Roman', serif\"><span>7. Normas espec\u00edficas para p\u00f4steres<\/span><\/span><span style=\"font-family: 'Times New Roman', serif\"><span><b>:<\/b><\/span><\/span><\/p>\n<p align=\"justify\"><span style=\"font-family: 'Times New Roman', serif\"><span>a) Estrutura e dimens\u00f5es do p\u00f4ster:<\/span><\/span><span style=\"font-family: 'Times New Roman', serif\"><span>\u00a0Largura: m\u00ednima 50 cm e m\u00e1xima 90 cm. Altura: m\u00ednima 80 cm e m\u00e1xima 120 cm. \u00c9 obrigat\u00f3rio que o p\u00f4ster seja confeccionado com cord\u00e3o para pendurar.<\/span><\/span><\/p>\n<p align=\"justify\"><span style=\"font-family: 'Times New Roman', serif\"><span>b) Conte\u00fado do p\u00f4ster<\/span><\/span><span style=\"font-family: 'Times New Roman', serif\"><span>: t\u00edtulo e subt\u00edtulo, se houver; seus autores e suas institui\u00e7\u00f5es; desenvolvimento do trabalho (objetivo, metodologia, resultados e discuss\u00e3o), as conclus\u00f5es e refer\u00eancias bibliogr\u00e1ficas;<\/span><\/span><\/p>\n<p align=\"justify\"><span style=\"font-family: 'Times New Roman', serif\"><span>c) Os autores s\u00e3o respons\u00e1veis pela entrega de seus p\u00f4steres no local e dia da sess\u00e3o de apresenta\u00e7\u00e3o de p\u00f4steres, conforme programa\u00e7\u00e3o do evento;<\/span><\/span><\/p>\n<p align=\"justify\"><span style=\"font-family: 'Times New Roman', serif\"><span>d) Para apresenta\u00e7\u00e3o do p\u00f4ster \u00e9 necess\u00e1ria a presen\u00e7a de, no m\u00ednimo, um dos autores.<\/span><\/span><\/p>\n<p align=\"justify\"><span style=\"font-family: 'Times New Roman', serif\"><span>8. Ser\u00e1 assegurada aos autores dos trabalhos aprovados a inscri\u00e7\u00e3o autom\u00e1tica no evento. Recomenda-se que os autores de proposta fa\u00e7am previamente sua inscri\u00e7\u00e3o no 2\u00ba Semin\u00e1rio &#8220;Pol\u00edtica de Educa\u00e7\u00e3o Superior Brasileira&#8221;, para garantir sua participa\u00e7\u00e3o em caso de reprova\u00e7\u00e3o do Resumo Expandido pelo Comit\u00ea Cient\u00edfico;<\/span><\/span><\/p>\n<p style=\"text-align: center\" align=\"justify\"><strong>VER RELA\u00c7\u00c3O DE \u00a0<a href=\"http:\/\/www2.unifap.br\/ppged\/files\/2017\/10\/TRABALHOS-APROVADOS.docx\">TRABALHOS APROVADOS<\/a><\/strong><\/p>\n<p>&nbsp;<\/p>\n","protected":false},"excerpt":{"rendered":"<p>&nbsp; &nbsp; &nbsp; 2\u00ba SEMIN\u00c1RIO POL\u00cdTICA DE EDUCA\u00c7\u00c3O SUPERIOR BRASILEIRA: expans\u00e3o em tempos de incertezas APRESENTA\u00c7\u00c3O: O 2\u00ba Semin\u00e1rio &#8220;Pol\u00edtica de Educa\u00e7\u00e3o Superior Brasileira&#8221;, com o tema central &#8220;Expans\u00e3o em tempos de incertezas&#8221;, apresenta-se como evento de relev\u00e2ncia social e acad\u00eamica no \u00e2mbito da Universidade do Estado do Amap\u00e1 (UEAP) e da Universidade Federal do&#8230;<\/p>\n","protected":false},"author":1095,"featured_media":0,"parent":203,"menu_order":1,"comment_status":"open","ping_status":"open","template":"page-template-full.php","meta":{"inline_featured_image":false,"ngg_post_thumbnail":0,"footnotes":""},"folder":[],"class_list":["post-205","page","type-page","status-publish","hentry","entry"],"_links":{"self":[{"href":"https:\/\/www2.unifap.br\/ppged\/wp-json\/wp\/v2\/pages\/205","targetHints":{"allow":["GET"]}}],"collection":[{"href":"https:\/\/www2.unifap.br\/ppged\/wp-json\/wp\/v2\/pages"}],"about":[{"href":"https:\/\/www2.unifap.br\/ppged\/wp-json\/wp\/v2\/types\/page"}],"author":[{"embeddable":true,"href":"https:\/\/www2.unifap.br\/ppged\/wp-json\/wp\/v2\/users\/1095"}],"replies":[{"embeddable":true,"href":"https:\/\/www2.unifap.br\/ppged\/wp-json\/wp\/v2\/comments?post=205"}],"version-history":[{"count":11,"href":"https:\/\/www2.unifap.br\/ppged\/wp-json\/wp\/v2\/pages\/205\/revisions"}],"predecessor-version":[{"id":264,"href":"https:\/\/www2.unifap.br\/ppged\/wp-json\/wp\/v2\/pages\/205\/revisions\/264"}],"up":[{"embeddable":true,"href":"https:\/\/www2.unifap.br\/ppged\/wp-json\/wp\/v2\/pages\/203"}],"wp:attachment":[{"href":"https:\/\/www2.unifap.br\/ppged\/wp-json\/wp\/v2\/media?parent=205"}],"wp:term":[{"taxonomy":"folder","embeddable":true,"href":"https:\/\/www2.unifap.br\/ppged\/wp-json\/wp\/v2\/folder?post=205"}],"curies":[{"name":"wp","href":"https:\/\/api.w.org\/{rel}","templated":true}]}}