{"id":2762,"date":"2022-01-04T22:28:17","date_gmt":"2022-01-04T22:28:17","guid":{"rendered":"http:\/\/www2.unifap.br\/ppged\/?page_id=2762"},"modified":"2024-09-02T20:05:50","modified_gmt":"2024-09-02T20:05:50","slug":"pos-doc","status":"publish","type":"page","link":"https:\/\/www2.unifap.br\/ppged\/processos-seletivos\/pos-doc\/","title":{"rendered":"P\u00d3S-DOC"},"content":{"rendered":"\t\t<div data-elementor-type=\"wp-page\" data-elementor-id=\"2762\" class=\"elementor elementor-2762\">\n\t\t\t\t\t\t<section class=\"elementor-section elementor-top-section elementor-element elementor-element-4a71412d elementor-hidden-desktop elementor-hidden-tablet elementor-hidden-mobile elementor-section-boxed elementor-section-height-default elementor-section-height-default\" data-id=\"4a71412d\" data-element_type=\"section\" data-e-type=\"section\">\n\t\t\t\t\t\t<div class=\"elementor-container elementor-column-gap-default\">\n\t\t\t\t\t<div class=\"elementor-column elementor-col-100 elementor-top-column elementor-element elementor-element-6d19e26d\" data-id=\"6d19e26d\" data-element_type=\"column\" data-e-type=\"column\">\n\t\t\t<div class=\"elementor-widget-wrap elementor-element-populated\">\n\t\t\t\t\t\t<div class=\"elementor-element elementor-element-5ec1ea24 elementor-widget elementor-widget-text-editor\" data-id=\"5ec1ea24\" data-element_type=\"widget\" data-e-type=\"widget\" data-widget_type=\"text-editor.default\">\n\t\t\t\t<div class=\"elementor-widget-container\">\n\t\t\t\t\t\t\t\t\tEDITAIS\t\t\t\t\t\t\t\t<\/div>\n\t\t\t\t<\/div>\n\t\t\t\t\t<\/div>\n\t\t<\/div>\n\t\t\t\t\t<\/div>\n\t\t<\/section>\n\t\t\t\t<section class=\"elementor-section elementor-top-section elementor-element elementor-element-6bc923a elementor-section-boxed elementor-section-height-default elementor-section-height-default\" data-id=\"6bc923a\" data-element_type=\"section\" data-e-type=\"section\">\n\t\t\t\t\t\t<div class=\"elementor-container elementor-column-gap-default\">\n\t\t\t\t\t<div class=\"elementor-column elementor-col-100 elementor-top-column elementor-element elementor-element-a35d1aa\" data-id=\"a35d1aa\" data-element_type=\"column\" data-e-type=\"column\">\n\t\t\t<div class=\"elementor-widget-wrap elementor-element-populated\">\n\t\t\t\t\t\t<div class=\"elementor-element elementor-element-e185b1d elementor-tabs-view-vertical elementor-widget elementor-widget-tabs\" data-id=\"e185b1d\" data-element_type=\"widget\" data-e-type=\"widget\" data-widget_type=\"tabs.default\">\n\t\t\t\t<div class=\"elementor-widget-container\">\n\t\t\t\t\t\t\t<div class=\"elementor-tabs\">\n\t\t\t<div class=\"elementor-tabs-wrapper\" role=\"tablist\" >\n\t\t\t\t\t\t\t\t\t<div id=\"elementor-tab-title-2361\" class=\"elementor-tab-title elementor-tab-desktop-title\" aria-selected=\"true\" data-tab=\"1\" role=\"tab\" tabindex=\"0\" aria-controls=\"elementor-tab-content-2361\" aria-expanded=\"false\">2024<\/div>\n\t\t\t\t\t\t\t\t\t<div id=\"elementor-tab-title-2362\" class=\"elementor-tab-title elementor-tab-desktop-title\" aria-selected=\"false\" data-tab=\"2\" role=\"tab\" tabindex=\"-1\" aria-controls=\"elementor-tab-content-2362\" aria-expanded=\"false\">2023<\/div>\n\t\t\t\t\t\t\t\t\t<div id=\"elementor-tab-title-2363\" class=\"elementor-tab-title elementor-tab-desktop-title\" aria-selected=\"false\" data-tab=\"3\" role=\"tab\" tabindex=\"-1\" aria-controls=\"elementor-tab-content-2363\" aria-expanded=\"false\">2022<\/div>\n\t\t\t\t\t\t\t<\/div>\n\t\t\t<div class=\"elementor-tabs-content-wrapper\" role=\"tablist\" aria-orientation=\"vertical\">\n\t\t\t\t\t\t\t\t\t<div class=\"elementor-tab-title elementor-tab-mobile-title\" aria-selected=\"true\" data-tab=\"1\" role=\"tab\" tabindex=\"0\" aria-controls=\"elementor-tab-content-2361\" aria-expanded=\"false\">2024<\/div>\n\t\t\t\t\t<div id=\"elementor-tab-content-2361\" class=\"elementor-tab-content elementor-clearfix\" data-tab=\"1\" role=\"tabpanel\" aria-labelledby=\"elementor-tab-title-2361\" tabindex=\"0\" hidden=\"false\"><h6 style=\"text-align: justify\"><span style=\"font-size: 14px\"><span style=\"font-size: 14px;font-weight: 600\">EDITAL N\u00ba 04\/2024 \u2013 <strong>PPGED, PPGLET, PPGEO e PPGH<\/strong>\/UNIFAP \u2013 SELE\u00c7\u00c3O DE BOLSISTA P\u00d3S-DOUTORADO \u2013 PDPGFAPIII\/CAPES<\/span><\/span><\/h6><h6 style=\"text-align: justify\">Os Programas de P\u00f3s-Gradua\u00e7\u00e3o em Educa\u00e7\u00e3o (PPGED), Letras (PPGLET), Geografia (PPGEO), Hist\u00f3ria (PPGH) da Universidade Federal do Amap\u00e1 (Unifap) tornam p\u00fablico o presente Edital para sele\u00e7\u00e3o de bolsista de p\u00f3s-doutorado no \u00e2mbito do Projeto EDUCA\u00c7\u00c3O NA AMAZ\u00d4NIA AMAPAENSE: P\u00d3S-GRADUA\u00c7\u00c3O, FORMA\u00c7\u00c3O HUMANA E INSER\u00c7\u00c3O SOCIAL, com financiamento do Programa de Desenvolvimento da P\u00f3s-Gradua\u00e7\u00e3o (PDPG) Parcerias Estrat\u00e9gicas nos Estados III (PDPGFAPIII), da Coordena\u00e7\u00e3o de Aperfei\u00e7oamento de Pessoal de N\u00edvel Superior (CAPES), edital N. 038\/2022 \u2013 CAPES.<\/h6><h6 style=\"font-style: normal\"><span style=\"font-size: 14px;font-weight: bold\">16\/08\/2024: <a href=\"http:\/\/www2.unifap.br\/ppged\/files\/2024\/08\/EDITAL_04_2024.pdf\">Edital N\u00ba 04\/2024 &#8211; PPGED-PPGLET-PPGEO-PPGH\/UNIFAP<\/a><\/span><\/h6><p><a href=\"http:\/\/www2.unifap.br\/ppged\/files\/2024\/08\/Anexo-I.pdf\">Anexo I<\/a> \u00a0 \u00a0 \u00a0 \u00a0 \u00a0 <a href=\"http:\/\/www2.unifap.br\/ppged\/files\/2024\/08\/Anexo-II.pdf\">Anexo II<\/a>\u00a0 \u00a0 \u00a0 \u00a0 \u00a0 <a href=\"http:\/\/www2.unifap.br\/ppged\/files\/2024\/08\/Anexo-III.pdf\">Anexo III<\/a><\/p><h6 style=\"font-style: normal\"><span style=\"font-size: 14px;font-weight: bold\">19\/08\/2024: <a href=\"http:\/\/www2.unifap.br\/ppged\/files\/2024\/08\/1a-Retificacao.pdf\">1\u00aa Retifica\u00e7\u00e3o do Edital N. 04\/2024 &#8211; PPGED-PPGLET-PPGEO-PPGH\/UNIFAP<\/a><\/span><\/h6><p><span style=\"font-size: 14px;font-weight: bold\">27\/08\/2024: <a href=\"http:\/\/www2.unifap.br\/ppged\/files\/2024\/08\/Lista-Provisoria-de-Inscricoes-1.pdf\">Lista Provis\u00f3ria de Inscri\u00e7\u00f5es Homologadas<\/a><\/span><\/p><p><span style=\"font-size: 14px;font-weight: bold\">29\/08\/2024: <\/span><span style=\"font-size: 14px\"><span style=\"font-size: 14px;font-weight: 600\"><a href=\"http:\/\/www2.unifap.br\/ppged\/files\/2024\/08\/Lista-Definitiva-de-Inscricoes-1.pdf\">Lista Definitiva de Inscri\u00e7\u00f5es Homologadas<\/a><\/span><\/span><\/p><p><span style=\"font-size: 14px;font-weight: bold\">29\/08\/2024: <a href=\"http:\/\/www2.unifap.br\/ppged\/files\/2024\/08\/Lista-Provisoria-de-Classificacao-1.pdf\">Lista Provis\u00f3ria de Classifica\u00e7\u00e3o<\/a><\/span><\/p><p><span style=\"font-size: 14px;font-weight: bold\">02\/09\/2024: <a href=\"http:\/\/www2.unifap.br\/ppged\/files\/2024\/09\/Lista-Definitiva-de-Classificacao.pdf\">Lista Definitiva de Classifica\u00e7\u00e3o<\/a><\/span><\/p><p>\u00a0<\/p><p>____________________<\/p><h6 style=\"font-style: normal;text-align: justify\"><span style=\"font-size: 14px\"><span style=\"font-size: 14px;font-weight: 600\">EDITAL N\u00ba 03\/2024 \u2013 PPGED\/UNIFAP \u2013 SELE\u00c7\u00c3O DE BOLSISTA P\u00d3S-DOUTORADO \u2013 PDPG AMAZ\u00d4NIA LEGAL\/CAPES<\/span><\/span><\/h6><h6 style=\"font-style: normal;text-align: justify\">O Programa de P\u00f3s-Gradua\u00e7\u00e3o em Educa\u00e7\u00e3o (PPGED) da Universidade Federal do Amap\u00e1, por designa\u00e7\u00e3o da Pr\u00f3-Reitoria de Pesquisa e P\u00f3s-gradua\u00e7\u00e3o, torna p\u00fablico o presente Edital para sele\u00e7\u00e3o de bolsista de p\u00f3s-doutorado \u2013 com financiamento do Programa de Desenvolvimento da P\u00f3s-Gradua\u00e7\u00e3o para Amaz\u00f4nia Legal (PDPG\/AMAZ\u00d4NIA LEGAL) da Coordena\u00e7\u00e3o de Aperfei\u00e7oamento de Pessoal de N\u00edvel Superior (CAPES), no \u00e2mbito do Edital N.<br \/>013\/2020\/Capes\/Amaz\u00f4nia-Legal, vinculado ao Observat\u00f3rio de Desenvolvimento Regional,<br \/>projeto desenvolvido pelo PPGED e PPGMDR\/PPGDAS.<\/h6><h6 style=\"font-style: normal\"><span style=\"font-size: 14px;font-weight: bold\">25\/07\/2024: <a href=\"http:\/\/www2.unifap.br\/ppged\/files\/2024\/07\/Edital-03_2024-PPGED.pdf\">Edital N. 03\/2024-PPGED\/UNIFAP<\/a><\/span><\/h6><p><a style=\"font-size: 14px\" href=\"http:\/\/www2.unifap.br\/ppged\/files\/2024\/07\/Anexo-A.pdf\">Anexo A<\/a> \u00a0\u00a0 \u00a0\u00a0 \u00a0\u00a0 \u00a0\u00a0 \u00a0 <a style=\"font-size: 14px\" href=\"http:\/\/www2.unifap.br\/ppged\/files\/2024\/07\/Anexo-B-Retificado-1.pdf\">Anexo B &#8211; Retificado<\/a>\u00a0 \u00a0 \u00a0 \u00a0 \u00a0 \u00a0 \u00a0<a style=\"font-size: 14px\" href=\"http:\/\/www2.unifap.br\/ppged\/files\/2024\/07\/Anexo-C.pdf\">Anexo C<\/a><\/p><h6 style=\"font-style: normal\"><span style=\"font-size: 14px;font-weight: bold\">26\/07\/2024: <a href=\"http:\/\/www2.unifap.br\/ppged\/files\/2024\/07\/1a-RETIFICACAO-1-2.pdf\">1\u00aa Retifica\u00e7\u00e3o do Edital N. 03\/2024-PPGED\/UNIFAP<\/a><\/span><\/h6><h6 style=\"font-style: normal\"><span style=\"font-size: 14px;font-weight: bold\">05\/08\/2024: <a href=\"http:\/\/www2.unifap.br\/ppged\/files\/2024\/08\/Lista-Provisoria-de-Inscricoes.pdf\">Lista Provis\u00f3ria de Inscri\u00e7\u00f5es Homologadas<\/a>\u00a0<\/span><\/h6><h6 style=\"font-style: normal\"><span style=\"font-size: 14px;font-weight: bold\">07\/08\/2024: <a href=\"http:\/\/www2.unifap.br\/ppged\/files\/2024\/08\/Lista-Definitiva-de-Inscricoes.pdf\">Lista Definitiva de Inscri\u00e7\u00f5es Homologadas<\/a><\/span><\/h6><h6 style=\"font-style: normal\"><span style=\"font-size: 14px;font-weight: bold\">07\/08\/2024: <a href=\"http:\/\/www2.unifap.br\/ppged\/files\/2024\/08\/Lista-Provisoria-de-Classificacao.pdf\">Lista Provis\u00f3ria de Classifica\u00e7\u00e3o<\/a><\/span><\/h6><h6 style=\"font-style: normal\"><span style=\"font-size: 14px;font-weight: bold\">09\/08\/2024: <a href=\"http:\/\/www2.unifap.br\/ppged\/files\/2024\/08\/Lista-Definitiva-de-Classificacao.pdf\">Lista Definitiva de Classifica\u00e7\u00e3o<\/a><\/span><\/h6><h6>___________________________<\/h6><h6 style=\"font-style: normal;text-align: justify\"><span style=\"font-size: 14px\"><span style=\"font-size: 14px;font-weight: 600\">EDITAL N\u00ba 01\/2024 \u2013 PPGED\/UNIFAP PDPG-POSDOC \u2013 PROCESSO SELETIVO PARA BOLSA DE P\u00d3S-DOUTORADO DO PDPG P\u00d3S-DOUTORADO ESTRAT\u00c9GICO\/CAPES<\/span><\/span><\/h6><h6 style=\"font-style: normal;text-align: justify\">O Programa de P\u00f3s-Gradua\u00e7\u00e3o em Educa\u00e7\u00e3o (PPGED) da Universidade Federal do Amap\u00e1 (Unifap), por designa\u00e7\u00e3o da Pr\u00f3-Reitoria de Pesquisa e P\u00f3s-Gradua\u00e7\u00e3o, torna p\u00fablico o presente Edital para sele\u00e7\u00e3o de bolsista de p\u00f3s-doutorado \u2013 com financiamento do Programa de Desenvolvimento da P\u00f3s-Gradua\u00e7\u00e3o (PDPG) P\u00f3s-Doutorado Estrat\u00e9gico, da Coordena\u00e7\u00e3o de Aperfei\u00e7oamento de Pessoal de N\u00edvel Superior (Capes), no \u00e2mbito do Edital N. 016\/2022 (PDPG-POSDOC).<\/h6><h6 style=\"font-style: normal\"><span style=\"font-size: 14px;font-weight: bold\">12\/04\/2024:<\/span>\u00a0<a style=\"font-size: 14px\" href=\"http:\/\/www2.unifap.br\/ppged\/files\/2024\/04\/Edital-01_2024-PPGED-PDPG-POSDOC.pdf\">Edital N. 01\/2024 &#8211; PPGED\/PDPG\/POSDOC<\/a><\/h6><h6 style=\"font-style: normal\"><a style=\"font-size: 14px\" href=\"http:\/\/www2.unifap.br\/ppged\/files\/2024\/04\/Anexo-A-.pdf\">Anexo A<\/a>\u00a0\u00a0 \u00a0 \u00a0 \u00a0 \u00a0 \u00a0 \u00a0\u00a0<a style=\"font-size: 14px\" href=\"http:\/\/www2.unifap.br\/ppged\/files\/2024\/04\/Anexo-B.pdf\">Anexo B<\/a>\u00a0 \u00a0 \u00a0 \u00a0 \u00a0 \u00a0 \u00a0\u00a0<a style=\"font-size: 14px\" href=\"http:\/\/www2.unifap.br\/ppged\/files\/2024\/04\/Anexo-C.pdf\">Anexo C<\/a><\/h6><h6><span style=\"font-size: 14px;font-weight: bold\">23\/04\/2024:<\/span><span style=\"font-family: Montserrat;font-size: 14px;font-style: normal;font-weight: 600\">\u00a0<\/span><a style=\"font-size: 14px\" href=\"http:\/\/www2.unifap.br\/ppged\/files\/2024\/04\/Alteracao-do-periodo-de-inscricao.pdf\">Altera\u00e7\u00e3o do per\u00edodo de inscri\u00e7\u00e3o<\/a><\/h6><h5><strong>24\/04\/2024:<\/strong> <span style=\"color: #000080\"><a href=\"http:\/\/www2.unifap.br\/ppged\/files\/2024\/04\/Lista-Provisoria-de-Inscricoes-Homologadas.pdf\">Lista Provis\u00f3ria de Inscri\u00e7\u00f5es Homologadas<\/a><\/span><\/h5><h5><strong>26\/04\/2024:<\/strong> <a href=\"http:\/\/www2.unifap.br\/ppged\/files\/2024\/04\/Lista-Definitiva-de-Inscricoes-Homologadas.pdf\">Lista Definitiva de Inscri\u00e7\u00f5es Homologadas e Resultado Provis\u00f3rio do Plano de Trabalho<\/a><\/h5><h5><strong>30\/04\/2024: <a href=\"http:\/\/www2.unifap.br\/ppged\/files\/2024\/04\/Resultado-Definitivo-do-Plano-de-Trabalho-com-Calendario-de-Entrevista.pdf\">Resultado Definitivo do Plano de Trabalho e Calend\u00e1rio de Entrevista<\/a><\/strong><\/h5><h5><strong>03\/05\/2024: <a href=\"http:\/\/www2.unifap.br\/ppged\/files\/2024\/05\/Resultado-Provisorio-de-Entrevista-e-Curriculo.pdf\">Resultado Provis\u00f3rio da Entrevista e do Curr\u00edculo<\/a><\/strong><\/h5><h5><strong>07\/05\/2024: <a href=\"http:\/\/www2.unifap.br\/ppged\/files\/2024\/05\/Alteracao-N.1-Cronograma-do-Processo-Seletivo.pdf\">Retifica\u00e7\u00e3o N.1 &#8211; Cronograma do Processo Seletivo<\/a><\/strong><\/h5><h5><strong>07\/05\/2024: <a href=\"http:\/\/www2.unifap.br\/ppged\/files\/2024\/05\/Resultado-Final.pdf\">Resultado Final<\/a><\/strong><\/h5><\/div>\n\t\t\t\t\t\t\t\t\t<div class=\"elementor-tab-title elementor-tab-mobile-title\" aria-selected=\"false\" data-tab=\"2\" role=\"tab\" tabindex=\"-1\" aria-controls=\"elementor-tab-content-2362\" aria-expanded=\"false\">2023<\/div>\n\t\t\t\t\t<div id=\"elementor-tab-content-2362\" class=\"elementor-tab-content elementor-clearfix\" data-tab=\"2\" role=\"tabpanel\" aria-labelledby=\"elementor-tab-title-2362\" tabindex=\"0\" hidden=\"hidden\"><h6 style=\"text-align: justify\"><span style=\"color: #000080\"><strong>EDITAL N\u00ba 02\/2023\u00a0 PPGED\/UNIFAP &#8211; PROCESSO SELETIVO PARA BOLSISTA DE P\u00d3S-DOUTORADO\u00a0 (PDPG-CAPES\/FAP-2020)\u00a0<\/strong><\/span><\/h6><h6 style=\"text-align: justify\">O Programa de P\u00f3s-Gradua\u00e7\u00e3o em Educa\u00e7\u00e3o (PPGED) da Universidade Federal do Amap\u00e1 (Unifap) torna p\u00fablico o presente Edital para sele\u00e7\u00e3o de bolsista de p\u00f3s-doutorado \u2013 com financiamento do Programa Apoio aos Programas de P\u00f3s-Gradua\u00e7\u00e3o Emergentes e em Consolida\u00e7\u00e3o em \u00e1reas priorit\u00e1rias nos estados, da Coordena\u00e7\u00e3o de Aperfei\u00e7oamento de Pessoal de N\u00edvel Superior (Capes) em parceria com as Funda\u00e7\u00f5es Estaduais de Amparo \u00e0 Pesquisa (FAP) &#8211; no \u00e2mbito do Edital n\u00ba. 18\/2020 PDPG-CAPES\/FAP.<\/h6><h6>04\/08\/2023: <a href=\"http:\/\/www2.unifap.br\/ppged\/files\/2023\/08\/Edital-n.-02_2023-POS-DOC.pdf\">Edital n. 02\/2023 PPGED P\u00d3S-DOC &#8211; PDPG CAPES\/FAP<\/a><\/h6><h6><a href=\"http:\/\/www2.unifap.br\/ppged\/files\/2023\/08\/Anexo-A.docx\">Anexo A<\/a> \u00a0 \u00a0 \u00a0 <a href=\"http:\/\/www2.unifap.br\/ppged\/files\/2023\/08\/Anexo-B.docx\">Anexo B<\/a>\u00a0 \u00a0 \u00a0<a href=\"http:\/\/www2.unifap.br\/ppged\/files\/2023\/08\/Anexo-C.pdf\">Anexo C<\/a><\/h6><h6>22\/08\/2023: <a href=\"http:\/\/www2.unifap.br\/ppged\/files\/2023\/08\/LISTA-PROVISORIA-DE-INSCRICOES-HOMOLOGADAS.pdf\">LISTA PROVIS\u00d3RIA DE INSCRI\u00c7\u00d5ES HOMOLOGADAS<\/a><\/h6><h6>25\/08\/2023: <a href=\"http:\/\/www2.unifap.br\/ppged\/files\/2023\/08\/LISTA-DEFINITIVA-DE-INSCRICOES-HOMOLOGADAS.pdf\">LISTA DEFINITIVA DE INSCRI\u00c7\u00d5ES HOMOLOGADAS<\/a><\/h6><h6>25\/08\/2023: <a href=\"http:\/\/www2.unifap.br\/ppged\/files\/2023\/08\/CALENDARIO-DE-ENTREVISTAS.pdf\">CALEND\u00c1RIO DE ENTREVISTAS<\/a><\/h6><h6>29\/08\/2023: <a href=\"http:\/\/www2.unifap.br\/ppged\/files\/2023\/08\/Lista-Provisoria-de-Aprovados-na-Entrevista.pdf\">LISTA PROVIS\u00d3RIA DE APROVADOS NA ENTREVISTA<\/a><\/h6><h6>01\/09\/2023: <a href=\"http:\/\/www2.unifap.br\/ppged\/files\/2023\/09\/LISTA-DEFINITIVA-DE-APROVADOS-NA-ENTREVISTA.pdf\">LISTA DEFINITIVA DE APROVADOS NA ENTREVISTA<\/a><\/h6><h6>01\/09\/2023: <a href=\"http:\/\/www2.unifap.br\/ppged\/files\/2023\/09\/LISTA-PROVISORIA-DE-CLASSIFICADOS.pdf\">LISTA PROVIS\u00d3RIA DE CLASSIFICADOS<\/a><\/h6><h6>05\/09\/2023: <a href=\"http:\/\/www2.unifap.br\/ppged\/files\/2023\/09\/RESULTADO-FINAL.pdf\">RESULTADO FINAL<\/a><\/h6><h6>\u00a0<\/h6><h6>\u00a0<\/h6><h6 style=\"text-align: justify\"><span style=\"color: #000080\"><strong>EDITAL N\u00ba 01\/2023 \u2013 PPGED\/UNIFAP PDPG-POSDOC \u2013 PROCESSO SELETIVO PARA BOLSA DE P\u00d3S-DOUTORADO DO PDPG P\u00d3S-DOUTORADO ESTRAT\u00c9GICO\/CAPES<\/strong><\/span><\/h6><h6 style=\"text-align: justify\"><strong>O Programa de P\u00f3s-Gradua\u00e7\u00e3o em Educa\u00e7\u00e3o (PPGED) da Universidade Federal do Amap\u00e1 (Unifap), por designa\u00e7\u00e3o da Pr\u00f3-Reitoria de Pesquisa e P\u00f3s-Gradua\u00e7\u00e3o, torna p\u00fablico o presente Edital para sele\u00e7\u00e3o de bolsista de p\u00f3s-doutorado \u2013 com financiamento do Programa de Desenvolvimento da P\u00f3s-Gradua\u00e7\u00e3o (PDPG) P\u00f3s-Doutorado Estrat\u00e9gico, da Coordena\u00e7\u00e3o de Aperfei\u00e7oamento de Pessoal de N\u00edvel Superior (Capes), no \u00e2mbito do Edital N. 016\/2022 (PDPG-POSDOC).<\/strong><\/h6><h6 style=\"text-align: left\"><strong>26\/01\/2023: <a href=\"https:\/\/www2.unifap.br\/ppged\/edital-01_2023-ppged-pdpg-posdoc-2\/\" rel=\"attachment wp-att-3802\">Edital 01_2023 PPGED PDPG-POSDOC<\/a><\/strong><\/h6><h6><a href=\"https:\/\/www2.unifap.br\/ppged\/anexo-a-3\/\" rel=\"attachment wp-att-3789\">Anexo A\u00a0\u00a0<\/a>\u00a0 \u00a0 \u00a0 <a href=\"https:\/\/www2.unifap.br\/ppged\/anexo-b-3\/\" rel=\"attachment wp-att-3790\">Anexo B\u00a0\u00a0\u00a0<\/a>\u00a0 \u00a0 \u00a0 \u00a0 <a href=\"https:\/\/www2.unifap.br\/ppged\/anexo-c-4\/\" rel=\"attachment wp-att-3803\">Anexo C<\/a><\/h6><h6>22\/02\/2023: <a href=\"https:\/\/www2.unifap.br\/ppged\/lista-provisoria-de-inscricoes-homologadas-4\/\" rel=\"attachment wp-att-3831\">LISTA PROVIS\u00d3RIA DE INSCRI\u00c7\u00d5ES HOMOLOGADAS<\/a><\/h6><h6>25\/02\/2023: <a href=\"https:\/\/www2.unifap.br\/ppged\/lista-definitiva-de-inscricoes-homologadas-2\/\" rel=\"attachment wp-att-3835\">LISTA DEFINITIVA DE INSCRI\u00c7\u00d5ES HOMOLOGADAS<\/a><\/h6><h6>25\/02\/2023: <a href=\"https:\/\/www2.unifap.br\/ppged\/calendario-de-entrevistas-4\/\" rel=\"attachment wp-att-3836\">CALEND\u00c1RIO DE ENTREVISTAS<\/a><\/h6><h6>02\/03\/2023: <a href=\"https:\/\/www2.unifap.br\/ppged\/retificacao-no-01\/\" rel=\"attachment wp-att-3847\">RETIFICA\u00c7\u00c3O N\u00ba 01<\/a><\/h6><h6 style=\"text-align: left\">06\/03\/2023: <a href=\"https:\/\/www2.unifap.br\/ppged\/lista-provisoria-de-aprovado-na-entrevista\/\" rel=\"attachment wp-att-3870\">LISTA PROVIS\u00d3RIA DE APROVADO NA ENTREVISTA<\/a><\/h6><h6>08\/03\/2023: <a href=\"http:\/\/www2.unifap.br\/ppged\/files\/2023\/03\/LISTA-DEFINITIVA-DE-APROVADO-NA-ENTREVISTA.pdf\">LISTA DEFINITIVA DE APROVADO NA ENTREVISTA<\/a><\/h6><h6>08\/03\/2023: <a href=\"http:\/\/www2.unifap.br\/ppged\/files\/2023\/03\/LISTA-PROVISORIA-DE-CLASSIFICACAO.pdf\">LISTA PROVIS\u00d3RIA DE CLASSIFICA\u00c7\u00c3O<\/a><\/h6><h6>10\/03\/2023: <a href=\"http:\/\/www2.unifap.br\/ppged\/files\/2023\/03\/LISTA-DEFINITIVA-DE-CLASSIFICACAO.pdf\">LISTA DEFINITIVA DE CLASSIFICA\u00c7\u00c3<\/a><\/h6><\/div>\n\t\t\t\t\t\t\t\t\t<div class=\"elementor-tab-title elementor-tab-mobile-title\" aria-selected=\"false\" data-tab=\"3\" role=\"tab\" tabindex=\"-1\" aria-controls=\"elementor-tab-content-2363\" aria-expanded=\"false\">2022<\/div>\n\t\t\t\t\t<div id=\"elementor-tab-content-2363\" class=\"elementor-tab-content elementor-clearfix\" data-tab=\"3\" role=\"tabpanel\" aria-labelledby=\"elementor-tab-title-2363\" tabindex=\"0\" hidden=\"hidden\"><h6><strong>EDITAL N\u00ba 01\/2022 \u2013 PPGED\/UNIFAP \u2013 PROCESSO SELETIVO PARA\u00a0<\/strong><strong>BOLSA DE P\u00d3S-DOUTORAL DO PDPG AMAZ\u00d4NIA-LEGAL\/CAPES<\/strong><\/h6>\n<h6 style=\"text-align: justify\">O Programa de P\u00f3s-Gradua\u00e7\u00e3o em Educa\u00e7\u00e3o (PPGED), em parceria com o Programa de P\u00f3s-Gradua\u00e7\u00e3o Mestrado em Desenvolvimento Regional (PPGMDR), ambos da Universidade Federal do Amap\u00e1, por designa\u00e7\u00e3o da Pr\u00f3-Reitoria de Pesquisa e P\u00f3s-Gradua\u00e7\u00e3o, torna p\u00fablico o presente Edital para sele\u00e7\u00e3o de bolsista de p\u00f3s-doutorado \u2013 com financiamento do Programa de Desenvolvimento da P\u00f3s-Gradua\u00e7\u00e3o para Amaz\u00f4nia-Legal (PDPG AMAZ\u00d4NIA-LEGAL) da Coordena\u00e7\u00e3o de Aperfei\u00e7oamento de Pessoal de N\u00edvel Superior (CAPES), no \u00e2mbito do Edital N. 013\/2020 -CAPES\/Amaz\u00f4nia-Legal, vinculado ao Observat\u00f3rio de Desenvolvimento Regional, projeto desenvolvido pelo PPGED e PPGMDR.<\/h6>\n<h6><strong>Acesse os documentos abaixo:<\/strong><\/h6>\n<ul>\n \t<li>\n<h6><a href=\"http:\/\/www2.unifap.br\/ppged\/files\/2022\/01\/Edital-01_2022-PPGED_PDPG-Amaz\u00f4nia-Legal.pdf\">Edital 01_2022 PPGED_PDPG Amaz\u00f4nia-Legal<\/a><\/h6>\n<\/li>\n \t<li>\n<h6><a href=\"http:\/\/www2.unifap.br\/ppged\/files\/2022\/01\/Anexo-A-.pdf\">Anexo A<\/a><\/h6>\n<\/li>\n \t<li>\n<h6><a href=\"http:\/\/www2.unifap.br\/ppged\/files\/2022\/01\/Anexo-B.pdf\">Anexo B<\/a><\/h6>\n<\/li>\n \t<li>\n<h6><a href=\"http:\/\/www2.unifap.br\/ppged\/files\/2022\/02\/Anexo-C.pdf\">Anexo C<\/a><\/h6>\n<\/li>\n \t<li>\n<h6>07\/02\/2022: <a href=\"http:\/\/www2.unifap.br\/ppged\/files\/2022\/02\/Lista-Provis\u00f3ria-de-Inscri\u00e7\u00f5es-Homologadas-1.pdf\">Lista Provis\u00f3ria de Inscri\u00e7\u00f5es Homologadas<\/a><\/h6>\n<\/li>\n \t<li>\n<h6>09\/02\/2022: <a href=\"http:\/\/www2.unifap.br\/ppged\/files\/2022\/02\/Lista-Definitiva-de-Inscri\u00e7\u00f5es-Homologadas.pdf\">Lista Definitiva de Inscri\u00e7\u00f5es Homologadas<\/a><\/h6>\n<\/li>\n \t<li>\n<h6>09\/02\/2022: <a href=\"http:\/\/www2.unifap.br\/ppged\/files\/2022\/02\/Calend\u00e1rio-de-Entrevistas.pdf\">Calend\u00e1rio de Entrevistas<\/a><\/h6>\n<\/li>\n \t<li>\n<h6>14\/02\/2022: <a href=\"http:\/\/www2.unifap.br\/ppged\/files\/2022\/02\/Lista-Provis\u00f3ria-de-Candidatoa-Aprovadoa-na-Entrevista.pdf\">Lista Provis\u00f3ria de Candidato(a) Aprovado(a) na Entrevista<\/a><\/h6>\n<\/li>\n \t<li>\n<h6>16\/02\/2022: <a href=\"http:\/\/www2.unifap.br\/ppged\/files\/2022\/02\/Lista-Definitiva-de-Candidatoa-Aprovadoa-na-Entrevista.pdf\">Lista Definitiva de Candidato(a) Aprovado(a) na Entrevista<\/a><\/h6>\n<\/li>\n \t<li>\n<h6>16\/02\/2022: <a href=\"http:\/\/www2.unifap.br\/ppged\/files\/2022\/02\/Lista-Provis\u00f3ria-de-Classifica\u00e7\u00e3o.pdf\">Lista Provis\u00f3ria de Classifica\u00e7\u00e3o<\/a><\/h6>\n<\/li>\n \t<li>\n<h6>18\/02\/2022: <a href=\"http:\/\/www2.unifap.br\/ppged\/files\/2022\/02\/Lista-Definitiva-de-Classifica\u00e7\u00e3o.pdf\">Lista Definitiva de Classifica\u00e7\u00e3o<\/a><\/h6>\n<\/li>\n<\/ul><\/div>\n\t\t\t\t\t\t\t<\/div>\n\t\t<\/div>\n\t\t\t\t\t\t<\/div>\n\t\t\t\t<\/div>\n\t\t\t\t\t<\/div>\n\t\t<\/div>\n\t\t\t\t\t<\/div>\n\t\t<\/section>\n\t\t\t\t<\/div>\n\t\t","protected":false},"excerpt":{"rendered":"<p>EDITAIS 2024 2023 2022 2024 EDITAL N\u00ba 04\/2024 \u2013 PPGED, PPGLET, PPGEO e PPGH\/UNIFAP \u2013 SELE\u00c7\u00c3O DE BOLSISTA P\u00d3S-DOUTORADO \u2013 PDPGFAPIII\/CAPES Os Programas de P\u00f3s-Gradua\u00e7\u00e3o em Educa\u00e7\u00e3o (PPGED), Letras (PPGLET), Geografia (PPGEO), Hist\u00f3ria (PPGH) da Universidade Federal do Amap\u00e1 (Unifap) tornam p\u00fablico o presente Edital para sele\u00e7\u00e3o de bolsista de p\u00f3s-doutorado no \u00e2mbito do Projeto&#8230;<\/p>\n","protected":false},"author":1095,"featured_media":0,"parent":525,"menu_order":3,"comment_status":"closed","ping_status":"closed","template":"","meta":{"inline_featured_image":false,"ngg_post_thumbnail":0,"footnotes":""},"folder":[],"class_list":["post-2762","page","type-page","status-publish","hentry","entry"],"_links":{"self":[{"href":"https:\/\/www2.unifap.br\/ppged\/wp-json\/wp\/v2\/pages\/2762","targetHints":{"allow":["GET"]}}],"collection":[{"href":"https:\/\/www2.unifap.br\/ppged\/wp-json\/wp\/v2\/pages"}],"about":[{"href":"https:\/\/www2.unifap.br\/ppged\/wp-json\/wp\/v2\/types\/page"}],"author":[{"embeddable":true,"href":"https:\/\/www2.unifap.br\/ppged\/wp-json\/wp\/v2\/users\/1095"}],"replies":[{"embeddable":true,"href":"https:\/\/www2.unifap.br\/ppged\/wp-json\/wp\/v2\/comments?post=2762"}],"version-history":[{"count":205,"href":"https:\/\/www2.unifap.br\/ppged\/wp-json\/wp\/v2\/pages\/2762\/revisions"}],"predecessor-version":[{"id":5742,"href":"https:\/\/www2.unifap.br\/ppged\/wp-json\/wp\/v2\/pages\/2762\/revisions\/5742"}],"up":[{"embeddable":true,"href":"https:\/\/www2.unifap.br\/ppged\/wp-json\/wp\/v2\/pages\/525"}],"wp:attachment":[{"href":"https:\/\/www2.unifap.br\/ppged\/wp-json\/wp\/v2\/media?parent=2762"}],"wp:term":[{"taxonomy":"folder","embeddable":true,"href":"https:\/\/www2.unifap.br\/ppged\/wp-json\/wp\/v2\/folder?post=2762"}],"curies":[{"name":"wp","href":"https:\/\/api.w.org\/{rel}","templated":true}]}}