{"id":2860,"date":"2022-04-11T19:28:21","date_gmt":"2022-04-11T19:28:21","guid":{"rendered":"https:\/\/www2.unifap.br\/ppged\/?page_id=2860"},"modified":"2026-04-06T04:24:27","modified_gmt":"2026-04-06T04:24:27","slug":"credenciamento-docente","status":"publish","type":"page","link":"https:\/\/www2.unifap.br\/ppged\/credenciamento-docente\/","title":{"rendered":"CREDENCIAMENTO DOCENTE"},"content":{"rendered":"\t\t<div data-elementor-type=\"wp-page\" data-elementor-id=\"2860\" class=\"elementor elementor-2860\">\n\t\t\t\t\t\t<section class=\"elementor-section elementor-top-section elementor-element elementor-element-37de271 elementor-section-boxed elementor-section-height-default elementor-section-height-default\" data-id=\"37de271\" data-element_type=\"section\" data-e-type=\"section\">\n\t\t\t\t\t\t<div class=\"elementor-container elementor-column-gap-default\">\n\t\t\t\t\t<div class=\"elementor-column elementor-col-100 elementor-top-column elementor-element elementor-element-01ff1e0\" data-id=\"01ff1e0\" data-element_type=\"column\" data-e-type=\"column\">\n\t\t\t<div class=\"elementor-widget-wrap elementor-element-populated\">\n\t\t\t\t\t\t<div class=\"elementor-element elementor-element-752bd00 elementor-widget elementor-widget-heading\" data-id=\"752bd00\" data-element_type=\"widget\" data-e-type=\"widget\" data-widget_type=\"heading.default\">\n\t\t\t\t<div class=\"elementor-widget-container\">\n\t\t\t\t\t<h2 class=\"elementor-heading-title elementor-size-default\">CHAMADA PPGED<\/h2>\t\t\t\t<\/div>\n\t\t\t\t<\/div>\n\t\t\t\t<div class=\"elementor-element elementor-element-b7ef4f6 elementor-tabs-view-vertical elementor-widget elementor-widget-tabs\" data-id=\"b7ef4f6\" data-element_type=\"widget\" data-e-type=\"widget\" data-widget_type=\"tabs.default\">\n\t\t\t\t<div class=\"elementor-widget-container\">\n\t\t\t\t\t\t\t<div class=\"elementor-tabs\">\n\t\t\t<div class=\"elementor-tabs-wrapper\" role=\"tablist\" >\n\t\t\t\t\t\t\t\t\t<div id=\"elementor-tab-title-1921\" class=\"elementor-tab-title elementor-tab-desktop-title\" aria-selected=\"true\" data-tab=\"1\" role=\"tab\" tabindex=\"0\" aria-controls=\"elementor-tab-content-1921\" aria-expanded=\"false\">2026<\/div>\n\t\t\t\t\t\t\t\t\t<div id=\"elementor-tab-title-1922\" class=\"elementor-tab-title elementor-tab-desktop-title\" aria-selected=\"false\" data-tab=\"2\" role=\"tab\" tabindex=\"-1\" aria-controls=\"elementor-tab-content-1922\" aria-expanded=\"false\">2025<\/div>\n\t\t\t\t\t\t\t\t\t<div id=\"elementor-tab-title-1923\" class=\"elementor-tab-title elementor-tab-desktop-title\" aria-selected=\"false\" data-tab=\"3\" role=\"tab\" tabindex=\"-1\" aria-controls=\"elementor-tab-content-1923\" aria-expanded=\"false\">2022<\/div>\n\t\t\t\t\t\t\t\t\t<div id=\"elementor-tab-title-1924\" class=\"elementor-tab-title elementor-tab-desktop-title\" aria-selected=\"false\" data-tab=\"4\" role=\"tab\" tabindex=\"-1\" aria-controls=\"elementor-tab-content-1924\" aria-expanded=\"false\">2021<\/div>\n\t\t\t\t\t\t\t<\/div>\n\t\t\t<div class=\"elementor-tabs-content-wrapper\" role=\"tablist\" aria-orientation=\"vertical\">\n\t\t\t\t\t\t\t\t\t<div class=\"elementor-tab-title elementor-tab-mobile-title\" aria-selected=\"true\" data-tab=\"1\" role=\"tab\" tabindex=\"0\" aria-controls=\"elementor-tab-content-1921\" aria-expanded=\"false\">2026<\/div>\n\t\t\t\t\t<div id=\"elementor-tab-content-1921\" class=\"elementor-tab-content elementor-clearfix\" data-tab=\"1\" role=\"tabpanel\" aria-labelledby=\"elementor-tab-title-1921\" tabindex=\"0\" hidden=\"false\"><h4><strong>CHAMADA N. 01\/2026 &#8211; <\/strong><strong>CREDENCIAMENTO DE DOCENTES PERMANENTES (2026-2029)\u00a0<\/strong><\/h4><h6>Chamada aberta para o Credenciamento de Docentes Permanentes do Programa de P\u00f3s-Gradua\u00e7\u00e3o em Educa\u00e7\u00e3o, da Universidade Federal do Amap\u00e1, para o quadri\u00eanio 2026-2029.<\/h6><h6><span style=\"color: #000000\"><strong>CONSULTE ABAIXO A CHAMADA E SEUS ANEXOS<\/strong><\/span><\/h6><p>26\/02\/2026 &#8211; <a href=\"http:\/\/www2.unifap.br\/ppged\/files\/2026\/02\/CHAMADA_Credenciamento_2026-1.pdf\">CHAMADA N\u00ba 01\/2026-PPGED\/UNIFAP<\/a><\/p><p>\u00a0 \u00a0 \u00a0 \u00a0 \u00a0 \u00a0 \u00a0 \u00a0 \u00a0 \u00a0 \u00a0 \u00a0 \u00a0&#8211; <a href=\"http:\/\/www2.unifap.br\/ppged\/files\/2026\/02\/Anexo-A.pdf\">ANEXO A<\/a><\/p><p>\u00a0 \u00a0 \u00a0 \u00a0 \u00a0 \u00a0 \u00a0 \u00a0 \u00a0 \u00a0 \u00a0 \u00a0 \u00a0&#8211; <a href=\"http:\/\/www2.unifap.br\/ppged\/files\/2026\/02\/Anexo-B.pdf\">ANEXO B<\/a><\/p><p>\u00a0 \u00a0 \u00a0 \u00a0 \u00a0 \u00a0 \u00a0 \u00a0 \u00a0 \u00a0 \u00a0 \u00a0 \u00a0&#8211; <a href=\"http:\/\/www2.unifap.br\/ppged\/files\/2026\/02\/Anexo-C-1.pdf\">ANEXO C<\/a><\/p><p><strong>Aviso:<\/strong> Local da Reuni\u00e3o sobre a Chamada: 10\/03\/2026, 9h30, Sala 9 (PPGED) no pr\u00e9dio do Departamento de Educa\u00e7\u00e3o, Campus Marco Zero da UNIFAP.<\/p><p style=\"font-family: Roboto, sans-serif;font-size: 18px;font-style: normal;font-weight: 400\">06 a 10\/04\/2026 &#8211; <a href=\"https:\/\/forms.gle\/HUdBUoR9Nvxspy716\">FORMUL\u00c1RIO DE INSCRI\u00c7\u00c3O<\/a><\/p><h6>\u00a0<\/h6><\/div>\n\t\t\t\t\t\t\t\t\t<div class=\"elementor-tab-title elementor-tab-mobile-title\" aria-selected=\"false\" data-tab=\"2\" role=\"tab\" tabindex=\"-1\" aria-controls=\"elementor-tab-content-1922\" aria-expanded=\"false\">2025<\/div>\n\t\t\t\t\t<div id=\"elementor-tab-content-1922\" class=\"elementor-tab-content elementor-clearfix\" data-tab=\"2\" role=\"tabpanel\" aria-labelledby=\"elementor-tab-title-1922\" tabindex=\"0\" hidden=\"hidden\"><h4><strong>CHAMADA N. 01\/2025 &#8211; RE<\/strong><strong>CREDENCIAMENTO DE DOCENTES PERMANENTES (2025-2028)\u00a0<\/strong><\/h4><h6>Chamada aberta para o Recredenciamento de Docentes Permanentes do Programa de P\u00f3s-Gradua\u00e7\u00e3o em Educa\u00e7\u00e3o, da Universidade Federal do Amap\u00e1, para o quadri\u00eanio 2025-2028.<\/h6><h6><span style=\"color: #000000\"><strong>CONSULTE ABAIXO A CHAMADA E SEUS ANEXOS<\/strong><\/span><\/h6><p>09\/04\/2025 &#8211; <a href=\"http:\/\/www2.unifap.br\/ppged\/files\/2025\/05\/Chamada.pdf\">CHAMADA N\u00ba 01\/2025-PPGED\/UNIFAP<\/a><\/p><p>\u00a0 \u00a0 \u00a0 \u00a0 \u00a0 \u00a0 \u00a0 \u00a0 \u00a0 \u00a0 \u00a0 \u00a0 \u00a0&#8211; <a href=\"http:\/\/www2.unifap.br\/ppged\/files\/2025\/04\/INSTRUCAO-NORMATIVA.pdf\">INSTRU\u00c7\u00c3O NORMATIVA N\u00ba. 01\/2025-PPGED\/UNIFAP<\/a><\/p><p>\u00a0 \u00a0 \u00a0 \u00a0 \u00a0 \u00a0 \u00a0 \u00a0 \u00a0 \u00a0 \u00a0 \u00a0 \u00a0&#8211; <a href=\"https:\/\/forms.gle\/uTH8wE238Ghnfhkz5\">FORMUL\u00c1RIO DE RECREDENCIAMENTO<\/a><\/p><h6>\u00a0<\/h6><\/div>\n\t\t\t\t\t\t\t\t\t<div class=\"elementor-tab-title elementor-tab-mobile-title\" aria-selected=\"false\" data-tab=\"3\" role=\"tab\" tabindex=\"-1\" aria-controls=\"elementor-tab-content-1923\" aria-expanded=\"false\">2022<\/div>\n\t\t\t\t\t<div id=\"elementor-tab-content-1923\" class=\"elementor-tab-content elementor-clearfix\" data-tab=\"3\" role=\"tabpanel\" aria-labelledby=\"elementor-tab-title-1923\" tabindex=\"0\" hidden=\"hidden\"><h5><strong>CHAMADA N\u00ba. 01\/2022 PPGED \u2013 <\/strong><strong>CREDENCIAMENTO DE DOCENTES PERMANENTES <\/strong><\/h5><h6>Chamada aberta para o Credenciamento de Docentes Permanentes para o Programa de P\u00f3s-Gradua\u00e7\u00e3o em Educa\u00e7\u00e3o, da Universidade Federal do Amap\u00e1, para o quadri\u00eanio 2022-2026.<\/h6><h6><span style=\"color: #000000\"><strong>CONSULTE ABAIXO A CHAMADA E SEUS ANEXOS<\/strong><\/span><\/h6><h6>11\/04\/2022: <a href=\"http:\/\/www2.unifap.br\/ppged\/files\/2022\/04\/CHAMADA-No-01_2022-_CREDENCIAMENTO-DE-DOCENTES-PERMANENTES-_PPGED-UNIFAP.pdf\">CHAMADA N\u00ba 01_2022 _CREDENCIAMENTO DE DOCENTES PERMANENTES _PPGED UNIFAP<\/a><\/h6><h6><a href=\"http:\/\/www2.unifap.br\/ppged\/files\/2022\/04\/Anexo-A.docx\">Anexo A<\/a><\/h6><h6><a href=\"http:\/\/www2.unifap.br\/ppged\/files\/2022\/04\/Anexo-B.pdf\">Anexo B\u00a0\u00a0<\/a><\/h6><h6><a href=\"http:\/\/www2.unifap.br\/ppged\/files\/2022\/04\/Anexo-C.docx\">Anexo C<\/a><\/h6><h6><a href=\"http:\/\/www2.unifap.br\/ppged\/files\/2022\/04\/Anexo-D.docx\">Anexo D<\/a><\/h6><h6><a href=\"http:\/\/www2.unifap.br\/ppged\/files\/2022\/04\/Anexo-E.docx\">Anexo E<\/a><\/h6><h6>16\/05\/2022: <a href=\"http:\/\/www2.unifap.br\/ppged\/files\/2022\/05\/Listagem-Provisoria-de-Inscricoes.pdf\">Listagem Provis\u00f3ria de Inscri\u00e7\u00f5es<\/a><\/h6><h6>20\/05\/2022: <a href=\"http:\/\/www2.unifap.br\/ppged\/files\/2022\/05\/Listagem-Definitiva-de-Inscricoes.pdf\">Listagem Definitiva de Inscri\u00e7\u00f5es<\/a><\/h6><h6>23\/05\/2022: <a href=\"http:\/\/www2.unifap.br\/ppged\/files\/2022\/05\/Listagem-Provisoria-de-Docentes-Credenciadosas.pdf\">Listagem Provis\u00f3ria de Docentes Credenciados(as)<\/a><\/h6><h6>27\/05\/2022: <a href=\"http:\/\/www2.unifap.br\/ppged\/files\/2022\/05\/Listagem-Definitiva-de-Docentes-Credenciadosas.pdf\">Listagem Definitiva de Docentes Credenciados(as) &#8211; Aprovada pelo Colegiado<\/a><\/h6><\/div>\n\t\t\t\t\t\t\t\t\t<div class=\"elementor-tab-title elementor-tab-mobile-title\" aria-selected=\"false\" data-tab=\"4\" role=\"tab\" tabindex=\"-1\" aria-controls=\"elementor-tab-content-1924\" aria-expanded=\"false\">2021<\/div>\n\t\t\t\t\t<div id=\"elementor-tab-content-1924\" class=\"elementor-tab-content elementor-clearfix\" data-tab=\"4\" role=\"tabpanel\" aria-labelledby=\"elementor-tab-title-1924\" tabindex=\"0\" hidden=\"hidden\"><h4><strong>CHAMADA N. 01\/2021 &#8211; RE<\/strong><strong>CREDENCIAMENTO DE DOCENTES PERMANENTES (2021-2024) &#8211; 02\/03\/2021<\/strong><\/h4><h6>Chamada aberta para o Recredenciamento de Docentes Permanentes do Programa de P\u00f3s-Gradua\u00e7\u00e3o em Educa\u00e7\u00e3o, da Universidade Federal do Amap\u00e1, para o quadri\u00eanio 2021-2024.<\/h6><h6><span style=\"color: #000000\"><strong>CONSULTE ABAIXO A CHAMADA E SEUS ANEXOS<\/strong><\/span><\/h6><p>02\/03\/2021 &#8211; <a href=\"http:\/\/www2.unifap.br\/ppged\/files\/2025\/05\/Chamada-01-2021.pdf\">CHAMADA N. 01\/2021-PPGED\/UNIFAP (com anexo)<\/a><\/p><p>\u00a0 \u00a0 \u00a0 \u00a0 \u00a0 \u00a0 \u00a0 \u00a0 \u00a0 \u00a0 \u00a0 \u00a0&#8211; <a href=\"https:\/\/www2.unifap.br\/ppged\/files\/2021\/03\/Normas-procedimentais-aplic%C3%A1veis-%C3%A0-avalia%C3%A7%C3%A3o-de-desempenho-intelectual-docente-instru%C3%A7%C3%A3o-normativa-n.-01-de-08-de-fevereiro-de-2021.pdf\">INSTRU\u00c7\u00c3O NORMATIVA N\u00ba. 01\/2021-PPGED\/UNIFAP<\/a><\/p><p>20\/04\/2024 &#8211; <a href=\"http:\/\/www2.unifap.br\/ppged\/files\/2025\/05\/RELATORIO-CAAD_2021.pdf\">RELAT\u00d3RIO FINAL CAAD\u00a0 &#8211; APROVADO PELO COLEGIADO DO PPGED\/UNIFAP<\/a><\/p><h6>\u00a0<\/h6><\/div>\n\t\t\t\t\t\t\t<\/div>\n\t\t<\/div>\n\t\t\t\t\t\t<\/div>\n\t\t\t\t<\/div>\n\t\t\t\t\t<\/div>\n\t\t<\/div>\n\t\t\t\t\t<\/div>\n\t\t<\/section>\n\t\t\t\t<\/div>\n\t\t","protected":false},"excerpt":{"rendered":"<p>CHAMADA PPGED 2026 2025 2022 2021 2026 CHAMADA N. 01\/2026 &#8211; CREDENCIAMENTO DE DOCENTES PERMANENTES (2026-2029)\u00a0 Chamada aberta para o Credenciamento de Docentes Permanentes do Programa de P\u00f3s-Gradua\u00e7\u00e3o em Educa\u00e7\u00e3o, da Universidade Federal do Amap\u00e1, para o quadri\u00eanio 2026-2029. CONSULTE ABAIXO A CHAMADA E SEUS ANEXOS 26\/02\/2026 &#8211; CHAMADA N\u00ba 01\/2026-PPGED\/UNIFAP \u00a0 \u00a0 \u00a0 \u00a0&#8230;<\/p>\n","protected":false},"author":1095,"featured_media":0,"parent":0,"menu_order":0,"comment_status":"closed","ping_status":"closed","template":"","meta":{"inline_featured_image":false,"ngg_post_thumbnail":0,"footnotes":""},"folder":[],"class_list":["post-2860","page","type-page","status-publish","hentry","entry"],"_links":{"self":[{"href":"https:\/\/www2.unifap.br\/ppged\/wp-json\/wp\/v2\/pages\/2860","targetHints":{"allow":["GET"]}}],"collection":[{"href":"https:\/\/www2.unifap.br\/ppged\/wp-json\/wp\/v2\/pages"}],"about":[{"href":"https:\/\/www2.unifap.br\/ppged\/wp-json\/wp\/v2\/types\/page"}],"author":[{"embeddable":true,"href":"https:\/\/www2.unifap.br\/ppged\/wp-json\/wp\/v2\/users\/1095"}],"replies":[{"embeddable":true,"href":"https:\/\/www2.unifap.br\/ppged\/wp-json\/wp\/v2\/comments?post=2860"}],"version-history":[{"count":59,"href":"https:\/\/www2.unifap.br\/ppged\/wp-json\/wp\/v2\/pages\/2860\/revisions"}],"predecessor-version":[{"id":8180,"href":"https:\/\/www2.unifap.br\/ppged\/wp-json\/wp\/v2\/pages\/2860\/revisions\/8180"}],"wp:attachment":[{"href":"https:\/\/www2.unifap.br\/ppged\/wp-json\/wp\/v2\/media?parent=2860"}],"wp:term":[{"taxonomy":"folder","embeddable":true,"href":"https:\/\/www2.unifap.br\/ppged\/wp-json\/wp\/v2\/folder?post=2860"}],"curies":[{"name":"wp","href":"https:\/\/api.w.org\/{rel}","templated":true}]}}