{"id":2863,"date":"2022-04-11T19:32:30","date_gmt":"2022-04-11T19:32:30","guid":{"rendered":"https:\/\/www2.unifap.br\/ppged\/?page_id=2863"},"modified":"2025-05-14T19:58:43","modified_gmt":"2025-05-14T19:58:43","slug":"ata-de-reuniao","status":"publish","type":"page","link":"https:\/\/www2.unifap.br\/ppged\/ata-de-reuniao\/","title":{"rendered":"ATA DE REUNI\u00c3O"},"content":{"rendered":"\t\t<div data-elementor-type=\"wp-page\" data-elementor-id=\"2863\" class=\"elementor elementor-2863\">\n\t\t\t\t\t\t<section class=\"elementor-section elementor-top-section elementor-element elementor-element-ffa9133 elementor-section-boxed elementor-section-height-default elementor-section-height-default\" data-id=\"ffa9133\" data-element_type=\"section\" data-e-type=\"section\">\n\t\t\t\t\t\t<div class=\"elementor-container elementor-column-gap-default\">\n\t\t\t\t\t<div class=\"elementor-column elementor-col-100 elementor-top-column elementor-element elementor-element-051b815\" data-id=\"051b815\" data-element_type=\"column\" data-e-type=\"column\">\n\t\t\t<div class=\"elementor-widget-wrap elementor-element-populated\">\n\t\t\t\t\t\t<div class=\"elementor-element elementor-element-9846781 elementor-widget elementor-widget-text-editor\" data-id=\"9846781\" data-element_type=\"widget\" data-e-type=\"widget\" data-widget_type=\"text-editor.default\">\n\t\t\t\t<div class=\"elementor-widget-container\">\n\t\t\t\t\t\t\t\t\t<p>Consulte as Atas das Reuni\u00f5es do Colegiado. \u00c9 s\u00f3 clicar no ano selecionado.<\/p><p style=\"font-family: Roboto, sans-serif;font-size: 18px;font-style: normal;font-weight: 400\"><a href=\"https:\/\/drive.google.com\/drive\/u\/0\/folders\/1XhiwMrtLtPyk53mVfx-dV7mFf5647vxJ\"><span style=\"font-family: Roboto, sans-serif;font-size: 18px;font-style: normal;font-weight: 400\">2024<\/span><\/a><\/p><p><a href=\"https:\/\/drive.google.com\/drive\/u\/0\/folders\/17UoCiJ-YCI3s464sLKNlXzxhM4WLrnqO\"><span style=\"font-family: Roboto, sans-serif;font-size: 18px;font-style: normal;font-weight: 400\">2023<\/span><\/a><\/p><p><a href=\"https:\/\/drive.google.com\/drive\/u\/0\/folders\/1NZWMEryyUobI6Jaa36Q7FT_txqj_n69G\"><span style=\"font-family: Roboto, sans-serif;font-size: 18px;font-style: normal;font-weight: 400\">2022<\/span><\/a><\/p><p><a href=\"https:\/\/drive.google.com\/drive\/u\/0\/folders\/1woLrqX1hQqSMUvGHDKp4rUdH7FjlhwSK\"><span style=\"font-family: Roboto, sans-serif;font-size: 18px;font-style: normal;font-weight: 400\">2021<\/span><\/a><\/p>\t\t\t\t\t\t\t\t<\/div>\n\t\t\t\t<\/div>\n\t\t\t\t<div class=\"elementor-element elementor-element-48e3b1b elementor-tabs-view-vertical elementor-hidden-desktop elementor-hidden-tablet elementor-hidden-mobile elementor-widget elementor-widget-tabs\" data-id=\"48e3b1b\" data-element_type=\"widget\" data-e-type=\"widget\" data-widget_type=\"tabs.default\">\n\t\t\t\t<div class=\"elementor-widget-container\">\n\t\t\t\t\t\t\t<div class=\"elementor-tabs\">\n\t\t\t<div class=\"elementor-tabs-wrapper\" role=\"tablist\" >\n\t\t\t\t\t\t\t\t\t<div id=\"elementor-tab-title-7641\" class=\"elementor-tab-title elementor-tab-desktop-title\" aria-selected=\"true\" data-tab=\"1\" role=\"tab\" tabindex=\"0\" aria-controls=\"elementor-tab-content-7641\" aria-expanded=\"false\">2021.2<\/div>\n\t\t\t\t\t\t\t<\/div>\n\t\t\t<div class=\"elementor-tabs-content-wrapper\" role=\"tablist\" aria-orientation=\"vertical\">\n\t\t\t\t\t\t\t\t\t<div class=\"elementor-tab-title elementor-tab-mobile-title\" aria-selected=\"true\" data-tab=\"1\" role=\"tab\" tabindex=\"0\" aria-controls=\"elementor-tab-content-7641\" aria-expanded=\"false\">2021.2<\/div>\n\t\t\t\t\t<div id=\"elementor-tab-content-7641\" class=\"elementor-tab-content elementor-clearfix\" data-tab=\"1\" role=\"tabpanel\" aria-labelledby=\"elementor-tab-title-7641\" tabindex=\"0\" hidden=\"false\"><h4><span class=\"fontstyle0\"><b>PROCESSO SELETIVO PARA O CURSO DE MESTRADO EM EDUCA\u00c7\u00c3O DO PROGRAMA DE P\u00d3S-GRADUA\u00c7\u00c3O EM EDUCA\u00c7\u00c3O (PPGED), LINHA DE PESQUISA EDUCA\u00c7\u00c3O, CULTURAS E DIVERSIDADES \u2013 TURMA 2021<\/b><\/span><\/h4><p><span class=\"fontstyle2\">A Coordena\u00e7\u00e3o do Programa de P\u00f3s-Gradua\u00e7\u00e3o em Educa\u00e7\u00e3o (PPGED), da Universidade Federal do Amap\u00e1 (UNIFAP), torna p\u00fablico o presente Edital de Sele\u00e7\u00e3o para o Curso de Mestrado em Educa\u00e7\u00e3o \u2013 Turma 2021, com inscri\u00e7\u00e3o de candidatos(as) no per\u00edodo de 01 a 24 de setembro 2021, com previs\u00e3o de ingresso da turma no 2\u00ba semestre de 2021.<\/span><\/p><p><a href=\"https:\/\/sigaa.unifap.br\/sigaa\/public\/processo_seletivo\/lista.jsf\" target=\"_blank\" rel=\"noopener\"><button class=\"button\">Eu quero me inscrever<\/button><\/a>\u00a0<\/p><p><strong>EDITAL E ANEXOS:<\/strong><\/p><ul><li><strong>23\/08\/2021:<\/strong> <a href=\"http:\/\/www2.unifap.br\/ppged\/files\/2021\/08\/EDITAL-02-2021_PPGED_TURMA-2021-23-de-agosto-de-2021.pdf\">EDITAL N. 02\/2021_PPGED<\/a><\/li><li><a href=\"http:\/\/www2.unifap.br\/ppged\/files\/2021\/08\/Anexo-A_-MODELO-DE-AUTODECLARA\u00c7\u00c3O-CIVIL-PARA-VAGA-RESERVADA.pdf\">Anexo-A_-MODELO-DE-AUTODECLARA\u00c7\u00c3O-CIVIL-PARA-VAGA-RESERVADA<\/a><\/li><li><a href=\"http:\/\/www2.unifap.br\/ppged\/files\/2021\/08\/Anexo-B_ORIENTA\u00c7\u00c3O-PARA-ELABORA\u00c7\u00c3O-DO-PR\u00c9-PROJETO-DE-PESQUISA.pdf\">Anexo-B_ORIENTA\u00c7\u00c3O-PARA-ELABORA\u00c7\u00c3O-DO-PR\u00c9-PROJETO-DE-PESQUISA<\/a><\/li><li><a href=\"http:\/\/www2.unifap.br\/ppged\/files\/2021\/08\/Anexo-C_CRIT\u00c9RIOS-DE-AVALIA\u00c7\u00c3O-DO-PR\u00c9-PROJETO-DE-PESQUISA.pdf\">Anexo-C_CRIT\u00c9RIOS-DE-AVALIA\u00c7\u00c3O-DO-PR\u00c9-PROJETO-DE-PESQUISA<\/a><\/li><li><a href=\"http:\/\/www2.unifap.br\/ppged\/files\/2021\/08\/Anexo-D_CORPO-DOCENTE-TEM\u00c1TICAS-DE-ESTUDO-TEM\u00c1TICA-DE-PESQUISA-E-BIBLIOGRAFIA-INDICADA.pdf\">Anexo-D_CORPO DOCENTE-TEM\u00c1TICAS-DE-ESTUDO-TEM\u00c1TICA-DE-PESQUISA-E-BIBLIOGRAFIA-INDICADA<\/a><\/li><li><a href=\"http:\/\/www2.unifap.br\/ppged\/files\/2021\/08\/Anexo-E_CRIT\u00c9RIOS-DE-AVALIA\u00c7\u00c3O-DA-ENTREVISTA.pdf\">Anexo-E_CRIT\u00c9RIOS-DE-AVALIA\u00c7\u00c3O-DA-ENTREVISTA<\/a><\/li><li><a href=\"http:\/\/www2.unifap.br\/ppged\/files\/2021\/08\/Anexo-F_ROTEIRO-DE-AVALIA\u00c7\u00c3O-DA-PROVA-DE-T\u00cdTULOS.pdf\">Anexo-F_ROTEIRO-DE-AVALIA\u00c7\u00c3O-DA-PROVA-DE-T\u00cdTULOS<\/a><\/li><li><a href=\"http:\/\/www2.unifap.br\/ppged\/files\/2021\/08\/Anexo-G_FORMUL\u00c1RIO-PARA-RECURSO-ADMINISTRATIVO.pdf\">Anexo-G_FORMUL\u00c1RIO-PARA-RECURSO-ADMINISTRATIVO<\/a><\/li><li><strong>10\/09\/2021:<\/strong> <a href=\"http:\/\/www2.unifap.br\/ppged\/files\/2021\/09\/RETIFICA\u00c7\u00c3O-DO-ITEM-3.pdf\">RETIFICA\u00c7\u00c3O DO ITEM 3<\/a>\u00a0<\/li><li><a href=\"http:\/\/www2.unifap.br\/ppged\/files\/2021\/09\/TUTORIAL-PARA-INSCRI\u00c7\u00c3O-NO-PPROCESSO-SELETIVO-PPGED.pdf\">TUTORIAL PARA INSCRI\u00c7\u00c3O NO PPROCESSO SELETIVO PPGED\u00a0<\/a><\/li><li>27\/09\/2021: <a href=\"http:\/\/www2.unifap.br\/ppged\/files\/2021\/09\/Lista-Provis\u00f3ria-de-Candidatosas-com-a-Inscri\u00e7\u00e3o-Homologada.pdf\">LISTA PROVIS\u00d3RIA DE CANDIDATOS(AS) COM A INSCRI\u00c7\u00c3O HOMOLOGADA\u00a0<\/a><\/li><li>30\/09\/2021: <a href=\"http:\/\/www2.unifap.br\/ppged\/files\/2021\/09\/LISTA-DEFINITIVA-DE-CANDIDATOSAS-COM-A-INSCRI\u00c7\u00c3O-HOMOLOGADA.pdf\">LISTA DEFINITIVA DE CANDIDATOS(AS) COM A INSCRI\u00c7\u00c3O HOMOLOGADA<\/a>\u00a0<\/li><li>22\/10\/2021:: <a href=\"http:\/\/www2.unifap.br\/ppged\/files\/2021\/10\/Lista-Provis\u00f3ria-de-Candidatosas-Aprovados-na-Prova-de-Conhecimento.pdf\">LISTA PROVIS\u00d3RIA DE CANDIDATOS(AS) APROVADOS(AS) NA PROVA DE CONHECIMENTO<\/a>\u00a0<\/li><li>22\/10\/2021:<a href=\"http:\/\/www2.unifap.br\/ppged\/files\/2021\/10\/Lista-Provis\u00f3ria-de-Candidatosas-Aprovadosas-no-Pr\u00e9-Projeto-de-Pesquisa.pdf\">LISTA PROVIS\u00d3RIA DE CANDIDATOS(AS) APROVADOS(AS) NO PR\u00c9-PROJETO DE PESQUISA<\/a><\/li><li>26\/10\/2021: <a href=\"http:\/\/www2.unifap.br\/ppged\/files\/2021\/10\/LISTA-DEFINITIVA-DE-CANDIDATOSAS-APROVADOSAS-NA-PROVA-DE-CONHECIMENTO.pdf\">LISTA DEFINITIVA DE CANDIDATOS(AS) APROVADOS(AS) NA PROVA DE CONHECIMENTO<\/a><\/li><li>26\/10\/2021: <a href=\"http:\/\/www2.unifap.br\/ppged\/files\/2021\/10\/LISTA-DEFINITIVA-DE-CANDIDATOSAS-APROVADOSAS-NO-PR\u00c9-PROJETO-DE-PESQUISA.pdf\">LISTA DEFINITIVA DE CANDIDATOS(AS) APROVADOS(AS) NO PR\u00c9-PROJETO DE PESQUISA<\/a><\/li><li>26\/10\/2021: <a href=\"http:\/\/www2.unifap.br\/ppged\/files\/2021\/10\/CALEND\u00c1RIO-DE-ENTREVISTAS.pdf\">CALEND\u00c1RIO DE ENTREVISTAS<\/a><\/li><li>29\/10\/2021: <a href=\"http:\/\/www2.unifap.br\/ppged\/files\/2021\/10\/LISTA-PROVIS\u00d3RIA-DE-CANDIDATOSAS-APROVADOSAS-NA-ENTREVISTA.pdf\">LISTA PROVIS\u00d3RIA DE CANDIDATOS(AS) APROVADOS(AS) NA ENTREVISTA<\/a><\/li><li>29\/10\/2021: <a href=\"http:\/\/www2.unifap.br\/ppged\/files\/2021\/10\/LISTA-PROVIS\u00d3RIA-DAS-NOTAS-NA-PROVA-DE-T\u00cdTULOS.pdf\">LISTA PROVIS\u00d3RIA DAS NOTAS NA PROVA DE T\u00cdTULOS<\/a><\/li><li>29\/10\/2021: <a href=\"http:\/\/www2.unifap.br\/ppged\/files\/2021\/10\/LISTA-PROVIS\u00d3RIA-DE-CANDIDATOSAS-CLASSIFICADOSAS-NO-PROCESSO-SELETIVO.pdf\">LISTA PROVIS\u00d3RIA DE CANDIDATOS(AS) CLASSIFICADOS(AS) NO PROCESSO SELETIVO<\/a><\/li><li>03\/11\/2021: <a href=\"http:\/\/www2.unifap.br\/ppged\/files\/2021\/11\/LISTA-DEFINITIVA-DE-CANDIDATOSAS-APROVADOSAS-NA-ENTREVISTA.pdf\">LISTA DEFINITIVA DE CANDIDATOS(AS) APROVADOS(AS) NA ENTREVISTA<\/a><\/li><li>03\/11\/2021: <a href=\"http:\/\/www2.unifap.br\/ppged\/files\/2021\/11\/LISTA-DEFINITIVA-DE-NOTAS-NA-PROVA-DE-T\u00cdTULOS.pdf\">LISTA DEFINITIVA DE NOTAS NA PROVA DE T\u00cdTULOS<\/a><\/li><li>03\/11\/2021: <a href=\"http:\/\/www2.unifap.br\/ppged\/files\/2021\/11\/LISTA-DEFINITIVA-DE-CANDIDATOSAS-CLASSIFICADOSAS-NO-PROCESSO-SELETIVO.pdf\">LISTA DEFINITIVA DE CANDIDATOS(AS) CLASSIFICADOS(AS) NO PROCESSO SELETIVO<\/a><\/li><\/ul><\/div>\n\t\t\t\t\t\t\t<\/div>\n\t\t<\/div>\n\t\t\t\t\t\t<\/div>\n\t\t\t\t<\/div>\n\t\t\t\t\t<\/div>\n\t\t<\/div>\n\t\t\t\t\t<\/div>\n\t\t<\/section>\n\t\t\t\t<\/div>\n\t\t","protected":false},"excerpt":{"rendered":"<p>Consulte as Atas das Reuni\u00f5es do Colegiado. \u00c9 s\u00f3 clicar no ano selecionado. 2024 2023 2022 2021 2021.2 2021.2 PROCESSO SELETIVO PARA O CURSO DE MESTRADO EM EDUCA\u00c7\u00c3O DO PROGRAMA DE P\u00d3S-GRADUA\u00c7\u00c3O EM EDUCA\u00c7\u00c3O (PPGED), LINHA DE PESQUISA EDUCA\u00c7\u00c3O, CULTURAS E DIVERSIDADES \u2013 TURMA 2021 A Coordena\u00e7\u00e3o do Programa de P\u00f3s-Gradua\u00e7\u00e3o em Educa\u00e7\u00e3o (PPGED), da&#8230;<\/p>\n","protected":false},"author":1095,"featured_media":0,"parent":0,"menu_order":0,"comment_status":"closed","ping_status":"closed","template":"","meta":{"inline_featured_image":false,"ngg_post_thumbnail":0,"footnotes":""},"folder":[],"class_list":["post-2863","page","type-page","status-publish","hentry","entry"],"_links":{"self":[{"href":"https:\/\/www2.unifap.br\/ppged\/wp-json\/wp\/v2\/pages\/2863","targetHints":{"allow":["GET"]}}],"collection":[{"href":"https:\/\/www2.unifap.br\/ppged\/wp-json\/wp\/v2\/pages"}],"about":[{"href":"https:\/\/www2.unifap.br\/ppged\/wp-json\/wp\/v2\/types\/page"}],"author":[{"embeddable":true,"href":"https:\/\/www2.unifap.br\/ppged\/wp-json\/wp\/v2\/users\/1095"}],"replies":[{"embeddable":true,"href":"https:\/\/www2.unifap.br\/ppged\/wp-json\/wp\/v2\/comments?post=2863"}],"version-history":[{"count":13,"href":"https:\/\/www2.unifap.br\/ppged\/wp-json\/wp\/v2\/pages\/2863\/revisions"}],"predecessor-version":[{"id":7215,"href":"https:\/\/www2.unifap.br\/ppged\/wp-json\/wp\/v2\/pages\/2863\/revisions\/7215"}],"wp:attachment":[{"href":"https:\/\/www2.unifap.br\/ppged\/wp-json\/wp\/v2\/media?parent=2863"}],"wp:term":[{"taxonomy":"folder","embeddable":true,"href":"https:\/\/www2.unifap.br\/ppged\/wp-json\/wp\/v2\/folder?post=2863"}],"curies":[{"name":"wp","href":"https:\/\/api.w.org\/{rel}","templated":true}]}}