{"id":393,"date":"2018-03-20T18:29:35","date_gmt":"2018-03-20T18:29:35","guid":{"rendered":"http:\/\/www2.unifap.br\/ppged\/?page_id=393"},"modified":"2021-11-13T00:16:27","modified_gmt":"2021-11-13T00:16:27","slug":"turma-2017","status":"publish","type":"page","link":"https:\/\/www2.unifap.br\/ppged\/corpo-discente-por-linha-de-pesquisa\/turma-2017\/","title":{"rendered":"TURMA 2017"},"content":{"rendered":"<p>&nbsp;<\/p>\n<p style=\"text-align: center\" align=\"center\"><b>PROGRAMA DE P\u00d3S-GRADUA\u00c7\u00c3O EM EDUCA\u00c7\u00c3O \u2013 PPGED<\/b><b>&nbsp;<\/b><\/p>\n<p align=\"center\"><b>TURMA 2017<\/b><\/p>\n<p><strong>LINHA DE PESQUISA:<\/strong>&nbsp;POL\u00cdTICAS EDUCACIONAIS<\/p>\n<p>Darllen Almeida da Silva<\/p>\n<p>Edlenne Patr\u00edcia dos Santos Cordeiro<\/p>\n<p>Francisco Costa Leite Neto<\/p>\n<p>Jo\u00e3o de Deus Santos de Sampaio <span style=\"color: #ff6600\">(Disserta\u00e7\u00e3o Apresentada em 25\/04\/2019)<\/span><\/p>\n<p>Jos\u00e9 Almir Brito dos Santos<\/p>\n<p>K\u00e1tia de Nazar\u00e9 Santos Fonseca<\/p>\n<p>Lindisay Giany Moreira <span style=\"color: #ff6600\">(Disserta\u00e7\u00e3o Apresentada em 12\/04\/2019)<\/span><\/p>\n<p>Lucilea Santos Ayres da Silva<\/p>\n<p>Maria do Socorro Simith Neves<\/p>\n<p>Marilia Pantoja Brito<\/p>\n<p>Michelle Karoline Pereira&nbsp;da Silva <span style=\"color: #ff6600\">(Disserta\u00e7\u00e3o Apresentada em 24\/04\/2019)<\/span><\/p>\n<p>Pollianna Pimentel Ferreira<\/p>\n<p>Rodrigo Barbosa Bastos<\/p>\n<p><strong>LINHA DE PESQUISA:&nbsp;<\/strong>EDUCA\u00c7\u00c3O, CULTURAS E DIVERSIDADES<\/p>\n<p>Bento Nunes de Souza Filho<\/p>\n<p>Bruna Cardoso Gon\u00e7alves<\/p>\n<p>Gisele Paula Batista <span style=\"color: #ff6600\">(Disserta\u00e7\u00e3o Apresentada em 24\/04\/2019)<\/span><\/p>\n<p>Gleidson Costa da Silva<\/p>\n<p>Jemina de Ara\u00fajo Moraes Andrade<\/p>\n<p>Jos\u00e9 Roberto Afonso Pantoja<\/p>\n<p>Marcelo Concei\u00e7\u00e3o da Rocha Campos <span style=\"color: #ff6600\">(Disserta\u00e7\u00e3o Apresentada em 26\/04\/2019)<\/span><\/p>\n<p>Miquelly Pastana Tito Sanches <span style=\"color: #ff6600\">(Disserta\u00e7\u00e3o Apresentada em 15\/04\/2019)<\/span><\/p>\n<p>Moises de Jesus Prazeres dos Santos Bezerra<\/p>\n<p>Priscilla Pantoja do Nascimento Brand\u00e3o <span style=\"color: #ff6600\">(Disserta\u00e7\u00e3o Apresentada em 23\/04\/2019)<\/span><\/p>\n<p>R\u00f4mulo Cambraia Ribeiro <span style=\"color: #ff6600\">(Disserta\u00e7\u00e3o Apresentada em 16\/04\/2019)<\/span><\/p>\n<p>Sirney Thiago Fonseca dos Santos <span style=\"color: #ff6600\">(Desligado do Programa em 25\/03\/2019)<\/span><\/p>\n<p><a href=\"http:\/\/www2.unifap.br\/ppged\/files\/2018\/03\/TURMA-20173.docx\">&nbsp;<\/a><\/p>\n","protected":false},"excerpt":{"rendered":"<p>&nbsp; PROGRAMA DE P\u00d3S-GRADUA\u00c7\u00c3O EM EDUCA\u00c7\u00c3O \u2013 PPGED&nbsp; TURMA 2017 LINHA DE PESQUISA:&nbsp;POL\u00cdTICAS EDUCACIONAIS Darllen Almeida da Silva Edlenne Patr\u00edcia dos Santos Cordeiro Francisco Costa Leite Neto Jo\u00e3o de Deus Santos de Sampaio (Disserta\u00e7\u00e3o Apresentada em 25\/04\/2019) Jos\u00e9 Almir Brito dos Santos K\u00e1tia de Nazar\u00e9 Santos Fonseca Lindisay Giany Moreira (Disserta\u00e7\u00e3o Apresentada em 12\/04\/2019) Lucilea&#8230;<\/p>\n","protected":false},"author":1095,"featured_media":0,"parent":391,"menu_order":0,"comment_status":"open","ping_status":"open","template":"","meta":{"inline_featured_image":false,"ngg_post_thumbnail":0,"footnotes":""},"folder":[],"class_list":["post-393","page","type-page","status-publish","hentry","entry"],"_links":{"self":[{"href":"https:\/\/www2.unifap.br\/ppged\/wp-json\/wp\/v2\/pages\/393","targetHints":{"allow":["GET"]}}],"collection":[{"href":"https:\/\/www2.unifap.br\/ppged\/wp-json\/wp\/v2\/pages"}],"about":[{"href":"https:\/\/www2.unifap.br\/ppged\/wp-json\/wp\/v2\/types\/page"}],"author":[{"embeddable":true,"href":"https:\/\/www2.unifap.br\/ppged\/wp-json\/wp\/v2\/users\/1095"}],"replies":[{"embeddable":true,"href":"https:\/\/www2.unifap.br\/ppged\/wp-json\/wp\/v2\/comments?post=393"}],"version-history":[{"count":5,"href":"https:\/\/www2.unifap.br\/ppged\/wp-json\/wp\/v2\/pages\/393\/revisions"}],"predecessor-version":[{"id":400,"href":"https:\/\/www2.unifap.br\/ppged\/wp-json\/wp\/v2\/pages\/393\/revisions\/400"}],"up":[{"embeddable":true,"href":"https:\/\/www2.unifap.br\/ppged\/wp-json\/wp\/v2\/pages\/391"}],"wp:attachment":[{"href":"https:\/\/www2.unifap.br\/ppged\/wp-json\/wp\/v2\/media?parent=393"}],"wp:term":[{"taxonomy":"folder","embeddable":true,"href":"https:\/\/www2.unifap.br\/ppged\/wp-json\/wp\/v2\/folder?post=393"}],"curies":[{"name":"wp","href":"https:\/\/api.w.org\/{rel}","templated":true}]}}