{"id":396,"date":"2018-03-20T18:30:22","date_gmt":"2018-03-20T18:30:22","guid":{"rendered":"http:\/\/www2.unifap.br\/ppged\/?page_id=396"},"modified":"2021-11-13T00:16:27","modified_gmt":"2021-11-13T00:16:27","slug":"turma-2018","status":"publish","type":"page","link":"https:\/\/www2.unifap.br\/ppged\/corpo-discente-por-linha-de-pesquisa\/turma-2018\/","title":{"rendered":"TURMA 2018"},"content":{"rendered":"<p>&nbsp;<\/p>\n<p align=\"center\"><b>PROGRAMA DE P\u00d3S-GRADUA\u00c7\u00c3O EM EDUCA\u00c7\u00c3O \u2013 PPGED<\/b><\/p>\n<p align=\"center\"><b>TURMA 2018<\/b><\/p>\n<p><strong>LINHA DE PESQUISA:<\/strong>&nbsp;POL\u00cdTICAS EDUCACIONAIS<\/p>\n<p>ADRIANA CRISTINA FURTADO DA SILVA IDALINO<\/p>\n<p>ARLESON NOITE RIBEIRO<\/p>\n<p>CARINA BAIA RODRIGUES<\/p>\n<p>CRISTIANE DE SOUSA BRITO<\/p>\n<p>ELIOENAI SILVA LAZAM\u00c9<\/p>\n<p>FABIOLA ATAIDE MATOS<\/p>\n<p>JANAINA BRITO CARVALHO<\/p>\n<p>JOS\u00c9 ALMIR VIANA NUNES<\/p>\n<p>JUDINETE DO SOCORRO ALVES DE SOUZA<\/p>\n<p>J\u00daLIA MILENA DA PAIX\u00c3O OLIVEIRA<\/p>\n<p>LIDIANE TAVARES DO NASCIMENTO GOMES<\/p>\n<p>MANOEL RAIMUNDO DOS SANTOS<\/p>\n<p>MARCELA CARDOSO SEOANE<\/p>\n<p>MARCIA MARIA DOS SANTOS<\/p>\n<p>MARIA DE BARROS DA TRINDADE PADUA<\/p>\n<p>MARIO TEIXEIRA DOS SANTOS NETO<\/p>\n<p><strong>LINHA DE PESQUISA:&nbsp;<\/strong>EDUCA\u00c7\u00c3O, CULTURAS E DIVERSIDADES<\/p>\n<p>ANA KAREM BRITO OLIVEIRA<\/p>\n<p>ADRIANA MACHADO DE SOUZA<\/p>\n<p>ADRIANY DE MORAIS LEONARDO<\/p>\n<p>ANDRESSA COSTA DOS SANTOS<\/p>\n<p>ANG\u00c9LICA DE OLIVEIRA FURTADO<\/p>\n<p>KAROLLINY MELO FERREIRA DINIZ<\/p>\n<p>MARCOS ALMEIDA DA COSTA<\/p>\n<p>MARIA CAROLINA HENRIQUE MARQUES<\/p>\n<p>WALQU\u00cdRIA DE ARA\u00daJO PEREIRA<\/p>\n<p><a href=\"http:\/\/www2.unifap.br\/ppged\/files\/2018\/03\/TURMA-2018.docx\">&nbsp;<\/a><\/p>\n","protected":false},"excerpt":{"rendered":"<p>&nbsp; PROGRAMA DE P\u00d3S-GRADUA\u00c7\u00c3O EM EDUCA\u00c7\u00c3O \u2013 PPGED TURMA 2018 LINHA DE PESQUISA:&nbsp;POL\u00cdTICAS EDUCACIONAIS ADRIANA CRISTINA FURTADO DA SILVA IDALINO ARLESON NOITE RIBEIRO CARINA BAIA RODRIGUES CRISTIANE DE SOUSA BRITO ELIOENAI SILVA LAZAM\u00c9 FABIOLA ATAIDE MATOS JANAINA BRITO CARVALHO JOS\u00c9 ALMIR VIANA NUNES JUDINETE DO SOCORRO ALVES DE SOUZA J\u00daLIA MILENA DA PAIX\u00c3O OLIVEIRA LIDIANE&#8230;<\/p>\n","protected":false},"author":1095,"featured_media":0,"parent":391,"menu_order":1,"comment_status":"open","ping_status":"open","template":"","meta":{"inline_featured_image":false,"ngg_post_thumbnail":0,"footnotes":""},"folder":[],"class_list":["post-396","page","type-page","status-publish","hentry","entry"],"_links":{"self":[{"href":"https:\/\/www2.unifap.br\/ppged\/wp-json\/wp\/v2\/pages\/396","targetHints":{"allow":["GET"]}}],"collection":[{"href":"https:\/\/www2.unifap.br\/ppged\/wp-json\/wp\/v2\/pages"}],"about":[{"href":"https:\/\/www2.unifap.br\/ppged\/wp-json\/wp\/v2\/types\/page"}],"author":[{"embeddable":true,"href":"https:\/\/www2.unifap.br\/ppged\/wp-json\/wp\/v2\/users\/1095"}],"replies":[{"embeddable":true,"href":"https:\/\/www2.unifap.br\/ppged\/wp-json\/wp\/v2\/comments?post=396"}],"version-history":[{"count":5,"href":"https:\/\/www2.unifap.br\/ppged\/wp-json\/wp\/v2\/pages\/396\/revisions"}],"predecessor-version":[{"id":917,"href":"https:\/\/www2.unifap.br\/ppged\/wp-json\/wp\/v2\/pages\/396\/revisions\/917"}],"up":[{"embeddable":true,"href":"https:\/\/www2.unifap.br\/ppged\/wp-json\/wp\/v2\/pages\/391"}],"wp:attachment":[{"href":"https:\/\/www2.unifap.br\/ppged\/wp-json\/wp\/v2\/media?parent=396"}],"wp:term":[{"taxonomy":"folder","embeddable":true,"href":"https:\/\/www2.unifap.br\/ppged\/wp-json\/wp\/v2\/folder?post=396"}],"curies":[{"name":"wp","href":"https:\/\/api.w.org\/{rel}","templated":true}]}}