{"id":40,"date":"2017-08-17T20:31:14","date_gmt":"2017-08-17T20:31:14","guid":{"rendered":"http:\/\/www2.unifap.br\/ppged\/?page_id=40"},"modified":"2026-03-07T14:54:21","modified_gmt":"2026-03-07T14:54:21","slug":"quadro-de-ofertas","status":"publish","type":"page","link":"https:\/\/www2.unifap.br\/ppged\/quadro-de-ofertas\/","title":{"rendered":"QUADRO DE OFERTAS ANUAL"},"content":{"rendered":"\t\t<div data-elementor-type=\"wp-post\" data-elementor-id=\"40\" class=\"elementor elementor-40\">\n\t\t\t\t\t\t<section class=\"elementor-section elementor-top-section elementor-element elementor-element-2f52ecb elementor-section-boxed elementor-section-height-default elementor-section-height-default\" data-id=\"2f52ecb\" data-element_type=\"section\" data-e-type=\"section\">\n\t\t\t\t\t\t<div class=\"elementor-container elementor-column-gap-default\">\n\t\t\t\t\t<div class=\"elementor-column elementor-col-100 elementor-top-column elementor-element elementor-element-afcc942\" data-id=\"afcc942\" data-element_type=\"column\" data-e-type=\"column\">\n\t\t\t<div class=\"elementor-widget-wrap elementor-element-populated\">\n\t\t\t\t\t\t<div class=\"elementor-element elementor-element-e1e6574 elementor-widget elementor-widget-spacer\" data-id=\"e1e6574\" data-element_type=\"widget\" data-e-type=\"widget\" data-widget_type=\"spacer.default\">\n\t\t\t\t<div class=\"elementor-widget-container\">\n\t\t\t\t\t\t\t<div class=\"elementor-spacer\">\n\t\t\t<div class=\"elementor-spacer-inner\"><\/div>\n\t\t<\/div>\n\t\t\t\t\t\t<\/div>\n\t\t\t\t<\/div>\n\t\t\t\t<div class=\"elementor-element elementor-element-e578c66 elementor-widget elementor-widget-heading\" data-id=\"e578c66\" data-element_type=\"widget\" data-e-type=\"widget\" data-widget_type=\"heading.default\">\n\t\t\t\t<div class=\"elementor-widget-container\">\n\t\t\t\t\t<h1 class=\"elementor-heading-title elementor-size-default\">PPGED - UNIFAP - OFERTA DE DISCIPLINAS<\/h1>\t\t\t\t<\/div>\n\t\t\t\t<\/div>\n\t\t\t\t<div class=\"elementor-element elementor-element-f079ae2 elementor-alert-info elementor-widget elementor-widget-alert\" data-id=\"f079ae2\" data-element_type=\"widget\" data-e-type=\"widget\" data-widget_type=\"alert.default\">\n\t\t\t\t<div class=\"elementor-widget-container\">\n\t\t\t\t\t\t\t<div class=\"elementor-alert\" role=\"alert\">\n\n\t\t\t\t\t\t<span class=\"elementor-alert-title\">QUADRO DE OFERTAS SEMESTRAIS<\/span>\n\t\t\t\n\t\t\t\t\t\t<span class=\"elementor-alert-description\">CLIQUE NO ANO E SEMESTRE CORRESPONDENTE E BAIXE O PDF.<\/span>\n\t\t\t\n\t\t\t\t\t\t<button type=\"button\" class=\"elementor-alert-dismiss\" aria-label=\"Dispensar este alerta.\">\n\t\t\t\t\t\t\t\t\t<span aria-hidden=\"true\">&times;<\/span>\n\t\t\t\t\t\t\t<\/button>\n\t\t\t\n\t\t<\/div>\n\t\t\t\t\t\t<\/div>\n\t\t\t\t<\/div>\n\t\t\t\t<div class=\"elementor-element elementor-element-2c1f5fd elementor-tabs-view-vertical elementor-widget elementor-widget-tabs\" data-id=\"2c1f5fd\" data-element_type=\"widget\" data-e-type=\"widget\" data-widget_type=\"tabs.default\">\n\t\t\t\t<div class=\"elementor-widget-container\">\n\t\t\t\t\t\t\t<div class=\"elementor-tabs\">\n\t\t\t<div class=\"elementor-tabs-wrapper\" role=\"tablist\" >\n\t\t\t\t\t\t\t\t\t<div id=\"elementor-tab-title-4621\" class=\"elementor-tab-title elementor-tab-desktop-title\" aria-selected=\"true\" data-tab=\"1\" role=\"tab\" tabindex=\"0\" aria-controls=\"elementor-tab-content-4621\" aria-expanded=\"false\">2026.1<\/div>\n\t\t\t\t\t\t\t\t\t<div id=\"elementor-tab-title-4622\" class=\"elementor-tab-title elementor-tab-desktop-title\" aria-selected=\"false\" data-tab=\"2\" role=\"tab\" tabindex=\"-1\" aria-controls=\"elementor-tab-content-4622\" aria-expanded=\"false\">2025.2<\/div>\n\t\t\t\t\t\t\t\t\t<div id=\"elementor-tab-title-4623\" class=\"elementor-tab-title elementor-tab-desktop-title\" aria-selected=\"false\" data-tab=\"3\" role=\"tab\" tabindex=\"-1\" aria-controls=\"elementor-tab-content-4623\" aria-expanded=\"false\">2025.1<\/div>\n\t\t\t\t\t\t\t\t\t<div id=\"elementor-tab-title-4624\" class=\"elementor-tab-title elementor-tab-desktop-title\" aria-selected=\"false\" data-tab=\"4\" role=\"tab\" tabindex=\"-1\" aria-controls=\"elementor-tab-content-4624\" aria-expanded=\"false\">2024.2<\/div>\n\t\t\t\t\t\t\t\t\t<div id=\"elementor-tab-title-4625\" class=\"elementor-tab-title elementor-tab-desktop-title\" aria-selected=\"false\" data-tab=\"5\" role=\"tab\" tabindex=\"-1\" aria-controls=\"elementor-tab-content-4625\" aria-expanded=\"false\">2024.1<\/div>\n\t\t\t\t\t\t\t\t\t<div id=\"elementor-tab-title-4626\" class=\"elementor-tab-title elementor-tab-desktop-title\" aria-selected=\"false\" data-tab=\"6\" role=\"tab\" tabindex=\"-1\" aria-controls=\"elementor-tab-content-4626\" aria-expanded=\"false\">2023.2<\/div>\n\t\t\t\t\t\t\t\t\t<div id=\"elementor-tab-title-4627\" class=\"elementor-tab-title elementor-tab-desktop-title\" aria-selected=\"false\" data-tab=\"7\" role=\"tab\" tabindex=\"-1\" aria-controls=\"elementor-tab-content-4627\" aria-expanded=\"false\">2023.1<\/div>\n\t\t\t\t\t\t\t\t\t<div id=\"elementor-tab-title-4628\" class=\"elementor-tab-title elementor-tab-desktop-title\" aria-selected=\"false\" data-tab=\"8\" role=\"tab\" tabindex=\"-1\" aria-controls=\"elementor-tab-content-4628\" aria-expanded=\"false\">2022.2<\/div>\n\t\t\t\t\t\t\t\t\t<div id=\"elementor-tab-title-4629\" class=\"elementor-tab-title elementor-tab-desktop-title\" aria-selected=\"false\" data-tab=\"9\" role=\"tab\" tabindex=\"-1\" aria-controls=\"elementor-tab-content-4629\" aria-expanded=\"false\">2022.1<\/div>\n\t\t\t\t\t\t\t\t\t<div id=\"elementor-tab-title-46210\" class=\"elementor-tab-title elementor-tab-desktop-title\" aria-selected=\"false\" data-tab=\"10\" role=\"tab\" tabindex=\"-1\" aria-controls=\"elementor-tab-content-46210\" aria-expanded=\"false\">2021.2<\/div>\n\t\t\t\t\t\t\t\t\t<div id=\"elementor-tab-title-46211\" class=\"elementor-tab-title elementor-tab-desktop-title\" aria-selected=\"false\" data-tab=\"11\" role=\"tab\" tabindex=\"-1\" aria-controls=\"elementor-tab-content-46211\" aria-expanded=\"false\">2021.1<\/div>\n\t\t\t\t\t\t\t\t\t<div id=\"elementor-tab-title-46212\" class=\"elementor-tab-title elementor-tab-desktop-title\" aria-selected=\"false\" data-tab=\"12\" role=\"tab\" tabindex=\"-1\" aria-controls=\"elementor-tab-content-46212\" aria-expanded=\"false\">2020.2<\/div>\n\t\t\t\t\t\t\t\t\t<div id=\"elementor-tab-title-46213\" class=\"elementor-tab-title elementor-tab-desktop-title\" aria-selected=\"false\" data-tab=\"13\" role=\"tab\" tabindex=\"-1\" aria-controls=\"elementor-tab-content-46213\" aria-expanded=\"false\">2020.1<\/div>\n\t\t\t\t\t\t\t\t\t<div id=\"elementor-tab-title-46214\" class=\"elementor-tab-title elementor-tab-desktop-title\" aria-selected=\"false\" data-tab=\"14\" role=\"tab\" tabindex=\"-1\" aria-controls=\"elementor-tab-content-46214\" aria-expanded=\"false\">2020.1<\/div>\n\t\t\t\t\t\t\t\t\t<div id=\"elementor-tab-title-46215\" class=\"elementor-tab-title elementor-tab-desktop-title\" aria-selected=\"false\" data-tab=\"15\" role=\"tab\" tabindex=\"-1\" aria-controls=\"elementor-tab-content-46215\" aria-expanded=\"false\">2019.2<\/div>\n\t\t\t\t\t\t\t<\/div>\n\t\t\t<div class=\"elementor-tabs-content-wrapper\" role=\"tablist\" aria-orientation=\"vertical\">\n\t\t\t\t\t\t\t\t\t<div class=\"elementor-tab-title elementor-tab-mobile-title\" aria-selected=\"true\" data-tab=\"1\" role=\"tab\" tabindex=\"0\" aria-controls=\"elementor-tab-content-4621\" aria-expanded=\"false\">2026.1<\/div>\n\t\t\t\t\t<div id=\"elementor-tab-content-4621\" class=\"elementor-tab-content elementor-clearfix\" data-tab=\"1\" role=\"tabpanel\" aria-labelledby=\"elementor-tab-title-4621\" tabindex=\"0\" hidden=\"false\"><p><strong>MATR\u00cdCULAS:\u00a0<\/strong><\/p><p><strong>1. Aluno Regular (Mestrado e Doutorado):<\/strong>\u00a0<\/p><ul><li>Disciplina Metodologia da pesquisa qualitativa em Ci\u00eancias Humanas a partir de entrevistas: 03 a 05\/03\/2026 (email)<\/li><li>Demais disciplinas: 13\/03\/2026 (via sigaa)<\/li><\/ul><p><b>2. Aluno Especial:<\/b><\/p><ul><li>Requerimento de Matr\u00edcula: 10\/03\/2026 (via e-mail)<\/li><li>Divulga\u00e7\u00e3o da Lista de Alunos Especiais: 17\/03\/2026 (p\u00e1gina do Programa).<\/li><\/ul><p><strong>PER\u00cdODO DAS AULAS: <\/strong><\/p><ul><li>Disciplina Metodologia da pesquisa qualitativa em Ci\u00eancias Humanas a partir de entrevistas: 16 a 20\/03\/2026<\/li><li>Demais disciplinas: 23\/03 a 25\/07\/2026 (via sigaa)<\/li><\/ul><p><strong>AULA INAUGURAL: A DEFINIR<\/strong><\/p><p><strong>Reuni\u00f5es ordin\u00e1rias do Colegiado: <\/strong>17\/04, 22\/05 e 19\/06<\/p><p><a href=\"http:\/\/www2.unifap.br\/ppged\/files\/2026\/03\/2026_1_OFERTA_PPGED-1.pdf\">ACESSE AQUI O QUADRO DE OFERTA\u00a0 2026.1<\/a><\/p><\/div>\n\t\t\t\t\t\t\t\t\t<div class=\"elementor-tab-title elementor-tab-mobile-title\" aria-selected=\"false\" data-tab=\"2\" role=\"tab\" tabindex=\"-1\" aria-controls=\"elementor-tab-content-4622\" aria-expanded=\"false\">2025.2<\/div>\n\t\t\t\t\t<div id=\"elementor-tab-content-4622\" class=\"elementor-tab-content elementor-clearfix\" data-tab=\"2\" role=\"tabpanel\" aria-labelledby=\"elementor-tab-title-4622\" tabindex=\"0\" hidden=\"hidden\"><p><strong>Per\u00edodo de matr\u00edculas (Mestrado e Doutorado): 09 e 10\/10\/2025<\/strong><\/p><p>&#8211; Turma 2025: matr\u00edcula pela Secretaria do PPGED<\/p><p>&#8211; Turmas anteriores: via sigaa<\/p><p><strong>Aluno Especial:<\/strong><\/p><ul><li>Requerimento de Matr\u00edcula: 06\/10\/2025 (via e-mail)<\/li><li>Divulga\u00e7\u00e3o da Lista de Alunos Especiais: 13\/10\/2025 (p\u00e1gina do Programa).<\/li><\/ul><p><strong>In\u00edcio das Aulas: 16\/10\/2025<\/strong><\/p><p><strong>Orienta\u00e7\u00e3o Acad\u00eamica da Turma 2025 (Coordena\u00e7\u00e3o, Secret\u00e1ria e Estudantes): 06\/10\/2025 (08h30)<\/strong><\/p><p><strong>Apresenta\u00e7\u00e3o de Orientadores(as) da Turma 2025: 17\/10\/2025 (08h30)<\/strong><\/p><p><strong>Reuni\u00e3o Acad\u00eamica (Coordena\u00e7\u00e3o, Secret\u00e1ria e Estudantes): 24\/10\/2025 (9h00)<\/strong><\/p><p><strong>Aula Magn<\/strong><strong>a: 07\/11\/2025 (08h30) \u2013 Profa. Dra. Solange Maria Teixeira (UFPI)<\/strong><\/p><p><strong>Reuni\u00f5es ordin\u00e1rias do Colegiado: 21\/11\/2025 (9h30); 19\/12\/2025 (9h30); 23\/01\/2026 (9h30); 20\/02\/2026 (9h30).<\/strong><\/p><p><strong>Recesso Natalino: 22\/12\/2025 a 03\/01\/2026<\/strong><\/p><p><strong>Final do Semestre: 05\/03\/2026<\/strong><\/p><p><a href=\"http:\/\/www2.unifap.br\/ppged\/files\/2025\/09\/2025_2_OFERTA_PPGED.pdf\">ACESSE AQUI O QUADRO DE OFERTA\u00a0 2025.2<\/a><\/p><\/div>\n\t\t\t\t\t\t\t\t\t<div class=\"elementor-tab-title elementor-tab-mobile-title\" aria-selected=\"false\" data-tab=\"3\" role=\"tab\" tabindex=\"-1\" aria-controls=\"elementor-tab-content-4623\" aria-expanded=\"false\">2025.1<\/div>\n\t\t\t\t\t<div id=\"elementor-tab-content-4623\" class=\"elementor-tab-content elementor-clearfix\" data-tab=\"3\" role=\"tabpanel\" aria-labelledby=\"elementor-tab-title-4623\" tabindex=\"0\" hidden=\"hidden\"><p><strong>Per\u00edodo de matr\u00edculas (Mestrado e Doutorado): <\/strong>29\/04\/2025 (via Sigaa)<\/p><p><strong>Aluno Especial:<\/strong><\/p><ul><li>Requerimento de Matr\u00edcula: 30\/04\/2025 (via e-mail);<\/li><li>Divulga\u00e7\u00e3o da Lista de Alunos Especiais: 09\/05\/2025 (p\u00e1gina do Programa).<\/li><\/ul><p><strong>In\u00edcio das Aulas: <\/strong>13\/05\/2025<\/p><p><strong>Reuni\u00e3o Acad\u00eamica (Coordena\u00e7\u00e3o, Docentes e Estudantes): <\/strong>27\/05\/2025 (8h30)<\/p><p><strong>Aula Magna do Semestre:<\/strong> 26\/05\/2025 (8h30) \u2013 Prof. Dr. Romualdo Portela Oliveira (USP\/UFPA)<\/p><p><strong>Reuni\u00f5es ordin\u00e1rias do Colegiado: <\/strong>23\/05 (9h); 20\/06 (09h); 22\/08 (09h) e 19\/09 (09h).<strong>\u00a0 <\/strong><\/p><p><a href=\"http:\/\/www2.unifap.br\/ppged\/files\/2025\/04\/2025_1_OFERTA_PPGED-1.pdf\">ACESSE AQUI O QUADRO DE OFERTA\u00a0 2025.1<\/a><\/p><\/div>\n\t\t\t\t\t\t\t\t\t<div class=\"elementor-tab-title elementor-tab-mobile-title\" aria-selected=\"false\" data-tab=\"4\" role=\"tab\" tabindex=\"-1\" aria-controls=\"elementor-tab-content-4624\" aria-expanded=\"false\">2024.2<\/div>\n\t\t\t\t\t<div id=\"elementor-tab-content-4624\" class=\"elementor-tab-content elementor-clearfix\" data-tab=\"4\" role=\"tabpanel\" aria-labelledby=\"elementor-tab-title-4624\" tabindex=\"0\" hidden=\"hidden\"><p><strong>Per\u00edodo de matr\u00edculas Mestrado Turma 2024: <\/strong>01\/12\/2024 (via Sigaa)<\/p><p><strong>Per\u00edodo de matr\u00edcula Doutorado Edital N. 02\/2024: <\/strong>27\/11\/2024 (Envio da Documenta\u00e7\u00e3o) e 02\/12\/2024 (registro no DERCA)<\/p><p><strong>Per\u00edodo de matr\u00edcula Doutorado Edital N. 05\/2024:<\/strong> 19\/12\/2024 (Envio da Documenta\u00e7\u00e3o e registro no DERCA)<\/p><p><strong>Solicita\u00e7\u00e3o de matr\u00edcula Aluno Especial:<\/strong> 09\/12\/2024 (via Coordena\u00e7\u00e3o do Programa)<\/p><p><strong>Semana de Orienta\u00e7\u00e3o Acad\u00eamica e Semin\u00e1rio de Autoavalia\u00e7\u00e3o:<\/strong> 16 a 19\/12\/2024<\/p><p><strong>Aula Magna do Doutorado (Turma 2024):<\/strong> 19\/12\/2024<\/p><p><strong>In\u00edcio das aulas:<\/strong> 06\/01\/2025<\/p><p><a href=\"http:\/\/www2.unifap.br\/ppged\/files\/2024\/11\/2024_2_OFERTA_PPGED.pdf\">ACESSE AQUI O QUADRO DE OFERTA\u00a0 2024.2<\/a><\/p><\/div>\n\t\t\t\t\t\t\t\t\t<div class=\"elementor-tab-title elementor-tab-mobile-title\" aria-selected=\"false\" data-tab=\"5\" role=\"tab\" tabindex=\"-1\" aria-controls=\"elementor-tab-content-4625\" aria-expanded=\"false\">2024.1<\/div>\n\t\t\t\t\t<div id=\"elementor-tab-content-4625\" class=\"elementor-tab-content elementor-clearfix\" data-tab=\"5\" role=\"tabpanel\" aria-labelledby=\"elementor-tab-title-4625\" tabindex=\"0\" hidden=\"hidden\"><h3><b>Per\u00edodo de matr\u00edcula Turma 2023: 05 a 07\/08\/2024\/08\/2024 ( via SIGAA)<\/b><\/h3><h3><b>Per\u00edodo de matr\u00edcula Turma 2024: 01 e 02\/08\/2024 (DERCA)<\/b><\/h3><p><a href=\"http:\/\/www2.unifap.br\/ppged\/files\/2024\/07\/OFERTA-_2024.1.pdf\">ACESSE AQUI O QUADRO DE OFERTA _2024.1<\/a><\/p><\/div>\n\t\t\t\t\t\t\t\t\t<div class=\"elementor-tab-title elementor-tab-mobile-title\" aria-selected=\"false\" data-tab=\"6\" role=\"tab\" tabindex=\"-1\" aria-controls=\"elementor-tab-content-4626\" aria-expanded=\"false\">2023.2<\/div>\n\t\t\t\t\t<div id=\"elementor-tab-content-4626\" class=\"elementor-tab-content elementor-clearfix\" data-tab=\"6\" role=\"tabpanel\" aria-labelledby=\"elementor-tab-title-4626\" tabindex=\"0\" hidden=\"hidden\"><h3><b>Semestre acad\u00eamico 2023.2 <\/b>(nov.\/2023 a mar.\/2024)<\/h3><h3><b>PER\u00cdODO DE MATR\u00cdCULA: <\/b>\u00a030 e 31\/10\/2023 (via SIGAA)<\/h3><p><a href=\"http:\/\/www2.unifap.br\/ppged\/files\/2023\/11\/OFERTA-2023_2-PPGED.pdf\">ACESSE AQUI O QUADRO DE OFERTA 2023.2<\/a><\/p><\/div>\n\t\t\t\t\t\t\t\t\t<div class=\"elementor-tab-title elementor-tab-mobile-title\" aria-selected=\"false\" data-tab=\"7\" role=\"tab\" tabindex=\"-1\" aria-controls=\"elementor-tab-content-4627\" aria-expanded=\"false\">2023.1<\/div>\n\t\t\t\t\t<div id=\"elementor-tab-content-4627\" class=\"elementor-tab-content elementor-clearfix\" data-tab=\"7\" role=\"tabpanel\" aria-labelledby=\"elementor-tab-title-4627\" tabindex=\"0\" hidden=\"hidden\"><h3><b>Semestre acad\u00eamico 2023.1 <\/b>(jul. a out.\/2023)<\/h3><h3><b>PER\u00cdODO DE MATR\u00cdCULA: <\/b>\u00a0<\/h3><h3>Turma 2022: 05 e 06\/06\/2023 (via SIGAA)<\/h3><h3>Turma 2023: 03 a 05\/07\/2023 (via DERCA)<\/h3><p><a href=\"http:\/\/www2.unifap.br\/ppged\/files\/2023\/07\/OFERTA-_2023.1-.pdf\">ACESSE AQUI O QUADRO DE OFERTA _2023.1<\/a><\/p><\/div>\n\t\t\t\t\t\t\t\t\t<div class=\"elementor-tab-title elementor-tab-mobile-title\" aria-selected=\"false\" data-tab=\"8\" role=\"tab\" tabindex=\"-1\" aria-controls=\"elementor-tab-content-4628\" aria-expanded=\"false\">2022.2<\/div>\n\t\t\t\t\t<div id=\"elementor-tab-content-4628\" class=\"elementor-tab-content elementor-clearfix\" data-tab=\"8\" role=\"tabpanel\" aria-labelledby=\"elementor-tab-title-4628\" tabindex=\"0\" hidden=\"hidden\"><h3><b>Semestre acad\u00eamico 2022.2 <\/b>(jan. a mai.\/2023)<\/h3><h3><b>PER\u00cdODO DE MATR\u00cdCULA: <\/b>\u00a0<\/h3><h3>Turma 2022: 09 a 10\/01\/2023 (via SIGAA)<\/h3><p><a href=\"https:\/\/www2.unifap.br\/ppged\/oferta-ppged-2022_2\/\" rel=\"attachment wp-att-3694\">ACESSE AQUI O QUADRO DE DISCIPLINAS OFERTADAS_2022.2<\/a><\/p><\/div>\n\t\t\t\t\t\t\t\t\t<div class=\"elementor-tab-title elementor-tab-mobile-title\" aria-selected=\"false\" data-tab=\"9\" role=\"tab\" tabindex=\"-1\" aria-controls=\"elementor-tab-content-4629\" aria-expanded=\"false\">2022.1<\/div>\n\t\t\t\t\t<div id=\"elementor-tab-content-4629\" class=\"elementor-tab-content elementor-clearfix\" data-tab=\"9\" role=\"tabpanel\" aria-labelledby=\"elementor-tab-title-4629\" tabindex=\"0\" hidden=\"hidden\"><h3><b>Semestre acad\u00eamico 2022.1 <\/b>(set. a dez.\/2022)<\/h3><h3><b>PER\u00cdODO DE MATR\u00cdCULA:<br \/><\/b><\/h3><h3>Turma 2021: 04 a 05\/08\/2022 (via SIGAA)<\/h3><h3>Turma 2022: 08 a 09\/09\/2022 (via DERCA)<\/h3><h3><b>SOLICITA\u00c7\u00c3O DE MATR\u00cdCULA ALUNO(A) ESPECIAL:<br \/><\/b><\/h3><h3>04 e 05\/08\/2022 (via email: ppged@unifap.br)<\/h3><p><a href=\"http:\/\/www2.unifap.br\/ppged\/files\/2022\/07\/OFERTA-_2022.pdf\">CLIQUE AQUI PARA BAIXAR A OFERTA DE DISCIPLINAS 2022.1<\/a><\/p><\/div>\n\t\t\t\t\t\t\t\t\t<div class=\"elementor-tab-title elementor-tab-mobile-title\" aria-selected=\"false\" data-tab=\"10\" role=\"tab\" tabindex=\"-1\" aria-controls=\"elementor-tab-content-46210\" aria-expanded=\"false\">2021.2<\/div>\n\t\t\t\t\t<div id=\"elementor-tab-content-46210\" class=\"elementor-tab-content elementor-clearfix\" data-tab=\"10\" role=\"tabpanel\" aria-labelledby=\"elementor-tab-title-46210\" tabindex=\"0\" hidden=\"hidden\"><h3><b>Semestre acad\u00eamico 2021.2 <\/b>(de 23\/03 a 13\/07\/2022)\u00a0<\/h3><h3><b>PER\u00cdODO DE MATR\u00cdCULA:\u00a0<br \/><\/b>Turma 2021: 15 a 17\/03\/2022 (via SIGAA)<\/h3><h3><b>SOLICITA\u00c7\u00c3O DE MATR\u00cdCULA ALUNO(A) ESPECIAL:\u00a0<br \/><\/b>08 e 09\/03\/2022 (via email: ppged.unifap@gmail.com)<\/h3><p><a href=\"http:\/\/www2.unifap.br\/ppged\/files\/2022\/03\/OFERTA-DE-DISCIPLINAS-PPGED-UNIFAP_2021.2-.pdf\">CLIQUE AQUI PARA BAIXAR A OFERTA DE DISCIPLINAS_2021.2<\/a><\/p><\/div>\n\t\t\t\t\t\t\t\t\t<div class=\"elementor-tab-title elementor-tab-mobile-title\" aria-selected=\"false\" data-tab=\"11\" role=\"tab\" tabindex=\"-1\" aria-controls=\"elementor-tab-content-46211\" aria-expanded=\"false\">2021.1<\/div>\n\t\t\t\t\t<div id=\"elementor-tab-content-46211\" class=\"elementor-tab-content elementor-clearfix\" data-tab=\"11\" role=\"tabpanel\" aria-labelledby=\"elementor-tab-title-46211\" tabindex=\"0\" hidden=\"hidden\"><h3 style=\"font-style: normal\"><b>Semestre acad\u00eamico 2021.1 <\/b>(08\/11\/2021 a 15\/02\/2022)\u00a0<\/h3><h3 style=\"font-style: normal\"><b>PER\u00cdODO DE MATR\u00cdCULA:\u00a0<br \/><\/b>Turma 2020: 03 e 04\/11\/2021\u00a0 (via SIGAA)<br \/>Turma 2021: 05 e 06\/11\/2021 (via SIGAA)<\/h3><h3 style=\"font-style: normal\"><strong>SOLICITA\u00c7\u00c3O DE MATR\u00cdCULA ALUNO(A) ESPECIAL:<\/strong><\/h3><h3 style=\"font-style: normal\">03 e 04\/11\/2021 (via email: ppged.unifap@gmail.com)<\/h3><h3 style=\"font-style: normal\"><span style=\"font-family: Roboto, sans-serif;font-size: 18px;font-style: normal;font-weight: 400\"><a style=\"font-size: 18px;color: #dd3333\" href=\"http:\/\/www2.unifap.br\/ppged\/files\/2021\/10\/OFERTA-DE-DISCIPLINAS-PPGED-UNIFAP-%E2%80%93-2021.1-nov.-2021-fev.-2022-.pdf\">CLIQUE AQUI PARA BAIXAR A OFERTA 2021.<\/a><\/span><\/h3><div>\u00a0<\/div><\/div>\n\t\t\t\t\t\t\t\t\t<div class=\"elementor-tab-title elementor-tab-mobile-title\" aria-selected=\"false\" data-tab=\"12\" role=\"tab\" tabindex=\"-1\" aria-controls=\"elementor-tab-content-46212\" aria-expanded=\"false\">2020.2<\/div>\n\t\t\t\t\t<div id=\"elementor-tab-content-46212\" class=\"elementor-tab-content elementor-clearfix\" data-tab=\"12\" role=\"tabpanel\" aria-labelledby=\"elementor-tab-title-46212\" tabindex=\"0\" hidden=\"hidden\"><p><strong>Semestre acad\u00eamico 2020.2 <\/strong>(05\/07 a 29\/09\/2021)<\/p><p><strong>PER\u00cdODO DE MATR\u00cdCULA:<\/strong> 29\/06 a 01\/07\/2021 (via SIGAA)<\/p><p><a href=\"https:\/\/www2.unifap.br\/ppged\/files\/2021\/06\/OFERTA-2020.2-.pdf\">CLIQUE AQUI PARA BAIXAR A OFERTA 2020.2<\/a><\/p><\/div>\n\t\t\t\t\t\t\t\t\t<div class=\"elementor-tab-title elementor-tab-mobile-title\" aria-selected=\"false\" data-tab=\"13\" role=\"tab\" tabindex=\"-1\" aria-controls=\"elementor-tab-content-46213\" aria-expanded=\"false\">2020.1<\/div>\n\t\t\t\t\t<div id=\"elementor-tab-content-46213\" class=\"elementor-tab-content elementor-clearfix\" data-tab=\"13\" role=\"tabpanel\" aria-labelledby=\"elementor-tab-title-46213\" tabindex=\"0\" hidden=\"hidden\"><p>OFERTA DE DISCIPLINAS 1\u00ba SEMESTRE 2020 \u2013 ANO 2021<\/p><p>PER\u00cdODO: 12\/04 A 15\/06\/2021<\/p><p><a href=\"http:\/\/www2.unifap.br\/ppged\/files\/2021\/03\/OFERTA-1-2020-ERE-2021_PUBLICAR.pdf\">CLIQUE AQUI PARA BAIXAR &#8211; OFERTA-1-2020 (ERE 2021)<\/a><\/p><\/div>\n\t\t\t\t\t\t\t\t\t<div class=\"elementor-tab-title elementor-tab-mobile-title\" aria-selected=\"false\" data-tab=\"14\" role=\"tab\" tabindex=\"-1\" aria-controls=\"elementor-tab-content-46214\" aria-expanded=\"false\">2020.1<\/div>\n\t\t\t\t\t<div id=\"elementor-tab-content-46214\" class=\"elementor-tab-content elementor-clearfix\" data-tab=\"14\" role=\"tabpanel\" aria-labelledby=\"elementor-tab-title-46214\" tabindex=\"0\" hidden=\"hidden\"><p>PROGRAMA DE P\u00d3S-GRADUA\u00c7\u00c3O EM EDUCA\u00c7\u00c3O \u2013UNIFAP<\/p><p><a href=\"http:\/\/www2.unifap.br\/ppged\/files\/2020\/01\/OFERTA-1-2020.pdf\" target=\"_blank\" rel=\"noopener\">OFERTA DE DISCIPLINAS 1\u00ba SEMESTRE 2020<\/a><\/p><\/div>\n\t\t\t\t\t\t\t\t\t<div class=\"elementor-tab-title elementor-tab-mobile-title\" aria-selected=\"false\" data-tab=\"15\" role=\"tab\" tabindex=\"-1\" aria-controls=\"elementor-tab-content-46215\" aria-expanded=\"false\">2019.2<\/div>\n\t\t\t\t\t<div id=\"elementor-tab-content-46215\" class=\"elementor-tab-content elementor-clearfix\" data-tab=\"15\" role=\"tabpanel\" aria-labelledby=\"elementor-tab-title-46215\" tabindex=\"0\" hidden=\"hidden\"><p>PROGRAMA DE P\u00d3S-GRADUA\u00c7\u00c3O EM EDUCA\u00c7\u00c3O \u2013UNIFAP<\/p><p><a href=\"https:\/\/www2.unifap.br\/ppged\/files\/2019\/08\/OFERTA-2019-2.pdf\" target=\"_blank\" rel=\"noopener\">OFERTA DE DISCIPLINAS 2\u00ba SEMESTRE 2019<\/a><\/p><\/div>\n\t\t\t\t\t\t\t<\/div>\n\t\t<\/div>\n\t\t\t\t\t\t<\/div>\n\t\t\t\t<\/div>\n\t\t\t\t\t<\/div>\n\t\t<\/div>\n\t\t\t\t\t<\/div>\n\t\t<\/section>\n\t\t\t\t<section class=\"elementor-section elementor-top-section elementor-element elementor-element-54c5af3 elementor-section-boxed elementor-section-height-default elementor-section-height-default\" data-id=\"54c5af3\" data-element_type=\"section\" data-e-type=\"section\">\n\t\t\t\t\t\t<div class=\"elementor-container elementor-column-gap-default\">\n\t\t\t\t\t<div class=\"elementor-column elementor-col-100 elementor-top-column elementor-element elementor-element-f98cbeb\" data-id=\"f98cbeb\" data-element_type=\"column\" data-e-type=\"column\">\n\t\t\t<div class=\"elementor-widget-wrap\">\n\t\t\t\t\t\t\t<\/div>\n\t\t<\/div>\n\t\t\t\t\t<\/div>\n\t\t<\/section>\n\t\t\t\t<\/div>\n\t\t","protected":false},"excerpt":{"rendered":"<p>PPGED &#8211; UNIFAP &#8211; OFERTA DE DISCIPLINAS QUADRO DE OFERTAS SEMESTRAIS CLIQUE NO ANO E SEMESTRE CORRESPONDENTE E BAIXE O PDF. &times; 2026.1 2025.2 2025.1 2024.2 2024.1 2023.2 2023.1 2022.2 2022.1 2021.2 2021.1 2020.2 2020.1 2020.1 2019.2 2026.1 MATR\u00cdCULAS:\u00a0 1. Aluno Regular (Mestrado e Doutorado):\u00a0 Disciplina Metodologia da pesquisa qualitativa em Ci\u00eancias Humanas a partir&#8230;<\/p>\n","protected":false},"author":1095,"featured_media":0,"parent":0,"menu_order":2,"comment_status":"open","ping_status":"open","template":"elementor_header_footer","meta":{"inline_featured_image":false,"ngg_post_thumbnail":0,"footnotes":""},"folder":[],"class_list":["post-40","page","type-page","status-publish","hentry","entry"],"_links":{"self":[{"href":"https:\/\/www2.unifap.br\/ppged\/wp-json\/wp\/v2\/pages\/40","targetHints":{"allow":["GET"]}}],"collection":[{"href":"https:\/\/www2.unifap.br\/ppged\/wp-json\/wp\/v2\/pages"}],"about":[{"href":"https:\/\/www2.unifap.br\/ppged\/wp-json\/wp\/v2\/types\/page"}],"author":[{"embeddable":true,"href":"https:\/\/www2.unifap.br\/ppged\/wp-json\/wp\/v2\/users\/1095"}],"replies":[{"embeddable":true,"href":"https:\/\/www2.unifap.br\/ppged\/wp-json\/wp\/v2\/comments?post=40"}],"version-history":[{"count":72,"href":"https:\/\/www2.unifap.br\/ppged\/wp-json\/wp\/v2\/pages\/40\/revisions"}],"predecessor-version":[{"id":8128,"href":"https:\/\/www2.unifap.br\/ppged\/wp-json\/wp\/v2\/pages\/40\/revisions\/8128"}],"wp:attachment":[{"href":"https:\/\/www2.unifap.br\/ppged\/wp-json\/wp\/v2\/media?parent=40"}],"wp:term":[{"taxonomy":"folder","embeddable":true,"href":"https:\/\/www2.unifap.br\/ppged\/wp-json\/wp\/v2\/folder?post=40"}],"curies":[{"name":"wp","href":"https:\/\/api.w.org\/{rel}","templated":true}]}}