{"id":461,"date":"2018-05-17T20:01:14","date_gmt":"2018-05-17T20:01:14","guid":{"rendered":"http:\/\/www2.unifap.br\/ppged\/?page_id=461"},"modified":"2018-08-20T04:04:42","modified_gmt":"2018-08-20T04:04:42","slug":"anpae","status":"publish","type":"page","link":"https:\/\/www2.unifap.br\/ppged\/events\/anpae\/","title":{"rendered":"I Encontro Estadual Amapaense da ANPAE  II Semin\u00e1rio Estado e Pol\u00edtica Educacional"},"content":{"rendered":"<p align=\"center\"><b><i>\u201cEstado e educa\u00e7\u00e3o no Brasil: contextos, planos, tens\u00f5es e desafios\u201d<\/i><\/b><\/p>\n<blockquote>\n<p align=\"center\"><span style=\"color: #ff0000\"><strong>\u00a0INSCRI\u00c7\u00d5ES ABERTAS PARA OUVINTES!\u00a0<\/strong><\/span>\u00a0<a title=\"Inscri\u00e7\u00f5es IEEAANPAE e IISEPE\" href=\"https:\/\/goo.gl\/forms\/p9AuojwGWMqJIrES2\">Clique aqui<\/a><strong>\u00a0<\/strong><\/p>\n<p align=\"center\">\n<\/blockquote>\n<p>A Associa\u00e7\u00e3o Nacional de Pol\u00edtica e Administra\u00e7\u00e3o da Educa\u00e7\u00e3o (ANPAE), Coordena\u00e7\u00e3o Estadual Amap\u00e1, conjuntamente com o Curso de Especializa\u00e7\u00e3o em Pol\u00edtica Educacional (CEPE) e a Linha de Pol\u00edticas Educacionais (LPE) do Programa de P\u00f3s-gradua\u00e7\u00e3o em Educa\u00e7\u00e3o (PPGED) da Universidade Federal do Amap\u00e1 (UNIFAP), realizar\u00e3o o\u00a0 I Encontro Estadual Amapaense da ANPAE e II Semin\u00e1rio Estado e Pol\u00edtica Educacional, nos dias 30 e 31 de agosto de 2018, na UNIFAP, Macap\u00e1 (AP).<\/p>\n<p>O I Encontro Estadual Amapaense da ANPAE e II Semin\u00e1rio Estado e Pol\u00edtica Educacional configura-se em espa\u00e7o prop\u00edcio para a discuss\u00e3o de pesquisas e relatos de experi\u00eancias em pol\u00edtica e gest\u00e3o educacional, com destaque para a realidade amapaense. Busca-se assim consolidar na UNIFAP, em articula\u00e7\u00f5es com outras Institui\u00e7\u00f5es de Ensino Superior (IES), a investiga\u00e7\u00e3o neste campo. Da mesma forma, fortalecer\u00e1 a atua\u00e7\u00e3o da ANPAE no Amap\u00e1, com a perspectiva de cria\u00e7\u00e3o da Se\u00e7\u00e3o Estadual, bem como do PPGED\/UNIFAP, particularmente na LPE, imbricada com o CEPE.<\/p>\n<p>Al\u00e9m da programa\u00e7\u00e3o geral (confer\u00eancias e mesas), ocorrer\u00e1 a apresenta\u00e7\u00e3o de trabalhos (resumos expandidos) oriundo de pesquisas ou relatos de experi\u00eancia. A atividade contar\u00e1 com 5 (cinco) Grupos de Trabalho (GT).<\/p>\n<p>GT 1: Pol\u00edtica e gest\u00e3o da educa\u00e7\u00e3o b\u00e1sica<\/p>\n<p>GT 2: Pol\u00edtica, educa\u00e7\u00e3o e diversidades<\/p>\n<p>GT 3: Pol\u00edtica de forma\u00e7\u00e3o e trabalho docente<\/p>\n<p>GT 4: Pol\u00edtica e hist\u00f3ria da educa\u00e7\u00e3o<\/p>\n<p>GT 5: Pol\u00edticas de educa\u00e7\u00e3o superior<\/p>\n<p>A inscri\u00e7\u00e3o com apresenta\u00e7\u00e3o de trabalho ocorreu no per\u00edodo de 21\/06\/2018 a 12\/08\/2018. Para inscri\u00e7\u00e3o como ouvinte (sem apresenta\u00e7\u00e3o de trabalho) h\u00e1 uma aba espec\u00edfica nesta p\u00e1gina. Inscri\u00e7\u00f5es gratuitas, em qualquer das modalidades.<\/p>\n<p>&nbsp;<\/p>\n<p align=\"center\"><b>NORMAS PARA ELABORA\u00c7\u00c3O E SUBMISS\u00c3O DO RESUMO EXPANDIDO<\/b><\/p>\n<ol>\n<li>O formato de trabalho aceito para comunica\u00e7\u00e3o oral no Semin\u00e1rio<i> Estado e Pol\u00edticas Educacionais<\/i> ser\u00e1 o <b>Resumo Expandido<\/b>, que dever\u00e1 abordar pesquisa conclu\u00edda ou em andamento.<\/li>\n<li>Os trabalhos dever\u00e3o atender o uso padr\u00e3o da l\u00edngua portuguesa e as normas da ABNT, al\u00e9m dos requisitos abaixo:<\/li>\n<\/ol>\n<p>&nbsp;<\/p>\n<p>a)\u00a0\u00a0\u00a0\u00a0 Os trabalhos poder\u00e3o ter no m\u00e1ximo 4 autores.<\/p>\n<p>b)\u00a0\u00a0\u00a0 O Resumo Expandido dever\u00e1 possuir no <b>m\u00e1ximo 6 mil caracteres, <\/b>incluindo espa\u00e7os, escrito em formato de editor de texto Word 97 ou posterior.<\/p>\n<p>c)\u00a0\u00a0\u00a0\u00a0 Margens: superior e esquerda 3 cm \/ inferior e direita 2 cm.<\/p>\n<p>d)\u00a0\u00a0\u00a0 Fonte Times New Roman, tamanho 12 e espa\u00e7amento entre linhas de 1,5. Nas cita\u00e7\u00f5es a partir de quatro linhas o espa\u00e7amento \u00e9 simples e a fonte 11.<\/p>\n<p>e)\u00a0\u00a0\u00a0\u00a0 Pelo menos um dos autores deve ser filiado \u00e0 ANPAE, com anuidade 2018 quite.<\/p>\n<p><b>\u00a0<\/b><\/p>\n<ol>\n<li>Estrutura do Resumo Expandido: <b><\/b><\/li>\n<\/ol>\n<p><b>\u00a0<\/b><\/p>\n<p><b>T\u00edtulo <\/b>(em caixa alta, centralizado e em negrito).<b><\/b><\/p>\n<p><b>Autores <\/b>(alinhado \u00e0 direita abaixo do T\u00edtulo do trabalho, criar nota de refer\u00eancia para incluir informa\u00e7\u00f5es sobre os autores \u2013 forma\u00e7\u00e3o; institui\u00e7\u00e3o ao qual se vincula e e-mail).<b><\/b><\/p>\n<p><b>Texto do Resumo: <\/b>com <b>introdu\u00e7\u00e3o<\/b> (justificar o problema estudado de forma clara com sustenta\u00e7\u00e3o na literatura da \u00e1rea, apresentar os objetivos do trabalho e a metodologia da pesquisa), os <b>resultados e discuss\u00e3o <\/b>(deve conter os resultados e an\u00e1lises pertinentes com a literatura utilizada no trabalho de pesquisa), bem como as <b>conclus\u00f5es<\/b> (dever\u00e1 expressar de forma breve os principais resultados alcan\u00e7ados ou esperados com a pesquisa).<\/p>\n<p><b>Palavras-chave<\/b> (tr\u00eas palavras ou express\u00f5es relacionadas ao trabalho, separadas por ponto. Ex: Educa\u00e7\u00e3o. Estado. Diversidade.).<\/p>\n<p><b>Refer\u00eancias <\/b>(dever\u00e1 ser listada apenas a bibliografia citada no texto, em ordem alfab\u00e9tica e de acordo com as normas da ABNT).<\/p>\n<p>&nbsp;<\/p>\n<ol>\n<li>Submiss\u00e3o de Trabalho<\/li>\n<\/ol>\n<p>&nbsp;<\/p>\n<ul>\n<li>Per\u00edodo de submiss\u00e3o: <b>de 21\/06\/2018 a 12\/08\/2018<\/b><\/li>\n<li>Endere\u00e7o eletr\u00f4nico para submiss\u00e3o do resumo expandido: <b>anpaeap.ppged.cepe@gmail.com<\/b><\/li>\n<li>No assunto do e-mail escrever o GT ao qual o trabalho est\u00e1 sendo submetido.<\/li>\n<\/ul>\n<p><b>Ex:<\/b> Assunto: GT 1: Pol\u00edtica e Gest\u00e3o da Educa\u00e7\u00e3o B\u00e1sica.<\/p>\n<ul>\n<li>No corpo do e-mail escrever o T\u00edtulo do Resumo Expandido e o(s) nome(s) do(s) autor(es).<\/li>\n<\/ul>\n<p>&nbsp;<\/p>\n<h3>Inscri\u00e7\u00f5es para participa\u00e7\u00e3o sem apresenta\u00e7\u00e3o de trabalho\u00a0<a title=\"Inscri\u00e7\u00f5es IEEAANPAE e IISEPE\" href=\"https:\/\/goo.gl\/forms\/p9AuojwGWMqJIrES2\">clique aqui<\/a><\/h3>\n<p><strong>Vagas limitas.<\/strong><\/p>\n<p align=\"center\"><b>REALIZA\u00c7\u00c3O<\/b><\/p>\n<p align=\"center\">Associa\u00e7\u00e3o Nacional de Pol\u00edtica e Administra\u00e7\u00e3o da Educa\u00e7\u00e3o \u2013 Coordena\u00e7\u00e3o Amap\u00e1<\/p>\n<p align=\"center\">Curso de Especializa\u00e7\u00e3o em Pol\u00edtica Educacional \u2013 CEPE\/UNIFAP<\/p>\n<p align=\"center\">Linha de Pol\u00edticas Educacionais \u2013 PPGED\/UNIFAP<\/p>\n<p>&nbsp;<\/p>\n<p>&nbsp;<\/p>\n","protected":false},"excerpt":{"rendered":"<p>\u201cEstado e educa\u00e7\u00e3o no Brasil: contextos, planos, tens\u00f5es e desafios\u201d \u00a0INSCRI\u00c7\u00d5ES ABERTAS PARA OUVINTES!\u00a0\u00a0Clique aqui\u00a0 A Associa\u00e7\u00e3o Nacional de Pol\u00edtica e Administra\u00e7\u00e3o da Educa\u00e7\u00e3o (ANPAE), Coordena\u00e7\u00e3o Estadual Amap\u00e1, conjuntamente com o Curso de Especializa\u00e7\u00e3o em Pol\u00edtica Educacional (CEPE) e a Linha de Pol\u00edticas Educacionais (LPE) do Programa de P\u00f3s-gradua\u00e7\u00e3o em Educa\u00e7\u00e3o (PPGED) da Universidade Federal&#8230;<\/p>\n","protected":false},"author":1095,"featured_media":0,"parent":203,"menu_order":0,"comment_status":"open","ping_status":"open","template":"","meta":{"inline_featured_image":false,"ngg_post_thumbnail":0,"footnotes":""},"folder":[],"class_list":["post-461","page","type-page","status-publish","hentry","entry"],"_links":{"self":[{"href":"https:\/\/www2.unifap.br\/ppged\/wp-json\/wp\/v2\/pages\/461","targetHints":{"allow":["GET"]}}],"collection":[{"href":"https:\/\/www2.unifap.br\/ppged\/wp-json\/wp\/v2\/pages"}],"about":[{"href":"https:\/\/www2.unifap.br\/ppged\/wp-json\/wp\/v2\/types\/page"}],"author":[{"embeddable":true,"href":"https:\/\/www2.unifap.br\/ppged\/wp-json\/wp\/v2\/users\/1095"}],"replies":[{"embeddable":true,"href":"https:\/\/www2.unifap.br\/ppged\/wp-json\/wp\/v2\/comments?post=461"}],"version-history":[{"count":10,"href":"https:\/\/www2.unifap.br\/ppged\/wp-json\/wp\/v2\/pages\/461\/revisions"}],"predecessor-version":[{"id":599,"href":"https:\/\/www2.unifap.br\/ppged\/wp-json\/wp\/v2\/pages\/461\/revisions\/599"}],"up":[{"embeddable":true,"href":"https:\/\/www2.unifap.br\/ppged\/wp-json\/wp\/v2\/pages\/203"}],"wp:attachment":[{"href":"https:\/\/www2.unifap.br\/ppged\/wp-json\/wp\/v2\/media?parent=461"}],"wp:term":[{"taxonomy":"folder","embeddable":true,"href":"https:\/\/www2.unifap.br\/ppged\/wp-json\/wp\/v2\/folder?post=461"}],"curies":[{"name":"wp","href":"https:\/\/api.w.org\/{rel}","templated":true}]}}