{"id":5331,"date":"2024-06-19T17:58:23","date_gmt":"2024-06-19T17:58:23","guid":{"rendered":"https:\/\/www2.unifap.br\/ppged\/?page_id=5331"},"modified":"2024-06-19T18:01:17","modified_gmt":"2024-06-19T18:01:17","slug":"turma-2023","status":"publish","type":"page","link":"https:\/\/www2.unifap.br\/ppged\/corpo-discente-por-linha-de-pesquisa\/turma-2023\/","title":{"rendered":"TURMA 2023"},"content":{"rendered":"\t\t<div data-elementor-type=\"wp-page\" data-elementor-id=\"5331\" class=\"elementor elementor-5331\">\n\t\t\t\t\t\t<section class=\"elementor-section elementor-top-section elementor-element elementor-element-7ea0c3d7 elementor-section-boxed elementor-section-height-default elementor-section-height-default\" data-id=\"7ea0c3d7\" data-element_type=\"section\" data-e-type=\"section\">\n\t\t\t\t\t\t<div class=\"elementor-container elementor-column-gap-default\">\n\t\t\t\t\t<div class=\"elementor-column elementor-col-100 elementor-top-column elementor-element elementor-element-1d466561\" data-id=\"1d466561\" data-element_type=\"column\" data-e-type=\"column\">\n\t\t\t<div class=\"elementor-widget-wrap elementor-element-populated\">\n\t\t\t\t\t\t<div class=\"elementor-element elementor-element-5968f3fb elementor-widget elementor-widget-text-editor\" data-id=\"5968f3fb\" data-element_type=\"widget\" data-e-type=\"widget\" data-widget_type=\"text-editor.default\">\n\t\t\t\t<div class=\"elementor-widget-container\">\n\t\t\t\t\t\t\t\t\t<strong>LINHA DE PESQUISA: POL\u00cdTICAS EDUCACIONAIS<\/strong>\n<table>\n<tbody>\n<tr>\n<td width=\"383\"><strong>MESTRANDOS(AS)<\/strong><\/td>\n<\/tr>\n<tr>\n<td width=\"383\">BENEDITA DE F\u00c1TIMA ALVES SARDINHA<\/td>\n<\/tr>\n<tr>\n<td width=\"383\">CLEIDIA MARIA NOGUEIRA PRADO<\/td>\n<\/tr>\n<tr>\n<td width=\"383\">DEIZIANE DA SILVA AGUIAR<\/td>\n<\/tr>\n<tr>\n<td width=\"383\">ERALDO MIRA ROCHA<\/td>\n<\/tr>\n<tr>\n<td width=\"383\">EUNICE CRISTIANE DE SOUZA SILVA<\/td>\n<\/tr>\n<tr>\n<td width=\"383\">FABIO RICHARD PEREIRA DA SILVA<\/td>\n<\/tr>\n<tr>\n<td width=\"383\">FRANCISCA ANT\u00d4NIA DA COSTA OLIVEIRA<\/td>\n<\/tr>\n<tr>\n<td width=\"383\">GENILSON VAZ SALAZAR<\/td>\n<\/tr>\n<tr>\n<td width=\"383\">IVANILDA LAMARAL FURTADO<\/td>\n<\/tr>\n<tr>\n<td width=\"383\">JAQUELINE RAMOS DA SILVA E COSTA<\/td>\n<\/tr>\n<tr>\n<td width=\"383\">JOELSON MERCES DA SILVA<\/td>\n<\/tr>\n<tr>\n<td width=\"383\">MARIA DO SOCORRO CASTRO PASTANA<\/td>\n<\/tr>\n<tr>\n<td width=\"383\">MARIA IZABEL DE SOUZA MONTEIRO<\/td>\n<\/tr>\n<tr>\n<td width=\"383\">NELMA SOCORRO LIMA DA SILVA<\/td>\n<\/tr>\n<tr>\n<td width=\"383\">RIT\u00c2NGELA DOS SANTOS CHAGAS<\/td>\n<\/tr>\n<tr>\n<td width=\"383\">SHEILA JACIARA MEDEIROS RIBEIRO<\/td>\n<\/tr>\n<tr>\n<td width=\"383\">SUZINALDA DE SOUZA FREITAS<\/td>\n<\/tr>\n<\/tbody>\n<\/table>\n<strong>LINHA DE PESQUISA: EDUCA\u00c7\u00c3O, CULTURAS E DIVERSIDADES<\/strong>\n<table style=\"height: 655px\" width=\"392\">\n<tbody>\n<tr>\n<td width=\"347\"><strong>MESTRANDOS(AS)<\/strong><\/td>\n<\/tr>\n<tr>\n<td width=\"347\">AMANDA RACHEL CONCEI\u00c7\u00c3O UBAIARA<\/td>\n<\/tr>\n<tr>\n<td width=\"347\">ANA LETICIA MALEAMA SFAIR DE ANDRADE<\/td>\n<\/tr>\n<tr>\n<td width=\"347\">BRUNA PICAN\u00c7O NEVE<\/td>\n<\/tr>\n<tr>\n<td width=\"347\">CLEBSON DOS SANTOS FORTE<\/td>\n<\/tr>\n<tr>\n<td width=\"347\">CLEUSON DA SILVA MIRANDA<\/td>\n<\/tr>\n<tr>\n<td width=\"347\">ELENILDA SILVA DE MORAES<\/td>\n<\/tr>\n<tr>\n<td width=\"347\">ELIANA BARBOSA LOUREN\u00c7O<\/td>\n<\/tr>\n<tr>\n<td width=\"347\">ERLIS DOS SANTOS KARIPUNAS<\/td>\n<\/tr>\n<tr>\n<td width=\"347\">ESMERALDINA DOS SANTOS<\/td>\n<\/tr>\n<tr>\n<td width=\"347\">FABRICIO NARCISO DOS SANTOS<\/td>\n<\/tr>\n<tr>\n<td width=\"347\">IGOR COLARES PENA<\/td>\n<\/tr>\n<tr>\n<td width=\"347\">IVO PANTOJA MEDEIROS<\/td>\n<\/tr>\n<tr>\n<td width=\"347\">JANE SELMA ALMEIDA DE SOUZA<\/td>\n<\/tr>\n<tr>\n<td width=\"347\">JOS\u00c9 ELIO CARDOSO DOS SANTOS<\/td>\n<\/tr>\n<tr>\n<td width=\"347\">JOS\u00c9 IDINALDO BELTR\u00c3O S\u00c1<\/td>\n<\/tr>\n<tr>\n<td width=\"347\">KAI HENRIQUE SILVA FERNANDES<\/td>\n<\/tr>\n<tr>\n<td width=\"347\">KAROLINA DO SOCORRO PACHECO DE ARA\u00daJO<\/td>\n<\/tr>\n<tr>\n<td width=\"347\">LUCIANA DE MORAIS LIMA<\/td>\n<\/tr>\n<tr>\n<td width=\"347\">MARCELO DE JESUS SANTOS CORREA<\/td>\n<\/tr>\n<tr>\n<td width=\"347\">MARIA DO SOCORRO CRESPO RIBEIRO<\/td>\n<\/tr>\n<tr>\n<td width=\"347\">NARA ANIKA DOS SANTOS<\/td>\n<\/tr>\n<tr>\n<td width=\"347\">NEUMA DOS SANTOS DE JESUS SILVA<\/td>\n<\/tr>\n<tr>\n<td width=\"347\">PAULA SILVA BRITO<\/td>\n<\/tr>\n<tr>\n<td width=\"347\">RIZONILDA SALES NATIVIDADE<\/td>\n<\/tr>\n<tr>\n<td width=\"347\">RODRIGO AMARAL TRINDADE<\/td>\n<\/tr>\n<tr>\n<td width=\"347\">SAMARA SURHAMA ALENCAR BARBOSA<\/td>\n<\/tr>\n<tr>\n<td width=\"347\">SAMI CRISTINA PINTO<\/td>\n<\/tr>\n<tr>\n<td width=\"347\">S\u00c2MIA KAMYLA FREITAS SILVA<\/td>\n<\/tr>\n<\/tbody>\n<\/table>\t\t\t\t\t\t\t\t<\/div>\n\t\t\t\t<\/div>\n\t\t\t\t\t<\/div>\n\t\t<\/div>\n\t\t\t\t\t<\/div>\n\t\t<\/section>\n\t\t\t\t<\/div>\n\t\t","protected":false},"excerpt":{"rendered":"<p>LINHA DE PESQUISA: POL\u00cdTICAS EDUCACIONAIS MESTRANDOS(AS) BENEDITA DE F\u00c1TIMA ALVES SARDINHA CLEIDIA MARIA NOGUEIRA PRADO DEIZIANE DA SILVA AGUIAR ERALDO MIRA ROCHA EUNICE CRISTIANE DE SOUZA SILVA FABIO RICHARD PEREIRA DA SILVA FRANCISCA ANT\u00d4NIA DA COSTA OLIVEIRA GENILSON VAZ SALAZAR IVANILDA LAMARAL FURTADO JAQUELINE RAMOS DA SILVA E COSTA JOELSON MERCES DA SILVA MARIA DO&#8230;<\/p>\n","protected":false},"author":4008,"featured_media":0,"parent":391,"menu_order":0,"comment_status":"closed","ping_status":"closed","template":"","meta":{"inline_featured_image":false,"ngg_post_thumbnail":0,"footnotes":""},"folder":[],"class_list":["post-5331","page","type-page","status-publish","hentry","entry"],"_links":{"self":[{"href":"https:\/\/www2.unifap.br\/ppged\/wp-json\/wp\/v2\/pages\/5331","targetHints":{"allow":["GET"]}}],"collection":[{"href":"https:\/\/www2.unifap.br\/ppged\/wp-json\/wp\/v2\/pages"}],"about":[{"href":"https:\/\/www2.unifap.br\/ppged\/wp-json\/wp\/v2\/types\/page"}],"author":[{"embeddable":true,"href":"https:\/\/www2.unifap.br\/ppged\/wp-json\/wp\/v2\/users\/4008"}],"replies":[{"embeddable":true,"href":"https:\/\/www2.unifap.br\/ppged\/wp-json\/wp\/v2\/comments?post=5331"}],"version-history":[{"count":5,"href":"https:\/\/www2.unifap.br\/ppged\/wp-json\/wp\/v2\/pages\/5331\/revisions"}],"predecessor-version":[{"id":5624,"href":"https:\/\/www2.unifap.br\/ppged\/wp-json\/wp\/v2\/pages\/5331\/revisions\/5624"}],"up":[{"embeddable":true,"href":"https:\/\/www2.unifap.br\/ppged\/wp-json\/wp\/v2\/pages\/391"}],"wp:attachment":[{"href":"https:\/\/www2.unifap.br\/ppged\/wp-json\/wp\/v2\/media?parent=5331"}],"wp:term":[{"taxonomy":"folder","embeddable":true,"href":"https:\/\/www2.unifap.br\/ppged\/wp-json\/wp\/v2\/folder?post=5331"}],"curies":[{"name":"wp","href":"https:\/\/api.w.org\/{rel}","templated":true}]}}