{"id":5658,"date":"2024-08-15T02:13:51","date_gmt":"2024-08-15T02:13:51","guid":{"rendered":"https:\/\/www2.unifap.br\/ppged\/?page_id=5658"},"modified":"2025-11-13T01:23:28","modified_gmt":"2025-11-13T01:23:28","slug":"discentes-do-doutorado","status":"publish","type":"page","link":"https:\/\/www2.unifap.br\/ppged\/discentes-do-doutorado\/","title":{"rendered":"Discentes do Doutorado"},"content":{"rendered":"\t\t<div data-elementor-type=\"wp-post\" data-elementor-id=\"5658\" class=\"elementor elementor-5658\">\n\t\t\t\t\t\t<section class=\"elementor-section elementor-top-section elementor-element elementor-element-8e5ce5f elementor-section-boxed elementor-section-height-default elementor-section-height-default\" data-id=\"8e5ce5f\" data-element_type=\"section\" data-e-type=\"section\">\n\t\t\t\t\t\t<div class=\"elementor-container elementor-column-gap-default\">\n\t\t\t\t\t<div class=\"elementor-column elementor-col-100 elementor-top-column elementor-element elementor-element-ee130e4\" data-id=\"ee130e4\" data-element_type=\"column\" data-e-type=\"column\">\n\t\t\t<div class=\"elementor-widget-wrap elementor-element-populated\">\n\t\t\t\t\t\t<div class=\"elementor-element elementor-element-dd0094d elementor-widget elementor-widget-spacer\" data-id=\"dd0094d\" data-element_type=\"widget\" data-e-type=\"widget\" data-widget_type=\"spacer.default\">\n\t\t\t\t<div class=\"elementor-widget-container\">\n\t\t\t\t\t\t\t<div class=\"elementor-spacer\">\n\t\t\t<div class=\"elementor-spacer-inner\"><\/div>\n\t\t<\/div>\n\t\t\t\t\t\t<\/div>\n\t\t\t\t<\/div>\n\t\t\t\t<div class=\"elementor-element elementor-element-3779cc1 elementor-widget elementor-widget-accordion\" data-id=\"3779cc1\" data-element_type=\"widget\" data-e-type=\"widget\" data-widget_type=\"accordion.default\">\n\t\t\t\t<div class=\"elementor-widget-container\">\n\t\t\t\t\t\t\t<div class=\"elementor-accordion\">\n\t\t\t\t\t\t\t<div class=\"elementor-accordion-item\">\n\t\t\t\t\t<div id=\"elementor-tab-title-5811\" class=\"elementor-tab-title\" data-tab=\"1\" role=\"button\" aria-controls=\"elementor-tab-content-5811\" aria-expanded=\"false\">\n\t\t\t\t\t\t\t\t\t\t\t\t\t<span class=\"elementor-accordion-icon elementor-accordion-icon-right\" aria-hidden=\"true\">\n\t\t\t\t\t\t\t\t\t\t\t\t\t\t\t<span class=\"elementor-accordion-icon-closed\"><i class=\"fas fa-plus\"><\/i><\/span>\n\t\t\t\t\t\t\t\t<span class=\"elementor-accordion-icon-opened\"><i class=\"fas fa-minus\"><\/i><\/span>\n\t\t\t\t\t\t\t\t\t\t\t\t\t\t<\/span>\n\t\t\t\t\t\t\t\t\t\t\t\t<a class=\"elementor-accordion-title\" tabindex=\"0\">TURMA 2025<\/a>\n\t\t\t\t\t<\/div>\n\t\t\t\t\t<div id=\"elementor-tab-content-5811\" class=\"elementor-tab-content elementor-clearfix\" data-tab=\"1\" role=\"region\" aria-labelledby=\"elementor-tab-title-5811\"><p style=\"text-align: center\"><strong>LINHA DE PESQUISA: POL\u00cdTICAS EDUCACIONAIS<\/strong><\/p><table width=\"463\"><tbody><tr><td width=\"244\"><p><strong>DOUTORANDOS(AS)<\/strong><\/p><\/td><td width=\"219\"><p><strong>SITUA\u00c7\u00c3O<\/strong><\/p><\/td><\/tr><tr><td width=\"244\"><p>Andrew Aur\u00e9lio Pinto de Almeida Costa<\/p><\/td><td width=\"219\"><p>CURSANDO<\/p><\/td><\/tr><tr><td width=\"244\"><p>Edvaldo do Nascimento Carvalho<\/p><\/td><td width=\"219\"><p>CURSANDO<\/p><\/td><\/tr><tr><td width=\"244\"><p>Gabriela Esther Nascimento dos Santos<\/p><\/td><td width=\"219\"><p>CURSANDO<\/p><\/td><\/tr><tr><td width=\"244\"><p>Janaina Brito Carvalho<\/p><\/td><td width=\"219\"><p>CURSANDO<\/p><\/td><\/tr><tr><td width=\"244\"><p>N\u00fabia Xavier da Silva<\/p><\/td><td width=\"219\"><p>CURSANDO<\/p><\/td><\/tr><tr><td width=\"244\"><p>Suelen Carvalho Mota<\/p><\/td><td width=\"219\"><p>CURSANDO<\/p><\/td><\/tr><tr><td width=\"244\"><p>Yuri Yanick Oliveira e Silva<\/p><\/td><td width=\"219\"><p>CURSANDO<\/p><\/td><\/tr><\/tbody><\/table><p style=\"text-align: center\"><strong>LINHA DE PESQUISA: EDUCA\u00c7\u00c3O, CULTURAS E DIVERSIDADES<\/strong><\/p><table width=\"454\"><tbody><tr><td width=\"228\"><p><strong>DOUTORANDOS(AS)<\/strong><\/p><\/td><td width=\"226\"><p><strong>SITUA\u00c7\u00c3O<\/strong><\/p><\/td><\/tr><tr><td width=\"228\"><p>\u00c1lisson Pinto Lima<\/p><\/td><td width=\"226\"><p>CURSANDO<\/p><\/td><\/tr><tr><td width=\"228\"><p>Elimara dos Santos Brito<\/p><\/td><td width=\"226\"><p>CURSANDO<\/p><\/td><\/tr><tr><td width=\"228\"><p>Karina dos Santos<\/p><\/td><td width=\"226\"><p>CURSANDO<\/p><\/td><\/tr><tr><td width=\"228\"><p>Priscilla Pantoja do Nascimento<\/p><\/td><td width=\"226\"><p>CURSANDO<\/p><\/td><\/tr><tr><td width=\"228\"><p>Stephany Dantas de Freitas Furtado<\/p><\/td><td width=\"226\"><p>CURSANDO<\/p><\/td><\/tr><tr><td width=\"228\"><p>Tiago Ruan Pereira e Silva<\/p><\/td><td width=\"226\"><p>CURSANDO<\/p><\/td><\/tr><tr><td width=\"228\"><p>Vilma Suely Duarte de Moraes<\/p><\/td><td width=\"226\"><p>CURSANDO<\/p><\/td><\/tr><tr><td width=\"228\"><p>Viviane Nunes Freires Fernandes<\/p><\/td><td width=\"226\"><p>CURSANDO<\/p><\/td><\/tr><\/tbody><\/table><\/div>\n\t\t\t\t<\/div>\n\t\t\t\t\t\t\t<div class=\"elementor-accordion-item\">\n\t\t\t\t\t<div id=\"elementor-tab-title-5812\" class=\"elementor-tab-title\" data-tab=\"2\" role=\"button\" aria-controls=\"elementor-tab-content-5812\" aria-expanded=\"false\">\n\t\t\t\t\t\t\t\t\t\t\t\t\t<span class=\"elementor-accordion-icon elementor-accordion-icon-right\" aria-hidden=\"true\">\n\t\t\t\t\t\t\t\t\t\t\t\t\t\t\t<span class=\"elementor-accordion-icon-closed\"><i class=\"fas fa-plus\"><\/i><\/span>\n\t\t\t\t\t\t\t\t<span class=\"elementor-accordion-icon-opened\"><i class=\"fas fa-minus\"><\/i><\/span>\n\t\t\t\t\t\t\t\t\t\t\t\t\t\t<\/span>\n\t\t\t\t\t\t\t\t\t\t\t\t<a class=\"elementor-accordion-title\" tabindex=\"0\">TURMA 2024<\/a>\n\t\t\t\t\t<\/div>\n\t\t\t\t\t<div id=\"elementor-tab-content-5812\" class=\"elementor-tab-content elementor-clearfix\" data-tab=\"2\" role=\"region\" aria-labelledby=\"elementor-tab-title-5812\"><p style=\"text-align: center\"><strong>LINHA DE PESQUISA: POL\u00cdTICAS EDUCACIONAIS<\/strong><\/p><table><tbody><tr><td width=\"371\"><p><strong>DOUTORANDOS(AS)<\/strong><\/p><\/td><td width=\"195\"><p><strong>SITUA\u00c7\u00c3O<\/strong><\/p><\/td><\/tr><tr><td width=\"371\"><p>JORGE LUCAS DE OLIVEIRA DIAS<\/p><\/td><td width=\"195\"><p>CURSANDO<\/p><\/td><\/tr><tr><td width=\"371\"><p>JOS\u00c9 MIGUEL DE SOUZA CYRILLO<\/p><\/td><td width=\"195\"><p>CURSANDO<\/p><\/td><\/tr><tr><td width=\"371\"><p>K\u00c1SSIO LEAL VILHENA<\/p><\/td><td width=\"195\"><p>CURSANDO<\/p><\/td><\/tr><tr><td width=\"371\"><p>K\u00c1TIA DE NAZAR\u00c9 SANTOS FONS\u00caCA<\/p><\/td><td width=\"195\"><p>CURSANDO<\/p><\/td><\/tr><tr><td width=\"371\"><p>MARCELA FABIANI SILVA DIAS<\/p><\/td><td width=\"195\"><p>CURSANDO<\/p><\/td><\/tr><tr><td width=\"371\"><p>PAULO MAGALH\u00c3ES MONARD NASCIMENTO<\/p><\/td><td width=\"195\"><p>CURSANDO<\/p><\/td><\/tr><tr><td width=\"371\"><p>PAULO RODRIGUES PANTOJA J\u00daNIOR<\/p><\/td><td width=\"195\"><p>CURSANDO<\/p><\/td><\/tr><tr><td width=\"371\"><p>REVAN ARA\u00daJO DE SOUZA<\/p><\/td><td width=\"195\"><p>CURSANDO<\/p><\/td><\/tr><tr><td width=\"371\"><p>VERA L\u00daCIA FERREIRA DA SILVA<\/p><\/td><td width=\"195\"><p>CURSANDO<\/p><\/td><\/tr><\/tbody><\/table><p style=\"text-align: center\"><strong>LINHA DE PESQUISA: EDUCA\u00c7\u00c3O, CULTURAS E DIVERSIDADES<\/strong><\/p><table><tbody><tr><td width=\"347\"><p><strong>DOUTORANDOS(AS)<\/strong><\/p><\/td><td width=\"200\"><p><strong>SITUA\u00c7\u00c3O<\/strong><\/p><\/td><\/tr><tr><td width=\"347\"><p>AGATHA LETICIA EUGENIO DA LUZ<\/p><\/td><td width=\"200\"><p>CURSANDO<\/p><\/td><\/tr><tr><td width=\"347\"><p>ALANNA AQUEMI SANTIAGO SAITO<\/p><\/td><td width=\"200\"><p>CURSANDO<\/p><\/td><\/tr><tr><td width=\"347\">DAIANNE FREIRES FERNANDES<\/td><td width=\"200\">CURSANDO<\/td><\/tr><tr><td width=\"347\"><p>FABIANA MAIA MARQUES<\/p><\/td><td width=\"200\"><p>CURSANDO<\/p><\/td><\/tr><tr><td width=\"347\"><p>GISELE PAULA BATISTA<\/p><\/td><td width=\"200\"><p>CURSANDO<\/p><\/td><\/tr><tr><td width=\"347\"><p>IRIS COSTA DA SILVA<\/p><\/td><td width=\"200\"><p>CURSANDO<\/p><\/td><\/tr><tr><td width=\"347\"><p>MARIA SONIA ANIKA<\/p><\/td><td width=\"200\"><p>CURSANDO<\/p><\/td><\/tr><tr><td width=\"347\"><p>NILZANA BRAGA ESTEVES<\/p><\/td><td width=\"200\"><p>CURSANDO<\/p><\/td><\/tr><tr><td width=\"347\"><p>SUANY RODRIGUES DA CUNHA<\/p><\/td><td width=\"200\"><p>CURSANDO<\/p><\/td><\/tr><tr><td width=\"347\">UISLLEI UILLEM COSTA RODRIGUES<\/td><td width=\"200\">CURSANDO<\/td><\/tr><tr><td width=\"347\"><p>WOLLACY ESQUERDO LIMA<\/p><\/td><td width=\"200\"><p>CURSANDO<\/p><\/td><\/tr><tr><td width=\"347\"><p>ZENILDA RODRIGUES DIAS<\/p><\/td><td width=\"200\"><p>CURSANDO<\/p><\/td><\/tr><tr><td width=\"347\"><p>\u00a0<\/p><\/td><td width=\"200\"><p>\u00a0<\/p><\/td><\/tr><tr><td width=\"347\"><p>\u00a0<\/p><\/td><td width=\"200\">\u00a0<\/td><\/tr><tr><td width=\"347\">\u00a0<\/td><td width=\"200\">\u00a0<\/td><\/tr><\/tbody><\/table><\/div>\n\t\t\t\t<\/div>\n\t\t\t\t\t\t\t\t<\/div>\n\t\t\t\t\t\t<\/div>\n\t\t\t\t<\/div>\n\t\t\t\t\t<\/div>\n\t\t<\/div>\n\t\t\t\t\t<\/div>\n\t\t<\/section>\n\t\t\t\t<section class=\"elementor-section elementor-top-section elementor-element elementor-element-e272f5f elementor-section-boxed elementor-section-height-default elementor-section-height-default\" data-id=\"e272f5f\" data-element_type=\"section\" data-e-type=\"section\">\n\t\t\t\t\t\t<div class=\"elementor-container elementor-column-gap-default\">\n\t\t\t\t\t<div class=\"elementor-column elementor-col-100 elementor-top-column elementor-element elementor-element-ed88bb2\" data-id=\"ed88bb2\" data-element_type=\"column\" data-e-type=\"column\">\n\t\t\t<div class=\"elementor-widget-wrap\">\n\t\t\t\t\t\t\t<\/div>\n\t\t<\/div>\n\t\t\t\t\t<\/div>\n\t\t<\/section>\n\t\t\t\t<\/div>\n\t\t","protected":false},"excerpt":{"rendered":"<p>TURMA 2025 LINHA DE PESQUISA: POL\u00cdTICAS EDUCACIONAIS DOUTORANDOS(AS) SITUA\u00c7\u00c3O Andrew Aur\u00e9lio Pinto de Almeida Costa CURSANDO Edvaldo do Nascimento Carvalho CURSANDO Gabriela Esther Nascimento dos Santos CURSANDO Janaina Brito Carvalho CURSANDO N\u00fabia Xavier da Silva CURSANDO Suelen Carvalho Mota CURSANDO Yuri Yanick Oliveira e Silva CURSANDO LINHA DE PESQUISA: EDUCA\u00c7\u00c3O, CULTURAS E DIVERSIDADES DOUTORANDOS(AS) SITUA\u00c7\u00c3O&#8230;<\/p>\n","protected":false},"author":4008,"featured_media":0,"parent":0,"menu_order":0,"comment_status":"closed","ping_status":"closed","template":"elementor_header_footer","meta":{"inline_featured_image":false,"ngg_post_thumbnail":0,"footnotes":""},"folder":[],"class_list":["post-5658","page","type-page","status-publish","hentry","entry"],"_links":{"self":[{"href":"https:\/\/www2.unifap.br\/ppged\/wp-json\/wp\/v2\/pages\/5658","targetHints":{"allow":["GET"]}}],"collection":[{"href":"https:\/\/www2.unifap.br\/ppged\/wp-json\/wp\/v2\/pages"}],"about":[{"href":"https:\/\/www2.unifap.br\/ppged\/wp-json\/wp\/v2\/types\/page"}],"author":[{"embeddable":true,"href":"https:\/\/www2.unifap.br\/ppged\/wp-json\/wp\/v2\/users\/4008"}],"replies":[{"embeddable":true,"href":"https:\/\/www2.unifap.br\/ppged\/wp-json\/wp\/v2\/comments?post=5658"}],"version-history":[{"count":19,"href":"https:\/\/www2.unifap.br\/ppged\/wp-json\/wp\/v2\/pages\/5658\/revisions"}],"predecessor-version":[{"id":7831,"href":"https:\/\/www2.unifap.br\/ppged\/wp-json\/wp\/v2\/pages\/5658\/revisions\/7831"}],"wp:attachment":[{"href":"https:\/\/www2.unifap.br\/ppged\/wp-json\/wp\/v2\/media?parent=5658"}],"wp:term":[{"taxonomy":"folder","embeddable":true,"href":"https:\/\/www2.unifap.br\/ppged\/wp-json\/wp\/v2\/folder?post=5658"}],"curies":[{"name":"wp","href":"https:\/\/api.w.org\/{rel}","templated":true}]}}