{"id":571,"date":"2018-07-31T20:20:56","date_gmt":"2018-07-31T20:20:56","guid":{"rendered":"http:\/\/www2.unifap.br\/ppged\/?page_id=571"},"modified":"2019-07-24T16:41:46","modified_gmt":"2019-07-24T16:41:46","slug":"aluno-especial","status":"publish","type":"page","link":"https:\/\/www2.unifap.br\/ppged\/aluno-especial\/","title":{"rendered":"ALUNO(a) ESPECIAL"},"content":{"rendered":"<p>A matr\u00edcula de Aluno Especial est\u00e1 orientada pela RESOLU\u00c7\u00c3O N\u00ba 011\/2017 \u2013 CONSU, DE 22\/05\/2017<\/p>\n<p>Art. 28 Aluno especial consiste no graduado que solicitou matr\u00edcula em disciplina espec\u00edfica, obteve<br \/>\naceite do professor e o deferimento da Coordena\u00e7\u00e3o do Programa, estando sujeito \u00e0s mesmas normas<br \/>\naplicadas aos alunos regulares.<br \/>\n\u00a7 1\u00ba Excepcionalmente, os Programas de P\u00f3s-Gradua\u00e7\u00e3o poder\u00e3o admitir graduandos como alunos<br \/>\nespeciais, desde que se cumpram os crit\u00e9rios previstos nos documentos de \u00e1rea emanados da CAPES e os<br \/>\ntermos do Regimento espec\u00edfico de cada Programa, al\u00e9m de ser necess\u00e1rio que os alunos demandantes<br \/>\nconstem matriculados no \u00faltimo ano do Curso de Gradua\u00e7\u00e3o ou estejam vinculados \u00e0 Inicia\u00e7\u00e3o Cient\u00edfica.<br \/>\n\u00a7 2\u00ba A porcentagem de alunos especiais, qualquer que seja sua proced\u00eancia, n\u00e3o dever\u00e1 ultrapassar a<br \/>\n30 % (trinta por cento) dos alunos regulares matriculados em cada disciplina.<br \/>\n\u00a7 3\u00ba Discente de outro Programa de P\u00f3s-Gradua\u00e7\u00e3o poder\u00e1 cursar disciplinas na condi\u00e7\u00e3o de aluno<br \/>\nespecial, desde que tenha matr\u00edcula solicitada pela Coordena\u00e7\u00e3o do Programa de origem e atenda aos<br \/>\ncrit\u00e9rios regimentais do Programa receptor.<br \/>\n\u00a7 4\u00ba O aluno especial poder\u00e1 cursar at\u00e9 3 (tr\u00eas) disciplinas, sendo que para cada uma delas dever\u00e1<br \/>\nrequerer matr\u00edcula e obedecer a crit\u00e9rios estabelecidos no Regimento espec\u00edfico do Programa.<br \/>\n\u00a7 5\u00ba Disciplinas cursadas por aluno especial poder\u00e3o ser objeto de contagem de cr\u00e9dito, \u00e0 medida que<br \/>\nele se torne aluno regular.<\/p>\n<p>&nbsp;<\/p>\n<p>O formul\u00e1rio de solicita\u00e7\u00e3o pode ser encontrado em:&nbsp;<a title=\"formul\u00e1rio matr\u00edcula aluno(a) especial\" href=\"http:\/\/www2.unifap.br\/ppged\/documentos\/\">http:\/\/www2.unifap.br\/ppged\/formul\u00e1rios\/<\/a><\/p>\n<p><b><b>&nbsp;<\/b><\/b><\/p>\n<p>&nbsp;<\/p>\n","protected":false},"excerpt":{"rendered":"<p>A matr\u00edcula de Aluno Especial est\u00e1 orientada pela RESOLU\u00c7\u00c3O N\u00ba 011\/2017 \u2013 CONSU, DE 22\/05\/2017 Art. 28 Aluno especial consiste no graduado que solicitou matr\u00edcula em disciplina espec\u00edfica, obteve aceite do professor e o deferimento da Coordena\u00e7\u00e3o do Programa, estando sujeito \u00e0s mesmas normas aplicadas aos alunos regulares. \u00a7 1\u00ba Excepcionalmente, os Programas de P\u00f3s-Gradua\u00e7\u00e3o&#8230;<\/p>\n","protected":false},"author":1095,"featured_media":0,"parent":0,"menu_order":0,"comment_status":"closed","ping_status":"open","template":"","meta":{"inline_featured_image":false,"ngg_post_thumbnail":0,"footnotes":""},"folder":[],"class_list":["post-571","page","type-page","status-publish","hentry","entry"],"_links":{"self":[{"href":"https:\/\/www2.unifap.br\/ppged\/wp-json\/wp\/v2\/pages\/571","targetHints":{"allow":["GET"]}}],"collection":[{"href":"https:\/\/www2.unifap.br\/ppged\/wp-json\/wp\/v2\/pages"}],"about":[{"href":"https:\/\/www2.unifap.br\/ppged\/wp-json\/wp\/v2\/types\/page"}],"author":[{"embeddable":true,"href":"https:\/\/www2.unifap.br\/ppged\/wp-json\/wp\/v2\/users\/1095"}],"replies":[{"embeddable":true,"href":"https:\/\/www2.unifap.br\/ppged\/wp-json\/wp\/v2\/comments?post=571"}],"version-history":[{"count":8,"href":"https:\/\/www2.unifap.br\/ppged\/wp-json\/wp\/v2\/pages\/571\/revisions"}],"predecessor-version":[{"id":1013,"href":"https:\/\/www2.unifap.br\/ppged\/wp-json\/wp\/v2\/pages\/571\/revisions\/1013"}],"wp:attachment":[{"href":"https:\/\/www2.unifap.br\/ppged\/wp-json\/wp\/v2\/media?parent=571"}],"wp:term":[{"taxonomy":"folder","embeddable":true,"href":"https:\/\/www2.unifap.br\/ppged\/wp-json\/wp\/v2\/folder?post=571"}],"curies":[{"name":"wp","href":"https:\/\/api.w.org\/{rel}","templated":true}]}}