{"id":5797,"date":"2024-10-08T03:06:32","date_gmt":"2024-10-08T03:06:32","guid":{"rendered":"https:\/\/www2.unifap.br\/ppged\/?page_id=5797"},"modified":"2025-10-02T12:20:22","modified_gmt":"2025-10-02T12:20:22","slug":"coloquio-de-politicas-educacionais","status":"publish","type":"page","link":"https:\/\/www2.unifap.br\/ppged\/coloquio-de-politicas-educacionais\/","title":{"rendered":"Col\u00f3quio de Pol\u00edticas Educacionais"},"content":{"rendered":"\t\t<div data-elementor-type=\"wp-post\" data-elementor-id=\"5797\" class=\"elementor elementor-5797\">\n\t\t\t\t\t\t<section class=\"elementor-section elementor-top-section elementor-element elementor-element-58f8562 elementor-section-boxed elementor-section-height-default elementor-section-height-default\" data-id=\"58f8562\" data-element_type=\"section\" data-e-type=\"section\">\n\t\t\t\t\t\t<div class=\"elementor-container elementor-column-gap-default\">\n\t\t\t\t\t<div class=\"elementor-column elementor-col-100 elementor-top-column elementor-element elementor-element-af93922\" data-id=\"af93922\" data-element_type=\"column\" data-e-type=\"column\">\n\t\t\t<div class=\"elementor-widget-wrap elementor-element-populated\">\n\t\t\t\t\t\t<div class=\"elementor-element elementor-element-5fc0310 elementor-tabs-view-vertical elementor-widget__width-initial elementor-widget elementor-widget-tabs\" data-id=\"5fc0310\" data-element_type=\"widget\" data-e-type=\"widget\" data-widget_type=\"tabs.default\">\n\t\t\t\t<div class=\"elementor-widget-container\">\n\t\t\t\t\t\t\t<div class=\"elementor-tabs\">\n\t\t\t<div class=\"elementor-tabs-wrapper\" role=\"tablist\" >\n\t\t\t\t\t\t\t\t\t<div id=\"elementor-tab-title-1001\" class=\"elementor-tab-title elementor-tab-desktop-title\" aria-selected=\"true\" data-tab=\"1\" role=\"tab\" tabindex=\"0\" aria-controls=\"elementor-tab-content-1001\" aria-expanded=\"false\">2025<\/div>\n\t\t\t\t\t\t\t\t\t<div id=\"elementor-tab-title-1002\" class=\"elementor-tab-title elementor-tab-desktop-title\" aria-selected=\"false\" data-tab=\"2\" role=\"tab\" tabindex=\"-1\" aria-controls=\"elementor-tab-content-1002\" aria-expanded=\"false\">2024<\/div>\n\t\t\t\t\t\t\t<\/div>\n\t\t\t<div class=\"elementor-tabs-content-wrapper\" role=\"tablist\" aria-orientation=\"vertical\">\n\t\t\t\t\t\t\t\t\t<div class=\"elementor-tab-title elementor-tab-mobile-title\" aria-selected=\"true\" data-tab=\"1\" role=\"tab\" tabindex=\"0\" aria-controls=\"elementor-tab-content-1001\" aria-expanded=\"false\">2025<\/div>\n\t\t\t\t\t<div id=\"elementor-tab-content-1001\" class=\"elementor-tab-content elementor-clearfix\" data-tab=\"1\" role=\"tabpanel\" aria-labelledby=\"elementor-tab-title-1001\" tabindex=\"0\" hidden=\"false\"><h1 style=\"text-align: left\"><strong><img fetchpriority=\"high\" decoding=\"async\" class=\"alignnone wp-image-7623\" src=\"http:\/\/www2.unifap.br\/ppged\/files\/2025\/10\/WhatsApp-Image-2025-10-01-at-16.24.13-300x120.jpeg\" alt=\"\" width=\"736\" height=\"294\" srcset=\"https:\/\/www2.unifap.br\/ppged\/files\/2025\/10\/WhatsApp-Image-2025-10-01-at-16.24.13-300x120.jpeg 300w, https:\/\/www2.unifap.br\/ppged\/files\/2025\/10\/WhatsApp-Image-2025-10-01-at-16.24.13-1024x410.jpeg 1024w, https:\/\/www2.unifap.br\/ppged\/files\/2025\/10\/WhatsApp-Image-2025-10-01-at-16.24.13-768x307.jpeg 768w, https:\/\/www2.unifap.br\/ppged\/files\/2025\/10\/WhatsApp-Image-2025-10-01-at-16.24.13.jpeg 1100w\" sizes=\"(max-width: 736px) 100vw, 736px\" \/><\/strong><\/h1><h1 style=\"text-align: left\"><strong>VI COL\u00d3QUIO ESTADO <\/strong><strong>E POL\u00cdTICAS EDUCACIONAIS NA AMAZ\u00d4NIA AMAPAENSE<\/strong><\/h1><h2 style=\"text-align: left\"><strong>\u201c<\/strong>A pesquisa como produto hist\u00f3rico das rela\u00e7\u00f5es sociais concretas<strong>\u201d<\/strong><\/h2><h3 style=\"text-align: left\">16 e 17 de outubro de 2025<\/h3><h3>Local: Audit\u00f3rio da Biblioteca Central da Unifap<\/h3><h3>Para inscrever-se <a href=\"https:\/\/www.even3.com.br\/vi-coloquio-de-politicas-educacionais-na-amazonia-amapaense-a-pesquisa-como-produto-historico-das-relacoes-sociais-concretas-633521\/\">clique aqui<\/a><\/h3><h3>\u00a0<\/h3><h1 style=\"text-align: center\"><strong>PROGRAMA\u00c7\u00c3O<\/strong><\/h1><h2 style=\"text-align: center\"><strong>DATA: 16\/10\/2025\u00a0<\/strong><\/h2><h3><strong>14h00 \u2013 Credenciamento <\/strong><\/h3><h3><strong>14h30 \u2013 Abertura<\/strong><\/h3><h3><strong>15h00 \u2013 MESA 1 &#8220;Pol\u00edticas Educacionais na Amaz\u00f4nia Amapaense: a pesquisa como produto hist\u00f3rico das rela\u00e7\u00f5es sociais concretas&#8221;<\/strong><\/h3><p>Prof. Dr. Andr\u00e9 Rodrigues Guimar\u00e3es<br \/>Profa. Dra. Ant\u00f4nia Costa Andrade <br \/>Prof. Dr. Sidney da Silva Lobato<br \/>Mediadora: Profa. Dra. C\u00e1ssia Hack<\/p><p><strong>18h00 \u2013 MESA 2 &#8220;Pol\u00edticas Educacionais em Contextos Espec\u00edficos&#8221;<\/strong><\/p><p>Condi\u00e7\u00f5es de permanecia de estudantes cotistas em cursos de gradua\u00e7\u00e3o da UNIFAP \u2014 Campos Marco Zero<br \/>Profa. Mestranda Elaine da Silva Gomes<\/p><p>Acesso e permanecia dos estudantes ribeirinhos no campus Mazagao da UNIFAP (20113 a 2023)<br \/>Profa. Mestranda Vera Guaciara Cardoso Ferreira<\/p><p>Direito \u00e0 educa\u00e7\u00e3o: uma an\u00e1lise da educa\u00e7\u00e3o espec\u00edfica e diferenciada ind\u00edgena na Amaz\u00f4nia amapaense<br \/>Prof. Mestrando Geomar de Nazare Fogassa<\/p><p>A implementa\u00e7\u00e3o das Diretrizes Curriculares Nacionais para a Educa\u00e7\u00e3o Escolar Quilombola na rede Estadual de Ensino do Amap\u00e1: o caso da Esc<span class=\"more-show-hide\">ola Quilombola Estadual professor Ant\u00f4nio Figueiredo da Silva (2012-2024)<br \/>Prof. Mestrando Jonathan Rafael de Jesus da Silva<br \/><\/span><\/p><p><span class=\"more-show-hide\">Mediadora: Profa. Mestranda Jessica Lene Nascimento da Costa Medeiros<\/span><\/p><h2>\u00a0<\/h2><h2 style=\"text-align: center\"><strong>DATA: 17\/10\/2025\u00a0<\/strong><\/h2><h3><strong>14h00 \u2013 <\/strong><strong>MESA 3 &#8220;Pol\u00edticas Educacionais em Contextos de Inclus\u00e3o e Diversidade Educacional&#8221;<\/strong><\/h3><p>Atua\u00e7\u00e3o do profissional de apoio pedag\u00f3gico escolar e a precariza\u00e7\u00e3o da profiss\u00e3o de cuidador escolar no Estado do Amap\u00e1, munic\u00edpio de Macap\u00e1 <br \/>Profa. Mestranda Andreza Damasceno Costa Borges<\/p><p>&#8220;Th\u00e9o no Santu\u00e1rio &#8211; Acesso e perman\u00eancia de alunos com TEA ao ensino fundamental 1 nas escolas da rede estadual de ensino em Macap\u00e1, AP- Brasil &#8211; De onde vir\u00e1 o Socorro?&#8221;<br \/>Prof. Mestrando Eduardo Patricio Barbosa Cardoso<\/p><p>A pol\u00edtica de Educa\u00e7\u00e3o em Direitos Humanos como estrat\u00e9gia contra o discurso de \u00f3dio na m\u00eddia<br \/>Profa. Doutoranda Elisangela Lima de Andrade<\/p><p>Mediad<span class=\"more-show-hide\">or: Prof. Mestrando Jonathan Rafael de Jesus da Silva<\/span><\/p><h3><strong>16h00 \u2013 MESA 4 &#8220;Pol\u00edticas Educacionais para Forma\u00e7\u00e3o de Professores&#8221;<\/strong><\/h3><p>Pol\u00edtica de educa\u00e7\u00e3o continuada aos professores da educa\u00e7\u00e3o b\u00e1sica na cidade de Macap\u00e1 -AP<br \/>Profa. Mestranda Alrivete Praia Farias<\/p><p>O novo FUNDEB e a gest\u00e3o democr\u00e1tica na Educa\u00e7\u00e3o B\u00e1sica: a regulamentar do valor aluno no munic\u00edpios amapaense (2023-2025)<br \/>Profa. Mestranda Maria Walkiria Andrade Cardoso<\/p><p>A DCN da forma\u00e7\u00e3o de professores: intersec\u00e7\u00f5es e rupturas na trajet\u00f3ria do curso de Pedagogia\/UNIFAP (1990-2024)<br \/>Profa. Mestranda Jessica Lene Nascimento da Costa Medeiros<\/p><p>Mediador: Paulo Magalh\u00e3es Monard Nascimento<\/p><h3><strong>18h00 \u2013 MESA 5 &#8220;Pol\u00edticas Educacionais, Trabalho Docente e Reforma do Ensino M\u00e9dio&#8221;<\/strong><\/h3><p>Reforma do ensino m\u00e9dio em Breves-PA<br \/>Prof. Mestrando Vinicius Nascimento dos Santos<\/p><p>Implica\u00e7\u00f5es das pol\u00edticas educacionais sobre contexto de trabalho e sa\u00fade docente: repercuss\u00f5es sobre a qualidade de vida de professores e professoras de escolas p\u00fablicas de Educa\u00e7\u00e3o B\u00e1sica do Amap\u00e1<br \/>Prof. Doutorando Paulo Magalhaes Monard Nascimento<\/p><p>Mediadora: Profa. Mestranda Alrivete Praia Farias<\/p><h2 style=\"text-align: center\">\u00a0<\/h2><h2 style=\"text-align: center\">\u00a0<\/h2><p><span class=\"more-show-hide\">\u00a0<\/span><\/p><\/div>\n\t\t\t\t\t\t\t\t\t<div class=\"elementor-tab-title elementor-tab-mobile-title\" aria-selected=\"false\" data-tab=\"2\" role=\"tab\" tabindex=\"-1\" aria-controls=\"elementor-tab-content-1002\" aria-expanded=\"false\">2024<\/div>\n\t\t\t\t\t<div id=\"elementor-tab-content-1002\" class=\"elementor-tab-content elementor-clearfix\" data-tab=\"2\" role=\"tabpanel\" aria-labelledby=\"elementor-tab-title-1002\" tabindex=\"0\" hidden=\"hidden\"><p><img decoding=\"async\" class=\"size-medium wp-image-5785 alignleft\" src=\"http:\/\/www2.unifap.br\/ppged\/files\/2024\/10\/III-SEMINARIO-ESTADUAL-AMAPAENSE-DA-ANPAE-E-V-COLOQUIO-ESTADO-E-POLITICAS-EDUCACIONAIS-300x300.jpeg\" alt=\"\" width=\"300\" height=\"300\" srcset=\"https:\/\/www2.unifap.br\/ppged\/files\/2024\/10\/III-SEMINARIO-ESTADUAL-AMAPAENSE-DA-ANPAE-E-V-COLOQUIO-ESTADO-E-POLITICAS-EDUCACIONAIS-300x300.jpeg 300w, https:\/\/www2.unifap.br\/ppged\/files\/2024\/10\/III-SEMINARIO-ESTADUAL-AMAPAENSE-DA-ANPAE-E-V-COLOQUIO-ESTADO-E-POLITICAS-EDUCACIONAIS-1024x1024.jpeg 1024w, https:\/\/www2.unifap.br\/ppged\/files\/2024\/10\/III-SEMINARIO-ESTADUAL-AMAPAENSE-DA-ANPAE-E-V-COLOQUIO-ESTADO-E-POLITICAS-EDUCACIONAIS-150x150.jpeg 150w, https:\/\/www2.unifap.br\/ppged\/files\/2024\/10\/III-SEMINARIO-ESTADUAL-AMAPAENSE-DA-ANPAE-E-V-COLOQUIO-ESTADO-E-POLITICAS-EDUCACIONAIS-768x768.jpeg 768w, https:\/\/www2.unifap.br\/ppged\/files\/2024\/10\/III-SEMINARIO-ESTADUAL-AMAPAENSE-DA-ANPAE-E-V-COLOQUIO-ESTADO-E-POLITICAS-EDUCACIONAIS-600x600.jpeg 600w, https:\/\/www2.unifap.br\/ppged\/files\/2024\/10\/III-SEMINARIO-ESTADUAL-AMAPAENSE-DA-ANPAE-E-V-COLOQUIO-ESTADO-E-POLITICAS-EDUCACIONAIS.jpeg 1080w\" sizes=\"(max-width: 300px) 100vw, 300px\" \/><\/p><p style=\"text-align: left\"><strong>III SEMIN\u00c1RIO ESTADUAL AMAPAENSE DA ANPAE E V COL\u00d3QUIO ESTADO <\/strong><strong>E POL\u00cdTICAS EDUCACIONAIS<\/strong><\/p><p style=\"text-align: left\"><strong>\u201cDESAFIOS DA GARANTIA DO DIREITO \u00c0 EDUCA\u00c7\u00c3O NA AMAZ\u00d4NIA AMAPAENSE\u201d<\/strong><\/p><p style=\"text-align: left\"><strong>\u00a0<\/strong>29, 30 e 31 de outubro de 2024<\/p><p>Regras de submiss\u00e3o (<a href=\"http:\/\/www2.unifap.br\/ppged\/files\/2024\/10\/REGRAS-PARA-SUBMISSAO-DE-TRABALHOS.pdf\" target=\"_blank\" rel=\"noopener\">clique aqui<\/a>).<\/p><p style=\"text-align: center\"><strong>PROGRAMA\u00c7\u00c3O<\/strong><\/p><p><strong>DATA: 29\/10\/2024 &#8211; Local: Audit\u00f3rio da Biblioteca\/Unifap<\/strong><\/p><p>14h \u2013 Credenciamento<\/p><p>15h \u2013 Apresenta\u00e7\u00e3o Cultural<\/p><p>15h30 &#8211; MESA DE ABERTURA<\/p><p>16h \u2013 <strong>Confer\u00eancia de Abertura<\/strong> \u201c<strong>Desafios da garantia do direito \u00e0 educa\u00e7\u00e3o na Amaz\u00f4nia amapaense\u201d<\/strong><\/p><p>Conferencista: Luiz Fernandes Dourado (Presidente da ANPAE)<\/p><p>Coordena\u00e7\u00e3o: Antonia Andrade (PPGED\/Unifap e Diretora ANPAE-AP)<\/p><p>17h30 \u2013 Lan\u00e7amento de Livro<\/p><p><strong>DATA: 30\/10\/2024 \u2013 Local: Audit\u00f3rio da Biblioteca\/Unifap<\/strong><\/p><p>8h \u00e0s 10h &#8211; Apresenta\u00e7\u00e3o de trabalhos por Eixo<\/p><p>10h30 &#8211; <strong>MESA 1: Pol\u00edticas de Educa\u00e7\u00e3o B\u00e1sica<\/strong><\/p><p>Expositoras: \u00c1urea Martins (UFRA); Norma Iracema Ferreira (PPGED\/Unifap) e Erlani Favacho (Egressa PPGED\/Unifap)<\/p><p>Media\u00e7\u00e3o: Val\u00e9ria Novais (PPGED\/Unifap)<\/p><p>14h \u00e0s 16h &#8211; Apresenta\u00e7\u00e3o de trabalhos por Eixo<\/p><p>16h30 &#8211; <strong>MESA 2: Pol\u00edticas de Educa\u00e7\u00e3o Superior<\/strong><\/p><p>Expositores: Fab\u00edola Kato (PPGED\/UFPA); Helena Sim\u00f5es (PPGED\/Unifap) e Sidney Lobato (PPGED\/Unifap)<\/p><p>Media\u00e7\u00e3o: Efig\u00eania Rodrigues (Vice-Diretora ANPAE-AP)<\/p><p><strong>DATA: 31\/10\/2024 \u2013 Local: Audit\u00f3rio de Eng. El\u00e9trica \u2013 DCET\/Unifap<\/strong><\/p><p>14h30 &#8211; <strong>MESA 3: Entidades acad\u00eamico-cient\u00edficas e movimentos sociais na constru\u00e7\u00e3o na pol\u00edtica educacional: perspectivas e desafios<\/strong><\/p><p>Expositores: K\u00e1tia Fons\u00eaca (ANFOPE); Aildo Silva (Campanha Nacional pelo Direito \u00e0 Educa\u00e7\u00e3o) e Antonia Andrade (ANPAE)<\/p><p>Media\u00e7\u00e3o: C\u00e1ssia Hack (PPGED\/Unifap)<\/p><p>16h30 &#8211; <strong>Confer\u00eancia de Encerramento \u201cO campo da pesquisa em pol\u00edtica educacional na Amaz\u00f4nia\u201d<\/strong><\/p><p>Conferencista: Andr\u00e9 Guimar\u00e3es (PPGED\/Unifap)<\/p><p>Coordena\u00e7\u00e3o: Ilma Barleta (PPGED\/Unifap)<\/p><p>18h Atividade Cultural<\/p><\/div>\n\t\t\t\t\t\t\t<\/div>\n\t\t<\/div>\n\t\t\t\t\t\t<\/div>\n\t\t\t\t<\/div>\n\t\t\t\t\t<\/div>\n\t\t<\/div>\n\t\t\t\t\t<\/div>\n\t\t<\/section>\n\t\t\t\t<\/div>\n\t\t","protected":false},"excerpt":{"rendered":"<p>2025 2024 2025 VI COL\u00d3QUIO ESTADO E POL\u00cdTICAS EDUCACIONAIS NA AMAZ\u00d4NIA AMAPAENSE \u201cA pesquisa como produto hist\u00f3rico das rela\u00e7\u00f5es sociais concretas\u201d 16 e 17 de outubro de 2025 Local: Audit\u00f3rio da Biblioteca Central da Unifap Para inscrever-se clique aqui \u00a0 PROGRAMA\u00c7\u00c3O DATA: 16\/10\/2025\u00a0 14h00 \u2013 Credenciamento 14h30 \u2013 Abertura 15h00 \u2013 MESA 1 &#8220;Pol\u00edticas Educacionais&#8230;<\/p>\n","protected":false},"author":4008,"featured_media":0,"parent":0,"menu_order":0,"comment_status":"closed","ping_status":"closed","template":"elementor_header_footer","meta":{"inline_featured_image":false,"ngg_post_thumbnail":0,"footnotes":""},"folder":[],"class_list":["post-5797","page","type-page","status-publish","hentry","entry"],"_links":{"self":[{"href":"https:\/\/www2.unifap.br\/ppged\/wp-json\/wp\/v2\/pages\/5797","targetHints":{"allow":["GET"]}}],"collection":[{"href":"https:\/\/www2.unifap.br\/ppged\/wp-json\/wp\/v2\/pages"}],"about":[{"href":"https:\/\/www2.unifap.br\/ppged\/wp-json\/wp\/v2\/types\/page"}],"author":[{"embeddable":true,"href":"https:\/\/www2.unifap.br\/ppged\/wp-json\/wp\/v2\/users\/4008"}],"replies":[{"embeddable":true,"href":"https:\/\/www2.unifap.br\/ppged\/wp-json\/wp\/v2\/comments?post=5797"}],"version-history":[{"count":26,"href":"https:\/\/www2.unifap.br\/ppged\/wp-json\/wp\/v2\/pages\/5797\/revisions"}],"predecessor-version":[{"id":7629,"href":"https:\/\/www2.unifap.br\/ppged\/wp-json\/wp\/v2\/pages\/5797\/revisions\/7629"}],"wp:attachment":[{"href":"https:\/\/www2.unifap.br\/ppged\/wp-json\/wp\/v2\/media?parent=5797"}],"wp:term":[{"taxonomy":"folder","embeddable":true,"href":"https:\/\/www2.unifap.br\/ppged\/wp-json\/wp\/v2\/folder?post=5797"}],"curies":[{"name":"wp","href":"https:\/\/api.w.org\/{rel}","templated":true}]}}