{"id":58,"date":"2017-08-23T12:44:39","date_gmt":"2017-08-23T12:44:39","guid":{"rendered":"http:\/\/www2.unifap.br\/ppged\/?page_id=58"},"modified":"2025-02-07T15:00:04","modified_gmt":"2025-02-07T15:00:04","slug":"estrutura-curricular","status":"publish","type":"page","link":"https:\/\/www2.unifap.br\/ppged\/ementas-das-disciplinas\/estrutura-curricular\/","title":{"rendered":"ESTRUTURA CURRICULAR"},"content":{"rendered":"\t\t<div data-elementor-type=\"wp-page\" data-elementor-id=\"58\" class=\"elementor elementor-58\">\n\t\t\t\t\t\t<section class=\"elementor-section elementor-top-section elementor-element elementor-element-30b1d361 elementor-section-boxed elementor-section-height-default elementor-section-height-default\" data-id=\"30b1d361\" data-element_type=\"section\" data-e-type=\"section\">\n\t\t\t\t\t\t<div class=\"elementor-container elementor-column-gap-default\">\n\t\t\t\t\t<div class=\"elementor-column elementor-col-100 elementor-top-column elementor-element elementor-element-4862e11d\" data-id=\"4862e11d\" data-element_type=\"column\" data-e-type=\"column\">\n\t\t\t<div class=\"elementor-widget-wrap elementor-element-populated\">\n\t\t\t\t\t\t<div class=\"elementor-element elementor-element-88bf764 elementor-widget elementor-widget-spacer\" data-id=\"88bf764\" data-element_type=\"widget\" data-e-type=\"widget\" data-widget_type=\"spacer.default\">\n\t\t\t\t<div class=\"elementor-widget-container\">\n\t\t\t\t\t\t\t<div class=\"elementor-spacer\">\n\t\t\t<div class=\"elementor-spacer-inner\"><\/div>\n\t\t<\/div>\n\t\t\t\t\t\t<\/div>\n\t\t\t\t<\/div>\n\t\t\t\t<div class=\"elementor-element elementor-element-61010bf8 elementor-widget elementor-widget-text-editor\" data-id=\"61010bf8\" data-element_type=\"widget\" data-e-type=\"widget\" data-widget_type=\"text-editor.default\">\n\t\t\t\t<div class=\"elementor-widget-container\">\n\t\t\t\t\t\t\t\t\t<p><strong>CURSO DE MESTRADO<\/strong><\/p><p>O Curso de Mestrado em Educa\u00e7\u00e3o da UNIFAP tem dura\u00e7\u00e3o de 24 (vinte e quatro) meses, distribu\u00eddos em 4 (quatro) semestres letivos. A estrutura curricular envolve:<\/p><ul><li>Disciplinas Obrigat\u00f3rias: 3 (tr\u00eas) disciplinas, totalizando 180 (cento e oitenta) horas e 12 (doze) cr\u00e9ditos;<\/li><li>Semin\u00e1rios de Disserta\u00e7\u00e3o: 3 (tr\u00eas) componentes, totalizando 90 (noventa) horas e 6 (seis) cr\u00e9ditos;<\/li><li>Disciplinas Eletivas: em disciplina(s) que totalizem o m\u00ednimo de 60 (sessenta) horas e 4 (quatro) cr\u00e9ditos;<\/li><li>Atividades Programadas: com 60 (sessenta) horas e 4 (quatro) cr\u00e9ditos;<\/li><li>Exame de Qualifica\u00e7\u00e3o;<\/li><li>Apresenta\u00e7\u00e3o da Disserta\u00e7\u00e3o.<\/li><\/ul><p>Para integraliza\u00e7\u00e3o do Curso \u00e9 necess\u00e1rio ainda a comprova\u00e7\u00e3o de Profici\u00eancia em 1 (uma) L\u00edngua Estrangeira.<\/p><p>\u00a0<\/p><p><strong>CURSO DE DOUTORADO<\/strong><\/p><p>O Curso de Doutorado em Educa\u00e7\u00e3o da UNIFAP tem dura\u00e7\u00e3o de 48 (quarenta e oito) meses. Sua estrutura\u00e7\u00e3o curricular engloba:<\/p><ul><li>Disciplinas Obrigat\u00f3rias: 3 Disciplinas, totalizando 180 (cento e oitenta) horas e 12 (doze) cr\u00e9ditos;<\/li><li>Semin\u00e1rios de Pesquisa: 4 (quatro) componentes,\u00a0 totalizando 240 (duzentos e quarenta) horas e 16 (dezesseis) cr\u00e9ditos;<\/li><li>Disciplinas Eletivas: com o m\u00ednimo de 2 (duas) Disciplinas, que totalizem 120 (cento e vinte) horas e 8 (oito) cr\u00e9ditos;<\/li><li>Atividades Programadas: com 120 (cento e vinte) horas e 8 (oito) cr\u00e9ditos;<\/li><li>Est\u00e1gio em Doc\u00eancia no Ensino Superior: com 60 (sessenta) horas e 4 (quatro) cr\u00e9ditos;<\/li><li>Atividades de Inser\u00e7\u00e3o Social: com120 (cento e vinte) horas e 8 (oito) cr\u00e9ditos;<\/li><li>Qualifica\u00e7\u00e3o de Tese;<\/li><li>Defesa de Tese.<\/li><\/ul><p>Para integraliza\u00e7\u00e3o do Curso \u00e9 necess\u00e1rio tamb\u00e9m a comprova\u00e7\u00e3o de Profici\u00eancia em 2 (duas) L\u00ednguas Estrangeiras.<\/p><p>\u00a0<\/p>\t\t\t\t\t\t\t\t<\/div>\n\t\t\t\t<\/div>\n\t\t\t\t\t<\/div>\n\t\t<\/div>\n\t\t\t\t\t<\/div>\n\t\t<\/section>\n\t\t\t\t<\/div>\n\t\t","protected":false},"excerpt":{"rendered":"<p>CURSO DE MESTRADO O Curso de Mestrado em Educa\u00e7\u00e3o da UNIFAP tem dura\u00e7\u00e3o de 24 (vinte e quatro) meses, distribu\u00eddos em 4 (quatro) semestres letivos. A estrutura curricular envolve: Disciplinas Obrigat\u00f3rias: 3 (tr\u00eas) disciplinas, totalizando 180 (cento e oitenta) horas e 12 (doze) cr\u00e9ditos; Semin\u00e1rios de Disserta\u00e7\u00e3o: 3 (tr\u00eas) componentes, totalizando 90 (noventa) horas e&#8230;<\/p>\n","protected":false},"author":1095,"featured_media":0,"parent":46,"menu_order":1,"comment_status":"open","ping_status":"open","template":"elementor_header_footer","meta":{"inline_featured_image":false,"ngg_post_thumbnail":0,"footnotes":""},"folder":[],"class_list":["post-58","page","type-page","status-publish","hentry","entry"],"_links":{"self":[{"href":"https:\/\/www2.unifap.br\/ppged\/wp-json\/wp\/v2\/pages\/58","targetHints":{"allow":["GET"]}}],"collection":[{"href":"https:\/\/www2.unifap.br\/ppged\/wp-json\/wp\/v2\/pages"}],"about":[{"href":"https:\/\/www2.unifap.br\/ppged\/wp-json\/wp\/v2\/types\/page"}],"author":[{"embeddable":true,"href":"https:\/\/www2.unifap.br\/ppged\/wp-json\/wp\/v2\/users\/1095"}],"replies":[{"embeddable":true,"href":"https:\/\/www2.unifap.br\/ppged\/wp-json\/wp\/v2\/comments?post=58"}],"version-history":[{"count":12,"href":"https:\/\/www2.unifap.br\/ppged\/wp-json\/wp\/v2\/pages\/58\/revisions"}],"predecessor-version":[{"id":6188,"href":"https:\/\/www2.unifap.br\/ppged\/wp-json\/wp\/v2\/pages\/58\/revisions\/6188"}],"up":[{"embeddable":true,"href":"https:\/\/www2.unifap.br\/ppged\/wp-json\/wp\/v2\/pages\/46"}],"wp:attachment":[{"href":"https:\/\/www2.unifap.br\/ppged\/wp-json\/wp\/v2\/media?parent=58"}],"wp:term":[{"taxonomy":"folder","embeddable":true,"href":"https:\/\/www2.unifap.br\/ppged\/wp-json\/wp\/v2\/folder?post=58"}],"curies":[{"name":"wp","href":"https:\/\/api.w.org\/{rel}","templated":true}]}}