{"id":632,"date":"2018-08-15T20:01:27","date_gmt":"2018-08-15T20:01:27","guid":{"rendered":"http:\/\/www2.unifap.br\/ppged\/?page_id=632"},"modified":"2018-08-20T04:04:20","modified_gmt":"2018-08-20T04:04:20","slug":"i-seminario-estado-e-politica-educacional","status":"publish","type":"page","link":"https:\/\/www2.unifap.br\/ppged\/events\/i-seminario-estado-e-politica-educacional\/","title":{"rendered":"I Semin\u00e1rio Estado e Pol\u00edtica Educacional"},"content":{"rendered":"<p align=\"center\"><b>APRESENTA\u00c7\u00c3O<\/b><\/p>\n<p>&nbsp;<\/p>\n<p>O Semin\u00e1rio Estado e Pol\u00edtica Educacional constitui-se em espa\u00e7o de debates com confer\u00eancia, mesas tem\u00e1ticas e produ\u00e7\u00f5es cient\u00edficas, apresentadas na forma de comunica\u00e7\u00e3o oral, organizado a partir dos seguintes Grupos de Trabalho (GT):<\/p>\n<p>&nbsp;<\/p>\n<p>GT 1: Pol\u00edtica e Gest\u00e3o da Educa\u00e7\u00e3o B\u00e1sica<\/p>\n<p>GT 2: Pol\u00edticas de Educa\u00e7\u00e3o Superior<\/p>\n<p>GT 3: Pol\u00edtica, Educa\u00e7\u00e3o e Diversidades<\/p>\n<p>GT 4: Pol\u00edtica de Forma\u00e7\u00e3o e Trabalho Docente<\/p>\n<p>&nbsp;<\/p>\n<p>O evento foi uma realiza\u00e7\u00e3o do Curso de P\u00f3s-Gradua\u00e7\u00e3o\u00a0<i>Lato Sensu<\/i>\u00a0em Pol\u00edtica Educacional (CEPE), vinculado ao Curso de Pedagogia e ao Departamento de P\u00f3s-Gradua\u00e7\u00e3o da Universidade Federal do Amap\u00e1 (UNIFAP), destinou-se ao aprimoramento acad\u00eamico de estudantes, docentes e outros trabalhadores da educa\u00e7\u00e3o, para o desenvolvimento de atividades de ensino, pesquisa e interven\u00e7\u00e3o em pol\u00edticas educacionais.<\/p>\n<p>Teve como objetivo central a socializa\u00e7\u00e3o da produ\u00e7\u00e3o intelectual dos alunos do CEPE e de outros pesquisadores, que estudam e discutem pol\u00edtica educacional em n\u00edvel nacional e local, analisando suas repercuss\u00f5es na educa\u00e7\u00e3o b\u00e1sica e superior no Amap\u00e1.<\/p>\n<p>Agradecemos a todas as pessoas, institui\u00e7\u00f5es e grupos de pesquisas que contribu\u00edram para a realiza\u00e7\u00e3o deste evento, na expectativa de que as discuss\u00f5es e debates realizados propiciem avan\u00e7os significativos na produ\u00e7\u00e3o do conhecimento, na forma\u00e7\u00e3o de profissionais e pesquisadores e na melhoria da qualidade socialmente referenciada da educa\u00e7\u00e3o, especialmente, amapaense.<\/p>\n<p><b>\u00a0<\/b><\/p>\n<p align=\"right\"><b>Comiss\u00e3o Organizadora<\/b><\/p>\n","protected":false},"excerpt":{"rendered":"<p>APRESENTA\u00c7\u00c3O &nbsp; O Semin\u00e1rio Estado e Pol\u00edtica Educacional constitui-se em espa\u00e7o de debates com confer\u00eancia, mesas tem\u00e1ticas e produ\u00e7\u00f5es cient\u00edficas, apresentadas na forma de comunica\u00e7\u00e3o oral, organizado a partir dos seguintes Grupos de Trabalho (GT): &nbsp; GT 1: Pol\u00edtica e Gest\u00e3o da Educa\u00e7\u00e3o B\u00e1sica GT 2: Pol\u00edticas de Educa\u00e7\u00e3o Superior GT 3: Pol\u00edtica, Educa\u00e7\u00e3o e&#8230;<\/p>\n","protected":false},"author":1095,"featured_media":0,"parent":203,"menu_order":3,"comment_status":"closed","ping_status":"open","template":"","meta":{"inline_featured_image":false,"ngg_post_thumbnail":0,"footnotes":""},"folder":[],"class_list":["post-632","page","type-page","status-publish","hentry","entry"],"_links":{"self":[{"href":"https:\/\/www2.unifap.br\/ppged\/wp-json\/wp\/v2\/pages\/632","targetHints":{"allow":["GET"]}}],"collection":[{"href":"https:\/\/www2.unifap.br\/ppged\/wp-json\/wp\/v2\/pages"}],"about":[{"href":"https:\/\/www2.unifap.br\/ppged\/wp-json\/wp\/v2\/types\/page"}],"author":[{"embeddable":true,"href":"https:\/\/www2.unifap.br\/ppged\/wp-json\/wp\/v2\/users\/1095"}],"replies":[{"embeddable":true,"href":"https:\/\/www2.unifap.br\/ppged\/wp-json\/wp\/v2\/comments?post=632"}],"version-history":[{"count":1,"href":"https:\/\/www2.unifap.br\/ppged\/wp-json\/wp\/v2\/pages\/632\/revisions"}],"predecessor-version":[{"id":633,"href":"https:\/\/www2.unifap.br\/ppged\/wp-json\/wp\/v2\/pages\/632\/revisions\/633"}],"up":[{"embeddable":true,"href":"https:\/\/www2.unifap.br\/ppged\/wp-json\/wp\/v2\/pages\/203"}],"wp:attachment":[{"href":"https:\/\/www2.unifap.br\/ppged\/wp-json\/wp\/v2\/media?parent=632"}],"wp:term":[{"taxonomy":"folder","embeddable":true,"href":"https:\/\/www2.unifap.br\/ppged\/wp-json\/wp\/v2\/folder?post=632"}],"curies":[{"name":"wp","href":"https:\/\/api.w.org\/{rel}","templated":true}]}}