{"id":672,"date":"2018-08-20T14:51:53","date_gmt":"2018-08-20T14:51:53","guid":{"rendered":"http:\/\/www2.unifap.br\/ppged\/?page_id=672"},"modified":"2018-12-12T12:41:04","modified_gmt":"2018-12-12T12:41:04","slug":"dialogos-em-educacao","status":"publish","type":"page","link":"https:\/\/www2.unifap.br\/ppged\/events\/dialogos-em-educacao\/","title":{"rendered":"Di\u00e1logos em educa\u00e7\u00e3o"},"content":{"rendered":"<p>Di\u00e1logos em Educa\u00e7\u00e3o \u00e9 uma atividade acad\u00eamica permanente do Programa de P\u00f3s-gradua\u00e7\u00e3o em Educa\u00e7\u00e3o da Universidade Federal do Amap\u00e1.<\/p>\n<p>Os encontros, com temas diversos relacionados \u00e0 educa\u00e7\u00e3o, s\u00e3o abertos ao p\u00fablico em geral. Para cada sess\u00e3o de di\u00e1logo em educa\u00e7\u00e3o teremos um(a) convidado(a) e um(a) representante do PPGED como mediador(a). A atividade ocorrer\u00e1 mensalmente, em local, dia e hor\u00e1rio previamente divulgado.<\/p>\n<h5><strong><span style=\"color: #993300\">1\u00ba Di\u00e1logos em Educa\u00e7\u00e3o<\/span><\/strong><\/h5>\n<address>As interconex\u00f5es do pensamento pol\u00edtico-pedag\u00f3gico de Paulo Freire<\/address>\n<address>Prof. Dr. Afonso Celso Caldeira Scocuglia (UFPB)<\/address>\n<address>22 de agosto de 2018 &#8211; 14h &#8211; Audit\u00f3rio do CEPA <em>(Campus<\/em> Marco Zero &#8211; Unifap)<\/address>\n<address>\u00a0<\/address>\n<address>\n<h5><span style=\"color: #993300\"><strong>2\u00ba Di\u00e1logos em Educa\u00e7\u00e3o<\/strong><\/span><\/h5>\n<address>Marxismo, Estado e a rela\u00e7\u00e3o trabalho-educa\u00e7\u00e3o na atualidade<\/address>\n<address>Prof. Dr. Caio Sgarbi Antunes (UFG)<\/address>\n<address>13 de dezembro de 2018 &#8211; 18h30 &#8211; Bloco K, Sala 1\u00a0<em>(Campus<\/em>\u00a0Marco Zero &#8211; Unifap)<\/address>\n<\/address>\n","protected":false},"excerpt":{"rendered":"<p>Di\u00e1logos em Educa\u00e7\u00e3o \u00e9 uma atividade acad\u00eamica permanente do Programa de P\u00f3s-gradua\u00e7\u00e3o em Educa\u00e7\u00e3o da Universidade Federal do Amap\u00e1. Os encontros, com temas diversos relacionados \u00e0 educa\u00e7\u00e3o, s\u00e3o abertos ao p\u00fablico em geral. Para cada sess\u00e3o de di\u00e1logo em educa\u00e7\u00e3o teremos um(a) convidado(a) e um(a) representante do PPGED como mediador(a). A atividade ocorrer\u00e1 mensalmente, em&#8230;<\/p>\n","protected":false},"author":1095,"featured_media":0,"parent":203,"menu_order":0,"comment_status":"closed","ping_status":"open","template":"","meta":{"inline_featured_image":false,"ngg_post_thumbnail":0,"footnotes":""},"folder":[],"class_list":["post-672","page","type-page","status-publish","hentry","entry"],"_links":{"self":[{"href":"https:\/\/www2.unifap.br\/ppged\/wp-json\/wp\/v2\/pages\/672","targetHints":{"allow":["GET"]}}],"collection":[{"href":"https:\/\/www2.unifap.br\/ppged\/wp-json\/wp\/v2\/pages"}],"about":[{"href":"https:\/\/www2.unifap.br\/ppged\/wp-json\/wp\/v2\/types\/page"}],"author":[{"embeddable":true,"href":"https:\/\/www2.unifap.br\/ppged\/wp-json\/wp\/v2\/users\/1095"}],"replies":[{"embeddable":true,"href":"https:\/\/www2.unifap.br\/ppged\/wp-json\/wp\/v2\/comments?post=672"}],"version-history":[{"count":5,"href":"https:\/\/www2.unifap.br\/ppged\/wp-json\/wp\/v2\/pages\/672\/revisions"}],"predecessor-version":[{"id":788,"href":"https:\/\/www2.unifap.br\/ppged\/wp-json\/wp\/v2\/pages\/672\/revisions\/788"}],"up":[{"embeddable":true,"href":"https:\/\/www2.unifap.br\/ppged\/wp-json\/wp\/v2\/pages\/203"}],"wp:attachment":[{"href":"https:\/\/www2.unifap.br\/ppged\/wp-json\/wp\/v2\/media?parent=672"}],"wp:term":[{"taxonomy":"folder","embeddable":true,"href":"https:\/\/www2.unifap.br\/ppged\/wp-json\/wp\/v2\/folder?post=672"}],"curies":[{"name":"wp","href":"https:\/\/api.w.org\/{rel}","templated":true}]}}