{"id":7183,"date":"2025-05-13T03:03:15","date_gmt":"2025-05-13T03:03:15","guid":{"rendered":"https:\/\/www2.unifap.br\/ppged\/?page_id=7183"},"modified":"2025-05-13T03:23:33","modified_gmt":"2025-05-13T03:23:33","slug":"noticias","status":"publish","type":"page","link":"https:\/\/www2.unifap.br\/ppged\/noticias\/","title":{"rendered":"Not\u00edcias"},"content":{"rendered":"\t\t<div data-elementor-type=\"wp-page\" data-elementor-id=\"7183\" class=\"elementor elementor-7183\">\n\t\t\t\t\t\t<section class=\"elementor-section elementor-top-section elementor-element elementor-element-3336f60 elementor-section-boxed elementor-section-height-default elementor-section-height-default\" data-id=\"3336f60\" data-element_type=\"section\" data-e-type=\"section\">\n\t\t\t\t\t\t<div class=\"elementor-container elementor-column-gap-default\">\n\t\t\t\t\t<div class=\"elementor-column elementor-col-100 elementor-top-column elementor-element elementor-element-2aec4e5\" data-id=\"2aec4e5\" data-element_type=\"column\" data-e-type=\"column\">\n\t\t\t<div class=\"elementor-widget-wrap elementor-element-populated\">\n\t\t\t\t\t\t<div class=\"elementor-element elementor-element-9ea99e0 animated-slow elementor-invisible elementor-widget elementor-widget-eael-post-timeline\" data-id=\"9ea99e0\" data-element_type=\"widget\" data-e-type=\"widget\" data-settings=\"{&quot;_animation&quot;:&quot;fadeIn&quot;}\" data-widget_type=\"eael-post-timeline.default\">\n\t\t\t\t<div class=\"elementor-widget-container\">\n\t\t\t\t\t<div id=\"eael-post-timeline-9ea99e0\" class=\"eael-post-timeline timeline-layout-card eael-post-timeline-arrow-middle\">\n            <div class=\"eael-post-timeline eael-post-appender eael-post-appender-9ea99e0\"><article class=\"eael-timeline-post\">\n    <div class=\"eael-timeline-bullet\"><\/div>\n    <div class=\"eael-timeline-post-inner\">\n        <a class=\"eael-timeline-post-link\" href=\"https:\/\/www2.unifap.br\/ppged\/2026\/03\/07\/aluno-especial-2026-1\/\" title=\"ALUNO ESPECIAL &#8211; SEMESTRE LETIVO 2026.1 (mar\u00e7o a julho 2026)\">\n            <time datetime=\"7 de mar\u00e7o de 2026\">7 de mar\u00e7o de 2026<\/time>\n            <div class=\"eael-timeline-content\"><div class=\"eael-timeline-post-title\">\n\t\t                    <h2 class=\"eael-timeline-post-title-text\">ALUNO ESPECIAL &#8211; SEMESTRE LETIVO 2026.1 (mar\u00e7o a julho 2026)<\/h2>\n\t\t                <\/div><div class=\"eael-timeline-post-excerpt\"><p>Vagas para aluno(a) especial no semestre letivo 2026.1 Per\u00edodo letivo:...<\/p><\/div><\/div><\/a>\n    <\/div>\n    <div class=\"eael-timeline-clear\"><\/div>\n<\/article><article class=\"eael-timeline-post\">\n    <div class=\"eael-timeline-bullet\"><\/div>\n    <div class=\"eael-timeline-post-inner\">\n        <a class=\"eael-timeline-post-link\" href=\"https:\/\/www2.unifap.br\/ppged\/2026\/02\/10\/selecao-2026-mestrado-e-doutorado-em-educacao-ppged-unifap\/\" title=\"Sele\u00e7\u00e3o 2026 \u2014 Mestrado e Doutorado em Educa\u00e7\u00e3o (PPGED\/Unifap)\">\n            <time datetime=\"10 de fevereiro de 2026\">10 de fevereiro de 2026<\/time>\n            <div class=\"eael-timeline-content\"><div class=\"eael-timeline-post-title\">\n\t\t                    <h2 class=\"eael-timeline-post-title-text\">Sele\u00e7\u00e3o 2026 \u2014 Mestrado e Doutorado em Educa\u00e7\u00e3o (PPGED\/Unifap)<\/h2>\n\t\t                <\/div><div class=\"eael-timeline-post-excerpt\"><p>J\u00e1 est\u00e3o no ar os editais da sele\u00e7\u00e3o para as...<\/p><\/div><\/div><\/a>\n    <\/div>\n    <div class=\"eael-timeline-clear\"><\/div>\n<\/article><article class=\"eael-timeline-post\">\n    <div class=\"eael-timeline-bullet\"><\/div>\n    <div class=\"eael-timeline-post-inner\">\n        <a class=\"eael-timeline-post-link\" href=\"https:\/\/www2.unifap.br\/ppged\/2026\/01\/26\/pesa-romulo\/\" title=\"NOTA DE PESAR &#8211; R\u00d4MULO CAMBRAIA RIBEIRO\">\n            <time datetime=\"26 de janeiro de 2026\">26 de janeiro de 2026<\/time>\n            <div class=\"eael-timeline-content\"><div class=\"eael-timeline-post-title\">\n\t\t                    <h2 class=\"eael-timeline-post-title-text\">NOTA DE PESAR &#8211; R\u00d4MULO CAMBRAIA RIBEIRO<\/h2>\n\t\t                <\/div><div class=\"eael-timeline-post-excerpt\"><p>O Programa de P\u00f3s-Gradua\u00e7\u00e3o em Educa\u00e7\u00e3o (PPGED) da Universidade Federal...<\/p><\/div><\/div><\/a>\n    <\/div>\n    <div class=\"eael-timeline-clear\"><\/div>\n<\/article><article class=\"eael-timeline-post\">\n    <div class=\"eael-timeline-bullet\"><\/div>\n    <div class=\"eael-timeline-post-inner\">\n        <a class=\"eael-timeline-post-link\" href=\"https:\/\/www2.unifap.br\/ppged\/2026\/01\/16\/resultado-final-bolsas-de-estudos-temporarias-chamada-ppged-unifap-n-01-2026\/\" title=\"RESULTADO FINAL &#8211; BOLSAS DE ESTUDOS TEMPOR\u00c1RIAS &#8211; CHAMADA PPGED\/UNIFAP N. 01\/2026\">\n            <time datetime=\"16 de janeiro de 2026\">16 de janeiro de 2026<\/time>\n            <div class=\"eael-timeline-content\"><div class=\"eael-timeline-post-title\">\n\t\t                    <h2 class=\"eael-timeline-post-title-text\">RESULTADO FINAL &#8211; BOLSAS DE ESTUDOS TEMPOR\u00c1RIAS &#8211; CHAMADA PPGED\/UNIFAP N. 01\/2026<\/h2>\n\t\t                <\/div><div class=\"eael-timeline-post-excerpt\"><p>PROCESSO SELETIVO INTERNO \u2013 BOLSAS DE ESTUDOS TEMPOR\u00c1RIAS (PPGED\/UNIFAP) O...<\/p><\/div><\/div><\/a>\n    <\/div>\n    <div class=\"eael-timeline-clear\"><\/div>\n<\/article><\/div>\n\t\t<\/div>            <div class=\"eael-load-more-button-wrap\">\n                <button class=\"eael-load-more-button\" id=\"eael-load-more-btn-9ea99e0\" data-widget-id=\"9ea99e0\" data-widget=\"9ea99e0\" data-page-id=\"7183\" data-template=\"{&quot;dir&quot;:&quot;lite&quot;,&quot;file_name&quot;:&quot;card.php&quot;,&quot;name&quot;:&quot;Post-Timeline&quot;}\" data-class=\"Essential_Addons_Elementor\\Elements\\Post_Timeline\" data-layout=\"\" data-page=\"1\" data-args=\"orderby=date&amp;order=desc&amp;ignore_sticky_posts=1&amp;post_status=publish&amp;posts_per_page=4&amp;offset=0&amp;post_type=post\" data-max-page=\"36\">\n                    <span class=\"eael-btn-loader button__loader\"><\/span>\n                    <span class=\"eael_load_more_text\">Carregar mais<\/span>\n                <\/button>\n            <\/div>\n            \t\t\t\t<\/div>\n\t\t\t\t<\/div>\n\t\t\t\t\t<\/div>\n\t\t<\/div>\n\t\t\t\t\t<\/div>\n\t\t<\/section>\n\t\t\t\t<\/div>\n\t\t","protected":false},"excerpt":{"rendered":"<p>30 de abril de 2025 PPGED LAN\u00c7A TR\u00caS EDITAIS DE SELE\u00c7\u00c3O PARA A TURMA 2025 \u00a0 No dia 30 de abril foram publicados os editais&#8230; 24 de abril de 2025 ALUNO ESPECIAL &#8211; SEMESTRE LETIVO 2025.1 (maio a setembro de 2025) SEMESTRE LETIVO 2025.1 (maio a setembro de 2025) Oferta de&#8230; 13 de dezembro de&#8230;<\/p>\n","protected":false},"author":4008,"featured_media":0,"parent":0,"menu_order":0,"comment_status":"closed","ping_status":"closed","template":"elementor_header_footer","meta":{"inline_featured_image":false,"ngg_post_thumbnail":0,"footnotes":""},"folder":[42],"class_list":["post-7183","page","type-page","status-publish","hentry","entry"],"_links":{"self":[{"href":"https:\/\/www2.unifap.br\/ppged\/wp-json\/wp\/v2\/pages\/7183","targetHints":{"allow":["GET"]}}],"collection":[{"href":"https:\/\/www2.unifap.br\/ppged\/wp-json\/wp\/v2\/pages"}],"about":[{"href":"https:\/\/www2.unifap.br\/ppged\/wp-json\/wp\/v2\/types\/page"}],"author":[{"embeddable":true,"href":"https:\/\/www2.unifap.br\/ppged\/wp-json\/wp\/v2\/users\/4008"}],"replies":[{"embeddable":true,"href":"https:\/\/www2.unifap.br\/ppged\/wp-json\/wp\/v2\/comments?post=7183"}],"version-history":[{"count":13,"href":"https:\/\/www2.unifap.br\/ppged\/wp-json\/wp\/v2\/pages\/7183\/revisions"}],"predecessor-version":[{"id":7204,"href":"https:\/\/www2.unifap.br\/ppged\/wp-json\/wp\/v2\/pages\/7183\/revisions\/7204"}],"wp:attachment":[{"href":"https:\/\/www2.unifap.br\/ppged\/wp-json\/wp\/v2\/media?parent=7183"}],"wp:term":[{"taxonomy":"folder","embeddable":true,"href":"https:\/\/www2.unifap.br\/ppged\/wp-json\/wp\/v2\/folder?post=7183"}],"curies":[{"name":"wp","href":"https:\/\/api.w.org\/{rel}","templated":true}]}}