{"id":802,"date":"2019-01-09T19:16:33","date_gmt":"2019-01-09T19:16:33","guid":{"rendered":"http:\/\/www2.unifap.br\/ppged\/?page_id=802"},"modified":"2019-01-22T20:11:56","modified_gmt":"2019-01-22T20:11:56","slug":"inclusao-genero-sexualidades-racaetnia","status":"publish","type":"page","link":"https:\/\/www2.unifap.br\/ppged\/aluno-especial\/inclusao-genero-sexualidades-racaetnia\/","title":{"rendered":"Inclus\u00e3o: G\u00eanero, Sexualidades, Ra\u00e7a\/Etnia"},"content":{"rendered":"<p>Os interessados em cursar como Aluno(a) Especial a Disciplina &#8220;Inclus\u00e3o: G\u00eanero, Sexualidades, Ra\u00e7\u00e3\/Etnia&#8221;, que ser\u00e1 ministrada pelo\u00a0Prof. Dr. Salvador Vidal-Ortiz (AMERICAN UNIVERSITY) devem protocolizar requerimento (modelo do PPGED\/UNIFAP) e Carta de Inten\u00e7\u00f5es na Secretaria do PPGED\/UNIFAP (Bloco K, Sala 4, Campus Marco Zero)\u00a0nos dia 14.01.19, no hor\u00e1rio de 13h30 \u00e0s 18h00. Informamos que os pedidos encaminhados e\/ou entregues antes ou depois dia e hor\u00e1rio indicado ser\u00e3o indeferidos.<\/p>\n<p>Na\u00a0\u00a0Carta de Inten\u00e7\u00f5es (modelo livre de uma lauda) o\/a requerente deve indicar a articula\u00e7\u00e3o da disciplina com o objeto de pesquisa e\/ou atividade profissional\/pessoal, bem como de forma justificada de modo claro e objetivo o interesse em cursar a disciplina. A Carta deve ser impressa e observar as exig\u00eancias normativas de um trabalho acad\u00eamico.<\/p>\n<p><strong>P\u00fablico-alvo da disciplina:<\/strong>\u00a0a) estudantes de p\u00f3s-gradua\u00e7\u00e3o (mestrado, doutorado e especializa\u00e7\u00e3o) e bolsista de Inicia\u00e7\u00e3o Cient\u00edfica, com objeto de estudo vinculado \u00e0 disciplina; b) graduado ou p\u00f3s-graduado com investiga\u00e7\u00e3o ou rela\u00e7\u00e3o pessoal ou profissional com a tem\u00e1tica; c) professores e pesquisadores da educa\u00e7\u00e3o superior que investiguem a tem\u00e1tica.<\/p>\n<p>Ser\u00e3o disponibilizadas 10 (dez) vagas para Alunos(as) Especiais.\u00a0<strong>Em caso de desempate entre os\/as requerentes que tiverem suas Cartas aprovadas, ser\u00e1 considerado como crit\u00e9rios, na seguinte ordem:<\/strong><\/p>\n<p>1. Candidato(a) aprovado(a) no Processo Seletivo do PPGED\/UNIFAP para ingresso em 2019;<\/p>\n<p>2. Pessoa autodeclarada negra, ind\u00edgena, travesti ou transexual (entregar autodeclara\u00e7\u00e3o impressa e assinada);<\/p>\n<p>3. Vincula\u00e7\u00e3o\u00a0 da disciplina com o objeto de estudo e\/ou trabalho;<\/p>\n<p>4. Estudante de mestrado ou doutorado (UNIFAP ou Externo);<\/p>\n<p>5. Docente que atue no campo da tem\u00e1tica da disciplina;<\/p>\n<p>6. Bolsista de Inicia\u00e7\u00e3o Cient\u00edfica com o objeto de estudo vinculado \u00e0 tem\u00e1tica da Disciplina.<\/p>\n<p><strong>Observa\u00e7\u00e3o:<\/strong> n\u00e3o ser\u00e1 selecionado(a) candidato(a) que j\u00e1 tenha sido Aluno(a) Especial do PPGED e teve sua matr\u00edcula cancelada ou tenha sido reprovado ou abandonado a disciplina;<\/p>\n<p>Outras informa\u00e7\u00f5es da disciplina <a href=\"http:\/\/www2.unifap.br\/ppged\/ementas-das-disciplinas\/inclusao-genero-sexualidades-racaetnia\/\">clique aqui<\/a>.<\/p>\n<p>Rela\u00e7\u00e3o de alunos com matriculas deferidas<\/p>\n<ul>\n<li><a href=\"http:\/\/www2.unifap.br\/ppged\/files\/2019\/01\/ALUNOS-ESPECIAIS-MATRICULADOS.docx\">ALUNOS ESPECIAIS MATRICULADOS<\/a><\/li>\n<li><a href=\"http:\/\/www2.unifap.br\/ppged\/files\/2019\/01\/ALUNOS-DO-PPGED-MATRICULADOS.docx\">ALUNOS DO PPGED MATRICULADOS<\/a><\/li>\n<\/ul>\n<p>&nbsp;<\/p>\n","protected":false},"excerpt":{"rendered":"<p>Os interessados em cursar como Aluno(a) Especial a Disciplina &#8220;Inclus\u00e3o: G\u00eanero, Sexualidades, Ra\u00e7\u00e3\/Etnia&#8221;, que ser\u00e1 ministrada pelo\u00a0Prof. Dr. Salvador Vidal-Ortiz (AMERICAN UNIVERSITY) devem protocolizar requerimento (modelo do PPGED\/UNIFAP) e Carta de Inten\u00e7\u00f5es na Secretaria do PPGED\/UNIFAP (Bloco K, Sala 4, Campus Marco Zero)\u00a0nos dia 14.01.19, no hor\u00e1rio de 13h30 \u00e0s 18h00. Informamos que os pedidos&#8230;<\/p>\n","protected":false},"author":1095,"featured_media":0,"parent":571,"menu_order":0,"comment_status":"closed","ping_status":"open","template":"","meta":{"inline_featured_image":false,"ngg_post_thumbnail":0,"footnotes":""},"folder":[],"class_list":["post-802","page","type-page","status-publish","hentry","entry"],"_links":{"self":[{"href":"https:\/\/www2.unifap.br\/ppged\/wp-json\/wp\/v2\/pages\/802","targetHints":{"allow":["GET"]}}],"collection":[{"href":"https:\/\/www2.unifap.br\/ppged\/wp-json\/wp\/v2\/pages"}],"about":[{"href":"https:\/\/www2.unifap.br\/ppged\/wp-json\/wp\/v2\/types\/page"}],"author":[{"embeddable":true,"href":"https:\/\/www2.unifap.br\/ppged\/wp-json\/wp\/v2\/users\/1095"}],"replies":[{"embeddable":true,"href":"https:\/\/www2.unifap.br\/ppged\/wp-json\/wp\/v2\/comments?post=802"}],"version-history":[{"count":2,"href":"https:\/\/www2.unifap.br\/ppged\/wp-json\/wp\/v2\/pages\/802\/revisions"}],"predecessor-version":[{"id":832,"href":"https:\/\/www2.unifap.br\/ppged\/wp-json\/wp\/v2\/pages\/802\/revisions\/832"}],"up":[{"embeddable":true,"href":"https:\/\/www2.unifap.br\/ppged\/wp-json\/wp\/v2\/pages\/571"}],"wp:attachment":[{"href":"https:\/\/www2.unifap.br\/ppged\/wp-json\/wp\/v2\/media?parent=802"}],"wp:term":[{"taxonomy":"folder","embeddable":true,"href":"https:\/\/www2.unifap.br\/ppged\/wp-json\/wp\/v2\/folder?post=802"}],"curies":[{"name":"wp","href":"https:\/\/api.w.org\/{rel}","templated":true}]}}