{"id":820,"date":"2019-01-20T21:40:06","date_gmt":"2019-01-20T21:40:06","guid":{"rendered":"http:\/\/www2.unifap.br\/ppged\/?page_id=820"},"modified":"2019-01-20T21:43:53","modified_gmt":"2019-01-20T21:43:53","slug":"conferencia-magistral-salvador-vidal-ortiz","status":"publish","type":"page","link":"https:\/\/www2.unifap.br\/ppged\/events\/conferencia-magistral-salvador-vidal-ortiz\/","title":{"rendered":"Confer\u00eancia Magistral Salvador Vidal-Ortiz"},"content":{"rendered":"<p>&nbsp;<\/p>\n<p><img decoding=\"async\" alt=\"Resultado de imagem para salvador vidal-ortiz\" src=\"https:\/\/images.sympla.com.br\/5c381c9a821fd-lg.jpg\" \/><\/p>\n<p>para inscrever-se no evento clique no link\u00a0<a title=\"confer\u00eancia Magistral\" href=\"https:\/\/www.sympla.com.br\/conferencia-magistral-travar-el-saber-com-prof-dr-salvador-vidal-ortiz-american-university__436943\" target=\"_blank\">https:\/\/www.sympla.com.br\/conferencia-magistral-travar-el-saber-com-prof-dr-salvador-vidal-ortiz-american-university__436943\u00a0<\/a><\/p>\n<p>A\u00a0Confer\u00eancia Magistral &#8220;Travar el Saber&#8221; ser\u00e1 realizada no Anfiteatro da UNIFAP com o\u00a0Prof. Dr. Salvador Vidal-Ortiz\u00a0(American University) e \u00e9 destinada a\u00a0Estudantes de Gradua\u00e7\u00e3o, p\u00f3s-gradua\u00e7\u00e3o e comunidade em geral. Com destaque\u00a0\u00a0para os estudantes matriculados na disciplina Inclus\u00e3o: G\u00eanero, Sexualidades, Ra\u00e7a\/Etnia, pois a conferencia ser\u00e1 caracterizada como aula inaugural. Haver\u00e1 ainda\u00a0apresenta\u00e7\u00e3o de pesquisas e do livro \u201cTravar el Saber: Educaci\u00f3n de Personas Trans y Travesti en Argentina\u201d que trata da educa\u00e7\u00e3o de pessoas transexuais e travestis na Argentina.<\/p>\n<p>BIOGRAFIA DO CONFERENCISTA<\/p>\n<p>Salvador Vidal-Ortiz<\/p>\n<ul>\n<li>Professor Associado da American University;<\/li>\n<li>\u00b7 Desenvolve estudos sobre as quest\u00f5es raciais, sexualidade, g\u00eanero, migra\u00e7\u00e3o e religi\u00e3o\u00a0 e\u00a0 interdisciplinaridade;<\/li>\n<li>Co-editou dois livros premiados: The Sexuality of Migration e Queer Brown Voices;<\/li>\n<li>\u00b7 \u00c9\u00a0 co-autor do livro intitulado Race and Sexuality\u00a0 e est\u00e1 concluindo um manuscrito sobre ra\u00e7a, g\u00eanero e sexualidade na Santer\u00eda (religi\u00e3o afro-cubana);<\/li>\n<li>\u00c9 membro engajado da Associa\u00e7\u00e3o Americana de Sociologia (ASA);<\/li>\n<li>Apoiou grupos de discuss\u00f5es baseados na comunidade, como a DifferentAvenues e o Projeto Latino de Hist\u00f3ria LGBT;<\/li>\n<li>Desenvolve pesquisa pela funda\u00e7\u00e3o Fulbright sobre deslocamentos e pessoas LGBT em Bogot\u00e1 na Col\u00f4mbia;<\/li>\n<\/ul>\n<ul>\n<li>Est\u00e1 envolvido no projeto &#8220;Transgendering Human Rights&#8221;, um projeto de pesquisa mais recente sobre direitos humanos da popula\u00e7\u00e3o LGBT.<\/li>\n<\/ul>\n","protected":false},"excerpt":{"rendered":"<p>&nbsp; para inscrever-se no evento clique no link\u00a0https:\/\/www.sympla.com.br\/conferencia-magistral-travar-el-saber-com-prof-dr-salvador-vidal-ortiz-american-university__436943\u00a0 A\u00a0Confer\u00eancia Magistral &#8220;Travar el Saber&#8221; ser\u00e1 realizada no Anfiteatro da UNIFAP com o\u00a0Prof. Dr. Salvador Vidal-Ortiz\u00a0(American University) e \u00e9 destinada a\u00a0Estudantes de Gradua\u00e7\u00e3o, p\u00f3s-gradua\u00e7\u00e3o e comunidade em geral. Com destaque\u00a0\u00a0para os estudantes matriculados na disciplina Inclus\u00e3o: G\u00eanero, Sexualidades, Ra\u00e7a\/Etnia, pois a conferencia ser\u00e1 caracterizada como aula inaugural&#8230;.<\/p>\n","protected":false},"author":1095,"featured_media":0,"parent":203,"menu_order":0,"comment_status":"closed","ping_status":"open","template":"","meta":{"inline_featured_image":false,"ngg_post_thumbnail":0,"footnotes":""},"folder":[],"class_list":["post-820","page","type-page","status-publish","hentry","entry"],"_links":{"self":[{"href":"https:\/\/www2.unifap.br\/ppged\/wp-json\/wp\/v2\/pages\/820","targetHints":{"allow":["GET"]}}],"collection":[{"href":"https:\/\/www2.unifap.br\/ppged\/wp-json\/wp\/v2\/pages"}],"about":[{"href":"https:\/\/www2.unifap.br\/ppged\/wp-json\/wp\/v2\/types\/page"}],"author":[{"embeddable":true,"href":"https:\/\/www2.unifap.br\/ppged\/wp-json\/wp\/v2\/users\/1095"}],"replies":[{"embeddable":true,"href":"https:\/\/www2.unifap.br\/ppged\/wp-json\/wp\/v2\/comments?post=820"}],"version-history":[{"count":3,"href":"https:\/\/www2.unifap.br\/ppged\/wp-json\/wp\/v2\/pages\/820\/revisions"}],"predecessor-version":[{"id":823,"href":"https:\/\/www2.unifap.br\/ppged\/wp-json\/wp\/v2\/pages\/820\/revisions\/823"}],"up":[{"embeddable":true,"href":"https:\/\/www2.unifap.br\/ppged\/wp-json\/wp\/v2\/pages\/203"}],"wp:attachment":[{"href":"https:\/\/www2.unifap.br\/ppged\/wp-json\/wp\/v2\/media?parent=820"}],"wp:term":[{"taxonomy":"folder","embeddable":true,"href":"https:\/\/www2.unifap.br\/ppged\/wp-json\/wp\/v2\/folder?post=820"}],"curies":[{"name":"wp","href":"https:\/\/api.w.org\/{rel}","templated":true}]}}