{"id":857,"date":"2019-02-18T15:51:29","date_gmt":"2019-02-18T15:51:29","guid":{"rendered":"http:\/\/www2.unifap.br\/ppged\/?page_id=857"},"modified":"2019-02-18T15:57:44","modified_gmt":"2019-02-18T15:57:44","slug":"857-2","status":"publish","type":"page","link":"https:\/\/www2.unifap.br\/ppged\/events\/857-2\/","title":{"rendered":"MESA REDONDA: DIVERSIDADE, SEXUALIDADE E EDUCA\u00c7\u00c3O"},"content":{"rendered":"<p><a href=\"http:\/\/www2.unifap.br\/ppged\/files\/2019\/02\/mesa-redonda.jpg\"><img fetchpriority=\"high\" decoding=\"async\" class=\"aligncenter size-full wp-image-858\" alt=\"mesa redonda\" src=\"http:\/\/www2.unifap.br\/ppged\/files\/2019\/02\/mesa-redonda.jpg\" width=\"800\" height=\"800\" srcset=\"https:\/\/www2.unifap.br\/ppged\/files\/2019\/02\/mesa-redonda.jpg 800w, https:\/\/www2.unifap.br\/ppged\/files\/2019\/02\/mesa-redonda-150x150.jpg 150w, https:\/\/www2.unifap.br\/ppged\/files\/2019\/02\/mesa-redonda-300x300.jpg 300w, https:\/\/www2.unifap.br\/ppged\/files\/2019\/02\/mesa-redonda-70x70.jpg 70w\" sizes=\"(max-width: 800px) 100vw, 800px\" \/><\/a><\/p>\n<p>MESA REDONDA: DIVERSIDADE, SEXUALIDADE E EDUCA\u00c7\u00c3O<\/p>\n<p>Diversidade, Sexualidade e Educa\u00e7\u00e3o tem sido temas muito debatidos na atualidade. Quest\u00f5es como g\u00eanero, sexualidade e ra\u00e7a s\u00e3o historicamente respons\u00e1veis por uma grande parcela de processos de estigma e exclus\u00e3o no ambiente escolar, e na sociedade em geral. Torna-se cada vez mais necess\u00e1rio que escolas, professores e comunidade em geral estudem e compreendam a din\u00e2mica desses processos, no sentido de construir estrat\u00e9gias pedag\u00f3gicas que garantam o efetivo acesso e perman\u00eancia de crian\u00e7as e adolescentes que apresentam modos de ser e modos de viver o g\u00eanero, a sexualidade e a diversidade que n\u00e3o constituem a &#8220;norma&#8221; ou a expectativa em geral desejada por pais, fam\u00edlias e pela pr\u00f3pria sociedade.<\/p>\n<p>Neste sentido, o Programa de P\u00f3s-Gradua\u00e7\u00e3o em Educa\u00e7\u00e3o da Universidade Federal do Amap\u00e1 em parceria com a Universidade Estadual do Amap\u00e1, com o intuito de articular um debate sadio entre os movimentos sociais e as institui\u00e7\u00f5es acad\u00eamicas, promove essa mesa redonda, aberta ao p\u00fablico, para que as informa\u00e7\u00f5es e reflex\u00f5es sejam difundidas com qualidade.<\/p>\n<p>Este evendo integra as atividades do\u00a0\u00a0dentro das atividades do\u00a0EDITAL N\u00ba 09\/2017\/PROCRI\/UNIFAP\u00a0\u2013 PROGRAMA\u00a0PROFESSOR VISITANTE INTERNACIONAL<\/p>\n<p>A Mesa Redonda ter\u00e1 a presen\u00e7a dos convidados renomados no assunto:<\/p>\n<p>\u25aaSalvador Vidal Ortiz (American Universidery);<br \/>\n\u25aaAnt\u00f4nio Carlos Sardinha (UNIFAP);<br \/>\n\u25aaJanilson Pinheiro Barbosa (UEAP);<br \/>\n\u25aaModerador: Elivaldo Serr\u00e3o Cust\u00f3dio\u00a0 (PPGED\/UNIFAP).<\/p>\n<p>Data: 19\/02\/2019<\/p>\n<p>Hor\u00e1rio: 15h as 17h<\/p>\n<p>Local: Audit\u00f3rio Aranha da UNIFAP<\/p>\n<p>&nbsp;<\/p>\n<p>&nbsp;<\/p>\n","protected":false},"excerpt":{"rendered":"<p>MESA REDONDA: DIVERSIDADE, SEXUALIDADE E EDUCA\u00c7\u00c3O Diversidade, Sexualidade e Educa\u00e7\u00e3o tem sido temas muito debatidos na atualidade. Quest\u00f5es como g\u00eanero, sexualidade e ra\u00e7a s\u00e3o historicamente respons\u00e1veis por uma grande parcela de processos de estigma e exclus\u00e3o no ambiente escolar, e na sociedade em geral. Torna-se cada vez mais necess\u00e1rio que escolas, professores e comunidade em&#8230;<\/p>\n","protected":false},"author":1095,"featured_media":0,"parent":203,"menu_order":1,"comment_status":"closed","ping_status":"open","template":"","meta":{"inline_featured_image":false,"ngg_post_thumbnail":0,"footnotes":""},"folder":[],"class_list":["post-857","page","type-page","status-publish","hentry","entry"],"_links":{"self":[{"href":"https:\/\/www2.unifap.br\/ppged\/wp-json\/wp\/v2\/pages\/857","targetHints":{"allow":["GET"]}}],"collection":[{"href":"https:\/\/www2.unifap.br\/ppged\/wp-json\/wp\/v2\/pages"}],"about":[{"href":"https:\/\/www2.unifap.br\/ppged\/wp-json\/wp\/v2\/types\/page"}],"author":[{"embeddable":true,"href":"https:\/\/www2.unifap.br\/ppged\/wp-json\/wp\/v2\/users\/1095"}],"replies":[{"embeddable":true,"href":"https:\/\/www2.unifap.br\/ppged\/wp-json\/wp\/v2\/comments?post=857"}],"version-history":[{"count":4,"href":"https:\/\/www2.unifap.br\/ppged\/wp-json\/wp\/v2\/pages\/857\/revisions"}],"predecessor-version":[{"id":862,"href":"https:\/\/www2.unifap.br\/ppged\/wp-json\/wp\/v2\/pages\/857\/revisions\/862"}],"up":[{"embeddable":true,"href":"https:\/\/www2.unifap.br\/ppged\/wp-json\/wp\/v2\/pages\/203"}],"wp:attachment":[{"href":"https:\/\/www2.unifap.br\/ppged\/wp-json\/wp\/v2\/media?parent=857"}],"wp:term":[{"taxonomy":"folder","embeddable":true,"href":"https:\/\/www2.unifap.br\/ppged\/wp-json\/wp\/v2\/folder?post=857"}],"curies":[{"name":"wp","href":"https:\/\/api.w.org\/{rel}","templated":true}]}}