{"id":875,"date":"2019-03-08T17:47:04","date_gmt":"2019-03-08T17:47:04","guid":{"rendered":"http:\/\/www2.unifap.br\/ppged\/?page_id=875"},"modified":"2024-10-10T11:42:43","modified_gmt":"2024-10-10T11:42:43","slug":"turma-2019","status":"publish","type":"page","link":"https:\/\/www2.unifap.br\/ppged\/corpo-discente-por-linha-de-pesquisa\/turma-2019\/","title":{"rendered":"TURMA 2019"},"content":{"rendered":"<p style=\"text-align: center\"><b>PROGRAMA DE P\u00d3S-GRADUA\u00c7\u00c3O EM EDUCA\u00c7\u00c3O \u2013 PPGED<\/b><b>&nbsp;<\/b><\/p>\n<p><strong>LINHA DE PESQUISA: POL\u00cdTICAS EDUCACIONAIS<\/strong><\/p>\n<p>Adeildo Telles da Silva<\/p>\n<p>Alessandra da Silva Castro<\/p>\n<p>Fl\u00e1via Caroline Maciel Concei\u00e7\u00e3o<\/p>\n<p>Idelson Maciel Ferreira<\/p>\n<p>Jaqueline Nascimento da Silva Reis<\/p>\n<p>Levi Silva Lemos<\/p>\n<p>Lorrana Silva de Assun\u00e7\u00e3o<\/p>\n<p>Meriam Santos de Farias<\/p>\n<p>Nelcy da Costa Pereira<\/p>\n<p>Nicole Grazielle da Silva Pojo<\/p>\n<p>Nilzana Braga Esteves<\/p>\n<p>Orleans Silva Sousa<\/p>\n<p>Rosiani Salviano Barros<\/p>\n<p><strong>LINHA &nbsp;DE PESQUISA: EDUCA\u00c7\u00c3O, CULTURAS E DIVERSIDADES<\/strong><\/p>\n<p>Adailes Aguiar Lima<\/p>\n<p>Aline Pacheco Souza<\/p>\n<p>Anaira Silva dos Santos<\/p>\n<p>Andres Lema Mendez<\/p>\n<p>Antonia Fladiana Nascimento dos Santos<\/p>\n<p>Antonio Mateus Pontes Costa<\/p>\n<p>Dennys Max dos Santos da Concei\u00e7\u00e3o<\/p>\n<p>Elice Martins Nobre<\/p>\n<p>Fredson Costa Vulc\u00e3o<\/p>\n<p>Igor Barros Santos<\/p>\n<p>Iris Costa da Silva<\/p>\n<p>Izaias Loureiro Tavares<\/p>\n<p>Katia Maria Barbosa dos Anjos<\/p>\n<p>Mayara Priscila Reis da Costa<\/p>\n<p>Neiva Lana de Almeida Guimar\u00e3es<\/p>\n<p>Ricardo Teixeira da Silva<\/p>\n","protected":false},"excerpt":{"rendered":"<p>PROGRAMA DE P\u00d3S-GRADUA\u00c7\u00c3O EM EDUCA\u00c7\u00c3O \u2013 PPGED&nbsp; LINHA DE PESQUISA: POL\u00cdTICAS EDUCACIONAIS Adeildo Telles da Silva Alessandra da Silva Castro Fl\u00e1via Caroline Maciel Concei\u00e7\u00e3o Idelson Maciel Ferreira Jaqueline Nascimento da Silva Reis Levi Silva Lemos Lorrana Silva de Assun\u00e7\u00e3o Meriam Santos de Farias Nelcy da Costa Pereira Nicole Grazielle da Silva Pojo Nilzana Braga Esteves&#8230;<\/p>\n","protected":false},"author":1095,"featured_media":0,"parent":391,"menu_order":3,"comment_status":"closed","ping_status":"closed","template":"","meta":{"inline_featured_image":false,"ngg_post_thumbnail":0,"footnotes":""},"folder":[],"class_list":["post-875","page","type-page","status-publish","hentry","entry"],"_links":{"self":[{"href":"https:\/\/www2.unifap.br\/ppged\/wp-json\/wp\/v2\/pages\/875","targetHints":{"allow":["GET"]}}],"collection":[{"href":"https:\/\/www2.unifap.br\/ppged\/wp-json\/wp\/v2\/pages"}],"about":[{"href":"https:\/\/www2.unifap.br\/ppged\/wp-json\/wp\/v2\/types\/page"}],"author":[{"embeddable":true,"href":"https:\/\/www2.unifap.br\/ppged\/wp-json\/wp\/v2\/users\/1095"}],"replies":[{"embeddable":true,"href":"https:\/\/www2.unifap.br\/ppged\/wp-json\/wp\/v2\/comments?post=875"}],"version-history":[{"count":4,"href":"https:\/\/www2.unifap.br\/ppged\/wp-json\/wp\/v2\/pages\/875\/revisions"}],"predecessor-version":[{"id":965,"href":"https:\/\/www2.unifap.br\/ppged\/wp-json\/wp\/v2\/pages\/875\/revisions\/965"}],"up":[{"embeddable":true,"href":"https:\/\/www2.unifap.br\/ppged\/wp-json\/wp\/v2\/pages\/391"}],"wp:attachment":[{"href":"https:\/\/www2.unifap.br\/ppged\/wp-json\/wp\/v2\/media?parent=875"}],"wp:term":[{"taxonomy":"folder","embeddable":true,"href":"https:\/\/www2.unifap.br\/ppged\/wp-json\/wp\/v2\/folder?post=875"}],"curies":[{"name":"wp","href":"https:\/\/api.w.org\/{rel}","templated":true}]}}