{"id":939,"date":"2019-05-23T20:39:08","date_gmt":"2019-05-23T20:39:08","guid":{"rendered":"http:\/\/www2.unifap.br\/ppged\/?page_id=939"},"modified":"2019-05-23T20:42:04","modified_gmt":"2019-05-23T20:42:04","slug":"seminario-de-direitos-humanos-e-educacao-uma-questao-interdisciplinar-em-diferentes-contextos-sedih-2019-ii-seminario-de-educacao-decolonialidade-genero-e-diversidade-sexual","status":"publish","type":"page","link":"https:\/\/www2.unifap.br\/ppged\/events\/seminario-de-direitos-humanos-e-educacao-uma-questao-interdisciplinar-em-diferentes-contextos-sedih-2019-ii-seminario-de-educacao-decolonialidade-genero-e-diversidade-sexual\/","title":{"rendered":"SEMIN\u00c1RIO DE DIREITOS HUMANOS E EDUCA\u00c7\u00c3O: UMA QUEST\u00c3O INTERDISCIPLINAR EM DIFERENTES CONTEXTOS &#8211; SEDIH 2019  &amp;  II SEMIN\u00c1RIO DE EDUCA\u00c7\u00c3O, DECOLONIALIDADE, G\u00caNERO E DIVERSIDADE SEXUAL"},"content":{"rendered":"<p><img fetchpriority=\"high\" decoding=\"async\" class=\"aligncenter size-full wp-image-940\" src=\"http:\/\/www2.unifap.br\/ppged\/files\/2019\/05\/WhatsApp-Image-2019-05-23-at-17.04.33.jpeg\" alt=\"\" width=\"1280\" height=\"719\" srcset=\"https:\/\/www2.unifap.br\/ppged\/files\/2019\/05\/WhatsApp-Image-2019-05-23-at-17.04.33.jpeg 1280w, https:\/\/www2.unifap.br\/ppged\/files\/2019\/05\/WhatsApp-Image-2019-05-23-at-17.04.33-300x169.jpeg 300w, https:\/\/www2.unifap.br\/ppged\/files\/2019\/05\/WhatsApp-Image-2019-05-23-at-17.04.33-768x431.jpeg 768w, https:\/\/www2.unifap.br\/ppged\/files\/2019\/05\/WhatsApp-Image-2019-05-23-at-17.04.33-1024x575.jpeg 1024w\" sizes=\"(max-width: 1280px) 100vw, 1280px\" \/><\/p>\n<h4 style=\"text-align: center\"><strong><span style=\"color: #ff0000\"><span style=\"color: #000000\">MAIS INFORMA\u00c7\u00d5ES&nbsp;<\/span><a style=\"color: #ff0000\" href=\"http:\/\/bit.ly\/sedih2019\" target=\"_blank\" rel=\"noopener\">CLIQUE AQUI<\/a><\/span><\/strong><\/h4>\n<p id=\"h.p_U_ktSmxUnDch\" class=\"zfr3Q RuayVd\">Sobre o Evento:<\/p>\n<p class=\"zfr3Q RuayVd\">Os Direitos Humanos nascem de uma constru\u00e7\u00e3o hist\u00f3rica que busca reconhecer a dignidade humana. Seu processo de elabora\u00e7\u00e3o e fortalecimento ocorre em diferentes contextos sociais e ap\u00f3s per\u00edodos destacados por m\u00faltiplas formas de viol\u00eancia contra os seres humanos. Nessa trilha, emerge a Educa\u00e7\u00e3o como um dos instrumentos tanto para o acesso ao legado hist\u00f3rico dos Direitos Humanos, quanto para a forma\u00e7\u00e3o e a pr\u00e1tica que articula valores de toler\u00e2ncia, solidariedade, justi\u00e7a social, pluralidade e sustentabilidade.<\/p>\n<p id=\"h.p_CmGaj8UDtcn6\" class=\"zfr3Q RuayVd\">Partimos, ainda, da premissa de que a colonialidade atuou como um dispositivo de inger\u00eancia na nossa forma\u00e7\u00e3o hist\u00f3rica como uma forma de explora\u00e7\u00e3o econ\u00f4mica e de implementa\u00e7\u00e3o de pr\u00e1ticas sociais baseadas na segrega\u00e7\u00e3o das diferen\u00e7as, quer sejam de ra\u00e7a, de etnia, de g\u00eanero e de sexualidade e que tem, no movimento da decolonialidade, tra\u00e7os de resist\u00eancia e de insurrei\u00e7\u00e3o.<\/p>\n<p id=\"h.p_GwWZsS2-tcn8\" class=\"zfr3Q RuayVd\">Assim, por ter sido formatada nessa mesma perspectiva a \u00a8Linha de Educa\u00e7\u00e3o, Culturas e Diversidades\u00a8, vinculada ao Mestrado em Educa\u00e7\u00e3o \u2013 PPGED da Universidade Federal do Amap\u00e1, por meio da disciplina \u201cEstudos Tem\u00e1ticos de Educa\u00e7\u00e3o em Direitos Humanos\u201d, promove o&nbsp;<strong>Semin\u00e1rio de<\/strong><strong>Direitos Humanos e Educa\u00e7\u00e3o: Uma Quest\u00e3o Interdisciplinar em Diferentes Contextos &#8211; SEDIH 2019&nbsp;<\/strong>em conjunto com o<strong>&nbsp;II Semin\u00e1rio de Educa\u00e7\u00e3o, Decolonialidade, G\u00eanero e Diversidade Sexual&nbsp;<\/strong>como um importante espa\u00e7o de socializa\u00e7\u00e3o de conhecimentos e de debates. Ser\u00e1 oportunizada a exposi\u00e7\u00e3o de pesquisas realizadas por professores pesquisadores e alunos do PPGED integrantes da Linha, juntamente com palestras de convidados externos. Haver\u00e1 ainda, espa\u00e7o destinado a apresenta\u00e7\u00e3o de p\u00f4ster por alunos de gradua\u00e7\u00e3o, cujos temas abordados dialoguem com os Direitos Humanos, sob o vi\u00e9s educacional.<\/p>\n<p>&nbsp;<\/p>\n<p>&nbsp;<\/p>\n","protected":false},"excerpt":{"rendered":"<p>MAIS INFORMA\u00c7\u00d5ES&nbsp;CLIQUE AQUI Sobre o Evento: Os Direitos Humanos nascem de uma constru\u00e7\u00e3o hist\u00f3rica que busca reconhecer a dignidade humana. Seu processo de elabora\u00e7\u00e3o e fortalecimento ocorre em diferentes contextos sociais e ap\u00f3s per\u00edodos destacados por m\u00faltiplas formas de viol\u00eancia contra os seres humanos. Nessa trilha, emerge a Educa\u00e7\u00e3o como um dos instrumentos tanto para&#8230;<\/p>\n","protected":false},"author":1095,"featured_media":0,"parent":203,"menu_order":0,"comment_status":"closed","ping_status":"closed","template":"","meta":{"inline_featured_image":false,"ngg_post_thumbnail":0,"footnotes":""},"folder":[],"class_list":["post-939","page","type-page","status-publish","hentry","entry"],"_links":{"self":[{"href":"https:\/\/www2.unifap.br\/ppged\/wp-json\/wp\/v2\/pages\/939","targetHints":{"allow":["GET"]}}],"collection":[{"href":"https:\/\/www2.unifap.br\/ppged\/wp-json\/wp\/v2\/pages"}],"about":[{"href":"https:\/\/www2.unifap.br\/ppged\/wp-json\/wp\/v2\/types\/page"}],"author":[{"embeddable":true,"href":"https:\/\/www2.unifap.br\/ppged\/wp-json\/wp\/v2\/users\/1095"}],"replies":[{"embeddable":true,"href":"https:\/\/www2.unifap.br\/ppged\/wp-json\/wp\/v2\/comments?post=939"}],"version-history":[{"count":2,"href":"https:\/\/www2.unifap.br\/ppged\/wp-json\/wp\/v2\/pages\/939\/revisions"}],"predecessor-version":[{"id":942,"href":"https:\/\/www2.unifap.br\/ppged\/wp-json\/wp\/v2\/pages\/939\/revisions\/942"}],"up":[{"embeddable":true,"href":"https:\/\/www2.unifap.br\/ppged\/wp-json\/wp\/v2\/pages\/203"}],"wp:attachment":[{"href":"https:\/\/www2.unifap.br\/ppged\/wp-json\/wp\/v2\/media?parent=939"}],"wp:term":[{"taxonomy":"folder","embeddable":true,"href":"https:\/\/www2.unifap.br\/ppged\/wp-json\/wp\/v2\/folder?post=939"}],"curies":[{"name":"wp","href":"https:\/\/api.w.org\/{rel}","templated":true}]}}