{"id":1228,"date":"2019-05-20T23:14:28","date_gmt":"2019-05-20T23:14:28","guid":{"rendered":"http:\/\/www2.unifap.br\/ppgef\/?page_id=1228"},"modified":"2023-01-06T15:00:40","modified_gmt":"2023-01-06T15:00:40","slug":"ementas","status":"publish","type":"page","link":"https:\/\/www2.unifap.br\/ppgef\/ementas\/","title":{"rendered":"EMENTAS"},"content":{"rendered":"<p><a href=\"http:\/\/www2.unifap.br\/ppgef\/files\/2022\/09\/Cidades-e-Mobilidades-em-Fronteira-na-Amazonia.pdf\">Cidades e Mobilidades em Fronteira na Amazonia<\/a><\/p>\n<p><a href=\"http:\/\/www2.unifap.br\/ppgef\/files\/2022\/09\/Conflitualidades-e-Politicas-Publicas-em-regiao-de-Fronteira.pdf\">Conflitualidades e Pol\u00edticas P\u00fablicas em regi\u00e3o de Fronteira<\/a><\/p>\n<p><a href=\"http:\/\/www2.unifap.br\/ppgef\/files\/2022\/09\/Diasporas-Etnicidades-e-Migracoes-em-Situacoes_trans_fronteiricas.pdf\">Di\u00e1sporas, Etnicidades e Migra\u00e7\u00f5es em Situa\u00e7\u00f5es_trans_fronteiri\u00e7as<\/a><\/p>\n<p><a href=\"http:\/\/www2.unifap.br\/ppgef\/files\/2022\/09\/Estado-Fronteiras-e-Politicas-Publicas.pdf\">Estado, Fronteiras e Pol\u00edticas P\u00fablicas<\/a><\/p>\n<p><a href=\"http:\/\/www2.unifap.br\/ppgef\/files\/2022\/09\/Estado-Fronteiras-e-Seguranca-Internacional-na-Amazonia-Transnacional.pdf\">Estado, Fronteiras e Seguran\u00e7a Internacional na Amaz\u00f4nia Transnacional<\/a><\/p>\n<p><a href=\"http:\/\/www2.unifap.br\/ppgef\/files\/2022\/09\/Fronteira-e-Historia_temas-de-interesses.pdf\">Fronteira e Historia_temas de interesses<\/a><\/p>\n<p><a href=\"http:\/\/www2.unifap.br\/ppgef\/files\/2022\/09\/Geopolitica-das-Fronteiras-e-dos-Limites-internacionais.pdf\">Geopolitica das Fronteiras e dos Limites internacionais<\/a><\/p>\n<p><a href=\"http:\/\/www2.unifap.br\/ppgef\/files\/2022\/09\/Geoprocessamento-e-Uso-de-Banco-de-Dados-Aplicados-aos-Estudos-de-Fronteira.pdf\">Geoprocessamento e Uso de Banco de Dados Aplicados aos Estudos de Fronteira<\/a><\/p>\n<p><a href=\"http:\/\/www2.unifap.br\/ppgef\/files\/2022\/09\/Meio-Ambiente-e-Desenvolvimento-na-Amazonia-Internacional.pdf\">Meio Ambiente e Desenvolvimento na Amaz\u00f4nia Internacional<\/a><\/p>\n<p><a href=\"http:\/\/www2.unifap.br\/ppgef\/files\/2022\/09\/Metodologia-da-Pesquisa-em-Fronteiras.pdf\">Metodologia da Pesquisa em Fronteiras<\/a><\/p>\n<p><a href=\"http:\/\/www2.unifap.br\/ppgef\/files\/2022\/09\/Politicas-Publicas-e-Fronteiras-Internacionais.pdf\">Pol\u00edticas Publicas e Fronteiras Internacionais<\/a><\/p>\n<p><a href=\"http:\/\/www2.unifap.br\/ppgef\/files\/2022\/09\/Politicas-territoriais-desenvolvimento-e-fronteira.pdf\">Pol\u00edticas territoriais, desenvolvimento e fronteira<\/a><\/p>\n<p><a href=\"http:\/\/www2.unifap.br\/ppgef\/files\/2022\/09\/Relacoes-Internacionais-Desenvolvimento-Integracao-e-Politicas-Publicas.pdf\">Rela\u00e7\u00f5es Internacionais, Desenvolvimento, Integra\u00e7\u00e3o e Pol\u00edticas P\u00fablicas<\/a><\/p>\n<p><a href=\"http:\/\/www2.unifap.br\/ppgef\/files\/2022\/09\/Sensibilidades-Juridicas-Administracao-de-Conflito-e-cidadania-em-perspectiva-comparada.pdf\">Sensibilidades Jur\u00eddicas, Administra\u00e7\u00e3o de Conflito e cidadania em perspectiva comparada<\/a><\/p>\n<p><a href=\"http:\/\/www2.unifap.br\/ppgef\/files\/2022\/09\/Sociedade-Cultura-e-Fronteiras.pdf\">Sociedade, Cultura e Fronteiras<\/a><\/p>\n<p><a href=\"http:\/\/www2.unifap.br\/ppgef\/files\/2022\/09\/Territorio-Redes-Tecnicas-e-Circulacao.pdf\">Territ\u00f3rio, Redes T\u00e9cnicas e Circula\u00e7\u00e3o<\/a><\/p>\n<p><a href=\"http:\/\/www2.unifap.br\/ppgef\/files\/2022\/09\/Topicos-Especiais-I.pdf\">Topicos Especiais I<\/a><\/p>\n<p><a href=\"http:\/\/www2.unifap.br\/ppgef\/files\/2022\/09\/Topicos-Especiais-II.pdf\">Topicos Especiais II<\/a><\/p>\n<p><a href=\"http:\/\/www2.unifap.br\/ppgef\/files\/2023\/01\/TOPICO-ESPECIAL-1_Seguranca-Publica-e-Processos-Institucionais-de-Administracao-de-Conflitos-Perpesctivas-Teoricas-e-Empiricas.pdf\">TOPICO ESPECIAL 1_Seguran\u00e7a P\u00fablica e Processos Institucionais de Administra\u00e7\u00e3o de Conflitos, Perpesctivas Te\u00f3ricas e Emp\u00edricas<\/a><\/p>\n<p><a href=\"http:\/\/www2.unifap.br\/ppgef\/files\/2023\/01\/TOPICO-ESPECIAL-2_Seguranca-Publica-e-Processos-Institucionais-de-Administracao-de-Conflitos-Perpesctivas-Teoricas-e-Empiricas.pdf\">TOPICO ESPECIAL 2_Seguran\u00e7a P\u00fablica e Processos Institucionais de Administra\u00e7\u00e3o de Conflitos, Perpesctivas Te\u00f3ricas e Emp\u00edricas<\/a><\/p>\n","protected":false},"excerpt":{"rendered":"<p>Cidades e Mobilidades em Fronteira na Amazonia Conflitualidades e Pol\u00edticas P\u00fablicas em regi\u00e3o de Fronteira Di\u00e1sporas, Etnicidades e Migra\u00e7\u00f5es em Situa\u00e7\u00f5es_trans_fronteiri\u00e7as Estado, Fronteiras e Pol\u00edticas P\u00fablicas Estado, Fronteiras e Seguran\u00e7a Internacional na Amaz\u00f4nia Transnacional Fronteira e Historia_temas de interesses Geopolitica das Fronteiras e dos Limites internacionais Geoprocessamento e Uso de Banco de Dados Aplicados aos&#8230;<\/p>\n","protected":false},"author":976,"featured_media":0,"parent":0,"menu_order":0,"comment_status":"closed","ping_status":"closed","template":"","meta":{"inline_featured_image":false,"site-sidebar-layout":"default","site-content-layout":"","ast-site-content-layout":"default","site-content-style":"default","site-sidebar-style":"default","ast-global-header-display":"","ast-banner-title-visibility":"","ast-main-header-display":"","ast-hfb-above-header-display":"","ast-hfb-below-header-display":"","ast-hfb-mobile-header-display":"","site-post-title":"","ast-breadcrumbs-content":"","ast-featured-img":"","footer-sml-layout":"","theme-transparent-header-meta":"","adv-header-id-meta":"","stick-header-meta":"","header-above-stick-meta":"","header-main-stick-meta":"","header-below-stick-meta":"","astra-migrate-meta-layouts":"default","ast-page-background-enabled":"default","ast-page-background-meta":{"desktop":{"background-color":"var(--ast-global-color-4)","background-image":"","background-repeat":"repeat","background-position":"center center","background-size":"auto","background-attachment":"scroll","background-type":"","background-media":"","overlay-type":"","overlay-color":"","overlay-opacity":"","overlay-gradient":""},"tablet":{"background-color":"","background-image":"","background-repeat":"repeat","background-position":"center center","background-size":"auto","background-attachment":"scroll","background-type":"","background-media":"","overlay-type":"","overlay-color":"","overlay-opacity":"","overlay-gradient":""},"mobile":{"background-color":"","background-image":"","background-repeat":"repeat","background-position":"center center","background-size":"auto","background-attachment":"scroll","background-type":"","background-media":"","overlay-type":"","overlay-color":"","overlay-opacity":"","overlay-gradient":""}},"ast-content-background-meta":{"desktop":{"background-color":"var(--ast-global-color-5)","background-image":"","background-repeat":"repeat","background-position":"center center","background-size":"auto","background-attachment":"scroll","background-type":"","background-media":"","overlay-type":"","overlay-color":"","overlay-opacity":"","overlay-gradient":""},"tablet":{"background-color":"var(--ast-global-color-5)","background-image":"","background-repeat":"repeat","background-position":"center center","background-size":"auto","background-attachment":"scroll","background-type":"","background-media":"","overlay-type":"","overlay-color":"","overlay-opacity":"","overlay-gradient":""},"mobile":{"background-color":"var(--ast-global-color-5)","background-image":"","background-repeat":"repeat","background-position":"center center","background-size":"auto","background-attachment":"scroll","background-type":"","background-media":"","overlay-type":"","overlay-color":"","overlay-opacity":"","overlay-gradient":""}},"ngg_post_thumbnail":0,"footnotes":""},"class_list":["post-1228","page","type-page","status-publish","hentry"],"_links":{"self":[{"href":"https:\/\/www2.unifap.br\/ppgef\/wp-json\/wp\/v2\/pages\/1228","targetHints":{"allow":["GET"]}}],"collection":[{"href":"https:\/\/www2.unifap.br\/ppgef\/wp-json\/wp\/v2\/pages"}],"about":[{"href":"https:\/\/www2.unifap.br\/ppgef\/wp-json\/wp\/v2\/types\/page"}],"author":[{"embeddable":true,"href":"https:\/\/www2.unifap.br\/ppgef\/wp-json\/wp\/v2\/users\/976"}],"replies":[{"embeddable":true,"href":"https:\/\/www2.unifap.br\/ppgef\/wp-json\/wp\/v2\/comments?post=1228"}],"version-history":[{"count":7,"href":"https:\/\/www2.unifap.br\/ppgef\/wp-json\/wp\/v2\/pages\/1228\/revisions"}],"predecessor-version":[{"id":2680,"href":"https:\/\/www2.unifap.br\/ppgef\/wp-json\/wp\/v2\/pages\/1228\/revisions\/2680"}],"wp:attachment":[{"href":"https:\/\/www2.unifap.br\/ppgef\/wp-json\/wp\/v2\/media?parent=1228"}],"curies":[{"name":"wp","href":"https:\/\/api.w.org\/{rel}","templated":true}]}}