{"id":1416,"date":"2019-07-24T13:52:59","date_gmt":"2019-07-24T13:52:59","guid":{"rendered":"http:\/\/www2.unifap.br\/ppgef\/?page_id=1416"},"modified":"2019-10-02T02:02:33","modified_gmt":"2019-10-02T02:02:33","slug":"edital-no-02-2019-ppgef-unifap_processo-seletivo-2020","status":"publish","type":"page","link":"https:\/\/www2.unifap.br\/ppgef\/editais\/2019-2\/edital-no-02-2019-ppgef-unifap_processo-seletivo-2020\/","title":{"rendered":"Edital N\u00ba 02\/2019-PPGEF\/UNIFAP_PROCESSO SELETIVO 2020"},"content":{"rendered":"<p><a href=\"http:\/\/www2.unifap.br\/ppgef\/programa\/editais\/2019-2\/edital-no-02-2019-ppgef-unifap_processo-seletivo-2020\/edital-2\/\" rel=\"attachment wp-att-1433\">EDITAL<\/a><\/p>\n<p><a href=\"http:\/\/www2.unifap.br\/ppgef\/programa\/editais\/2019-2\/edital-no-02-2019-ppgef-unifap_processo-seletivo-2020\/anexa_a\/\" rel=\"attachment wp-att-1418\">ANEXA_A<\/a><\/p>\n<p><a href=\"http:\/\/www2.unifap.br\/ppgef\/programa\/editais\/2019-2\/edital-no-02-2019-ppgef-unifap_processo-seletivo-2020\/anexo_b\/\" rel=\"attachment wp-att-1419\">ANEXO_B<\/a><\/p>\n<p><a href=\"http:\/\/www2.unifap.br\/ppgef\/programa\/editais\/2019-2\/edital-no-02-2019-ppgef-unifap_processo-seletivo-2020\/anexo_c\/\" rel=\"attachment wp-att-1420\">ANEXO_C<\/a><\/p>\n<p><a href=\"http:\/\/www2.unifap.br\/ppgef\/programa\/editais\/2019-2\/edital-no-02-2019-ppgef-unifap_processo-seletivo-2020\/anexo_d\/\" rel=\"attachment wp-att-1421\">ANEXO_D<\/a><\/p>\n<p><a href=\"http:\/\/www2.unifap.br\/ppgef\/programa\/editais\/2019-2\/edital-no-02-2019-ppgef-unifap_processo-seletivo-2020\/anexo_e\/\" rel=\"attachment wp-att-1422\">ANEXO_E<\/a><\/p>\n<p><a href=\"http:\/\/www2.unifap.br\/ppgef\/programa\/editais\/2019-2\/edital-no-02-2019-ppgef-unifap_processo-seletivo-2020\/anexo_f\/\" rel=\"attachment wp-att-1423\">ANEXO_F<\/a><\/p>\n<p><a href=\"http:\/\/www2.unifap.br\/ppgef\/programa\/editais\/2019-2\/edital-no-02-2019-ppgef-unifap_processo-seletivo-2020\/anexo_g\/\" rel=\"attachment wp-att-1424\">ANEXO_G<\/a><\/p>\n<p><a href=\"http:\/\/www2.unifap.br\/ppgef\/programa\/editais\/2019-2\/edital-no-02-2019-ppgef-unifap_processo-seletivo-2020\/anexo_h\/\" rel=\"attachment wp-att-1425\">ANEXO_H<\/a><\/p>\n<p><a href=\"http:\/\/www2.unifap.br\/ppgef\/programa\/editais\/2019-2\/edital-no-02-2019-ppgef-unifap_processo-seletivo-2020\/anexo_i\/\" rel=\"attachment wp-att-1426\">ANEXO_I<\/a><\/p>\n<p><a href=\"http:\/\/www2.unifap.br\/ppgef\/programa\/editais\/2019-2\/edital-no-02-2019-ppgef-unifap_processo-seletivo-2020\/anexo_j\/\" rel=\"attachment wp-att-1427\">ANEXO_j<\/a><\/p>\n<p><a href=\"http:\/\/www2.unifap.br\/ppgef\/programa\/editais\/2019-2\/edital-no-02-2019-ppgef-unifap_processo-seletivo-2020\/portaria-de-comissao-ps\/\" rel=\"attachment wp-att-1428\">PORTARIA DE COMISS\u00c3O PS<\/a><\/p>\n<p><a href=\"http:\/\/www2.unifap.br\/ppgef\/programa\/editais\/2019-2\/edital-no-02-2019-ppgef-unifap_processo-seletivo-2020\/portaria-da-comissao-de-avaiadores-do-ps\/\" rel=\"attachment wp-att-1429\">PORTARIA DA COMISS\u00c3O DE AVAIADORES DO PS<\/a><\/p>\n<p><a href=\"http:\/\/www2.unifap.br\/ppgef\/programa\/editais\/2019-2\/edital-no-02-2019-ppgef-unifap_processo-seletivo-2020\/1a-retificacao-edital-n-o-002_2019\/\" rel=\"attachment wp-att-1449\">1\u00aa RETIFICA\u00c7\u00c3O &#8211; EDITAL N.\u00ba 002_2019<\/a><\/p>\n<p><a href=\"http:\/\/www2.unifap.br\/ppgef\/programa\/editais\/2019-2\/edital-no-02-2019-ppgef-unifap_processo-seletivo-2020\/lista-das-inscricoes-homologadas-5\/\" rel=\"attachment wp-att-1467\">LISTA DAS INSCRI\u00c7\u00d5ES HOMOLOGADAS<\/a><\/p>\n<p><a href=\"http:\/\/www2.unifap.br\/ppgef\/programa\/editais\/2019-2\/edital-no-02-2019-ppgef-unifap_processo-seletivo-2020\/resultado-provisorio-da-analise-do-pre-projeto-3\/\" rel=\"attachment wp-att-1469\">RESULTADO PROVIS\u00d3RIO DA ANALISE DO PRE PROJETO<\/a><\/p>\n<p><a href=\"http:\/\/www2.unifap.br\/ppgef\/programa\/editais\/2019-2\/edital-no-02-2019-ppgef-unifap_processo-seletivo-2020\/resultado-definitivo-da-analise-do-pre-projeto-3\/\" rel=\"attachment wp-att-1472\">RESULTADO DEFINITIVO DA ANALISE DO PRE PROJETO<\/a><\/p>\n<p><a href=\"http:\/\/www2.unifap.br\/ppgef\/programa\/editais\/2019-2\/edital-no-02-2019-ppgef-unifap_processo-seletivo-2020\/comunicado-do-resultado-da-apreciacao-dos-recursos-7\/\" rel=\"attachment wp-att-1473\">COMUNICADO DO RESULTADO DA APRECIA\u00c7\u00c3O DOS RECURSOS<\/a><\/p>\n<p><a href=\"http:\/\/www2.unifap.br\/ppgef\/programa\/editais\/2019-2\/edital-no-02-2019-ppgef-unifap_processo-seletivo-2020\/comunicado-realizacao-da-prova-escrita\/\" rel=\"attachment wp-att-1474\">COMUNICADO REALIZA\u00c7\u00c3O DA PROVA ESCRITA<\/a><\/p>\n<p><a href=\"http:\/\/www2.unifap.br\/ppgef\/programa\/editais\/2019-2\/edital-no-02-2019-ppgef-unifap_processo-seletivo-2020\/resultado-provisorio_prova-escrita\/\" rel=\"attachment wp-att-1476\">RESULTADO PROVIS\u00d3RIO_PROVA ESCRITA<\/a><\/p>\n<p><a href=\"http:\/\/www2.unifap.br\/ppgef\/programa\/editais\/2019-2\/edital-no-02-2019-ppgef-unifap_processo-seletivo-2020\/resultado-definitivo_prova-escrita-2\/\" rel=\"attachment wp-att-1487\">RESULTADO DEFINITIVO_PROVA ESCRITA<\/a><\/p>\n<p><a href=\"http:\/\/www2.unifap.br\/ppgef\/programa\/editais\/2019-2\/edital-no-02-2019-ppgef-unifap_processo-seletivo-2020\/comunicado-do-resultado-da-apreciacao-dos-recursos-8\/\" rel=\"attachment wp-att-1484\">COMUNICADO DO RESULTADO DA APRECIA\u00c7\u00c3O DOS RECURSOS<\/a><\/p>\n<p><a href=\"http:\/\/www2.unifap.br\/ppgef\/programa\/editais\/2019-2\/edital-no-02-2019-ppgef-unifap_processo-seletivo-2020\/relacao-de-candidatos_-3a-etapa_-entrevista\/\" rel=\"attachment wp-att-1485\">RELA\u00c7\u00c3O DE CANDIDATOS_ 3\u00aa ETAPA_ ENTREVISTA<\/a><\/p>\n<p><a href=\"http:\/\/www2.unifap.br\/ppgef\/programa\/editais\/2019-2\/edital-no-02-2019-ppgef-unifap_processo-seletivo-2020\/resultado-provisorio-da-entrevista-e-analise-de-curriculo-2\/\" rel=\"attachment wp-att-1489\">RESULTADO PROVIS\u00d3RIO DA ENTREVISTA E ANALISE DE CURRICULO<\/a><\/p>\n<p><a href=\"http:\/\/www2.unifap.br\/ppgef\/programa\/editais\/2019-2\/edital-no-02-2019-ppgef-unifap_processo-seletivo-2020\/resultado-definitivo-da-entrevista-e-analise-de-curriculo-2\/\" rel=\"attachment wp-att-1498\">RESULTADO DEFINITIVO DA ENTREVISTA E ANALISE DE CURRICULO<\/a><\/p>\n<p><a href=\"http:\/\/www2.unifap.br\/ppgef\/programa\/editais\/2019-2\/edital-no-02-2019-ppgef-unifap_processo-seletivo-2020\/comunicado-do-resultado-da-apreciacao-dos-recursos-9\/\" rel=\"attachment wp-att-1499\">COMUNICADO DO RESULTADO DA APRECIA\u00c7\u00c3O DOS RECURSOS<\/a><\/p>\n<p><a href=\"http:\/\/www2.unifap.br\/ppgef\/programa\/editais\/2019-2\/edital-no-02-2019-ppgef-unifap_processo-seletivo-2020\/comunicado-de-horario-e-local-de-realizacao-da-prova-de-lingua-estrangeira-2\/\" rel=\"attachment wp-att-1507\">COMUNICADO DE HOR\u00c1RIO E LOCAL DE REALIZA\u00c7\u00c3O DA PROVA DE LINGUA ESTRANGEIRA<\/a><\/p>\n<p><a href=\"http:\/\/www2.unifap.br\/ppgef\/programa\/editais\/2019-2\/edital-no-02-2019-ppgef-unifap_processo-seletivo-2020\/resultado-prova-proficiencia-pdf\/\" rel=\"attachment wp-att-1528\">RESULTADO PROVA PROFICIENCIA<\/a><\/p>\n<p><a href=\"http:\/\/www2.unifap.br\/ppgef\/programa\/editais\/2019-2\/edital-no-02-2019-ppgef-unifap_processo-seletivo-2020\/resultado-final-do-processo-seletivo-2020\/\" rel=\"attachment wp-att-1529\">RESULTADO FINAL DO PROCESSO SELETIVO<\/a><\/p>\n<p>&nbsp;<\/p>\n","protected":false},"excerpt":{"rendered":"<p>EDITAL ANEXA_A ANEXO_B ANEXO_C ANEXO_D ANEXO_E ANEXO_F ANEXO_G ANEXO_H ANEXO_I ANEXO_j PORTARIA DE COMISS\u00c3O PS PORTARIA DA COMISS\u00c3O DE AVAIADORES DO PS 1\u00aa RETIFICA\u00c7\u00c3O &#8211; EDITAL N.\u00ba 002_2019 LISTA DAS INSCRI\u00c7\u00d5ES HOMOLOGADAS RESULTADO PROVIS\u00d3RIO DA ANALISE DO PRE PROJETO RESULTADO DEFINITIVO DA ANALISE DO PRE PROJETO COMUNICADO DO RESULTADO DA APRECIA\u00c7\u00c3O DOS RECURSOS COMUNICADO REALIZA\u00c7\u00c3O&#8230;<\/p>\n","protected":false},"author":976,"featured_media":0,"parent":1325,"menu_order":5,"comment_status":"closed","ping_status":"closed","template":"","meta":{"inline_featured_image":false,"site-sidebar-layout":"default","site-content-layout":"","ast-site-content-layout":"default","site-content-style":"default","site-sidebar-style":"default","ast-global-header-display":"","ast-banner-title-visibility":"","ast-main-header-display":"","ast-hfb-above-header-display":"","ast-hfb-below-header-display":"","ast-hfb-mobile-header-display":"","site-post-title":"","ast-breadcrumbs-content":"","ast-featured-img":"","footer-sml-layout":"","theme-transparent-header-meta":"","adv-header-id-meta":"","stick-header-meta":"","header-above-stick-meta":"","header-main-stick-meta":"","header-below-stick-meta":"","astra-migrate-meta-layouts":"default","ast-page-background-enabled":"default","ast-page-background-meta":{"desktop":{"background-color":"var(--ast-global-color-4)","background-image":"","background-repeat":"repeat","background-position":"center center","background-size":"auto","background-attachment":"scroll","background-type":"","background-media":"","overlay-type":"","overlay-color":"","overlay-opacity":"","overlay-gradient":""},"tablet":{"background-color":"","background-image":"","background-repeat":"repeat","background-position":"center center","background-size":"auto","background-attachment":"scroll","background-type":"","background-media":"","overlay-type":"","overlay-color":"","overlay-opacity":"","overlay-gradient":""},"mobile":{"background-color":"","background-image":"","background-repeat":"repeat","background-position":"center center","background-size":"auto","background-attachment":"scroll","background-type":"","background-media":"","overlay-type":"","overlay-color":"","overlay-opacity":"","overlay-gradient":""}},"ast-content-background-meta":{"desktop":{"background-color":"var(--ast-global-color-5)","background-image":"","background-repeat":"repeat","background-position":"center center","background-size":"auto","background-attachment":"scroll","background-type":"","background-media":"","overlay-type":"","overlay-color":"","overlay-opacity":"","overlay-gradient":""},"tablet":{"background-color":"var(--ast-global-color-5)","background-image":"","background-repeat":"repeat","background-position":"center center","background-size":"auto","background-attachment":"scroll","background-type":"","background-media":"","overlay-type":"","overlay-color":"","overlay-opacity":"","overlay-gradient":""},"mobile":{"background-color":"var(--ast-global-color-5)","background-image":"","background-repeat":"repeat","background-position":"center center","background-size":"auto","background-attachment":"scroll","background-type":"","background-media":"","overlay-type":"","overlay-color":"","overlay-opacity":"","overlay-gradient":""}},"ngg_post_thumbnail":0,"footnotes":""},"class_list":["post-1416","page","type-page","status-publish","hentry"],"_links":{"self":[{"href":"https:\/\/www2.unifap.br\/ppgef\/wp-json\/wp\/v2\/pages\/1416","targetHints":{"allow":["GET"]}}],"collection":[{"href":"https:\/\/www2.unifap.br\/ppgef\/wp-json\/wp\/v2\/pages"}],"about":[{"href":"https:\/\/www2.unifap.br\/ppgef\/wp-json\/wp\/v2\/types\/page"}],"author":[{"embeddable":true,"href":"https:\/\/www2.unifap.br\/ppgef\/wp-json\/wp\/v2\/users\/976"}],"replies":[{"embeddable":true,"href":"https:\/\/www2.unifap.br\/ppgef\/wp-json\/wp\/v2\/comments?post=1416"}],"version-history":[{"count":16,"href":"https:\/\/www2.unifap.br\/ppgef\/wp-json\/wp\/v2\/pages\/1416\/revisions"}],"predecessor-version":[{"id":1530,"href":"https:\/\/www2.unifap.br\/ppgef\/wp-json\/wp\/v2\/pages\/1416\/revisions\/1530"}],"up":[{"embeddable":true,"href":"https:\/\/www2.unifap.br\/ppgef\/wp-json\/wp\/v2\/pages\/1325"}],"wp:attachment":[{"href":"https:\/\/www2.unifap.br\/ppgef\/wp-json\/wp\/v2\/media?parent=1416"}],"curies":[{"name":"wp","href":"https:\/\/api.w.org\/{rel}","templated":true}]}}