{"id":1616,"date":"2020-02-14T13:20:08","date_gmt":"2020-02-14T13:20:08","guid":{"rendered":"http:\/\/www2.unifap.br\/ppgef\/?page_id=1616"},"modified":"2021-07-07T21:32:29","modified_gmt":"2021-07-07T21:32:29","slug":"chamada-no-002-2020-ppgef-unifap-concessao-de-bolsas","status":"publish","type":"page","link":"https:\/\/www2.unifap.br\/ppgef\/editais\/2020-2\/chamada-no-002-2020-ppgef-unifap-concessao-de-bolsas\/","title":{"rendered":"Chamada n\u00ba 002\/2020-PPGEF\/UNIFAP-Concess\u00e3o de Bolsas"},"content":{"rendered":"<p align=\"justify\">A Coordena\u00e7\u00e3o do Pro2grama de P\u00f3s-Gradua\u00e7\u00e3o em Estudos de Fronteira da Universidade Federal do Amap\u00e1 (PPGEF-UNIFAP) torna p\u00fablico esta Chamada aos discentes regularmente matriculados no Programa de P\u00f3s-Gradua\u00e7\u00e3o em Estudos de Fronteira para concess\u00e3o de bolsas.<\/p>\n<p class=\"western\" align=\"justify\"><a href=\"http:\/\/www2.unifap.br\/ppgef\/programa\/editais\/2020-2\/chamada-no-002-2020-ppgef-unifap-concessao-de-bolsas\/chamada-002_2020-concessao-de-bolsas-ppgef\/\" rel=\"attachment wp-att-1617\">Chamada 002_2020 &#8211; Concess\u00e3o de bolsas ppgef<\/a><\/p>\n<p class=\"western\" align=\"justify\"><a href=\"http:\/\/www2.unifap.br\/ppgef\/programa\/editais\/2020-2\/chamada-no-002-2020-ppgef-unifap-concessao-de-bolsas\/anexo-a-chamada-002_2020-concessao-de-bolsas\/\" rel=\"attachment wp-att-1618\">Anexo A &#8211; Chamada 002_2020- Concess\u00e3o de bolsas<\/a><\/p>\n<p align=\"justify\"><a href=\"http:\/\/www2.unifap.br\/ppgef\/programa\/editais\/2020-2\/chamada-no-002-2020-ppgef-unifap-concessao-de-bolsas\/resultado-de-concessao-de-bolsas-3\/\" rel=\"attachment wp-att-1995\">RESULTADO DE CONCESS\u00c3O DE BOLSAS<\/a><\/p>\n","protected":false},"excerpt":{"rendered":"<p>A Coordena\u00e7\u00e3o do Pro2grama de P\u00f3s-Gradua\u00e7\u00e3o em Estudos de Fronteira da Universidade Federal do Amap\u00e1 (PPGEF-UNIFAP) torna p\u00fablico esta Chamada aos discentes regularmente matriculados no Programa de P\u00f3s-Gradua\u00e7\u00e3o em Estudos de Fronteira para concess\u00e3o de bolsas. Chamada 002_2020 &#8211; Concess\u00e3o de bolsas ppgef Anexo A &#8211; Chamada 002_2020- Concess\u00e3o de bolsas RESULTADO DE CONCESS\u00c3O DE&#8230;<\/p>\n","protected":false},"author":976,"featured_media":0,"parent":1600,"menu_order":2,"comment_status":"closed","ping_status":"closed","template":"","meta":{"inline_featured_image":false,"site-sidebar-layout":"default","site-content-layout":"","ast-site-content-layout":"default","site-content-style":"default","site-sidebar-style":"default","ast-global-header-display":"","ast-banner-title-visibility":"","ast-main-header-display":"","ast-hfb-above-header-display":"","ast-hfb-below-header-display":"","ast-hfb-mobile-header-display":"","site-post-title":"","ast-breadcrumbs-content":"","ast-featured-img":"","footer-sml-layout":"","theme-transparent-header-meta":"","adv-header-id-meta":"","stick-header-meta":"","header-above-stick-meta":"","header-main-stick-meta":"","header-below-stick-meta":"","astra-migrate-meta-layouts":"default","ast-page-background-enabled":"default","ast-page-background-meta":{"desktop":{"background-color":"var(--ast-global-color-4)","background-image":"","background-repeat":"repeat","background-position":"center center","background-size":"auto","background-attachment":"scroll","background-type":"","background-media":"","overlay-type":"","overlay-color":"","overlay-opacity":"","overlay-gradient":""},"tablet":{"background-color":"","background-image":"","background-repeat":"repeat","background-position":"center center","background-size":"auto","background-attachment":"scroll","background-type":"","background-media":"","overlay-type":"","overlay-color":"","overlay-opacity":"","overlay-gradient":""},"mobile":{"background-color":"","background-image":"","background-repeat":"repeat","background-position":"center center","background-size":"auto","background-attachment":"scroll","background-type":"","background-media":"","overlay-type":"","overlay-color":"","overlay-opacity":"","overlay-gradient":""}},"ast-content-background-meta":{"desktop":{"background-color":"var(--ast-global-color-5)","background-image":"","background-repeat":"repeat","background-position":"center center","background-size":"auto","background-attachment":"scroll","background-type":"","background-media":"","overlay-type":"","overlay-color":"","overlay-opacity":"","overlay-gradient":""},"tablet":{"background-color":"var(--ast-global-color-5)","background-image":"","background-repeat":"repeat","background-position":"center center","background-size":"auto","background-attachment":"scroll","background-type":"","background-media":"","overlay-type":"","overlay-color":"","overlay-opacity":"","overlay-gradient":""},"mobile":{"background-color":"var(--ast-global-color-5)","background-image":"","background-repeat":"repeat","background-position":"center center","background-size":"auto","background-attachment":"scroll","background-type":"","background-media":"","overlay-type":"","overlay-color":"","overlay-opacity":"","overlay-gradient":""}},"ngg_post_thumbnail":0,"footnotes":""},"class_list":["post-1616","page","type-page","status-publish","hentry"],"_links":{"self":[{"href":"https:\/\/www2.unifap.br\/ppgef\/wp-json\/wp\/v2\/pages\/1616","targetHints":{"allow":["GET"]}}],"collection":[{"href":"https:\/\/www2.unifap.br\/ppgef\/wp-json\/wp\/v2\/pages"}],"about":[{"href":"https:\/\/www2.unifap.br\/ppgef\/wp-json\/wp\/v2\/types\/page"}],"author":[{"embeddable":true,"href":"https:\/\/www2.unifap.br\/ppgef\/wp-json\/wp\/v2\/users\/976"}],"replies":[{"embeddable":true,"href":"https:\/\/www2.unifap.br\/ppgef\/wp-json\/wp\/v2\/comments?post=1616"}],"version-history":[{"count":6,"href":"https:\/\/www2.unifap.br\/ppgef\/wp-json\/wp\/v2\/pages\/1616\/revisions"}],"predecessor-version":[{"id":1996,"href":"https:\/\/www2.unifap.br\/ppgef\/wp-json\/wp\/v2\/pages\/1616\/revisions\/1996"}],"up":[{"embeddable":true,"href":"https:\/\/www2.unifap.br\/ppgef\/wp-json\/wp\/v2\/pages\/1600"}],"wp:attachment":[{"href":"https:\/\/www2.unifap.br\/ppgef\/wp-json\/wp\/v2\/media?parent=1616"}],"curies":[{"name":"wp","href":"https:\/\/api.w.org\/{rel}","templated":true}]}}