{"id":2074,"date":"2021-12-03T09:43:49","date_gmt":"2021-12-03T09:43:49","guid":{"rendered":"http:\/\/www2.unifap.br\/ppgef\/?page_id=2074"},"modified":"2021-12-18T18:23:17","modified_gmt":"2021-12-18T18:23:17","slug":"edital-n-o-001-2021-ppgef-unifap_processo-seletivo-2021","status":"publish","type":"page","link":"https:\/\/www2.unifap.br\/ppgef\/editais\/2021-2\/edital-n-o-001-2021-ppgef-unifap_processo-seletivo-2021\/","title":{"rendered":"Edital n.\u00ba 001\/2021- PPGEF\/UNIFAP_PROCESSO SELETIVO 2021"},"content":{"rendered":"<p><a href=\"http:\/\/www2.unifap.br\/ppgef\/programa\/editais\/2021-2\/edital-n-o-001-2021-ppgef-unifap_processo-seletivo-2021\/edital-ps_turma-2021\/\" rel=\"attachment wp-att-2088\">Edital PS_Turma 2021<\/a><\/p>\n<p><a href=\"http:\/\/www2.unifap.br\/ppgef\/programa\/editais\/2021-2\/edital-n-o-001-2021-ppgef-unifap_processo-seletivo-2021\/anexo-a-modelo-padra%cc%83o-de-carta-de-recomendac%cc%a7a%cc%83o-dados-pessoais\/\" rel=\"attachment wp-att-2075\">ANEXO A &#8211; MODELO PADRA\u0303O DE CARTA DE RECOMENDAC\u0327A\u0303O DADOS PESSOAIS<\/a><\/p>\n<p><a href=\"http:\/\/www2.unifap.br\/ppgef\/programa\/editais\/2021-2\/edital-n-o-001-2021-ppgef-unifap_processo-seletivo-2021\/anexo-b-formulario-de-autodeclaracao\/\" rel=\"attachment wp-att-2076\">ANEXO B &#8211; FORMUL\u00c1RIO DE AUTODECLARA\u00c7\u00c3O<\/a><\/p>\n<p><a href=\"http:\/\/www2.unifap.br\/ppgef\/programa\/editais\/2021-2\/edital-n-o-001-2021-ppgef-unifap_processo-seletivo-2021\/anexo-c-formulario-para-avaliacao-do-curriculum-lattes\/\" rel=\"attachment wp-att-2077\">ANEXO C &#8211; FORMUL\u00c1RIO PARA AVALIA\u00c7\u00c3O DO CURRICULUM LATTES<\/a><\/p>\n<p><a href=\"http:\/\/www2.unifap.br\/ppgef\/programa\/editais\/2021-2\/edital-n-o-001-2021-ppgef-unifap_processo-seletivo-2021\/anexo-d-modelo-de-recurso\/\" rel=\"attachment wp-att-2078\">ANEXO D \u2013 MODELO DE RECURSO<\/a><\/p>\n<p><a href=\"http:\/\/www2.unifap.br\/ppgef\/programa\/editais\/2021-2\/edital-n-o-001-2021-ppgef-unifap_processo-seletivo-2021\/1a-retificacao-do-edital-no-001_2021_ppgef\/\" rel=\"attachment wp-att-2094\">1\u00aa RETIFICA\u00c7\u00c3O DO EDITAL N\u00ba 001_2021_PPGEF<\/a><\/p>\n<p><a href=\"http:\/\/www2.unifap.br\/ppgef\/programa\/editais\/2021-2\/edital-n-o-001-2021-ppgef-unifap_processo-seletivo-2021\/inscricoes-homologadas_-ppgef-2021-2\/\" rel=\"attachment wp-att-2102\">INSCRI\u00c7\u00d5ES HOMOLOGADAS_ PPGEF-2021<\/a><\/p>\n<p><a href=\"http:\/\/www2.unifap.br\/ppgef\/programa\/editais\/2021-2\/edital-n-o-001-2021-ppgef-unifap_processo-seletivo-2021\/resultado-pre-projetos\/\" rel=\"attachment wp-att-2104\">RESULTADO PR\u00c9-PROJETOS<\/a><\/p>\n<p><a href=\"http:\/\/www2.unifap.br\/ppgef\/programa\/editais\/2021-2\/edital-n-o-001-2021-ppgef-unifap_processo-seletivo-2021\/resultado-definitivo-pre-projetos\/\" rel=\"attachment wp-att-2113\">RESULTADO DEFINITIVO PR\u00c9-PROJETOS<\/a><\/p>\n<p><a href=\"http:\/\/www2.unifap.br\/ppgef\/programa\/editais\/2021-2\/edital-n-o-001-2021-ppgef-unifap_processo-seletivo-2021\/resultado-provisorio-da-fase-de-ensaio-bibliografico\/\" rel=\"attachment wp-att-2115\">RESULTADO PROVIS\u00d3RIO DA FASE DE ENSAIO BIBLIOGR\u00c1FICO<\/a><\/p>\n<p><a href=\"http:\/\/www2.unifap.br\/ppgef\/programa\/editais\/2021-2\/edital-n-o-001-2021-ppgef-unifap_processo-seletivo-2021\/2a-retificacao-do-edital-no-001_2021_ppgef\/\" rel=\"attachment wp-att-2119\">2\u00aa RETIFICA\u00c7\u00c3O DO EDITAL N\u00ba 001_2021_PPGEF<\/a><\/p>\n<p><a href=\"http:\/\/www2.unifap.br\/ppgef\/programa\/editais\/2021-2\/edital-n-o-001-2021-ppgef-unifap_processo-seletivo-2021\/resultado-definitivo-da-fase-de-ensaio-bibliografico\/\" rel=\"attachment wp-att-2123\">RESULTADO DEFINITIVO DA FASE DE ENSAIO BIBLIOGR\u00c1FICO<\/a><\/p>\n<p><a href=\"http:\/\/www2.unifap.br\/ppgef\/programa\/editais\/2021-2\/edital-n-o-001-2021-ppgef-unifap_processo-seletivo-2021\/relacao-de-candidatos-da-fase-de-entrevista-3\/\" rel=\"attachment wp-att-2130\">RELA\u00c7\u00c3O DE CANDIDATOS DA FASE DE ENTREVISTA<\/a><\/p>\n<p><a href=\"http:\/\/www2.unifap.br\/ppgef\/programa\/editais\/2021-2\/edital-n-o-001-2021-ppgef-unifap_processo-seletivo-2021\/resultado-provisorio-da-fase-de-entrevista\/\" rel=\"attachment wp-att-2132\">RESULTADO PROVIS\u00d3RIO DA FASE DE ENTREVISTA<\/a><\/p>\n<p><a href=\"http:\/\/www2.unifap.br\/ppgef\/programa\/editais\/2021-2\/edital-n-o-001-2021-ppgef-unifap_processo-seletivo-2021\/resultado-definitivo-da-fase-de-entrevista\/\" rel=\"attachment wp-att-2147\">RESULTADO DEFINITIVO DA FASE DE ENTREVISTA<\/a><\/p>\n<p><a href=\"http:\/\/www2.unifap.br\/ppgef\/programa\/editais\/2021-2\/edital-n-o-001-2021-ppgef-unifap_processo-seletivo-2021\/resultado-provisorio-da-fase-de-curriculo\/\" rel=\"attachment wp-att-2150\">RESULTADO PROVISORIO DA FASE DE CURRICULO<\/a><\/p>\n<p><a href=\"http:\/\/www2.unifap.br\/ppgef\/programa\/editais\/2021-2\/edital-n-o-001-2021-ppgef-unifap_processo-seletivo-2021\/resultado-definitivo-da-fase-de-curriculo\/\" rel=\"attachment wp-att-2152\">RESULTADO DEFINITIVO DA FASE DE CURRICULO<\/a><\/p>\n<p><a href=\"http:\/\/www2.unifap.br\/ppgef\/programa\/editais\/2021-2\/edital-n-o-001-2021-ppgef-unifap_processo-seletivo-2021\/resultado-final-ps-2021-ppgef\/\" rel=\"attachment wp-att-2153\">RESULTADO FINAL PS 2021-PPGEF<\/a><\/p>\n","protected":false},"excerpt":{"rendered":"<p>Edital PS_Turma 2021 ANEXO A &#8211; MODELO PADRA\u0303O DE CARTA DE RECOMENDAC\u0327A\u0303O DADOS PESSOAIS ANEXO B &#8211; FORMUL\u00c1RIO DE AUTODECLARA\u00c7\u00c3O ANEXO C &#8211; FORMUL\u00c1RIO PARA AVALIA\u00c7\u00c3O DO CURRICULUM LATTES ANEXO D \u2013 MODELO DE RECURSO 1\u00aa RETIFICA\u00c7\u00c3O DO EDITAL N\u00ba 001_2021_PPGEF INSCRI\u00c7\u00d5ES HOMOLOGADAS_ PPGEF-2021 RESULTADO PR\u00c9-PROJETOS RESULTADO DEFINITIVO PR\u00c9-PROJETOS RESULTADO PROVIS\u00d3RIO DA FASE DE ENSAIO&#8230;<\/p>\n","protected":false},"author":976,"featured_media":0,"parent":2070,"menu_order":1,"comment_status":"closed","ping_status":"closed","template":"","meta":{"inline_featured_image":false,"site-sidebar-layout":"default","site-content-layout":"","ast-site-content-layout":"default","site-content-style":"default","site-sidebar-style":"default","ast-global-header-display":"","ast-banner-title-visibility":"","ast-main-header-display":"","ast-hfb-above-header-display":"","ast-hfb-below-header-display":"","ast-hfb-mobile-header-display":"","site-post-title":"","ast-breadcrumbs-content":"","ast-featured-img":"","footer-sml-layout":"","theme-transparent-header-meta":"","adv-header-id-meta":"","stick-header-meta":"","header-above-stick-meta":"","header-main-stick-meta":"","header-below-stick-meta":"","astra-migrate-meta-layouts":"default","ast-page-background-enabled":"default","ast-page-background-meta":{"desktop":{"background-color":"var(--ast-global-color-4)","background-image":"","background-repeat":"repeat","background-position":"center center","background-size":"auto","background-attachment":"scroll","background-type":"","background-media":"","overlay-type":"","overlay-color":"","overlay-opacity":"","overlay-gradient":""},"tablet":{"background-color":"","background-image":"","background-repeat":"repeat","background-position":"center center","background-size":"auto","background-attachment":"scroll","background-type":"","background-media":"","overlay-type":"","overlay-color":"","overlay-opacity":"","overlay-gradient":""},"mobile":{"background-color":"","background-image":"","background-repeat":"repeat","background-position":"center center","background-size":"auto","background-attachment":"scroll","background-type":"","background-media":"","overlay-type":"","overlay-color":"","overlay-opacity":"","overlay-gradient":""}},"ast-content-background-meta":{"desktop":{"background-color":"var(--ast-global-color-5)","background-image":"","background-repeat":"repeat","background-position":"center center","background-size":"auto","background-attachment":"scroll","background-type":"","background-media":"","overlay-type":"","overlay-color":"","overlay-opacity":"","overlay-gradient":""},"tablet":{"background-color":"var(--ast-global-color-5)","background-image":"","background-repeat":"repeat","background-position":"center center","background-size":"auto","background-attachment":"scroll","background-type":"","background-media":"","overlay-type":"","overlay-color":"","overlay-opacity":"","overlay-gradient":""},"mobile":{"background-color":"var(--ast-global-color-5)","background-image":"","background-repeat":"repeat","background-position":"center center","background-size":"auto","background-attachment":"scroll","background-type":"","background-media":"","overlay-type":"","overlay-color":"","overlay-opacity":"","overlay-gradient":""}},"ngg_post_thumbnail":0,"footnotes":""},"class_list":["post-2074","page","type-page","status-publish","hentry"],"_links":{"self":[{"href":"https:\/\/www2.unifap.br\/ppgef\/wp-json\/wp\/v2\/pages\/2074","targetHints":{"allow":["GET"]}}],"collection":[{"href":"https:\/\/www2.unifap.br\/ppgef\/wp-json\/wp\/v2\/pages"}],"about":[{"href":"https:\/\/www2.unifap.br\/ppgef\/wp-json\/wp\/v2\/types\/page"}],"author":[{"embeddable":true,"href":"https:\/\/www2.unifap.br\/ppgef\/wp-json\/wp\/v2\/users\/976"}],"replies":[{"embeddable":true,"href":"https:\/\/www2.unifap.br\/ppgef\/wp-json\/wp\/v2\/comments?post=2074"}],"version-history":[{"count":22,"href":"https:\/\/www2.unifap.br\/ppgef\/wp-json\/wp\/v2\/pages\/2074\/revisions"}],"predecessor-version":[{"id":2154,"href":"https:\/\/www2.unifap.br\/ppgef\/wp-json\/wp\/v2\/pages\/2074\/revisions\/2154"}],"up":[{"embeddable":true,"href":"https:\/\/www2.unifap.br\/ppgef\/wp-json\/wp\/v2\/pages\/2070"}],"wp:attachment":[{"href":"https:\/\/www2.unifap.br\/ppgef\/wp-json\/wp\/v2\/media?parent=2074"}],"curies":[{"name":"wp","href":"https:\/\/api.w.org\/{rel}","templated":true}]}}