{"id":21,"date":"2017-02-08T15:03:28","date_gmt":"2017-02-08T15:03:28","guid":{"rendered":"http:\/\/www2.unifap.br\/ppgef\/?page_id=21"},"modified":"2022-11-25T14:30:16","modified_gmt":"2022-11-25T14:30:16","slug":"apresentacao","status":"publish","type":"page","link":"https:\/\/www2.unifap.br\/ppgef\/programa\/apresentacao\/","title":{"rendered":"APRESENTA\u00c7\u00c3O"},"content":{"rendered":"<p>HIST\u00d3RICO<\/p>\n<p>O ensino superior universit\u00e1rio no Amap\u00e1 teve inicio em 1970 como N\u00facleo Avan\u00e7ado de Ensino (NEM), vinculado \u00e0 Universidade Federal do Par\u00e1 (UFPA).\u00a0\u00a0 Aproximadamente 500 vagas eram ofertadas para o magist\u00e9rio (licenciatura curta), implantando o embri\u00e3o do que seria a futura Universidade Federal do Amap\u00e1 \u2013 UNIFAP. .<\/p>\n<p>Na d\u00e9cada de 1990, cria-se a Funda\u00e7\u00e3o Universidade Federal do Amap\u00e1, Institui\u00e7\u00e3o Federal de Ensino Superior (IFES) mantida pela Uni\u00e3o. Em 1991, com a nomea\u00e7\u00e3o do reitor <em>pro tempore<\/em>, a UNIFAP realiza o primeiro vestibular para os cursos de Direito, Secretariado Executivo, Geografia, Hist\u00f3ria, Ci\u00eancias Sociais, Matem\u00e1tica, Letras, Educa\u00e7\u00e3o Art\u00edstica e Enfermagem, dando inicio a suas atividades. A institui\u00e7\u00e3o, ciente da responsabilidade social que tem com o estado do Amap\u00e1, sob o ponto de vista regional, e com o Brasil, em uma perspectiva mais ampla, tem procurado implementar projetos e a\u00e7\u00f5es que: i) consolidem o ensino, a pesquisa e a extens\u00e3o; ii) expandam a infraestrutura acad\u00eamico-administrativa e a abrang\u00eancia de atua\u00e7\u00e3o no estado; iii) modernizem seus processos internos; e iv) otimizem recursos para colocar em pr\u00e1tica, da maneira mais eficiente poss\u00edvel, seus objetivos e fun\u00e7\u00f5es sociais.<\/p>\n<p>A UNIFAP hoje conta com quatro campi, nos quais oferta 47 Cursos de Gradua\u00e7\u00e3o presenciais, sendo 28 na modalidade Licenciatura \u2013 34 na capital e 13 nos demais campi (08 no Campus do Oiapoque, fronteira com a Guiana Francesa; 04 no campus de Santana e 01 em Mazag\u00e3o). H\u00e1, ainda, 08 Cursos de Licenciatura ofertados pelo Plano Nacional de Forma\u00e7\u00e3o dos Professores da Educa\u00e7\u00e3o B\u00e1sica &#8211; PARFOR (Pedagogia, Hist\u00f3ria, Geografia, Letras, Artes, Biologia, Matem\u00e1tica e F\u00edsica) e 6 curso de gradua\u00e7\u00e3o na modalidade \u00e0 dist\u00e2ncia (Bacharelado em Administra\u00e7\u00e3o P\u00fablica, Licenciatura em Matem\u00e1tica, Licenciatura em Educa\u00e7\u00e3o F\u00edsica, Licenciatura em Letras Ingl\u00eas, Licenciatura em Letras Portugu\u00eas e Licenciatura em Sociologia).<\/p>\n<p>O quadro funcional da Universidade conta com 1.182 servidores efetivos (SIGRH, jan 2019), dos quais \u00a0662 s\u00e3o docentes \u00a0520 s\u00e3o t\u00e9cnico-administrativos.<\/p>\n<p>H\u00e1 pouco mais de dez anos a IES possu\u00eda em seus quadros cerca de nove doutores, somente. Entretanto, em fun\u00e7\u00e3o do esfor\u00e7o institucional e de pol\u00edticas de qualifica\u00e7\u00e3o docente promovidas pela CAPES &#8211;\u00a0 Doutorados Interinstitucionais (DINTER) somados a expans\u00e3o permitida pelo REUNI, incrementaram o processo de expans\u00e3o de titula\u00e7\u00e3o docente, assim distribu\u00edda na UNIFAP (SIGRH, Jan 2019)atualmente:<\/p>\n<ul>\n<li>Doutorado &#8211; 260<\/li>\n<li>Especializa\u00e7\u00e3o &#8211; 123<\/li>\n<li>Gradua\u00e7\u00e3o \u2013 6 (todos em qualifica\u00e7\u00e3o)<\/li>\n<li>Mestrado 273<\/li>\n<li>A UNIFAP \u00e9 a \u00fanica Institui\u00e7\u00e3o p\u00fablica que oferta P\u00f3s-Gradua\u00e7\u00e3o <em>stricto sensu<\/em> no estado. Possui treze Programas, a saber: PPGBIO \u2013 Programa de P\u00f3s-Gradua\u00e7\u00e3o em Biodiversidade Tropical (Mestrado e Doutorado)<\/li>\n<li>PPGCS &#8211; Programa de P\u00f3s-Gradua\u00e7\u00e3o em Ci\u00eancias da Sa\u00fade (Mestrado)<\/li>\n<li>PPGMDR &#8211; Programa de P\u00f3s-Gradua\u00e7\u00e3o em Desenvolvimento Regional (Mestrado)<\/li>\n<li>PPGCF \u2013 Programa de P\u00f3s-Gradua\u00e7\u00e3o em Ci\u00eancias Farmac\u00eauticas (Mestrado)<\/li>\n<li>PPGBIONORTE \u2013 Programa de P\u00f3s-Gradua\u00e7\u00e3o em Biodiversidade e Biotecnologia em Rede (Mestrado e Doutorado)<\/li>\n<li>PROFMAT \u2013 Programa de P\u00f3s-Gradua\u00e7\u00e3o em Matem\u00e1tica em Rede Nacional (Mestrado Profissional)<\/li>\n<li>PROFHIST\u00d3RIA \u2013Programa de P\u00f3s-Gradua\u00e7\u00e3o em Ensino de Hist\u00f3ria em Rede (Mestrado Profissional)<\/li>\n<li>PPGIF \u2013 Programa de P\u00f3s-Gradua\u00e7\u00e3o em Inova\u00e7\u00e3o Farmac\u00eautica em Rede (Doutorado)<\/li>\n<li>PPGEF \u2013 Programa de P\u00f3s-Gradua\u00e7\u00e3o em Estudos de Fronteira (Mestrado Profissional)<\/li>\n<li>PPGED &#8211; Programa de P\u00f3s-Gradua\u00e7\u00e3o em Educa\u00e7\u00e3o (Mestrado)<\/li>\n<li>PPGCA &#8211; Programa de P\u00f3s-Gradua\u00e7\u00e3o em Ci\u00eancias Ambientais (Mestrado)<\/li>\n<li>PPGH \u2013 Programa de P\u00f3s-Gradua\u00e7\u00e3o em Hist\u00f3ria (Mestrado)<\/li>\n<li>PPFNIT &#8211; Programa de P\u00f3s-Gradua\u00e7\u00e3o em Propriedade Intelectual e Transfer\u00eancia de Tecnologia em Rede (Mestrado)<\/li>\n<\/ul>\n<p>O PPGEF autorizado em 2017\u00e9 o \u00fanico mestrado profissional composto por professores da Unifap e mantido pela institui\u00e7\u00e3o, todos os demais s\u00e3o em rede. Ele tem papel diferenciado nas estrat\u00e9gias institucionais de alcance da p\u00f3s-gradua\u00e7\u00e3o.<\/p>\n<p>Com a expans\u00e3o do numero de cursos permitida pela Reforma Universit\u00e1ria (REUNI) e com a implanta\u00e7\u00e3o do SISU, a UNIFAP tem acolhido estudantes de v\u00e1rias regi\u00f5es do Brasil e de outros pa\u00edses, particularmente da regi\u00e3o das Guianas, do Caribe e da Am\u00e9rica do Sul, consolidando-se como uma institui\u00e7\u00e3o estrat\u00e9gica no \u00e2mbito da regi\u00e3o da Amaz\u00f4nia, das Guianas e do Caribe. Tornou-se polo da produ\u00e7\u00e3o e dissemina\u00e7\u00e3o de conhecimento, al\u00e9m de formar profissionais graduados e p\u00f3s-graduados para o estado do Amap\u00e1, outras regi\u00f5es do Brasil e, inclusive, outros pa\u00edses.<\/p>\n<p style=\"text-align: justify\">Diante da regularidade, interesse social e acad\u00eamico e atentando para a sua especificidade de estado na tr\u00edplice fronteira Brasil\/Suriname\/Guiana Francesa a Unifap, por meio de diversos grupos de pesquisa e a\u00e7\u00f5es institucionais, adensou seus esfor\u00e7os na p\u00f3s-gradua\u00e7\u00e3o para organizar o Mestrado Profissional em Estudos de Fronteira. O grupo de docentes nele reunidos est\u00e1 ligado pela tem\u00e1tica da Fronteira como objeto e ponto de encontro de discuss\u00f5es acad\u00eamicas, de vi\u00e9s internacionalizante, que envolvem diversos saberes.<\/p>\n<p style=\"text-align: justify\">&#8212;&#8212;&#8212;&#8212;&#8212;&#8212;&#8212;&#8212;&#8212;&#8212;&#8212;&#8212;&#8212;&#8212;&#8212;&#8212;&#8212;&#8212;&#8212;&#8212;&#8212;&#8212;&#8212;&#8212;-<\/p>\n<p style=\"text-align: justify\">CONTEXTUALIZA\u00c7\u00c3O<\/p>\n<p>O Mestrado Profissional em Estudos de Fronteira da Universidade Federal do Amap\u00e1 (PPGEF-UNIFAP) tem a proposta de preparar seus discentes dando \u00eanfase aos estudos fronteiri\u00e7os em perspectiva multidisciplinar. A compreens\u00e3o de que a tem\u00e1tica da Fronteira \u00e9 por excel\u00eancia transversal a v\u00e1rios campos de conhecimento, nos posiciona como um programa de p\u00f3s-gradua\u00e7\u00e3o com escopo e delimita\u00e7\u00e3o de \u00e1rea capaz de promover a converg\u00eancia estruturante destes interesses, sejam te\u00f3ricos, narrativos ou epistemol\u00f3gicos.<\/p>\n<p>O intuito \u00e9 contribuir para o aperfei\u00e7oamento acad\u00eamico e capacita\u00e7\u00e3o de pessoal em temas cujo programa tem seu foco e respectivas linhas de investiga\u00e7\u00e3o, de modo a fomentar pesquisas para a amplia\u00e7\u00e3o do conhecimento cient\u00edfico em \u00e1reas de interesse dos estudos fronteiri\u00e7os, com especial aten\u00e7\u00e3o \u00e0 regi\u00e3o das Guianas (Mapa 1), complexo do qual fazem parte Brasil, Guiana Francesa\/Fran\u00e7a, Suriname, Rep\u00fablica da Guiana e Venezuela. Um dos pilares que confere vantagem ao PPGEF \u00e9 seu car\u00e1ter multidisciplinar, no qual variados campos de conhecimento como Antropologia, Geografia, Ci\u00eancia Pol\u00edtica e Hist\u00f3ria se tornaram os pilares para compreender os estudos de fronteira em diferentes \u00e2ngulos.<\/p>\n<p>&nbsp;<\/p>\n<p>Mapa 1\u2013A regi\u00e3o das Guianas e suas fronteiras<\/p>\n<p><a href=\"http:\/\/www2.unifap.br\/ppgef\/files\/2019\/02\/Mapa-Regi%C3%A3o-das-Guianas.pdf\">http:\/\/www2.unifap.br\/ppgef\/files\/2019\/02\/Mapa-Regi%C3%A3o-das-Guianas.pdf<\/a><\/p>\n<p>&nbsp;<\/p>\n<p>As rela\u00e7\u00f5es transfronteiri\u00e7as est\u00e3o nas pautas das discuss\u00f5es das rela\u00e7\u00f5es internacionais interestatais, das quest\u00f5es migrat\u00f3rias e sociais, das tend\u00eancias geopol\u00edticas e nos debates geoecon\u00f4micos mundiais. Seja em escala regional ou ambi\u00eancia global, tais fluxos recomp\u00f5em percep\u00e7\u00f5es acad\u00eamicas e s\u00f3cio-econ\u00f4micas acerca das potencialidades que as fronteiras relacionam. Aqui se concentra o empenho do PPGEF em produzir, dialogar e fomentar tais estudos e arej\u00e1-los com perspectivas inclusivas. Pode-se dizer que tal prolifera\u00e7\u00e3o, salutar para uma compreens\u00e3o da reconfigura\u00e7\u00e3o pol\u00edtica do hemisf\u00e9rio ocidental no S\u00e9culo XXI, ainda n\u00e3o foi contemplada a contento no que diz respeito \u00e0 regi\u00e3o das Guianas (Mapa 1), dada a ainda reduzida quantidade de estudos sobre o tema no Brasil e no exterior.<\/p>\n<p>Considerando o sistema internacional globalizado, as din\u00e2micas sobre as fronteiras inter ou intranacionais acentuam suas diferen\u00e7as, possibilitam sinergias e rearranjam seus par\u00e2metros e suas pol\u00edticas. Dessa forma, entende-se aqui que a compreens\u00e3o das Guianas como regi\u00e3o \u00e9 ponto de partida para entender as geopol\u00edticas que l\u00e1 se centram e se irradiam. Essa compreens\u00e3o, numa perspectiva de proje\u00e7\u00e3o, aponta as potencialidades, os problemas e os desafios para ampliar as discuss\u00f5es nos estudos de fronteiras e na capacita\u00e7\u00e3o profissional dos agentes inseridos na tem\u00e1tica.<\/p>\n<p>A iniciativa de adensamento dos estudos fronteiri\u00e7os propostos pelo PPGEF colabora para o papel fundamental da UNIFAP na franja setentrional brasileira em produzir an\u00e1lises, cen\u00e1rios e proposituras indutoras de pol\u00edticas p\u00fablica no necess\u00e1rio esfor\u00e7o de potencializar a fronteira como piv\u00f4 multidimensional de desenvolvimento socioecon\u00f4mico e sustentabilidade ambiental. A fronteira setentrional brasileira em seu nexo amaz\u00f4nico-caribenho representa enorme potencial para a integra\u00e7\u00e3o Am\u00e9rica do Sul-Caribe e para a\u00a0 converg\u00eancias em foros ou eixos econ\u00f4micos, pol\u00edticos e culturais nos quais a sociedade, a academia, as iniciativas privadas e o pr\u00f3prio Estado tem interesse estrat\u00e9gico.<\/p>\n<p>O estado do Amap\u00e1 tem 2\/3 do seu territ\u00f3rio como Faixa de Fronteira. Abrangendo 08 dos seus 16 munic\u00edpios, a pr\u00f3pria cria\u00e7\u00e3o do Territ\u00f3rio Federal do Amap\u00e1 em 1943, decorre de uma s\u00e9rie de a\u00e7\u00f5es e proje\u00e7\u00f5es futuras a respeito do papel geoestrat\u00e9gico da fronteira setentrional amaz\u00f4nica para o relacionamento do Brasil com seus pa\u00edses vizinhos, diante da discuss\u00e3o da integra\u00e7\u00e3o amaz\u00f4nica com o restante do territ\u00f3rio nacional. Assim sendo, \u00e9 preciso apontar o car\u00e1ter estrat\u00e9gico do Amap\u00e1, com aproximadamente 50% do seu territ\u00f3rio como faixa de fronteira para compreender a relev\u00e2ncia do Mestrado Profissional em Estudos de Fronteiras.<\/p>\n<p>Ao tratarmos das Guianas como regi\u00e3o de an\u00e1lise se abrem portas comparativas de uma parte do norte da Am\u00e9rica do Sul, cuja coloniza\u00e7\u00e3o, aspectos hist\u00f3ricos e arranjos geogr\u00e1ficos e geopol\u00edticos evocam semelhan\u00e7as em aspectos como ocupa\u00e7\u00e3o litor\u00e2nea, rica biodiversidade, diversidade de popula\u00e7\u00f5es ind\u00edgenas, car\u00eancia de conex\u00f5es, a\u00e7\u00e3o do capital internacional sobre fr\u00e1geis economias, dentre outras.<\/p>\n<p>Uma infinidade de quest\u00f5es ainda demandar\u00e1 a atua\u00e7\u00e3o do grupo no campo das Ci\u00eancias Humanas e \u00e9 nesse sentido que temos ampliado sistematicamente o corpo de professores\/as do programa para atender a temas que emergem como estrat\u00e9gicos e refor\u00e7ados por meio de redes e n\u00facleos correlatos, a saber: 1) Os fluxos internacionais na regi\u00e3o das Guianas, pessoas, mercadorias e servi\u00e7os; 2) as estrat\u00e9gias regionais de integra\u00e7\u00e3o; 3) as fronteiras como <em>l\u00f3cus<\/em> de passagem, mas tamb\u00e9m de proibi\u00e7\u00e3o; 4) as disputas fronteiri\u00e7as no s\u00e9culo XXI; 5) o papel da seguran\u00e7a regional e internacional; 6) a biopirataria; 7) o papel das \u00e1reas protegidas, em m\u00faltiplos campos de an\u00e1lise; 8) os governos autorit\u00e1rios, suas express\u00f5es pol\u00edticas (interna\/externa) e sua rela\u00e7\u00e3o com a popula\u00e7\u00e3o em geral; 9) o planejamento urbano e as pol\u00edticas de habita\u00e7\u00e3o; 10) a rela\u00e7\u00e3o entre Estado e empresa nas estrat\u00e9gias de uso do territ\u00f3rio; 11) as express\u00f5es identit\u00e1rias e de poder que conformam os panoramas; e 12) direito internacional p\u00fablico, quest\u00f5es ind\u00edgenas e a efetividade de direitos de minorias relacionadas \u00e0s fronteiras.<\/p>\n<p>Como resultante das a\u00e7\u00f5es desenvolvidas no PPGEF, objetiva-se formar mestres capazes de assessorar institui\u00e7\u00f5es governamentais e da iniciativa privada em assuntos estrat\u00e9gicos relacionados a temas fronteiri\u00e7os direta ou indiretamente. Por meio de inovadora oferta de curso de p\u00f3s-gradua\u00e7\u00e3o, com forte disposi\u00e7\u00e3o e voca\u00e7\u00e3o para atender uma demanda represada por d\u00e9cadas na regi\u00e3o. Com ele, atendemos a um perfil variado que vai desde o profissional rec\u00e9m-graduado, interessado em se aprofundar e especializar na tem\u00e1tica com vistas a uma atua\u00e7\u00e3o diante do mercado com constante sujei\u00e7\u00e3o aos dilemas e oportunidades que a fronteira apresenta para estudos fecundos, como, tamb\u00e9m, a outros perfis que buscam retomar o di\u00e1logo com a Universidade e o meio acad\u00eamico, como agentes de seguran\u00e7a p\u00fablica, pessoal militar ou das armas estaduais, pessoal t\u00e9cnico de empresas de ponta, licenciados com forma\u00e7\u00e3o graduada e <em>lato sensu<\/em> que atuam no Ensino Superior.<\/p>\n<p>&#8212;&#8212;&#8212;&#8212;&#8212;&#8212;&#8212;&#8212;&#8212;&#8212;&#8212;&#8212;&#8212;&#8212;&#8212;&#8212;&#8212;&#8212;&#8212;&#8212;&#8212;&#8212;&#8212;&#8212;-<\/p>\n<p>RECONHECIMENTO<\/p>\n<p>C\u00f3digo da IES:<\/p>\n<p>C\u00f3digo do Curso junto \u00e0 CAPES: 14001012156P0<\/p>\n<p>Nota do curso de Mestrado Profissional:<b> <\/b>3<\/p>\n<p>Portaria N\u00ba 17\/MEC, de 28\/12\/2009, publicada no DOU, Se\u00e7\u00e3o 1, N\u00ba 248, 29\/12\/2009, Disp\u00f5e sobre o Mestrado Profissional no \u00e2mbito da CAPES.<\/p>\n<p>&nbsp;<\/p>\n","protected":false},"excerpt":{"rendered":"<p>HIST\u00d3RICO O ensino superior universit\u00e1rio no Amap\u00e1 teve inicio em 1970 como N\u00facleo Avan\u00e7ado de Ensino (NEM), vinculado \u00e0 Universidade Federal do Par\u00e1 (UFPA).\u00a0\u00a0 Aproximadamente 500 vagas eram ofertadas para o magist\u00e9rio (licenciatura curta), implantando o embri\u00e3o do que seria a futura Universidade Federal do Amap\u00e1 \u2013 UNIFAP. . Na d\u00e9cada de 1990, cria-se a&#8230;<\/p>\n","protected":false},"author":976,"featured_media":0,"parent":837,"menu_order":1,"comment_status":"closed","ping_status":"open","template":"","meta":{"inline_featured_image":false,"site-sidebar-layout":"default","site-content-layout":"","ast-site-content-layout":"default","site-content-style":"default","site-sidebar-style":"default","ast-global-header-display":"","ast-banner-title-visibility":"","ast-main-header-display":"","ast-hfb-above-header-display":"","ast-hfb-below-header-display":"","ast-hfb-mobile-header-display":"","site-post-title":"","ast-breadcrumbs-content":"","ast-featured-img":"","footer-sml-layout":"","theme-transparent-header-meta":"","adv-header-id-meta":"","stick-header-meta":"","header-above-stick-meta":"","header-main-stick-meta":"","header-below-stick-meta":"","astra-migrate-meta-layouts":"default","ast-page-background-enabled":"default","ast-page-background-meta":{"desktop":{"background-color":"var(--ast-global-color-4)","background-image":"","background-repeat":"repeat","background-position":"center center","background-size":"auto","background-attachment":"scroll","background-type":"","background-media":"","overlay-type":"","overlay-color":"","overlay-opacity":"","overlay-gradient":""},"tablet":{"background-color":"","background-image":"","background-repeat":"repeat","background-position":"center center","background-size":"auto","background-attachment":"scroll","background-type":"","background-media":"","overlay-type":"","overlay-color":"","overlay-opacity":"","overlay-gradient":""},"mobile":{"background-color":"","background-image":"","background-repeat":"repeat","background-position":"center center","background-size":"auto","background-attachment":"scroll","background-type":"","background-media":"","overlay-type":"","overlay-color":"","overlay-opacity":"","overlay-gradient":""}},"ast-content-background-meta":{"desktop":{"background-color":"var(--ast-global-color-5)","background-image":"","background-repeat":"repeat","background-position":"center center","background-size":"auto","background-attachment":"scroll","background-type":"","background-media":"","overlay-type":"","overlay-color":"","overlay-opacity":"","overlay-gradient":""},"tablet":{"background-color":"var(--ast-global-color-5)","background-image":"","background-repeat":"repeat","background-position":"center center","background-size":"auto","background-attachment":"scroll","background-type":"","background-media":"","overlay-type":"","overlay-color":"","overlay-opacity":"","overlay-gradient":""},"mobile":{"background-color":"var(--ast-global-color-5)","background-image":"","background-repeat":"repeat","background-position":"center center","background-size":"auto","background-attachment":"scroll","background-type":"","background-media":"","overlay-type":"","overlay-color":"","overlay-opacity":"","overlay-gradient":""}},"ngg_post_thumbnail":0,"footnotes":""},"class_list":["post-21","page","type-page","status-publish","hentry"],"_links":{"self":[{"href":"https:\/\/www2.unifap.br\/ppgef\/wp-json\/wp\/v2\/pages\/21","targetHints":{"allow":["GET"]}}],"collection":[{"href":"https:\/\/www2.unifap.br\/ppgef\/wp-json\/wp\/v2\/pages"}],"about":[{"href":"https:\/\/www2.unifap.br\/ppgef\/wp-json\/wp\/v2\/types\/page"}],"author":[{"embeddable":true,"href":"https:\/\/www2.unifap.br\/ppgef\/wp-json\/wp\/v2\/users\/976"}],"replies":[{"embeddable":true,"href":"https:\/\/www2.unifap.br\/ppgef\/wp-json\/wp\/v2\/comments?post=21"}],"version-history":[{"count":6,"href":"https:\/\/www2.unifap.br\/ppgef\/wp-json\/wp\/v2\/pages\/21\/revisions"}],"predecessor-version":[{"id":1104,"href":"https:\/\/www2.unifap.br\/ppgef\/wp-json\/wp\/v2\/pages\/21\/revisions\/1104"}],"up":[{"embeddable":true,"href":"https:\/\/www2.unifap.br\/ppgef\/wp-json\/wp\/v2\/pages\/837"}],"wp:attachment":[{"href":"https:\/\/www2.unifap.br\/ppgef\/wp-json\/wp\/v2\/media?parent=21"}],"curies":[{"name":"wp","href":"https:\/\/api.w.org\/{rel}","templated":true}]}}