{"id":2165,"date":"2022-02-24T00:30:53","date_gmt":"2022-02-24T00:30:53","guid":{"rendered":"http:\/\/www2.unifap.br\/ppgef\/?page_id=2165"},"modified":"2022-05-27T17:32:51","modified_gmt":"2022-05-27T17:32:51","slug":"edital-n-o-001-2022-ppgef-unifap_processo-seletivo-2022","status":"publish","type":"page","link":"https:\/\/www2.unifap.br\/ppgef\/editais\/2022-2\/edital-n-o-001-2022-ppgef-unifap_processo-seletivo-2022\/","title":{"rendered":"Edital n.\u00ba 001\/2022- PPGEF\/UNIFAP_PROCESSO SELETIVO 2022"},"content":{"rendered":"<p><a href=\"http:\/\/www2.unifap.br\/ppgef\/programa\/editais\/2022-2\/edital-n-o-001-2022-ppgef-unifap_processo-seletivo-2022\/edital-ps_turma-2022-2\/\" rel=\"attachment wp-att-2200\">EDITAL PS_Turma 2022<\/a><\/p>\n<p><a href=\"http:\/\/www2.unifap.br\/ppgef\/programa\/editais\/2022-2\/edital-n-o-001-2022-ppgef-unifap_processo-seletivo-2022\/anexo-a-2022\/\" rel=\"attachment wp-att-2201\">Anexo A 2022<\/a><\/p>\n<p><a href=\"http:\/\/www2.unifap.br\/ppgef\/programa\/editais\/2022-2\/edital-n-o-001-2022-ppgef-unifap_processo-seletivo-2022\/anexo-b-2022\/\" rel=\"attachment wp-att-2202\">Anexo B 2022<\/a><\/p>\n<p><a href=\"http:\/\/www2.unifap.br\/ppgef\/programa\/editais\/2022-2\/edital-n-o-001-2022-ppgef-unifap_processo-seletivo-2022\/anexo-c-2022\/\" rel=\"attachment wp-att-2203\">Anexo C 2022<\/a><\/p>\n<p><a href=\"https:\/\/www2.unifap.br\/ppgef\/programa\/editais\/2022-2\/edital-n-o-001-2022-ppgef-unifap_processo-seletivo-2022\/1a-retificacao_edital-001_2022_ppgef-2\/\" rel=\"attachment wp-att-2257\">1\u00aa RETIFICA\u00c7\u00c3O_EDITAL 001_2022_PPGEF<\/a><\/p>\n<p><a href=\"http:\/\/www2.unifap.br\/ppgef\/files\/2022\/04\/Lista-Provisoria_Inscricoes-Homologadas.pdf\">Lista Provis\u00f3ria_Inscri\u00e7\u00f5es Homologadas<\/a><\/p>\n<p><a href=\"http:\/\/www2.unifap.br\/ppgef\/files\/2022\/04\/Lista-Definitiva_Inscricoes-Homologadas.pdf\">Lista Definitiva_Inscri\u00e7\u00f5es Homologadas<\/a><\/p>\n<p><a href=\"http:\/\/www2.unifap.br\/ppgef\/files\/2022\/04\/Resultado-Provisorio-Etapa-pre-projeto-de-pesquisa.pdf\">Resultado Provis\u00f3rio Etapa pr\u00e9-projeto de pesquisa<\/a><\/p>\n<p><a href=\"http:\/\/www2.unifap.br\/ppgef\/files\/2022\/05\/Resultado-Definitivo-Etapa-pre-projeto-de-pesquisa.pdf\">Resultado Definitivo Etapa pr\u00e9-projeto de pesquisa<\/a><\/p>\n<p><a href=\"http:\/\/www2.unifap.br\/ppgef\/files\/2022\/05\/Resultado-Provisorio-Etapa-Ensaio-Bibliografico.pdf\">Resultado Provis\u00f3rio Etapa Ensaio Bibliogr\u00e1fico<\/a><\/p>\n<p><a href=\"http:\/\/www2.unifap.br\/ppgef\/files\/2022\/05\/Resultado-Definitivo-Etapa-Ensaio-Bibliografico.pdf\">Resultado Definitivo Etapa Ensaio Bibliogr\u00e1fico<\/a><\/p>\n<p><a href=\"http:\/\/www2.unifap.br\/ppgef\/files\/2022\/05\/Lista-para-Etapa-Entrevista.pdf\">Lista para Etapa Entrevista<\/a><\/p>\n<p><a href=\"http:\/\/www2.unifap.br\/ppgef\/files\/2022\/05\/Resultado-Provisorio-Etapa-Entrevista.pdf\">Resultado Prov\u00eds\u00f3rio Etapa Entrevista<\/a><\/p>\n<p><a href=\"http:\/\/www2.unifap.br\/ppgef\/files\/2022\/05\/Resultado-Definitivo-Etapa-Entrevista.pdf\">Resultado Definitivo Etapa Entrevista<\/a><\/p>\n<p><a href=\"http:\/\/www2.unifap.br\/ppgef\/files\/2022\/05\/Resultado-da-Analise-Curricular.pdf\">Resultado da Analise Curricular<\/a><\/p>\n<p><a href=\"http:\/\/www2.unifap.br\/ppgef\/files\/2022\/05\/Resultado-Preliminar-PS_PPGEF_TURMA-2022.pdf\">Resultado Preliminar PS_PPGEF_TURMA 2022<\/a><\/p>\n<p><a href=\"http:\/\/www2.unifap.br\/ppgef\/files\/2022\/05\/Resultado-Final-PS_PPGEF_TURMA-2022.pdf\">Resultado Final PS_PPGEF_TURMA 2022<\/a><\/p>\n","protected":false},"excerpt":{"rendered":"<p>EDITAL PS_Turma 2022 Anexo A 2022 Anexo B 2022 Anexo C 2022 1\u00aa RETIFICA\u00c7\u00c3O_EDITAL 001_2022_PPGEF Lista Provis\u00f3ria_Inscri\u00e7\u00f5es Homologadas Lista Definitiva_Inscri\u00e7\u00f5es Homologadas Resultado Provis\u00f3rio Etapa pr\u00e9-projeto de pesquisa Resultado Definitivo Etapa pr\u00e9-projeto de pesquisa Resultado Provis\u00f3rio Etapa Ensaio Bibliogr\u00e1fico Resultado Definitivo Etapa Ensaio Bibliogr\u00e1fico Lista para Etapa Entrevista Resultado Prov\u00eds\u00f3rio Etapa Entrevista Resultado Definitivo Etapa Entrevista&#8230;<\/p>\n","protected":false},"author":976,"featured_media":0,"parent":2163,"menu_order":1,"comment_status":"closed","ping_status":"closed","template":"","meta":{"inline_featured_image":false,"site-sidebar-layout":"default","site-content-layout":"","ast-site-content-layout":"default","site-content-style":"default","site-sidebar-style":"default","ast-global-header-display":"","ast-banner-title-visibility":"","ast-main-header-display":"","ast-hfb-above-header-display":"","ast-hfb-below-header-display":"","ast-hfb-mobile-header-display":"","site-post-title":"","ast-breadcrumbs-content":"","ast-featured-img":"","footer-sml-layout":"","theme-transparent-header-meta":"","adv-header-id-meta":"","stick-header-meta":"","header-above-stick-meta":"","header-main-stick-meta":"","header-below-stick-meta":"","astra-migrate-meta-layouts":"default","ast-page-background-enabled":"default","ast-page-background-meta":{"desktop":{"background-color":"var(--ast-global-color-4)","background-image":"","background-repeat":"repeat","background-position":"center center","background-size":"auto","background-attachment":"scroll","background-type":"","background-media":"","overlay-type":"","overlay-color":"","overlay-opacity":"","overlay-gradient":""},"tablet":{"background-color":"","background-image":"","background-repeat":"repeat","background-position":"center center","background-size":"auto","background-attachment":"scroll","background-type":"","background-media":"","overlay-type":"","overlay-color":"","overlay-opacity":"","overlay-gradient":""},"mobile":{"background-color":"","background-image":"","background-repeat":"repeat","background-position":"center center","background-size":"auto","background-attachment":"scroll","background-type":"","background-media":"","overlay-type":"","overlay-color":"","overlay-opacity":"","overlay-gradient":""}},"ast-content-background-meta":{"desktop":{"background-color":"var(--ast-global-color-5)","background-image":"","background-repeat":"repeat","background-position":"center center","background-size":"auto","background-attachment":"scroll","background-type":"","background-media":"","overlay-type":"","overlay-color":"","overlay-opacity":"","overlay-gradient":""},"tablet":{"background-color":"var(--ast-global-color-5)","background-image":"","background-repeat":"repeat","background-position":"center center","background-size":"auto","background-attachment":"scroll","background-type":"","background-media":"","overlay-type":"","overlay-color":"","overlay-opacity":"","overlay-gradient":""},"mobile":{"background-color":"var(--ast-global-color-5)","background-image":"","background-repeat":"repeat","background-position":"center center","background-size":"auto","background-attachment":"scroll","background-type":"","background-media":"","overlay-type":"","overlay-color":"","overlay-opacity":"","overlay-gradient":""}},"ngg_post_thumbnail":0,"footnotes":""},"class_list":["post-2165","page","type-page","status-publish","hentry"],"_links":{"self":[{"href":"https:\/\/www2.unifap.br\/ppgef\/wp-json\/wp\/v2\/pages\/2165","targetHints":{"allow":["GET"]}}],"collection":[{"href":"https:\/\/www2.unifap.br\/ppgef\/wp-json\/wp\/v2\/pages"}],"about":[{"href":"https:\/\/www2.unifap.br\/ppgef\/wp-json\/wp\/v2\/types\/page"}],"author":[{"embeddable":true,"href":"https:\/\/www2.unifap.br\/ppgef\/wp-json\/wp\/v2\/users\/976"}],"replies":[{"embeddable":true,"href":"https:\/\/www2.unifap.br\/ppgef\/wp-json\/wp\/v2\/comments?post=2165"}],"version-history":[{"count":23,"href":"https:\/\/www2.unifap.br\/ppgef\/wp-json\/wp\/v2\/pages\/2165\/revisions"}],"predecessor-version":[{"id":2366,"href":"https:\/\/www2.unifap.br\/ppgef\/wp-json\/wp\/v2\/pages\/2165\/revisions\/2366"}],"up":[{"embeddable":true,"href":"https:\/\/www2.unifap.br\/ppgef\/wp-json\/wp\/v2\/pages\/2163"}],"wp:attachment":[{"href":"https:\/\/www2.unifap.br\/ppgef\/wp-json\/wp\/v2\/media?parent=2165"}],"curies":[{"name":"wp","href":"https:\/\/api.w.org\/{rel}","templated":true}]}}