{"id":23,"date":"2017-02-08T15:05:17","date_gmt":"2017-02-08T15:05:17","guid":{"rendered":"http:\/\/www2.unifap.br\/ppgef\/?page_id=23"},"modified":"2019-01-28T19:44:30","modified_gmt":"2019-01-28T19:44:30","slug":"linhas-de-pesquisa","status":"publish","type":"page","link":"https:\/\/www2.unifap.br\/ppgef\/programa\/linhas-de-pesquisa\/","title":{"rendered":"LINHAS DE PESQUISA"},"content":{"rendered":"<p><strong>Cultura, Sociedade e Fronteira<\/strong><\/p>\n<p style=\"text-align: justify\">Esta linha de pesquisa enfatiza as quest\u00f5es sociais, ambientais, \u00e9tnicas, culturais, migrat\u00f3rias no contexto internacional das regi\u00f5es fronteiri\u00e7as amaz\u00f4nicas e das Guianas, privilegiando os pontos de vista dos agentes e agencias inter e transnacionais e transfronteiri\u00e7os. Interessa trabalhar com as formas n\u00e3o estatais de desenvolvimento e de organiza\u00e7\u00e3o sociopol\u00edtica e sociocultural. Os trabalhos observar\u00e3o a dimens\u00e3o comum, em distintos ambientes, apresentada entre as sociedades tradicionais ou cosmopolitas, urbanas ou rurais, em regi\u00f5es de fronteira, bem como as culturas ind\u00edgenas, afro-americanas, afro-ind\u00edgenas e outras popula\u00e7\u00f5es tradicionais da regi\u00e3o amaz\u00f4nica (campesinato comunit\u00e1rio, popula\u00e7\u00f5es extrativistas, ribeirinhos, pescadores, quilombolas e marrons) e que por sua vez impactam sobre as din\u00e2micas fronteiri\u00e7as e suprafronteiri\u00e7as.<\/p>\n<p>&nbsp;<\/p>\n<p><strong>Estado, Fronteiras e Pol\u00edticas P\u00fablicas<\/strong><\/p>\n<p style=\"text-align: justify\">Esta linha se prop\u00f5e a trabalhar os processos, interesses e estrat\u00e9gias internacionais aplicadas por atores p\u00fablico-privados envolvidos nas etapas de formula\u00e7\u00e3o e implementa\u00e7\u00e3o de pol\u00edticas p\u00fablicas, tendo por foco principal de an\u00e1lise as zonas fronteiri\u00e7as amaz\u00f4nico-caribenhas, em especial as da regi\u00e3o das Guianas e a constru\u00e7\u00e3o da agenda p\u00fablica em quest\u00f5es de fronteira. Interessa entender os atores envolvidos e os resultados dos processos de negocia\u00e7\u00e3o na regi\u00e3o amaz\u00f4nica de modo a colaborar na forma\u00e7\u00e3o dos profissionais e agentes atuantes na conforma\u00e7\u00e3o do processo decis\u00f3rio e sua respectiva execu\u00e7\u00e3o. Quest\u00f5es relacionadas \u00e0 paz, defesa, seguran\u00e7a internacional, geopol\u00edtica interna-externa, no que diz respeito \u00e0 sua formula\u00e7\u00e3o e execu\u00e7\u00e3o s\u00e3o as preocupa\u00e7\u00f5es balizares desta linha de pesquisa.<\/p>\n","protected":false},"excerpt":{"rendered":"<p>Cultura, Sociedade e Fronteira Esta linha de pesquisa enfatiza as quest\u00f5es sociais, ambientais, \u00e9tnicas, culturais, migrat\u00f3rias no contexto internacional das regi\u00f5es fronteiri\u00e7as amaz\u00f4nicas e das Guianas, privilegiando os pontos de vista dos agentes e agencias inter e transnacionais e transfronteiri\u00e7os. Interessa trabalhar com as formas n\u00e3o estatais de desenvolvimento e de organiza\u00e7\u00e3o sociopol\u00edtica e sociocultural&#8230;.<\/p>\n","protected":false},"author":976,"featured_media":0,"parent":837,"menu_order":5,"comment_status":"closed","ping_status":"open","template":"","meta":{"inline_featured_image":false,"site-sidebar-layout":"default","site-content-layout":"","ast-site-content-layout":"default","site-content-style":"default","site-sidebar-style":"default","ast-global-header-display":"","ast-banner-title-visibility":"","ast-main-header-display":"","ast-hfb-above-header-display":"","ast-hfb-below-header-display":"","ast-hfb-mobile-header-display":"","site-post-title":"","ast-breadcrumbs-content":"","ast-featured-img":"","footer-sml-layout":"","theme-transparent-header-meta":"","adv-header-id-meta":"","stick-header-meta":"","header-above-stick-meta":"","header-main-stick-meta":"","header-below-stick-meta":"","astra-migrate-meta-layouts":"default","ast-page-background-enabled":"default","ast-page-background-meta":{"desktop":{"background-color":"var(--ast-global-color-4)","background-image":"","background-repeat":"repeat","background-position":"center center","background-size":"auto","background-attachment":"scroll","background-type":"","background-media":"","overlay-type":"","overlay-color":"","overlay-opacity":"","overlay-gradient":""},"tablet":{"background-color":"","background-image":"","background-repeat":"repeat","background-position":"center center","background-size":"auto","background-attachment":"scroll","background-type":"","background-media":"","overlay-type":"","overlay-color":"","overlay-opacity":"","overlay-gradient":""},"mobile":{"background-color":"","background-image":"","background-repeat":"repeat","background-position":"center center","background-size":"auto","background-attachment":"scroll","background-type":"","background-media":"","overlay-type":"","overlay-color":"","overlay-opacity":"","overlay-gradient":""}},"ast-content-background-meta":{"desktop":{"background-color":"var(--ast-global-color-5)","background-image":"","background-repeat":"repeat","background-position":"center center","background-size":"auto","background-attachment":"scroll","background-type":"","background-media":"","overlay-type":"","overlay-color":"","overlay-opacity":"","overlay-gradient":""},"tablet":{"background-color":"var(--ast-global-color-5)","background-image":"","background-repeat":"repeat","background-position":"center center","background-size":"auto","background-attachment":"scroll","background-type":"","background-media":"","overlay-type":"","overlay-color":"","overlay-opacity":"","overlay-gradient":""},"mobile":{"background-color":"var(--ast-global-color-5)","background-image":"","background-repeat":"repeat","background-position":"center center","background-size":"auto","background-attachment":"scroll","background-type":"","background-media":"","overlay-type":"","overlay-color":"","overlay-opacity":"","overlay-gradient":""}},"ngg_post_thumbnail":0,"footnotes":""},"class_list":["post-23","page","type-page","status-publish","hentry"],"_links":{"self":[{"href":"https:\/\/www2.unifap.br\/ppgef\/wp-json\/wp\/v2\/pages\/23","targetHints":{"allow":["GET"]}}],"collection":[{"href":"https:\/\/www2.unifap.br\/ppgef\/wp-json\/wp\/v2\/pages"}],"about":[{"href":"https:\/\/www2.unifap.br\/ppgef\/wp-json\/wp\/v2\/types\/page"}],"author":[{"embeddable":true,"href":"https:\/\/www2.unifap.br\/ppgef\/wp-json\/wp\/v2\/users\/976"}],"replies":[{"embeddable":true,"href":"https:\/\/www2.unifap.br\/ppgef\/wp-json\/wp\/v2\/comments?post=23"}],"version-history":[{"count":5,"href":"https:\/\/www2.unifap.br\/ppgef\/wp-json\/wp\/v2\/pages\/23\/revisions"}],"predecessor-version":[{"id":850,"href":"https:\/\/www2.unifap.br\/ppgef\/wp-json\/wp\/v2\/pages\/23\/revisions\/850"}],"up":[{"embeddable":true,"href":"https:\/\/www2.unifap.br\/ppgef\/wp-json\/wp\/v2\/pages\/837"}],"wp:attachment":[{"href":"https:\/\/www2.unifap.br\/ppgef\/wp-json\/wp\/v2\/media?parent=23"}],"curies":[{"name":"wp","href":"https:\/\/api.w.org\/{rel}","templated":true}]}}