{"id":2446,"date":"2022-08-12T19:56:22","date_gmt":"2022-08-12T19:56:22","guid":{"rendered":"https:\/\/www2.unifap.br\/ppgef\/?page_id=2446"},"modified":"2022-08-30T18:37:17","modified_gmt":"2022-08-30T18:37:17","slug":"edital-n-o-02-2022-ppgef-unifap-selecao-para-bolsa-de-pos-doutorado-fapeap-ppgef","status":"publish","type":"page","link":"https:\/\/www2.unifap.br\/ppgef\/editais\/2022-2\/edital-n-o-02-2022-ppgef-unifap-selecao-para-bolsa-de-pos-doutorado-fapeap-ppgef\/","title":{"rendered":"Edital n.\u00ba 02\/2022 PPGEF\/UNIFAP SELE\u00c7\u00c3O PARA BOLSA DE P\u00d3S-DOUTORADO FAPEAP\/PPGEF"},"content":{"rendered":"<p><a href=\"http:\/\/www2.unifap.br\/ppgef\/files\/2022\/08\/EDITAL-02_2022_POSDOC_PPGEF-1.pdf\">EDITAL 02_2022_POSDOC_PPGEF<\/a><\/p>\n<p><a href=\"http:\/\/www2.unifap.br\/ppgef\/files\/2022\/08\/valor-da-bolsa-po\u0301sdoc.pdf\">valor da bolsa po\u0301sdoc<\/a><\/p>\n<p><a href=\"http:\/\/www2.unifap.br\/ppgef\/files\/2022\/08\/FICHA-DE-INSCRIC\u0327A\u0303O-EDITAL-PO\u0301SDOC-2022-PPGEF.docx\">FICHA DE INSCRIC\u0327A\u0303O EDITAL PO\u0301SDOC 2022 PPGEF<\/a><\/p>\n<p><a href=\"http:\/\/www2.unifap.br\/ppgef\/files\/2022\/08\/1a-RETIFICACAO-DO-EDITAL-N.o-002_2022.pdf\">1\u00aa RETIFICA\u00c7\u00c3O DO EDITAL N.\u00ba 002_2022<\/a><\/p>\n<p><a href=\"http:\/\/www2.unifap.br\/ppgef\/files\/2022\/08\/RESULTADO-FINAL-EDITAL-02_2022_POSDOC_PPGEF.pdf\">RESULTADO FINAL EDITAL 02_2022_POSDOC_PPGEF<\/a><\/p>\n","protected":false},"excerpt":{"rendered":"<p>EDITAL 02_2022_POSDOC_PPGEF valor da bolsa po\u0301sdoc FICHA DE INSCRIC\u0327A\u0303O EDITAL PO\u0301SDOC 2022 PPGEF 1\u00aa RETIFICA\u00c7\u00c3O DO EDITAL N.\u00ba 002_2022 RESULTADO FINAL EDITAL 02_2022_POSDOC_PPGEF<\/p>\n","protected":false},"author":976,"featured_media":0,"parent":2163,"menu_order":4,"comment_status":"closed","ping_status":"closed","template":"","meta":{"inline_featured_image":false,"site-sidebar-layout":"default","site-content-layout":"","ast-site-content-layout":"default","site-content-style":"default","site-sidebar-style":"default","ast-global-header-display":"","ast-banner-title-visibility":"","ast-main-header-display":"","ast-hfb-above-header-display":"","ast-hfb-below-header-display":"","ast-hfb-mobile-header-display":"","site-post-title":"","ast-breadcrumbs-content":"","ast-featured-img":"","footer-sml-layout":"","theme-transparent-header-meta":"","adv-header-id-meta":"","stick-header-meta":"","header-above-stick-meta":"","header-main-stick-meta":"","header-below-stick-meta":"","astra-migrate-meta-layouts":"default","ast-page-background-enabled":"default","ast-page-background-meta":{"desktop":{"background-color":"var(--ast-global-color-4)","background-image":"","background-repeat":"repeat","background-position":"center center","background-size":"auto","background-attachment":"scroll","background-type":"","background-media":"","overlay-type":"","overlay-color":"","overlay-opacity":"","overlay-gradient":""},"tablet":{"background-color":"","background-image":"","background-repeat":"repeat","background-position":"center center","background-size":"auto","background-attachment":"scroll","background-type":"","background-media":"","overlay-type":"","overlay-color":"","overlay-opacity":"","overlay-gradient":""},"mobile":{"background-color":"","background-image":"","background-repeat":"repeat","background-position":"center center","background-size":"auto","background-attachment":"scroll","background-type":"","background-media":"","overlay-type":"","overlay-color":"","overlay-opacity":"","overlay-gradient":""}},"ast-content-background-meta":{"desktop":{"background-color":"var(--ast-global-color-5)","background-image":"","background-repeat":"repeat","background-position":"center center","background-size":"auto","background-attachment":"scroll","background-type":"","background-media":"","overlay-type":"","overlay-color":"","overlay-opacity":"","overlay-gradient":""},"tablet":{"background-color":"var(--ast-global-color-5)","background-image":"","background-repeat":"repeat","background-position":"center center","background-size":"auto","background-attachment":"scroll","background-type":"","background-media":"","overlay-type":"","overlay-color":"","overlay-opacity":"","overlay-gradient":""},"mobile":{"background-color":"var(--ast-global-color-5)","background-image":"","background-repeat":"repeat","background-position":"center center","background-size":"auto","background-attachment":"scroll","background-type":"","background-media":"","overlay-type":"","overlay-color":"","overlay-opacity":"","overlay-gradient":""}},"ngg_post_thumbnail":0,"footnotes":""},"class_list":["post-2446","page","type-page","status-publish","hentry"],"_links":{"self":[{"href":"https:\/\/www2.unifap.br\/ppgef\/wp-json\/wp\/v2\/pages\/2446","targetHints":{"allow":["GET"]}}],"collection":[{"href":"https:\/\/www2.unifap.br\/ppgef\/wp-json\/wp\/v2\/pages"}],"about":[{"href":"https:\/\/www2.unifap.br\/ppgef\/wp-json\/wp\/v2\/types\/page"}],"author":[{"embeddable":true,"href":"https:\/\/www2.unifap.br\/ppgef\/wp-json\/wp\/v2\/users\/976"}],"replies":[{"embeddable":true,"href":"https:\/\/www2.unifap.br\/ppgef\/wp-json\/wp\/v2\/comments?post=2446"}],"version-history":[{"count":6,"href":"https:\/\/www2.unifap.br\/ppgef\/wp-json\/wp\/v2\/pages\/2446\/revisions"}],"predecessor-version":[{"id":2488,"href":"https:\/\/www2.unifap.br\/ppgef\/wp-json\/wp\/v2\/pages\/2446\/revisions\/2488"}],"up":[{"embeddable":true,"href":"https:\/\/www2.unifap.br\/ppgef\/wp-json\/wp\/v2\/pages\/2163"}],"wp:attachment":[{"href":"https:\/\/www2.unifap.br\/ppgef\/wp-json\/wp\/v2\/media?parent=2446"}],"curies":[{"name":"wp","href":"https:\/\/api.w.org\/{rel}","templated":true}]}}