{"id":2569,"date":"2022-10-04T01:28:28","date_gmt":"2022-10-04T01:28:28","guid":{"rendered":"https:\/\/www2.unifap.br\/ppgef\/?page_id=2569"},"modified":"2023-09-12T12:32:25","modified_gmt":"2023-09-12T12:32:25","slug":"edital-n-o-003-2022-ppgef-unifap_ps-2023","status":"publish","type":"page","link":"https:\/\/www2.unifap.br\/ppgef\/editais\/2022-2\/edital-n-o-003-2022-ppgef-unifap_ps-2023\/","title":{"rendered":"Edital n.\u00ba 003\/2022- PPGEF\/UNIFAP_PROCESSO SELETIVO 2023"},"content":{"rendered":"<p><a href=\"http:\/\/www2.unifap.br\/ppgef\/files\/2022\/10\/EDITAL-PROCESSO-SELETIVO-PPGEF-2023-1.pdf\">EDITAL PROCESSO SELETIVO PPGEF 2023<\/a><\/p>\n<p><a href=\"http:\/\/www2.unifap.br\/ppgef\/files\/2022\/10\/ANEXO-A-AUTODECLARAC\u0327A\u0303O.docx\">ANEXO A &#8211; AUTODECLARAC\u0327A\u0303O<\/a><\/p>\n<p><a href=\"http:\/\/www2.unifap.br\/ppgef\/files\/2022\/10\/ANEXO-B_PLANILHA.pdf\">ANEXO B_PLANILHA<\/a><\/p>\n<p><a href=\"http:\/\/www2.unifap.br\/ppgef\/files\/2022\/10\/ANEXO-C-RECURSO-1.docx\">ANEXO C &#8211; RECURSO<\/a><\/p>\n<p><a href=\"http:\/\/www2.unifap.br\/ppgef\/files\/2022\/11\/1a-RETIFICACAO_EDITAL-003_2022_PPGEF.pdf\">1\u00aa RETIFICA\u00c7\u00c3O_EDITAL 003_2022_PPGEF<\/a><\/p>\n<p><a href=\"http:\/\/www2.unifap.br\/ppgef\/files\/2022\/11\/Resultado-Proviasorio-_INCRICOES-HOMOLOGADA-1.pdf\">Resultado Provias\u00f3rio _INCRI\u00c7\u00d5ES HOMOLOGADA<\/a><\/p>\n<p><a href=\"http:\/\/www2.unifap.br\/ppgef\/files\/2022\/11\/Resultado-Definitivo-_INCRICOES-HOMOLOGADA.pdf\">Resultado Definitivo _INCRI\u00c7\u00d5ES HOMOLOGADA<\/a><\/p>\n<p><a href=\"http:\/\/www2.unifap.br\/ppgef\/files\/2022\/11\/Resultado-Proviasorio-_PRE-PROJETO.pdf\">Resultado Provias\u00f3rio _PRE-PROJETO<\/a><\/p>\n<p><a href=\"http:\/\/www2.unifap.br\/ppgef\/files\/2022\/12\/Resultado-Definitivo_PRE-PROJETO.pdf\">Resultado Definitivo_PRE-PROJETO<\/a><\/p>\n<p><a href=\"http:\/\/www2.unifap.br\/ppgef\/files\/2022\/12\/Resultado-Provisorio_Ensaio-Bibliografico.pdf\">Resultado Provis\u00f3rio_Ensaio Bibliogr\u00e1fico<\/a><\/p>\n<p><a href=\"http:\/\/www2.unifap.br\/ppgef\/files\/2022\/12\/Resultado-Definitivo_Ensaio-Bibliografico.pdf\">Resultado Definitivo_Ensaio Bibliogr\u00e1fico<\/a><\/p>\n<p><a href=\"http:\/\/www2.unifap.br\/ppgef\/files\/2022\/12\/Calendario-das-Bancas-de-Entrevistas-1.pdf\">Calendario das Bancas de Entrevistas<\/a><\/p>\n<p><a href=\"http:\/\/www2.unifap.br\/ppgef\/files\/2022\/12\/Resultado-Provisorio_Entrevistas.pdf\">Resultado Provis\u00f3rio_Entrevistas<\/a><\/p>\n<p><a href=\"http:\/\/www2.unifap.br\/ppgef\/files\/2022\/12\/Resultado-Definitivo_Entrevistas.pdf\">Resultado Definitivo_Entrevistas<\/a><\/p>\n<p><a href=\"http:\/\/www2.unifap.br\/ppgef\/files\/2022\/12\/Resultado-Prova-de-Titulos.pdf\">Resultado Prova de Titulos<\/a><\/p>\n<p><a href=\"http:\/\/www2.unifap.br\/ppgef\/files\/2022\/12\/Resultado-Definitivo_-Prova-de-Titulos.pdf\">Resultado Definitivo_ Prova de Titulos<\/a><\/p>\n<p><a href=\"http:\/\/www2.unifap.br\/ppgef\/files\/2022\/12\/Resultado-Preliminar-PS_PPGEF-2023.pdf\">Resultado Preliminar PS_PPGEF 2023<\/a><\/p>\n<p><a href=\"http:\/\/www2.unifap.br\/ppgef\/files\/2022\/12\/Resultado-Definitivo-PS_PPGEF-2023.pdf\">Resultado Definitivo PS_PPGEF 2023<\/a><\/p>\n<p>&nbsp;<\/p>\n","protected":false},"excerpt":{"rendered":"<p>EDITAL PROCESSO SELETIVO PPGEF 2023 ANEXO A &#8211; AUTODECLARAC\u0327A\u0303O ANEXO B_PLANILHA ANEXO C &#8211; RECURSO 1\u00aa RETIFICA\u00c7\u00c3O_EDITAL 003_2022_PPGEF Resultado Provias\u00f3rio _INCRI\u00c7\u00d5ES HOMOLOGADA Resultado Definitivo _INCRI\u00c7\u00d5ES HOMOLOGADA Resultado Provias\u00f3rio _PRE-PROJETO Resultado Definitivo_PRE-PROJETO Resultado Provis\u00f3rio_Ensaio Bibliogr\u00e1fico Resultado Definitivo_Ensaio Bibliogr\u00e1fico Calendario das Bancas de Entrevistas Resultado Provis\u00f3rio_Entrevistas Resultado Definitivo_Entrevistas Resultado Prova de Titulos Resultado Definitivo_ Prova de Titulos&#8230;<\/p>\n","protected":false},"author":976,"featured_media":0,"parent":2163,"menu_order":5,"comment_status":"closed","ping_status":"closed","template":"","meta":{"inline_featured_image":false,"site-sidebar-layout":"default","site-content-layout":"default","ast-site-content-layout":"default","site-content-style":"default","site-sidebar-style":"default","ast-global-header-display":"","ast-banner-title-visibility":"","ast-main-header-display":"","ast-hfb-above-header-display":"","ast-hfb-below-header-display":"","ast-hfb-mobile-header-display":"","site-post-title":"","ast-breadcrumbs-content":"","ast-featured-img":"","footer-sml-layout":"","theme-transparent-header-meta":"default","adv-header-id-meta":"","stick-header-meta":"","header-above-stick-meta":"","header-main-stick-meta":"","header-below-stick-meta":"","astra-migrate-meta-layouts":"default","ast-page-background-enabled":"default","ast-page-background-meta":{"desktop":{"background-color":"var(--ast-global-color-4)","background-image":"","background-repeat":"repeat","background-position":"center center","background-size":"auto","background-attachment":"scroll","background-type":"","background-media":"","overlay-type":"","overlay-color":"","overlay-opacity":"","overlay-gradient":""},"tablet":{"background-color":"","background-image":"","background-repeat":"repeat","background-position":"center center","background-size":"auto","background-attachment":"scroll","background-type":"","background-media":"","overlay-type":"","overlay-color":"","overlay-opacity":"","overlay-gradient":""},"mobile":{"background-color":"","background-image":"","background-repeat":"repeat","background-position":"center center","background-size":"auto","background-attachment":"scroll","background-type":"","background-media":"","overlay-type":"","overlay-color":"","overlay-opacity":"","overlay-gradient":""}},"ast-content-background-meta":{"desktop":{"background-color":"var(--ast-global-color-5)","background-image":"","background-repeat":"repeat","background-position":"center center","background-size":"auto","background-attachment":"scroll","background-type":"","background-media":"","overlay-type":"","overlay-color":"","overlay-opacity":"","overlay-gradient":""},"tablet":{"background-color":"var(--ast-global-color-5)","background-image":"","background-repeat":"repeat","background-position":"center center","background-size":"auto","background-attachment":"scroll","background-type":"","background-media":"","overlay-type":"","overlay-color":"","overlay-opacity":"","overlay-gradient":""},"mobile":{"background-color":"var(--ast-global-color-5)","background-image":"","background-repeat":"repeat","background-position":"center center","background-size":"auto","background-attachment":"scroll","background-type":"","background-media":"","overlay-type":"","overlay-color":"","overlay-opacity":"","overlay-gradient":""}},"ngg_post_thumbnail":0,"footnotes":""},"class_list":["post-2569","page","type-page","status-publish","hentry"],"_links":{"self":[{"href":"https:\/\/www2.unifap.br\/ppgef\/wp-json\/wp\/v2\/pages\/2569","targetHints":{"allow":["GET"]}}],"collection":[{"href":"https:\/\/www2.unifap.br\/ppgef\/wp-json\/wp\/v2\/pages"}],"about":[{"href":"https:\/\/www2.unifap.br\/ppgef\/wp-json\/wp\/v2\/types\/page"}],"author":[{"embeddable":true,"href":"https:\/\/www2.unifap.br\/ppgef\/wp-json\/wp\/v2\/users\/976"}],"replies":[{"embeddable":true,"href":"https:\/\/www2.unifap.br\/ppgef\/wp-json\/wp\/v2\/comments?post=2569"}],"version-history":[{"count":19,"href":"https:\/\/www2.unifap.br\/ppgef\/wp-json\/wp\/v2\/pages\/2569\/revisions"}],"predecessor-version":[{"id":2674,"href":"https:\/\/www2.unifap.br\/ppgef\/wp-json\/wp\/v2\/pages\/2569\/revisions\/2674"}],"up":[{"embeddable":true,"href":"https:\/\/www2.unifap.br\/ppgef\/wp-json\/wp\/v2\/pages\/2163"}],"wp:attachment":[{"href":"https:\/\/www2.unifap.br\/ppgef\/wp-json\/wp\/v2\/media?parent=2569"}],"curies":[{"name":"wp","href":"https:\/\/api.w.org\/{rel}","templated":true}]}}