{"id":2781,"date":"2023-07-21T19:57:39","date_gmt":"2023-07-21T19:57:39","guid":{"rendered":"https:\/\/www2.unifap.br\/ppgef\/?page_id=2781"},"modified":"2024-05-17T13:01:36","modified_gmt":"2024-05-17T13:01:36","slug":"edital-n-o-001-2023-ppgef-unifap-selecao-para-bolsa-de-pos-doutorado-capes-fapeap-ppgef","status":"publish","type":"page","link":"https:\/\/www2.unifap.br\/ppgef\/editais\/2023-2\/edital-n-o-001-2023-ppgef-unifap-selecao-para-bolsa-de-pos-doutorado-capes-fapeap-ppgef\/","title":{"rendered":"EDITAL N.\u00ba 001\/2023 PPGEF\/UNIFAP SELE\u00c7\u00c3O PARA BOLSA DE P\u00d3S-DOUTORADO CAPES\/FAPEAP\/PPGEF"},"content":{"rendered":"<p><a href=\"http:\/\/www2.unifap.br\/ppgef\/files\/2023\/07\/EDITAL-001_2023_POSDOC_PPGEF.pdf\">EDITAL 001_2023_POSDOC_PPGEF<\/a><\/p>\n<p><a href=\"http:\/\/www2.unifap.br\/ppgef\/files\/2023\/08\/ANEXO-1-FICHA-DE-INSCRIC\u0327A\u0303O.pdf\">ANEXO-1-FICHA-DE-INSCRIC\u0327A\u0303O<\/a><\/p>\n<p><a href=\"http:\/\/www2.unifap.br\/ppgef\/files\/2023\/07\/ANEXO-2-_TABELA-DE-PONTUACAO.pdf\">ANEXO 2 _TABELA DE PONTUA\u00c7\u00c3O<\/a><\/p>\n<p><a href=\"http:\/\/www2.unifap.br\/ppgef\/files\/2023\/08\/ERRATA-No-01_2023_TABELA-DE-PONTUACAO.pdf\">ERRATA N\u00ba 01_2023_TABELA-DE-PONTUACAO<\/a><\/p>\n<p><a href=\"http:\/\/www2.unifap.br\/ppgef\/files\/2023\/08\/RESULTADO_CANDIDATURA-INSCRITA.pdf\">RESULTADO_CANDIDATURA INSCRITA<\/a><\/p>\n<p><a href=\"http:\/\/www2.unifap.br\/ppgef\/files\/2023\/08\/RESULTADO-FINAL.pdf\">RESULTADO FINAL<\/a><\/p>\n","protected":false},"excerpt":{"rendered":"<p>EDITAL 001_2023_POSDOC_PPGEF ANEXO-1-FICHA-DE-INSCRIC\u0327A\u0303O ANEXO 2 _TABELA DE PONTUA\u00c7\u00c3O ERRATA N\u00ba 01_2023_TABELA-DE-PONTUACAO RESULTADO_CANDIDATURA INSCRITA RESULTADO FINAL<\/p>\n","protected":false},"author":976,"featured_media":0,"parent":2767,"menu_order":2,"comment_status":"closed","ping_status":"closed","template":"","meta":{"inline_featured_image":false,"site-sidebar-layout":"default","site-content-layout":"default","ast-site-content-layout":"default","site-content-style":"default","site-sidebar-style":"default","ast-global-header-display":"","ast-banner-title-visibility":"","ast-main-header-display":"","ast-hfb-above-header-display":"","ast-hfb-below-header-display":"","ast-hfb-mobile-header-display":"","site-post-title":"","ast-breadcrumbs-content":"","ast-featured-img":"","footer-sml-layout":"","theme-transparent-header-meta":"default","adv-header-id-meta":"","stick-header-meta":"","header-above-stick-meta":"","header-main-stick-meta":"","header-below-stick-meta":"","astra-migrate-meta-layouts":"set","ast-page-background-enabled":"default","ast-page-background-meta":{"desktop":{"background-color":"var(--ast-global-color-4)","background-image":"","background-repeat":"repeat","background-position":"center center","background-size":"auto","background-attachment":"scroll","background-type":"","background-media":"","overlay-type":"","overlay-color":"","overlay-opacity":"","overlay-gradient":""},"tablet":{"background-color":"","background-image":"","background-repeat":"repeat","background-position":"center center","background-size":"auto","background-attachment":"scroll","background-type":"","background-media":"","overlay-type":"","overlay-color":"","overlay-opacity":"","overlay-gradient":""},"mobile":{"background-color":"","background-image":"","background-repeat":"repeat","background-position":"center center","background-size":"auto","background-attachment":"scroll","background-type":"","background-media":"","overlay-type":"","overlay-color":"","overlay-opacity":"","overlay-gradient":""}},"ast-content-background-meta":{"desktop":{"background-color":"var(--ast-global-color-5)","background-image":"","background-repeat":"repeat","background-position":"center center","background-size":"auto","background-attachment":"scroll","background-type":"","background-media":"","overlay-type":"","overlay-color":"","overlay-opacity":"","overlay-gradient":""},"tablet":{"background-color":"var(--ast-global-color-5)","background-image":"","background-repeat":"repeat","background-position":"center center","background-size":"auto","background-attachment":"scroll","background-type":"","background-media":"","overlay-type":"","overlay-color":"","overlay-opacity":"","overlay-gradient":""},"mobile":{"background-color":"var(--ast-global-color-5)","background-image":"","background-repeat":"repeat","background-position":"center center","background-size":"auto","background-attachment":"scroll","background-type":"","background-media":"","overlay-type":"","overlay-color":"","overlay-opacity":"","overlay-gradient":""}},"ngg_post_thumbnail":0,"footnotes":""},"class_list":["post-2781","page","type-page","status-publish","hentry"],"_links":{"self":[{"href":"https:\/\/www2.unifap.br\/ppgef\/wp-json\/wp\/v2\/pages\/2781","targetHints":{"allow":["GET"]}}],"collection":[{"href":"https:\/\/www2.unifap.br\/ppgef\/wp-json\/wp\/v2\/pages"}],"about":[{"href":"https:\/\/www2.unifap.br\/ppgef\/wp-json\/wp\/v2\/types\/page"}],"author":[{"embeddable":true,"href":"https:\/\/www2.unifap.br\/ppgef\/wp-json\/wp\/v2\/users\/976"}],"replies":[{"embeddable":true,"href":"https:\/\/www2.unifap.br\/ppgef\/wp-json\/wp\/v2\/comments?post=2781"}],"version-history":[{"count":7,"href":"https:\/\/www2.unifap.br\/ppgef\/wp-json\/wp\/v2\/pages\/2781\/revisions"}],"predecessor-version":[{"id":2834,"href":"https:\/\/www2.unifap.br\/ppgef\/wp-json\/wp\/v2\/pages\/2781\/revisions\/2834"}],"up":[{"embeddable":true,"href":"https:\/\/www2.unifap.br\/ppgef\/wp-json\/wp\/v2\/pages\/2767"}],"wp:attachment":[{"href":"https:\/\/www2.unifap.br\/ppgef\/wp-json\/wp\/v2\/media?parent=2781"}],"curies":[{"name":"wp","href":"https:\/\/api.w.org\/{rel}","templated":true}]}}