{"id":2911,"date":"2023-08-30T13:56:57","date_gmt":"2023-08-30T13:56:57","guid":{"rendered":"https:\/\/www2.unifap.br\/ppgef\/?page_id=2911"},"modified":"2023-08-30T13:56:57","modified_gmt":"2023-08-30T13:56:57","slug":"documentos-e-formularios-2","status":"publish","type":"page","link":"https:\/\/www2.unifap.br\/ppgef\/documentos-e-formularios-2\/","title":{"rendered":"DOCUMENTOS E FORMUL\u00c1RIOS"},"content":{"rendered":"<p><a href=\"http:\/\/www2.unifap.br\/ppgef\/files\/2017\/02\/CARTA-DE-ACEITE_EST\u00c1GO-P\u00d3S-DOUTORAL.doc\">CARTA DE ACEITE_EST\u00c1GO P\u00d3S DOUTORAL<\/a><\/p>\n<p><a href=\"http:\/\/www2.unifap.br\/ppgef\/files\/2017\/02\/FORMUL\u00c1RIO-DE-PR\u00c9-MATRICULA-EM-DISCIPLINA.doc\">FORMUL\u00c1RIO DE PR\u00c9 MATRICULA EM DISCIPLINA<\/a><\/p>\n<p><a href=\"http:\/\/www2.unifap.br\/ppgef\/files\/2017\/02\/RELAT\u00d3RIO-_EST\u00c1GIO-EM-DOCENCIA.doc\">RELAT\u00d3RIO _EST\u00c1GIO EM DOCENCIA<\/a><\/p>\n<p><a href=\"http:\/\/www2.unifap.br\/ppgef\/files\/2017\/02\/RELAT\u00d3RIO-SEMESTRAL-DE-ATIVIDADES-Vers\u00e3o-2017_2.doc\">RELAT\u00d3RIO SEMESTRAL DE ATIVIDADES (Vers\u00e3o 2017_2)<\/a><\/p>\n<p><a href=\"http:\/\/www2.unifap.br\/ppgef\/files\/2017\/02\/REQUERIMENTO-ESTAGIO-P\u00d3S-DOUTORADO.doc\">REQUERIMENTO ESTAGIO P\u00d3S-DOUTORADO<\/a><\/p>\n<p><a href=\"http:\/\/www2.unifap.br\/ppgef\/files\/2017\/02\/REQUERIMENTO-GERAL-PARA-DISCENTE1.doc\">REQUERIMENTO GERAL PARA DISCENTE<\/a><\/p>\n<p><a href=\"http:\/\/www2.unifap.br\/ppgef\/files\/2017\/02\/REQUERIMENTO_COORIENTA\u00c7\u00c3O1.doc\">REQUERIMENTO_COORIENTA\u00c7\u00c3O<\/a><\/p>\n<p><a href=\"http:\/\/www2.unifap.br\/ppgef\/files\/2017\/02\/REQUEMIRMENTO-DE-CRETIDO-DE-ATIVIDADES-COMPLENTARES.doc\">REQUEMIRMENTO DE CRETIDO DE ATIVIDADES COMPLENTARES<br \/>\n<\/a><\/p>\n<p><a href=\"http:\/\/www2.unifap.br\/ppgef\/files\/2023\/01\/REQUERIMENTO-CREDITO-EM-DISCIPLINAS.doc\">REQUERIMENTO CREDITO EM DISCIPLINAS<\/a><\/p>\n<p><a href=\"http:\/\/www2.unifap.br\/ppgef\/files\/2017\/02\/SOLICITA\u00c7\u00c3O-PRORROGA\u00c7\u00c3O-DE-PRAZO.doc\">SOLICITA\u00c7\u00c3O PRORROGA\u00c7\u00c3O DE PRAZO<\/a><\/p>\n<p><a href=\"http:\/\/www2.unifap.br\/ppgef\/files\/2017\/02\/SOLICITA\u00c7\u00c3O_CREDENCIAMENTO-COORIENTADOR.doc\">SOLICITA\u00c7\u00c3O_CREDENCIAMENTO COORIENTADOR<\/a><\/p>\n<p><a href=\"http:\/\/www2.unifap.br\/ppgef\/files\/2017\/02\/RELAT\u00d3RIO-EST\u00c1GIO-DOCENCIA.doc\">RELAT\u00d3RIO-EST\u00c1GIO-DOCENCIA<\/a><\/p>\n<p><a href=\"http:\/\/www2.unifap.br\/ppgef\/programa\/secretaria-academica\/documentos-e-formularios\/solicitacao-para-realizacao-de-estagio-em-docencia-2\/\" rel=\"attachment wp-att-1139\">SOLICITA\u00c7\u00c3O PARA REALIZA\u00c7\u00c3O DE ESTAGIO EM DOC\u00caNCIA<\/a><\/p>\n<p>&nbsp;<\/p>\n<p><strong>&#8211; Documentos para agendamento de qualifica\u00e7\u00e3o ou Defesa de Produto Final<\/strong><\/p>\n<p><a href=\"http:\/\/www2.unifap.br\/ppgef\/files\/2017\/02\/REQUERIMENTO_AGENDAMENTO-DE-QUALIFICA\u00c7\u00c3O1.doc\">REQUERIMENTO_AGENDAMENTO DE QUALIFICA\u00c7\u00c3O <\/a>(Anexar comprovante de PROFICI\u00caNCIA)<\/p>\n<p><a href=\"http:\/\/www2.unifap.br\/ppgef\/files\/2022\/05\/REQUERIMENTO_AGENDAMENTO-DE-DEFESA-DO-PRODUTO-FINAL-DO-CURSO.doc\">REQUERIMENTO_AGENDAMENTO DE DEFESA DO PRODUTO FINAL DO CURSO<\/a><\/p>\n<p><a href=\"http:\/\/www2.unifap.br\/ppgef\/files\/2017\/02\/DADOS-DE-MEMBRO-EXTERNO-PARA-PARTICIPA\u00c7\u00c3O-EM-BANCA3.doc\">DADOS DE MEMBRO EXTERNO PARA PARTICIPA\u00c7\u00c3O EM BANCA<\/a><\/p>\n<p><a href=\"http:\/\/www2.unifap.br\/ppgef\/programa\/secretaria-academica\/documentos-e-formularios\/dados-da-dissertacao-5\/\" rel=\"attachment wp-att-1595\">DADOS-DA-DISSERTA\u00c7\u00c3O<\/a><\/p>\n<p><a href=\"http:\/\/www2.unifap.br\/ppgef\/programa\/secretaria-academica\/documentos-e-formularios\/declaracao-de-compromisso-3\/\" rel=\"attachment wp-att-1585\">DECLARA\u00c7\u00c3O-DE-COMPROMISSO<\/a><\/p>\n<p>&nbsp;<\/p>\n<p>&nbsp;<\/p>\n<p><strong>&#8211; alunos do PPGEF concluintes (P\u00f3s-Defesa)<\/strong><\/p>\n<p><strong><em>1\u00ba passo: <\/em><\/strong><em>leia atentamente:&nbsp;<\/em><\/p>\n<p><a href=\"http:\/\/www2.unifap.br\/ppgef\/files\/2022\/10\/ORIENTACOES-IMPORTANTES-POS-DEFESA-_Modelo-de-etiqueta-e-capa-de-DVD-CD_ATUALIZADO.doc\">ORIENTA\u00c7\u00d5ES IMPORTANTES P\u00d3S-DEFESA _Modelo de etiqueta e capa de DVD-CD_ATUALIZADO<\/a><\/p>\n<p><strong><em>2\u00ba&nbsp; <\/em><\/strong>e<em>ntrega de documentos na Secretaria do Programa (<\/em>ap\u00f3s relat\u00f3rio da Comiss\u00e3o Avaliadora<em>)<\/em><\/p>\n<p>ENTREGA DA VERS\u00c3O FINAL (Digitalizada)<\/p>\n<p><a href=\"http:\/\/www2.unifap.br\/ppgef\/files\/2017\/02\/RELAT\u00d3RIO-DE-CONCLUS\u00c3O-DO-CURSO1.doc\">RELAT\u00d3RIO DE CONCLUS\u00c3O DO CURSO<\/a><\/p>\n<p><a href=\"http:\/\/www2.unifap.br\/ppgef\/programa\/secretaria-academica\/documentos-e-formularios\/declaracao-de-autoria-e-autorizacao-para-publicacao_atual\/\" rel=\"attachment wp-att-2205\">DECLARA\u00c7\u00c3O-DE-AUTORIA-E-AUTORIZA\u00c7\u00c3O-PARA-PUBLICA\u00c7\u00c3O_ATUAL<\/a><\/p>\n<p><a href=\"http:\/\/www2.unifap.br\/ppgef\/programa\/secretaria-academica\/documentos-e-formularios\/termo-de-encaminhamento-da-versao-final-3\/\" rel=\"attachment wp-att-1582\">TERMO DE ENCAMINHAMENTO DA VERS\u00c3O FINAL<\/a><\/p>\n<p><a href=\"http:\/\/www2.unifap.br\/ppgef\/programa\/secretaria-academica\/documentos-e-formularios\/solicitacao-do-diploma-2\/\" rel=\"attachment wp-att-1583\">SOLICITA\u00c7\u00c3O DO DIPLOMA<\/a><\/p>\n<p><a href=\"http:\/\/www2.unifap.br\/ppgef\/files\/2022\/05\/ANUENCIA-DO-ORIENTADOR-PARA-ENTREGA-DA-VERSAO-FINAL.doc\">ANUENCIA DO ORIENTADOR PARA ENTREGA DA VERS\u00c3O FINAL<\/a><\/p>\n<p><a href=\"http:\/\/www2.unifap.br\/ppgef\/files\/2022\/10\/FOLHA-DE-AVALIACAO_DISSERTACAO.doc\">FOLHA DE AVALIA\u00c7\u00c3O_DISSERTA\u00c7\u00c3O<\/a><\/p>\n<p>&nbsp;<\/p>\n<p>&nbsp;<\/p>\n<h3>&nbsp;<\/h3>\n<h3><strong style=\"font-size: 1.17em;\">&nbsp;<\/strong><\/h3>\n","protected":false},"excerpt":{"rendered":"<p>CARTA DE ACEITE_EST\u00c1GO P\u00d3S DOUTORAL FORMUL\u00c1RIO DE PR\u00c9 MATRICULA EM DISCIPLINA RELAT\u00d3RIO _EST\u00c1GIO EM DOCENCIA RELAT\u00d3RIO SEMESTRAL DE ATIVIDADES (Vers\u00e3o 2017_2) REQUERIMENTO ESTAGIO P\u00d3S-DOUTORADO REQUERIMENTO GERAL PARA DISCENTE REQUERIMENTO_COORIENTA\u00c7\u00c3O REQUEMIRMENTO DE CRETIDO DE ATIVIDADES COMPLENTARES REQUERIMENTO CREDITO EM DISCIPLINAS SOLICITA\u00c7\u00c3O PRORROGA\u00c7\u00c3O DE PRAZO SOLICITA\u00c7\u00c3O_CREDENCIAMENTO COORIENTADOR RELAT\u00d3RIO-EST\u00c1GIO-DOCENCIA SOLICITA\u00c7\u00c3O PARA REALIZA\u00c7\u00c3O DE ESTAGIO EM DOC\u00caNCIA &nbsp; &#8211;&#8230;<\/p>\n","protected":false},"author":926,"featured_media":0,"parent":0,"menu_order":0,"comment_status":"closed","ping_status":"closed","template":"","meta":{"inline_featured_image":false,"site-sidebar-layout":"default","site-content-layout":"default","ast-site-content-layout":"default","site-content-style":"default","site-sidebar-style":"default","ast-global-header-display":"","ast-banner-title-visibility":"","ast-main-header-display":"","ast-hfb-above-header-display":"","ast-hfb-below-header-display":"","ast-hfb-mobile-header-display":"","site-post-title":"","ast-breadcrumbs-content":"","ast-featured-img":"","footer-sml-layout":"","theme-transparent-header-meta":"default","adv-header-id-meta":"","stick-header-meta":"","header-above-stick-meta":"","header-main-stick-meta":"","header-below-stick-meta":"","astra-migrate-meta-layouts":"default","ast-page-background-enabled":"default","ast-page-background-meta":{"desktop":{"background-color":"var(--ast-global-color-4)","background-image":"","background-repeat":"repeat","background-position":"center center","background-size":"auto","background-attachment":"scroll","background-type":"","background-media":"","overlay-type":"","overlay-color":"","overlay-opacity":"","overlay-gradient":""},"tablet":{"background-color":"","background-image":"","background-repeat":"repeat","background-position":"center center","background-size":"auto","background-attachment":"scroll","background-type":"","background-media":"","overlay-type":"","overlay-color":"","overlay-opacity":"","overlay-gradient":""},"mobile":{"background-color":"","background-image":"","background-repeat":"repeat","background-position":"center center","background-size":"auto","background-attachment":"scroll","background-type":"","background-media":"","overlay-type":"","overlay-color":"","overlay-opacity":"","overlay-gradient":""}},"ast-content-background-meta":{"desktop":{"background-color":"var(--ast-global-color-5)","background-image":"","background-repeat":"repeat","background-position":"center center","background-size":"auto","background-attachment":"scroll","background-type":"","background-media":"","overlay-type":"","overlay-color":"","overlay-opacity":"","overlay-gradient":""},"tablet":{"background-color":"var(--ast-global-color-5)","background-image":"","background-repeat":"repeat","background-position":"center center","background-size":"auto","background-attachment":"scroll","background-type":"","background-media":"","overlay-type":"","overlay-color":"","overlay-opacity":"","overlay-gradient":""},"mobile":{"background-color":"var(--ast-global-color-5)","background-image":"","background-repeat":"repeat","background-position":"center center","background-size":"auto","background-attachment":"scroll","background-type":"","background-media":"","overlay-type":"","overlay-color":"","overlay-opacity":"","overlay-gradient":""}},"ngg_post_thumbnail":0,"footnotes":""},"class_list":["post-2911","page","type-page","status-publish","hentry"],"_links":{"self":[{"href":"https:\/\/www2.unifap.br\/ppgef\/wp-json\/wp\/v2\/pages\/2911","targetHints":{"allow":["GET"]}}],"collection":[{"href":"https:\/\/www2.unifap.br\/ppgef\/wp-json\/wp\/v2\/pages"}],"about":[{"href":"https:\/\/www2.unifap.br\/ppgef\/wp-json\/wp\/v2\/types\/page"}],"author":[{"embeddable":true,"href":"https:\/\/www2.unifap.br\/ppgef\/wp-json\/wp\/v2\/users\/926"}],"replies":[{"embeddable":true,"href":"https:\/\/www2.unifap.br\/ppgef\/wp-json\/wp\/v2\/comments?post=2911"}],"version-history":[{"count":1,"href":"https:\/\/www2.unifap.br\/ppgef\/wp-json\/wp\/v2\/pages\/2911\/revisions"}],"predecessor-version":[{"id":2912,"href":"https:\/\/www2.unifap.br\/ppgef\/wp-json\/wp\/v2\/pages\/2911\/revisions\/2912"}],"wp:attachment":[{"href":"https:\/\/www2.unifap.br\/ppgef\/wp-json\/wp\/v2\/media?parent=2911"}],"curies":[{"name":"wp","href":"https:\/\/api.w.org\/{rel}","templated":true}]}}