{"id":2917,"date":"2023-09-11T20:40:41","date_gmt":"2023-09-11T20:40:41","guid":{"rendered":"https:\/\/www2.unifap.br\/ppgef\/?page_id=2917"},"modified":"2023-10-06T19:29:29","modified_gmt":"2023-10-06T19:29:29","slug":"edital-no-01-2023-pdiff-ap","status":"publish","type":"page","link":"https:\/\/www2.unifap.br\/ppgef\/editais\/2023-2\/edital-no-01-2023-pdiff-ap\/","title":{"rendered":"EDITAL N\u00ba 02\/2023 \u2013 PDIFF-AP \u2013 PROCESSO SELETIVO DE BOLSISTA"},"content":{"rendered":"<p><a href=\"http:\/\/www2.unifap.br\/ppgef\/files\/2023\/09\/EDITAL-No-02-PPGEF_PDIFF-1.pdf\">EDITAL N\u00ba 02 PPGEF_PDIFF<\/a><\/p>\n<p><a href=\"http:\/\/www2.unifap.br\/ppgef\/files\/2023\/09\/RETIFICACAO-No-01-\u2013-EDITAL-No-02_2023.pdf\">RETIFICA\u00c7\u00c3O N\u00ba 01 \u2013 EDITAL N\u00ba 02_2023<\/a><\/p>\n<p><a href=\"http:\/\/www2.unifap.br\/ppgef\/files\/2023\/09\/RETIFICACAO-No-02-\u2013-EDITAL-No-02_2023-1.pdf\">RETIFICA\u00c7\u00c3O N\u00ba 02 \u2013 EDITAL N\u00ba 02_2023<\/a><\/p>\n<p><a href=\"http:\/\/www2.unifap.br\/ppgef\/files\/2023\/09\/HOMOLOGACAO-DAS-INSCRICOES.pdf\">HOMOLOGA\u00c7\u00c3O DAS INSCRI\u00c7\u00d5ES<\/a><\/p>\n<p><a href=\"http:\/\/www2.unifap.br\/ppgef\/files\/2023\/09\/RESULTADO-PRELIMINAR-PRIMEIRA-ETAPA.pdf\">RESULTADO PRELIMINAR &#8211; PRIMEIRA ETAPA<\/a><\/p>\n<p><a href=\"http:\/\/www2.unifap.br\/ppgef\/files\/2023\/09\/RESULTADO-FINAL-PRIMEIRA-ETAPA.pdf\">RESULTADO FINAL &#8211; PRIMEIRA ETAPA<\/a><\/p>\n<p><a href=\"http:\/\/www2.unifap.br\/ppgef\/files\/2023\/09\/COMUNICADO-LOCAL-E-HORARIO-SEGUNDA-ETAPA.pdf\">COMUNICADO LOCAL E HOR\u00c1RIO SEGUNDA ETAPA<\/a><\/p>\n<p><a href=\"http:\/\/www2.unifap.br\/ppgef\/files\/2023\/09\/COMUNICADO-LOCAL-PROVA-SEGUNDA-ETAPA.pdf\">COMUNICADO LOCAL PROVA SEGUNDA ETAPA<\/a><\/p>\n<p><a href=\"http:\/\/www2.unifap.br\/ppgef\/files\/2023\/10\/COMUNICADO-QUESTAO-ANULADA-GRADUACAO.pdf\">COMUNICADO &#8211; QUEST\u00c3O ANULADA &#8211; GRADUA\u00c7\u00c3O<\/a><\/p>\n<p><a href=\"http:\/\/www2.unifap.br\/ppgef\/files\/2023\/10\/COMUNICADO-GABARITO-PROVA-GRADUACAO.pdf\">COMUNICADO &#8211; GABARITO &#8211; PROVA GRADUA\u00c7\u00c3O<\/a><\/p>\n<p><a href=\"http:\/\/www2.unifap.br\/ppgef\/files\/2023\/10\/RESULTADO-PRELIMINAR-SEGUNDA-ETAPA.pdf\">RESULTADO PRELIMINAR &#8211; SEGUNDA ETAPA<\/a><\/p>\n<p><a href=\"http:\/\/www2.unifap.br\/ppgef\/files\/2023\/10\/RESULTADO-DEFINITIVO-SEGUNDA-ETAPA.pdf\">RESULTADO DEFINITIVO &#8211; SEGUNDA ETAPA<\/a><\/p>\n<p><a href=\"http:\/\/www2.unifap.br\/ppgef\/files\/2023\/10\/RESULTADO-FINAL-PDIFF-AP.pdf\">RESULTADO FINAL PDIFF AP<\/a><\/p>\n<p><a href=\"http:\/\/www2.unifap.br\/ppgef\/files\/2023\/10\/CONVOCATORIA1.pdf\">CONVOCAT\u00d3RIA(1)<\/a><\/p>\n<p>&nbsp;<\/p>\n<p>&nbsp;<\/p>\n","protected":false},"excerpt":{"rendered":"<p>EDITAL N\u00ba 02 PPGEF_PDIFF RETIFICA\u00c7\u00c3O N\u00ba 01 \u2013 EDITAL N\u00ba 02_2023 RETIFICA\u00c7\u00c3O N\u00ba 02 \u2013 EDITAL N\u00ba 02_2023 HOMOLOGA\u00c7\u00c3O DAS INSCRI\u00c7\u00d5ES RESULTADO PRELIMINAR &#8211; PRIMEIRA ETAPA RESULTADO FINAL &#8211; PRIMEIRA ETAPA COMUNICADO LOCAL E HOR\u00c1RIO SEGUNDA ETAPA COMUNICADO LOCAL PROVA SEGUNDA ETAPA COMUNICADO &#8211; QUEST\u00c3O ANULADA &#8211; GRADUA\u00c7\u00c3O COMUNICADO &#8211; GABARITO &#8211; PROVA GRADUA\u00c7\u00c3O RESULTADO&#8230;<\/p>\n","protected":false},"author":976,"featured_media":0,"parent":2767,"menu_order":4,"comment_status":"closed","ping_status":"closed","template":"","meta":{"inline_featured_image":false,"site-sidebar-layout":"default","site-content-layout":"default","ast-site-content-layout":"default","site-content-style":"default","site-sidebar-style":"default","ast-global-header-display":"","ast-banner-title-visibility":"","ast-main-header-display":"","ast-hfb-above-header-display":"","ast-hfb-below-header-display":"","ast-hfb-mobile-header-display":"","site-post-title":"","ast-breadcrumbs-content":"","ast-featured-img":"","footer-sml-layout":"","theme-transparent-header-meta":"default","adv-header-id-meta":"","stick-header-meta":"","header-above-stick-meta":"","header-main-stick-meta":"","header-below-stick-meta":"","astra-migrate-meta-layouts":"default","ast-page-background-enabled":"default","ast-page-background-meta":{"desktop":{"background-color":"var(--ast-global-color-4)","background-image":"","background-repeat":"repeat","background-position":"center center","background-size":"auto","background-attachment":"scroll","background-type":"","background-media":"","overlay-type":"","overlay-color":"","overlay-opacity":"","overlay-gradient":""},"tablet":{"background-color":"","background-image":"","background-repeat":"repeat","background-position":"center center","background-size":"auto","background-attachment":"scroll","background-type":"","background-media":"","overlay-type":"","overlay-color":"","overlay-opacity":"","overlay-gradient":""},"mobile":{"background-color":"","background-image":"","background-repeat":"repeat","background-position":"center center","background-size":"auto","background-attachment":"scroll","background-type":"","background-media":"","overlay-type":"","overlay-color":"","overlay-opacity":"","overlay-gradient":""}},"ast-content-background-meta":{"desktop":{"background-color":"var(--ast-global-color-5)","background-image":"","background-repeat":"repeat","background-position":"center center","background-size":"auto","background-attachment":"scroll","background-type":"","background-media":"","overlay-type":"","overlay-color":"","overlay-opacity":"","overlay-gradient":""},"tablet":{"background-color":"var(--ast-global-color-5)","background-image":"","background-repeat":"repeat","background-position":"center center","background-size":"auto","background-attachment":"scroll","background-type":"","background-media":"","overlay-type":"","overlay-color":"","overlay-opacity":"","overlay-gradient":""},"mobile":{"background-color":"var(--ast-global-color-5)","background-image":"","background-repeat":"repeat","background-position":"center center","background-size":"auto","background-attachment":"scroll","background-type":"","background-media":"","overlay-type":"","overlay-color":"","overlay-opacity":"","overlay-gradient":""}},"ngg_post_thumbnail":0,"footnotes":""},"class_list":["post-2917","page","type-page","status-publish","hentry"],"_links":{"self":[{"href":"https:\/\/www2.unifap.br\/ppgef\/wp-json\/wp\/v2\/pages\/2917","targetHints":{"allow":["GET"]}}],"collection":[{"href":"https:\/\/www2.unifap.br\/ppgef\/wp-json\/wp\/v2\/pages"}],"about":[{"href":"https:\/\/www2.unifap.br\/ppgef\/wp-json\/wp\/v2\/types\/page"}],"author":[{"embeddable":true,"href":"https:\/\/www2.unifap.br\/ppgef\/wp-json\/wp\/v2\/users\/976"}],"replies":[{"embeddable":true,"href":"https:\/\/www2.unifap.br\/ppgef\/wp-json\/wp\/v2\/comments?post=2917"}],"version-history":[{"count":25,"href":"https:\/\/www2.unifap.br\/ppgef\/wp-json\/wp\/v2\/pages\/2917\/revisions"}],"predecessor-version":[{"id":3019,"href":"https:\/\/www2.unifap.br\/ppgef\/wp-json\/wp\/v2\/pages\/2917\/revisions\/3019"}],"up":[{"embeddable":true,"href":"https:\/\/www2.unifap.br\/ppgef\/wp-json\/wp\/v2\/pages\/2767"}],"wp:attachment":[{"href":"https:\/\/www2.unifap.br\/ppgef\/wp-json\/wp\/v2\/media?parent=2917"}],"curies":[{"name":"wp","href":"https:\/\/api.w.org\/{rel}","templated":true}]}}