{"id":3043,"date":"2023-10-09T19:15:29","date_gmt":"2023-10-09T19:15:29","guid":{"rendered":"https:\/\/www2.unifap.br\/ppgef\/?page_id=3043"},"modified":"2024-05-17T13:02:22","modified_gmt":"2024-05-17T13:02:22","slug":"edital-no-003-2023-ppgef-unifap_processo-seletivo-2024","status":"publish","type":"page","link":"https:\/\/www2.unifap.br\/ppgef\/editais\/2023-2\/edital-no-003-2023-ppgef-unifap_processo-seletivo-2024\/","title":{"rendered":"EDITAL N\u00ba 003\/2023 &#8211; PPGEF\/UNIFAP_PROCESSO SELETIVO 2024"},"content":{"rendered":"<p>5<a href=\"http:\/\/www2.unifap.br\/ppgef\/files\/2023\/10\/EDITAL-PS-PPGEF-2024-1.pdf\">EDITAL PS-PPGEF 2024<\/a><\/p>\n<p><a href=\"http:\/\/www2.unifap.br\/ppgef\/files\/2023\/10\/Anexo-A-Autodeclaracao-1.pdf\">Anexo A-Autodeclara\u00e7\u00e3o<\/a><\/p>\n<p><a href=\"http:\/\/www2.unifap.br\/ppgef\/files\/2023\/10\/Anexo-B-Planilha-1.pdf\">Anexo B-Planilha<\/a><\/p>\n<p><a href=\"http:\/\/www2.unifap.br\/ppgef\/files\/2023\/11\/1a-RETIFICACAO-DO-EDITAL-N.o-003_2023.pdf\">1\u00aa RETIFICA\u00c7\u00c3O DO EDITAL N.\u00ba 003_2023<\/a><\/p>\n<p><a href=\"http:\/\/www2.unifap.br\/ppgef\/files\/2023\/11\/LISTA-PROVISORIA-INSCRICOPES-HOMOLOGADAS.pdf\">LISTA PROVIS\u00d3RIA INSCRI\u00c7\u00d5PES HOMOLOGADAS<\/a><\/p>\n<p><a href=\"http:\/\/www2.unifap.br\/ppgef\/files\/2023\/11\/LISTA-DEFINITIVA-DE-INSCRICOES-HOMOLOGADAS.pdf\">LISTA DEFINITIVA DE INSCRI\u00c7\u00d5ES HOMOLOGADAS<\/a><\/p>\n<p><a href=\"http:\/\/www2.unifap.br\/ppgef\/files\/2023\/11\/RESULTADO-PROVISORIO-ETAPAS-PRE-PROJETO-E-ENSAIO-BIBLIOGRAFICO.pdf\">RESULTADO PROVISORIO ETAPAS PRE-PROJETO E ENSAIO BIBLIOGRAFICO<\/a><\/p>\n<p><a href=\"http:\/\/www2.unifap.br\/ppgef\/files\/2023\/11\/2a-RETIFICACAO-DO-EDITAL-N-003_2023.pdf\">2\u00aa RETIFICA\u00c7\u00c3O DO EDITAL N 003_2023<\/a><\/p>\n<p><a href=\"http:\/\/www2.unifap.br\/ppgef\/files\/2023\/11\/RESULTADO-FINAL-ETAPAS-PRE-PROJETO-E-ENSAIO-BIBLIOGRAFICO.pdf\">RESULTADO FINAL ETAPAS PRE-PROJETO E ENSAIO BIBLIOGRAFICO<\/a><\/p>\n<p><a href=\"http:\/\/www2.unifap.br\/ppgef\/files\/2023\/11\/CALENDARIO-DAS-ENTREVISTAS.pdf\">CALEND\u00c1RIO DAS ENTREVISTAS<\/a><\/p>\n<p><a href=\"http:\/\/www2.unifap.br\/ppgef\/files\/2023\/11\/RESULTADO-PROVISORIO-DA-ENTREVISTA.pdf\">RESULTADO PROVIS\u00d3RIO DA ENTREVISTA<\/a><\/p>\n<p><a href=\"http:\/\/www2.unifap.br\/ppgef\/files\/2023\/11\/3a-RETIFICACAO-DO-EDITAL-N-003_2023.pdf\">3\u00aa RETIFICA\u00c7\u00c3O DO EDITAL N 003_2023<\/a><\/p>\n<p><a href=\"http:\/\/www2.unifap.br\/ppgef\/files\/2023\/11\/RESULTADO-DEFINITIVO-DA-ENTREVISTA.pdf\">RESULTADO DEFINITIVO DA ENTREVISTA<\/a><\/p>\n<p><a href=\"http:\/\/www2.unifap.br\/ppgef\/files\/2023\/11\/RESULTADO-DA-ANALISE-CURRICULAR-1.pdf\">RESULTADO DA ANALISE CURRICULAR<\/a><\/p>\n<p><a href=\"http:\/\/www2.unifap.br\/ppgef\/files\/2023\/12\/RESULTADO-PRELIMINAR-PS_PPGEF_EDITAL-N-003_2023.pdf\">RESULTADO PRELIMINAR PS_PPGEF_EDITAL N 003_2023<\/a><\/p>\n<p><a href=\"http:\/\/www2.unifap.br\/ppgef\/files\/2023\/12\/RESULTADO-FINAL-PS_PPGEF_EDITAL-N-003_2023.pdf\">RESULTADO-FINAL-PS_PPGEF_EDITAL-N-003_2023<\/a><\/p>\n","protected":false},"excerpt":{"rendered":"<p>5EDITAL PS-PPGEF 2024 Anexo A-Autodeclara\u00e7\u00e3o Anexo B-Planilha 1\u00aa RETIFICA\u00c7\u00c3O DO EDITAL N.\u00ba 003_2023 LISTA PROVIS\u00d3RIA INSCRI\u00c7\u00d5PES HOMOLOGADAS LISTA DEFINITIVA DE INSCRI\u00c7\u00d5ES HOMOLOGADAS RESULTADO PROVISORIO ETAPAS PRE-PROJETO E ENSAIO BIBLIOGRAFICO 2\u00aa RETIFICA\u00c7\u00c3O DO EDITAL N 003_2023 RESULTADO FINAL ETAPAS PRE-PROJETO E ENSAIO BIBLIOGRAFICO CALEND\u00c1RIO DAS ENTREVISTAS RESULTADO PROVIS\u00d3RIO DA ENTREVISTA 3\u00aa RETIFICA\u00c7\u00c3O DO EDITAL N 003_2023&#8230;<\/p>\n","protected":false},"author":976,"featured_media":0,"parent":2767,"menu_order":5,"comment_status":"closed","ping_status":"closed","template":"","meta":{"inline_featured_image":false,"site-sidebar-layout":"default","site-content-layout":"default","ast-site-content-layout":"default","site-content-style":"default","site-sidebar-style":"default","ast-global-header-display":"","ast-banner-title-visibility":"","ast-main-header-display":"","ast-hfb-above-header-display":"","ast-hfb-below-header-display":"","ast-hfb-mobile-header-display":"","site-post-title":"","ast-breadcrumbs-content":"","ast-featured-img":"","footer-sml-layout":"","theme-transparent-header-meta":"default","adv-header-id-meta":"","stick-header-meta":"","header-above-stick-meta":"","header-main-stick-meta":"","header-below-stick-meta":"","astra-migrate-meta-layouts":"set","ast-page-background-enabled":"default","ast-page-background-meta":{"desktop":{"background-color":"var(--ast-global-color-4)","background-image":"","background-repeat":"repeat","background-position":"center center","background-size":"auto","background-attachment":"scroll","background-type":"","background-media":"","overlay-type":"","overlay-color":"","overlay-opacity":"","overlay-gradient":""},"tablet":{"background-color":"","background-image":"","background-repeat":"repeat","background-position":"center center","background-size":"auto","background-attachment":"scroll","background-type":"","background-media":"","overlay-type":"","overlay-color":"","overlay-opacity":"","overlay-gradient":""},"mobile":{"background-color":"","background-image":"","background-repeat":"repeat","background-position":"center center","background-size":"auto","background-attachment":"scroll","background-type":"","background-media":"","overlay-type":"","overlay-color":"","overlay-opacity":"","overlay-gradient":""}},"ast-content-background-meta":{"desktop":{"background-color":"var(--ast-global-color-5)","background-image":"","background-repeat":"repeat","background-position":"center center","background-size":"auto","background-attachment":"scroll","background-type":"","background-media":"","overlay-type":"","overlay-color":"","overlay-opacity":"","overlay-gradient":""},"tablet":{"background-color":"var(--ast-global-color-5)","background-image":"","background-repeat":"repeat","background-position":"center center","background-size":"auto","background-attachment":"scroll","background-type":"","background-media":"","overlay-type":"","overlay-color":"","overlay-opacity":"","overlay-gradient":""},"mobile":{"background-color":"var(--ast-global-color-5)","background-image":"","background-repeat":"repeat","background-position":"center center","background-size":"auto","background-attachment":"scroll","background-type":"","background-media":"","overlay-type":"","overlay-color":"","overlay-opacity":"","overlay-gradient":""}},"ngg_post_thumbnail":0,"footnotes":""},"class_list":["post-3043","page","type-page","status-publish","hentry"],"_links":{"self":[{"href":"https:\/\/www2.unifap.br\/ppgef\/wp-json\/wp\/v2\/pages\/3043","targetHints":{"allow":["GET"]}}],"collection":[{"href":"https:\/\/www2.unifap.br\/ppgef\/wp-json\/wp\/v2\/pages"}],"about":[{"href":"https:\/\/www2.unifap.br\/ppgef\/wp-json\/wp\/v2\/types\/page"}],"author":[{"embeddable":true,"href":"https:\/\/www2.unifap.br\/ppgef\/wp-json\/wp\/v2\/users\/976"}],"replies":[{"embeddable":true,"href":"https:\/\/www2.unifap.br\/ppgef\/wp-json\/wp\/v2\/comments?post=3043"}],"version-history":[{"count":17,"href":"https:\/\/www2.unifap.br\/ppgef\/wp-json\/wp\/v2\/pages\/3043\/revisions"}],"predecessor-version":[{"id":3142,"href":"https:\/\/www2.unifap.br\/ppgef\/wp-json\/wp\/v2\/pages\/3043\/revisions\/3142"}],"up":[{"embeddable":true,"href":"https:\/\/www2.unifap.br\/ppgef\/wp-json\/wp\/v2\/pages\/2767"}],"wp:attachment":[{"href":"https:\/\/www2.unifap.br\/ppgef\/wp-json\/wp\/v2\/media?parent=3043"}],"curies":[{"name":"wp","href":"https:\/\/api.w.org\/{rel}","templated":true}]}}