{"id":3360,"date":"2025-03-11T13:35:40","date_gmt":"2025-03-11T13:35:40","guid":{"rendered":"https:\/\/www2.unifap.br\/ppgef\/?page_id=3360"},"modified":"2025-11-19T11:31:59","modified_gmt":"2025-11-19T11:31:59","slug":"turma-2017-trabalhos","status":"publish","type":"page","link":"https:\/\/www2.unifap.br\/ppgef\/producao-cientifica\/trabalhos-de-conclusao\/turma-2017-trabalhos\/","title":{"rendered":"DISCENTE\/PRODUTO FINAL &#8211; Defesa 2019"},"content":{"rendered":"<p style=\"text-align: left\" align=\"center\"><a href=\"http:\/\/www2.unifap.br\/ppgef\/files\/2025\/03\/BRENDA-FARIAS-DA-SILVA.pdf\">BRENDA FARIAS DA SILVA\u00a0<\/a>(TRAFICO HUMANO:A UM PANORAMA DO FLUXO DE BRASILEIRAS PARA FINS DE EXPLORA\u00c7\u00c3O SEXUAL NA REGI\u00c3O DAS GUIANAS)<\/p>\n<p style=\"text-align: left\" align=\"center\"><a href=\"http:\/\/www2.unifap.br\/ppgef\/files\/2025\/03\/CAROLINE-BRITO-FERREIRA.pdf\">CAROLINE BRITO FERREIRA\u00a0<\/a>(AS FRONTEIRAS JUR\u00cdDICAS E SOCIAIS: AS DIN\u00c2MICAS DO PESCADO ENTRE\u00a0O AMAP\u00c1 E A GUIANA FRANCESA)<\/p>\n<p style=\"text-align: left\" align=\"center\"><a href=\"http:\/\/www2.unifap.br\/ppgef\/files\/2025\/03\/CHAYENNE-DA-SILVA-FARIAS-CAMBRAIA.pdf\">CHAYENNE DA SILVA FARIAS CAMBRAIA\u00a0<\/a>(CIDADANIA TRANSVIADA: VIOL\u00caNCIA DE G\u00caNERO CONTRA TRAVESTIS E\u00a0TRANSEXUAIS EM MACAP\u00c1-AP)<\/p>\n<p style=\"text-align: left\" align=\"center\"><a href=\"http:\/\/www2.unifap.br\/ppgef\/files\/2025\/03\/CLICIA-HOANA-VILHENA-VIEIRA-DI-MICELI.pdf\">CL\u00cdCIA HOANA VILHENA VIEIRA DI MICELI\u00a0<\/a>(PROJETO DE APLICA\u00c7\u00c3O DE EVENTO MUSICAL E DOCUMENT\u00c1RIO: InterAmaz\u00f4nias &#8211; uma fronteira musical)<\/p>\n<p style=\"text-align: left\" align=\"center\"><a href=\"http:\/\/www2.unifap.br\/ppgef\/files\/2025\/03\/DANIELLA-SIMONE-PALHETA-DA-FONSECA.pdf\">DANIELLA SIMONE PALHETA DA FONSECA\u00a0<\/a>(O PARADIGMA DA AUTOIDENTIFICA\u00c7\u00c3O:\u00a0um estudo de caso sobre Vila Brasil no Parque Nacional Montanhas do Tumucumaque)<\/p>\n<p style=\"text-align: left\" align=\"center\"><a href=\"http:\/\/www2.unifap.br\/ppgef\/files\/2025\/03\/DAVID-HIAN-MARTINS-GOES.pdf\">DAVID HIAN MARTINS G\u00d3ES\u00a0<\/a>(A PERCEP\u00c7\u00c3O DA LOG\u00cdSTICA EMPRESARIAL EM REDES DE SUPERMERCADOS: UM ESTUDO DO TRANSPORTE DE CARGASA PARA O ESTADO DO AMAP\u00c1)<\/p>\n<p style=\"text-align: left\" align=\"center\"><a href=\"http:\/\/www2.unifap.br\/ppgef\/files\/2025\/03\/ERIC-ROLA-ALMEIDA.pdf\">ERIC ROLA ALMEIDA\u00a0<\/a>(O JUDICI\u00c1RIO EM PERSPECTIVA: notas etnogr\u00e1ficas sobre o saber e o fazer jurisdicional da Subse\u00e7\u00e3o Judici\u00e1ria de\u00a0Laranjal do Jari)<\/p>\n<p style=\"text-align: left\" align=\"center\"><a href=\"http:\/\/www2.unifap.br\/ppgef\/files\/2025\/03\/JONATHAN-VIANA-DA-SILVA.pdf\">JONATHAN VIANA DA SILVA<\/a>\u00a0(A MOBILIDADE DE ESTRANGEIROS E SUA INFLU\u00caNCIA SOCIOECON\u00d4MICA NA FRONTEIRA DO AMAP\u00c1 (BRASIL) COM A GUIANA FRANCESA (FRAN\u00c7A)<\/p>\n<p style=\"text-align: left\" align=\"center\"><a href=\"http:\/\/www2.unifap.br\/ppgef\/files\/2025\/03\/LIVIA-VERENA-CUNHA-DO-ROSARIO.pdf\">LIVIA VERENA CUNHA DO ROSARIO\u00a0\u00a0<\/a>(INTERSECCIONALIDADE E FRONTEIRA: MULHERES NEGRAS MIGRANTES\u00a0NA AMAZ\u00d4NIA FRANCO-AMAPAENSE)<\/p>\n<p style=\"text-align: left\" align=\"center\"><a href=\"http:\/\/www2.unifap.br\/ppgef\/files\/2025\/03\/MANUELA-SANTANA-GORTZ.pdf\">MANUELA SANTANA GORTZ\u00a0<\/a>(INTERNACIONALIZA\u00c7\u00c3O DA EDUCA\u00c7\u00c3O SUPERIOR: Coopera\u00e7\u00e3o entre Universidades da Regi\u00e3o das Guianas)<\/p>\n<p style=\"text-align: left\" align=\"center\"><a href=\"http:\/\/www2.unifap.br\/ppgef\/files\/2025\/03\/UZIAN-PINTO-MACHADO.pdf\">UZIAN PINTO MACHADO\u00a0<\/a>(POL\u00cdTICAS P\u00daBLICAS DE FOMENTO A CADEIA DO A\u00c7A\u00cd: SUBVEN\u00c7\u00d5ES ESTATAIS E A DISTRIBUI\u00c7\u00c3O DE RENDA EM UMA DIN\u00c2MICA DE ECON\u00d4MICA\u00a0DE FRONTEIRA)<\/p>\n<p style=\"text-align: left\" align=\"center\"><a href=\"http:\/\/www2.unifap.br\/ppgef\/files\/2025\/03\/WHITNEY-SANTOS-CABRAL.pdf\">WHITNEY SANTOS CABRAL\u00a0<\/a>(POL\u00cdTICAS MIGRAT\u00d3RIAS: UM ESTUDO COMPARADO ENTRE BRASIL, GUIANA FRANCESA E SURINAME 2007-2018)<\/p>\n<p>&nbsp;<\/p>\n","protected":false},"excerpt":{"rendered":"<p>BRENDA FARIAS DA SILVA\u00a0(TRAFICO HUMANO:A UM PANORAMA DO FLUXO DE BRASILEIRAS PARA FINS DE EXPLORA\u00c7\u00c3O SEXUAL NA REGI\u00c3O DAS GUIANAS) CAROLINE BRITO FERREIRA\u00a0(AS FRONTEIRAS JUR\u00cdDICAS E SOCIAIS: AS DIN\u00c2MICAS DO PESCADO ENTRE\u00a0O AMAP\u00c1 E A GUIANA FRANCESA) CHAYENNE DA SILVA FARIAS CAMBRAIA\u00a0(CIDADANIA TRANSVIADA: VIOL\u00caNCIA DE G\u00caNERO CONTRA TRAVESTIS E\u00a0TRANSEXUAIS EM MACAP\u00c1-AP) CL\u00cdCIA HOANA VILHENA VIEIRA&#8230;<\/p>\n","protected":false},"author":976,"featured_media":0,"parent":872,"menu_order":1,"comment_status":"closed","ping_status":"open","template":"","meta":{"inline_featured_image":false,"site-sidebar-layout":"default","site-content-layout":"","ast-site-content-layout":"default","site-content-style":"default","site-sidebar-style":"default","ast-global-header-display":"","ast-banner-title-visibility":"","ast-main-header-display":"","ast-hfb-above-header-display":"","ast-hfb-below-header-display":"","ast-hfb-mobile-header-display":"","site-post-title":"","ast-breadcrumbs-content":"","ast-featured-img":"","footer-sml-layout":"","theme-transparent-header-meta":"default","adv-header-id-meta":"","stick-header-meta":"","header-above-stick-meta":"","header-main-stick-meta":"","header-below-stick-meta":"","astra-migrate-meta-layouts":"set","ast-page-background-enabled":"default","ast-page-background-meta":{"desktop":{"background-color":"var(--ast-global-color-4)","background-image":"","background-repeat":"repeat","background-position":"center center","background-size":"auto","background-attachment":"scroll","background-type":"","background-media":"","overlay-type":"","overlay-color":"","overlay-opacity":"","overlay-gradient":""},"tablet":{"background-color":"","background-image":"","background-repeat":"repeat","background-position":"center center","background-size":"auto","background-attachment":"scroll","background-type":"","background-media":"","overlay-type":"","overlay-color":"","overlay-opacity":"","overlay-gradient":""},"mobile":{"background-color":"","background-image":"","background-repeat":"repeat","background-position":"center center","background-size":"auto","background-attachment":"scroll","background-type":"","background-media":"","overlay-type":"","overlay-color":"","overlay-opacity":"","overlay-gradient":""}},"ast-content-background-meta":{"desktop":{"background-color":"var(--ast-global-color-5)","background-image":"","background-repeat":"repeat","background-position":"center center","background-size":"auto","background-attachment":"scroll","background-type":"","background-media":"","overlay-type":"","overlay-color":"","overlay-opacity":"","overlay-gradient":""},"tablet":{"background-color":"var(--ast-global-color-5)","background-image":"","background-repeat":"repeat","background-position":"center center","background-size":"auto","background-attachment":"scroll","background-type":"","background-media":"","overlay-type":"","overlay-color":"","overlay-opacity":"","overlay-gradient":""},"mobile":{"background-color":"var(--ast-global-color-5)","background-image":"","background-repeat":"repeat","background-position":"center center","background-size":"auto","background-attachment":"scroll","background-type":"","background-media":"","overlay-type":"","overlay-color":"","overlay-opacity":"","overlay-gradient":""}},"ngg_post_thumbnail":0,"footnotes":""},"class_list":["post-3360","page","type-page","status-publish","hentry"],"_links":{"self":[{"href":"https:\/\/www2.unifap.br\/ppgef\/wp-json\/wp\/v2\/pages\/3360","targetHints":{"allow":["GET"]}}],"collection":[{"href":"https:\/\/www2.unifap.br\/ppgef\/wp-json\/wp\/v2\/pages"}],"about":[{"href":"https:\/\/www2.unifap.br\/ppgef\/wp-json\/wp\/v2\/types\/page"}],"author":[{"embeddable":true,"href":"https:\/\/www2.unifap.br\/ppgef\/wp-json\/wp\/v2\/users\/976"}],"replies":[{"embeddable":true,"href":"https:\/\/www2.unifap.br\/ppgef\/wp-json\/wp\/v2\/comments?post=3360"}],"version-history":[{"count":13,"href":"https:\/\/www2.unifap.br\/ppgef\/wp-json\/wp\/v2\/pages\/3360\/revisions"}],"predecessor-version":[{"id":3700,"href":"https:\/\/www2.unifap.br\/ppgef\/wp-json\/wp\/v2\/pages\/3360\/revisions\/3700"}],"up":[{"embeddable":true,"href":"https:\/\/www2.unifap.br\/ppgef\/wp-json\/wp\/v2\/pages\/872"}],"wp:attachment":[{"href":"https:\/\/www2.unifap.br\/ppgef\/wp-json\/wp\/v2\/media?parent=3360"}],"curies":[{"name":"wp","href":"https:\/\/api.w.org\/{rel}","templated":true}]}}