{"id":3369,"date":"2025-03-11T14:04:32","date_gmt":"2025-03-11T14:04:32","guid":{"rendered":"https:\/\/www2.unifap.br\/ppgef\/?page_id=3369"},"modified":"2025-11-19T11:24:29","modified_gmt":"2025-11-19T11:24:29","slug":"produto-final","status":"publish","type":"page","link":"https:\/\/www2.unifap.br\/ppgef\/producao-cientifica\/trabalhos-de-conclusao\/produto-final\/","title":{"rendered":"DISCENTE\/PRODUTO FINAL &#8211; Defesa 2020"},"content":{"rendered":"<p><a href=\"http:\/\/www2.unifap.br\/ppgef\/files\/2025\/03\/LEONE-DE-ARAUJO-ROCHA.pdf\">LEONE DE ARAUJO ROCHA\u00a0<\/a>(TRANSNACIONALIDADE E CIDADANIA: UM OLHAR SOBRE BRASILEIROS NA GUIANA FRANCESA)<\/p>\n<p><a href=\"http:\/\/www2.unifap.br\/ppgef\/files\/2025\/03\/DIOVANI-FURTADO-DA-SILVA.pdf\">DIOVANI FURTADO DA SILVA\u00a0<\/a>(O ACORDO BILATERAL DE 2008 ENTRE BRASIL E FRAN\u00c7A CONTRA\u00a0 A GARIMPAGEM ILEGAL: possibilidades e desafios)<\/p>\n<p><a href=\"http:\/\/www2.unifap.br\/ppgef\/files\/2025\/03\/EDIELSON-DE-SOUZA-SILVA.pdf\">EDIELSON DE SOUZA SILVA\u00a0<\/a> (AS DIN\u00c2MICAS MIGRAT\u00d3RIAS DOS VENEZUELANOS NA REGI\u00c3O\u00a0 DA\u00a0 FRONTEIRA FRANCO-AMAPAENSE)<\/p>\n<p><a href=\"http:\/\/www2.unifap.br\/ppgef\/files\/2025\/03\/KAMILA-SANTOS-SANTANA-MASSOUD.pdf\">KAMILA SANTOS SANTANA MASSOUD\u00a0<\/a>(NOU BON K\u00c9 SA! \u2013 AN\u00c1LISE DAS MOVIMENTA\u00c7\u00d5ES SOCIAIS DE 2017 NA\u00a0GUIANA FRANCESA)<\/p>\n<p><a href=\"http:\/\/www2.unifap.br\/ppgef\/files\/2025\/03\/SILVIA-CLAUDIA-CUNHA-MAUES.pdf\">SILVIA CL\u00c1UDIA CUNHA MAU\u00c9S\u00a0<\/a>(SISTEMA DE VIGIL\u00c2NCIA EPIDEMIOL\u00d3GICA NA FRONTEIRA DO AMAP\u00c1 E GUIANA FRANCESA: UMA PROPOSTA DE SISTEMATIZA\u00c7\u00c3O DA INFORMA\u00c7\u00c3O EM SA\u00daDE)<\/p>\n<p><a href=\"http:\/\/www2.unifap.br\/ppgef\/files\/2025\/03\/VENANCIO-GUEDES-PEREIRA.pdf\">VENANCIO GUEDES PEREIRA\u00a0\u00a0<\/a>(FRONTEIRAS ENTRE A ETNICIDADE E A NACIONALIDADE: AS VIV\u00caNCIAS DOS IND\u00cdGENAS URBANOS E EM CONTEXTO URBANO DA CIDADE DE\u00a0OIAPOQUE)<\/p>\n<p>&nbsp;<\/p>\n","protected":false},"excerpt":{"rendered":"<p>LEONE DE ARAUJO ROCHA\u00a0(TRANSNACIONALIDADE E CIDADANIA: UM OLHAR SOBRE BRASILEIROS NA GUIANA FRANCESA) DIOVANI FURTADO DA SILVA\u00a0(O ACORDO BILATERAL DE 2008 ENTRE BRASIL E FRAN\u00c7A CONTRA\u00a0 A GARIMPAGEM ILEGAL: possibilidades e desafios) EDIELSON DE SOUZA SILVA\u00a0 (AS DIN\u00c2MICAS MIGRAT\u00d3RIAS DOS VENEZUELANOS NA REGI\u00c3O\u00a0 DA\u00a0 FRONTEIRA FRANCO-AMAPAENSE) KAMILA SANTOS SANTANA MASSOUD\u00a0(NOU BON K\u00c9 SA! \u2013 AN\u00c1LISE&#8230;<\/p>\n","protected":false},"author":976,"featured_media":0,"parent":872,"menu_order":2,"comment_status":"closed","ping_status":"closed","template":"","meta":{"inline_featured_image":false,"site-sidebar-layout":"default","site-content-layout":"","ast-site-content-layout":"default","site-content-style":"default","site-sidebar-style":"default","ast-global-header-display":"","ast-banner-title-visibility":"","ast-main-header-display":"","ast-hfb-above-header-display":"","ast-hfb-below-header-display":"","ast-hfb-mobile-header-display":"","site-post-title":"","ast-breadcrumbs-content":"","ast-featured-img":"","footer-sml-layout":"","theme-transparent-header-meta":"default","adv-header-id-meta":"","stick-header-meta":"","header-above-stick-meta":"","header-main-stick-meta":"","header-below-stick-meta":"","astra-migrate-meta-layouts":"set","ast-page-background-enabled":"default","ast-page-background-meta":{"desktop":{"background-color":"var(--ast-global-color-4)","background-image":"","background-repeat":"repeat","background-position":"center center","background-size":"auto","background-attachment":"scroll","background-type":"","background-media":"","overlay-type":"","overlay-color":"","overlay-opacity":"","overlay-gradient":""},"tablet":{"background-color":"","background-image":"","background-repeat":"repeat","background-position":"center center","background-size":"auto","background-attachment":"scroll","background-type":"","background-media":"","overlay-type":"","overlay-color":"","overlay-opacity":"","overlay-gradient":""},"mobile":{"background-color":"","background-image":"","background-repeat":"repeat","background-position":"center center","background-size":"auto","background-attachment":"scroll","background-type":"","background-media":"","overlay-type":"","overlay-color":"","overlay-opacity":"","overlay-gradient":""}},"ast-content-background-meta":{"desktop":{"background-color":"var(--ast-global-color-5)","background-image":"","background-repeat":"repeat","background-position":"center center","background-size":"auto","background-attachment":"scroll","background-type":"","background-media":"","overlay-type":"","overlay-color":"","overlay-opacity":"","overlay-gradient":""},"tablet":{"background-color":"var(--ast-global-color-5)","background-image":"","background-repeat":"repeat","background-position":"center center","background-size":"auto","background-attachment":"scroll","background-type":"","background-media":"","overlay-type":"","overlay-color":"","overlay-opacity":"","overlay-gradient":""},"mobile":{"background-color":"var(--ast-global-color-5)","background-image":"","background-repeat":"repeat","background-position":"center center","background-size":"auto","background-attachment":"scroll","background-type":"","background-media":"","overlay-type":"","overlay-color":"","overlay-opacity":"","overlay-gradient":""}},"ngg_post_thumbnail":0,"footnotes":""},"class_list":["post-3369","page","type-page","status-publish","hentry"],"_links":{"self":[{"href":"https:\/\/www2.unifap.br\/ppgef\/wp-json\/wp\/v2\/pages\/3369","targetHints":{"allow":["GET"]}}],"collection":[{"href":"https:\/\/www2.unifap.br\/ppgef\/wp-json\/wp\/v2\/pages"}],"about":[{"href":"https:\/\/www2.unifap.br\/ppgef\/wp-json\/wp\/v2\/types\/page"}],"author":[{"embeddable":true,"href":"https:\/\/www2.unifap.br\/ppgef\/wp-json\/wp\/v2\/users\/976"}],"replies":[{"embeddable":true,"href":"https:\/\/www2.unifap.br\/ppgef\/wp-json\/wp\/v2\/comments?post=3369"}],"version-history":[{"count":5,"href":"https:\/\/www2.unifap.br\/ppgef\/wp-json\/wp\/v2\/pages\/3369\/revisions"}],"predecessor-version":[{"id":3699,"href":"https:\/\/www2.unifap.br\/ppgef\/wp-json\/wp\/v2\/pages\/3369\/revisions\/3699"}],"up":[{"embeddable":true,"href":"https:\/\/www2.unifap.br\/ppgef\/wp-json\/wp\/v2\/pages\/872"}],"wp:attachment":[{"href":"https:\/\/www2.unifap.br\/ppgef\/wp-json\/wp\/v2\/media?parent=3369"}],"curies":[{"name":"wp","href":"https:\/\/api.w.org\/{rel}","templated":true}]}}