{"id":34,"date":"2017-02-08T15:53:47","date_gmt":"2017-02-08T15:53:47","guid":{"rendered":"http:\/\/www2.unifap.br\/ppgef\/?page_id=34"},"modified":"2022-03-15T13:25:23","modified_gmt":"2022-03-15T13:25:23","slug":"colaborador","status":"publish","type":"page","link":"https:\/\/www2.unifap.br\/ppgef\/corpo-academico\/corpo-docente\/colaborador\/","title":{"rendered":"COLABORADOR"},"content":{"rendered":"<table width=\"719\" cellspacing=\"0\" cellpadding=\"4\">\n<colgroup>\n<col width=\"238\" \/>\n<col width=\"464\" \/> <\/colgroup>\n<tbody>\n<tr>\n<td style=\"background: #98e0bd\" colspan=\"2\" valign=\"top\" bgcolor=\"#98e0bd\" width=\"710\">\n<p class=\"western\" align=\"left\"><span style=\"color: #2e3944\"><span style=\"font-family: Garamond, serif\"><span style=\"font-size: medium\"><b>Eliane Superti<\/b><\/span><\/span><\/span><\/p>\n<\/td>\n<\/tr>\n<tr valign=\"top\">\n<td rowspan=\"4\" width=\"238\"><a href=\"http:\/\/www2.unifap.br\/ppgef\/corpo-academico\/corpo-docente\/colaborador\/eliane\/#main\" rel=\"attachment wp-att-2244\"><img fetchpriority=\"high\" decoding=\"async\" class=\"alignnone size-large wp-image-2244\" src=\"http:\/\/www2.unifap.br\/ppgef\/files\/2022\/03\/Eliane-883x1024.jpg\" alt=\"\" width=\"640\" height=\"742\" srcset=\"https:\/\/www2.unifap.br\/ppgef\/files\/2022\/03\/Eliane-883x1024.jpg 883w, https:\/\/www2.unifap.br\/ppgef\/files\/2022\/03\/Eliane-259x300.jpg 259w, https:\/\/www2.unifap.br\/ppgef\/files\/2022\/03\/Eliane-768x891.jpg 768w, https:\/\/www2.unifap.br\/ppgef\/files\/2022\/03\/Eliane.jpg 1324w\" sizes=\"(max-width: 640px) 100vw, 640px\" \/><\/a><\/td>\n<td width=\"464\">\n<p class=\"western\" align=\"justify\"><span style=\"font-family: Garamond, serif\"><span style=\"font-size: small\"><span style=\"color: #000080\"><span lang=\"zxx\"><span style=\"color: #2e3944\">Doutorado (2004) em Ci\u00eancias Sociais pela Universidade Federal de S\u00e3o Carlos<\/span><\/span><\/span> <\/span><\/span><\/p>\n<\/td>\n<\/tr>\n<tr valign=\"top\">\n<td width=\"464\">\n<p class=\"western\" align=\"justify\"><span style=\"color: #000080\"><span lang=\"zxx\"><span style=\"color: #2e3944\"><span style=\"font-family: Garamond, serif\"><span style=\"font-size: small\">Linha de Pesquisa: Estado, Fronteiras e Pol\u00edticas P\u00fablicas<\/span><\/span><\/span><\/span><\/span><\/p>\n<\/td>\n<\/tr>\n<tr valign=\"top\">\n<td width=\"464\">\n<p class=\"western\" align=\"justify\"><span style=\"font-family: Garamond, serif\"><span style=\"font-size: small\"><span style=\"color: #000080\"><span lang=\"zxx\"><span style=\"color: #2e3944\">Temas de Pesquisa: Pol\u00edticas P\u00fablicas em Territ\u00f3rio de Fronteira, Cidadania, Direitos Sociais e Pol\u00edticas P\u00fablicas. Governan\u00e7a do Trabalho em Cadeias Globais de Valor<\/span><\/span><\/span> <\/span><\/span><\/p>\n<\/td>\n<\/tr>\n<tr valign=\"top\">\n<td width=\"464\">\n<p class=\"western\" align=\"justify\"><span style=\"color: #000080\"><span lang=\"zxx\"><span style=\"color: #000000\"><span style=\"font-family: Garamond, serif\"><span style=\"font-size: small\">Lattes: <a class=\"western\" href=\"http:\/\/lattes.cnpq.br\/7806022855554472\">http:\/\/lattes.cnpq.br\/7806022855554472<\/a><\/span><\/span><\/span><\/span><\/span><\/p>\n<\/td>\n<\/tr>\n<\/tbody>\n<\/table>\n","protected":false},"excerpt":{"rendered":"<p>Eliane Superti Doutorado (2004) em Ci\u00eancias Sociais pela Universidade Federal de S\u00e3o Carlos Linha de Pesquisa: Estado, Fronteiras e Pol\u00edticas P\u00fablicas Temas de Pesquisa: Pol\u00edticas P\u00fablicas em Territ\u00f3rio de Fronteira, Cidadania, Direitos Sociais e Pol\u00edticas P\u00fablicas. Governan\u00e7a do Trabalho em Cadeias Globais de Valor Lattes: http:\/\/lattes.cnpq.br\/7806022855554472<\/p>\n","protected":false},"author":976,"featured_media":0,"parent":30,"menu_order":1,"comment_status":"closed","ping_status":"open","template":"","meta":{"inline_featured_image":false,"site-sidebar-layout":"default","site-content-layout":"","ast-site-content-layout":"default","site-content-style":"default","site-sidebar-style":"default","ast-global-header-display":"","ast-banner-title-visibility":"","ast-main-header-display":"","ast-hfb-above-header-display":"","ast-hfb-below-header-display":"","ast-hfb-mobile-header-display":"","site-post-title":"","ast-breadcrumbs-content":"","ast-featured-img":"","footer-sml-layout":"","theme-transparent-header-meta":"","adv-header-id-meta":"","stick-header-meta":"","header-above-stick-meta":"","header-main-stick-meta":"","header-below-stick-meta":"","astra-migrate-meta-layouts":"default","ast-page-background-enabled":"default","ast-page-background-meta":{"desktop":{"background-color":"var(--ast-global-color-4)","background-image":"","background-repeat":"repeat","background-position":"center center","background-size":"auto","background-attachment":"scroll","background-type":"","background-media":"","overlay-type":"","overlay-color":"","overlay-opacity":"","overlay-gradient":""},"tablet":{"background-color":"","background-image":"","background-repeat":"repeat","background-position":"center center","background-size":"auto","background-attachment":"scroll","background-type":"","background-media":"","overlay-type":"","overlay-color":"","overlay-opacity":"","overlay-gradient":""},"mobile":{"background-color":"","background-image":"","background-repeat":"repeat","background-position":"center center","background-size":"auto","background-attachment":"scroll","background-type":"","background-media":"","overlay-type":"","overlay-color":"","overlay-opacity":"","overlay-gradient":""}},"ast-content-background-meta":{"desktop":{"background-color":"var(--ast-global-color-5)","background-image":"","background-repeat":"repeat","background-position":"center center","background-size":"auto","background-attachment":"scroll","background-type":"","background-media":"","overlay-type":"","overlay-color":"","overlay-opacity":"","overlay-gradient":""},"tablet":{"background-color":"var(--ast-global-color-5)","background-image":"","background-repeat":"repeat","background-position":"center center","background-size":"auto","background-attachment":"scroll","background-type":"","background-media":"","overlay-type":"","overlay-color":"","overlay-opacity":"","overlay-gradient":""},"mobile":{"background-color":"var(--ast-global-color-5)","background-image":"","background-repeat":"repeat","background-position":"center center","background-size":"auto","background-attachment":"scroll","background-type":"","background-media":"","overlay-type":"","overlay-color":"","overlay-opacity":"","overlay-gradient":""}},"ngg_post_thumbnail":0,"footnotes":""},"class_list":["post-34","page","type-page","status-publish","hentry"],"_links":{"self":[{"href":"https:\/\/www2.unifap.br\/ppgef\/wp-json\/wp\/v2\/pages\/34","targetHints":{"allow":["GET"]}}],"collection":[{"href":"https:\/\/www2.unifap.br\/ppgef\/wp-json\/wp\/v2\/pages"}],"about":[{"href":"https:\/\/www2.unifap.br\/ppgef\/wp-json\/wp\/v2\/types\/page"}],"author":[{"embeddable":true,"href":"https:\/\/www2.unifap.br\/ppgef\/wp-json\/wp\/v2\/users\/976"}],"replies":[{"embeddable":true,"href":"https:\/\/www2.unifap.br\/ppgef\/wp-json\/wp\/v2\/comments?post=34"}],"version-history":[{"count":15,"href":"https:\/\/www2.unifap.br\/ppgef\/wp-json\/wp\/v2\/pages\/34\/revisions"}],"predecessor-version":[{"id":2245,"href":"https:\/\/www2.unifap.br\/ppgef\/wp-json\/wp\/v2\/pages\/34\/revisions\/2245"}],"up":[{"embeddable":true,"href":"https:\/\/www2.unifap.br\/ppgef\/wp-json\/wp\/v2\/pages\/30"}],"wp:attachment":[{"href":"https:\/\/www2.unifap.br\/ppgef\/wp-json\/wp\/v2\/media?parent=34"}],"curies":[{"name":"wp","href":"https:\/\/api.w.org\/{rel}","templated":true}]}}