{"id":3413,"date":"2025-03-11T14:38:18","date_gmt":"2025-03-11T14:38:18","guid":{"rendered":"https:\/\/www2.unifap.br\/ppgef\/?page_id=3413"},"modified":"2025-11-19T11:19:03","modified_gmt":"2025-11-19T11:19:03","slug":"produto-final-4","status":"publish","type":"page","link":"https:\/\/www2.unifap.br\/ppgef\/producao-cientifica\/trabalhos-de-conclusao\/produto-final-4\/","title":{"rendered":"DISCENTE\/PRODUTO FINAL &#8211; Defesa 2023"},"content":{"rendered":"<p><a href=\"http:\/\/www2.unifap.br\/ppgef\/files\/2025\/03\/JESSICA-MAYARA-LIMA-RAMIRES.pdf\">J\u00c9SSICA MAYARA LIMA RAMIRES\u00a0<\/a>(RELAT\u00d3RIO T\u00c9CNICO PARA A GEST\u00c3O DAS \u00c1GUAS TRANSFRONTEIRI\u00c7AS DO RIO OIAPOQUE: DIRETRIZES, PROCEDIMENTOS E A\u00c7\u00d5ES)<\/p>\n<p><a href=\"http:\/\/www2.unifap.br\/ppgef\/files\/2025\/03\/NEIDE-DA-SILVA-FERNANDES.pdf\">NEIDE DA SILVA FERNANDES\u00a0<\/a>(OS DESAFIOS DA INCLUS\u00c3O ESCOLAR PARA CRIAN\u00c7AS DA EDUCA\u00c7\u00c3O\u00a0ESPECIAL DO MUNIC\u00cdPIO DE OIAPOQUE &#8211; AP)<\/p>\n<p>&nbsp;<\/p>\n","protected":false},"excerpt":{"rendered":"<p>J\u00c9SSICA MAYARA LIMA RAMIRES\u00a0(RELAT\u00d3RIO T\u00c9CNICO PARA A GEST\u00c3O DAS \u00c1GUAS TRANSFRONTEIRI\u00c7AS DO RIO OIAPOQUE: DIRETRIZES, PROCEDIMENTOS E A\u00c7\u00d5ES) NEIDE DA SILVA FERNANDES\u00a0(OS DESAFIOS DA INCLUS\u00c3O ESCOLAR PARA CRIAN\u00c7AS DA EDUCA\u00c7\u00c3O\u00a0ESPECIAL DO MUNIC\u00cdPIO DE OIAPOQUE &#8211; AP) &nbsp;<\/p>\n","protected":false},"author":976,"featured_media":0,"parent":872,"menu_order":5,"comment_status":"closed","ping_status":"closed","template":"","meta":{"inline_featured_image":false,"site-sidebar-layout":"default","site-content-layout":"","ast-site-content-layout":"default","site-content-style":"default","site-sidebar-style":"default","ast-global-header-display":"","ast-banner-title-visibility":"","ast-main-header-display":"","ast-hfb-above-header-display":"","ast-hfb-below-header-display":"","ast-hfb-mobile-header-display":"","site-post-title":"","ast-breadcrumbs-content":"","ast-featured-img":"","footer-sml-layout":"","theme-transparent-header-meta":"default","adv-header-id-meta":"","stick-header-meta":"","header-above-stick-meta":"","header-main-stick-meta":"","header-below-stick-meta":"","astra-migrate-meta-layouts":"set","ast-page-background-enabled":"default","ast-page-background-meta":{"desktop":{"background-color":"var(--ast-global-color-4)","background-image":"","background-repeat":"repeat","background-position":"center center","background-size":"auto","background-attachment":"scroll","background-type":"","background-media":"","overlay-type":"","overlay-color":"","overlay-opacity":"","overlay-gradient":""},"tablet":{"background-color":"","background-image":"","background-repeat":"repeat","background-position":"center center","background-size":"auto","background-attachment":"scroll","background-type":"","background-media":"","overlay-type":"","overlay-color":"","overlay-opacity":"","overlay-gradient":""},"mobile":{"background-color":"","background-image":"","background-repeat":"repeat","background-position":"center center","background-size":"auto","background-attachment":"scroll","background-type":"","background-media":"","overlay-type":"","overlay-color":"","overlay-opacity":"","overlay-gradient":""}},"ast-content-background-meta":{"desktop":{"background-color":"var(--ast-global-color-5)","background-image":"","background-repeat":"repeat","background-position":"center center","background-size":"auto","background-attachment":"scroll","background-type":"","background-media":"","overlay-type":"","overlay-color":"","overlay-opacity":"","overlay-gradient":""},"tablet":{"background-color":"var(--ast-global-color-5)","background-image":"","background-repeat":"repeat","background-position":"center center","background-size":"auto","background-attachment":"scroll","background-type":"","background-media":"","overlay-type":"","overlay-color":"","overlay-opacity":"","overlay-gradient":""},"mobile":{"background-color":"var(--ast-global-color-5)","background-image":"","background-repeat":"repeat","background-position":"center center","background-size":"auto","background-attachment":"scroll","background-type":"","background-media":"","overlay-type":"","overlay-color":"","overlay-opacity":"","overlay-gradient":""}},"ngg_post_thumbnail":0,"footnotes":""},"class_list":["post-3413","page","type-page","status-publish","hentry"],"_links":{"self":[{"href":"https:\/\/www2.unifap.br\/ppgef\/wp-json\/wp\/v2\/pages\/3413","targetHints":{"allow":["GET"]}}],"collection":[{"href":"https:\/\/www2.unifap.br\/ppgef\/wp-json\/wp\/v2\/pages"}],"about":[{"href":"https:\/\/www2.unifap.br\/ppgef\/wp-json\/wp\/v2\/types\/page"}],"author":[{"embeddable":true,"href":"https:\/\/www2.unifap.br\/ppgef\/wp-json\/wp\/v2\/users\/976"}],"replies":[{"embeddable":true,"href":"https:\/\/www2.unifap.br\/ppgef\/wp-json\/wp\/v2\/comments?post=3413"}],"version-history":[{"count":5,"href":"https:\/\/www2.unifap.br\/ppgef\/wp-json\/wp\/v2\/pages\/3413\/revisions"}],"predecessor-version":[{"id":3696,"href":"https:\/\/www2.unifap.br\/ppgef\/wp-json\/wp\/v2\/pages\/3413\/revisions\/3696"}],"up":[{"embeddable":true,"href":"https:\/\/www2.unifap.br\/ppgef\/wp-json\/wp\/v2\/pages\/872"}],"wp:attachment":[{"href":"https:\/\/www2.unifap.br\/ppgef\/wp-json\/wp\/v2\/media?parent=3413"}],"curies":[{"name":"wp","href":"https:\/\/api.w.org\/{rel}","templated":true}]}}