{"id":3433,"date":"2025-03-11T14:57:42","date_gmt":"2025-03-11T14:57:42","guid":{"rendered":"https:\/\/www2.unifap.br\/ppgef\/?page_id=3433"},"modified":"2025-11-19T11:47:04","modified_gmt":"2025-11-19T11:47:04","slug":"produto-final-6","status":"publish","type":"page","link":"https:\/\/www2.unifap.br\/ppgef\/producao-cientifica\/trabalhos-de-conclusao\/produto-final-6\/","title":{"rendered":"DISCENTE\/PRODUTO FINAL-Defesa 2025"},"content":{"rendered":"<p><a href=\"http:\/\/www2.unifap.br\/ppgef\/files\/2025\/11\/CLARINE-THAYS-BARBOSA-DA-SILVA.pdf\">CLARINE THAYS BARBOSA DA SILVA\u00a0<\/a>(DO OUTRO LADO DO BEIRAD\u00c3O: A FRONTEIRA ENTRE LARANJAL DO JARI-AP E MONTE DOURADO-PA)<\/p>\n<p><a href=\"http:\/\/www2.unifap.br\/ppgef\/files\/2025\/03\/DANILO-CAETANO-MENDES-1.pdf\">DANILO CAETANO MENDES\u00a0<\/a>(POVOS IND\u00cdGENAS DO OIAPOQUE: Transforma\u00e7\u00f5es territoriais em perspectiva s\u00f3cio-hist\u00f3rica)<\/p>\n<p><a href=\"http:\/\/www2.unifap.br\/ppgef\/files\/2025\/11\/ESTER-ALMEIDA-DE-SOUZA.pdf\">ESTER ALMEIDA DE SOUZA<\/a>\u00a0(A INVISIBILIDADE DE DIREITOS PERSONAL\u00cdSSIMOS NA FRONTEIRA BRASIL E SURINAME)<\/p>\n<p><a href=\"http:\/\/www2.unifap.br\/ppgef\/files\/2025\/11\/GABRIELA-DA-SILVA-CAVALCANTE.pdf\">GABRIELA DA SILVA CAVALCANTE<\/a>\u00a0(CONFLITOS SOCIOAMBIENTAIS EM UNIDADE DE\u00a0 CONSERVA\u00c7\u00c3O: UMA AN\u00c1LISE SOBRE O PARQUE NACIONAL MONTANHAS DO TUMUCUMAQUE)<\/p>\n<p><a href=\"http:\/\/www2.unifap.br\/ppgef\/files\/2025\/11\/JOSE-WILLIAN-DA-SILVA-FEITOSA.pdf\">JOS\u00c9 WILLIAN DA SILVA FEITOSA<\/a>\u00a0(DECASS\u00c9GUIS, FRONTEIRAS E DIN\u00c2MICAS MIGRAT\u00d3RIAS JAPONESAS NO AMAP\u00c1.)<\/p>\n<p><a href=\"http:\/\/www2.unifap.br\/ppgef\/files\/2025\/11\/KLEBER-SOARES-DA-SILVA.pdf\">KLEBER SOARES DA SILVA<\/a>\u00a0(RELATOS INTROSPECTIVOS: UMA IMERS\u00c3O NA AGRIDOCE MEM\u00d3RIA DA EXPERI\u00caNCIA DE IMIGRA\u00c7\u00c3O)<\/p>\n<p>&nbsp;<\/p>\n<p>&nbsp;<\/p>\n<p>&nbsp;<\/p>\n<p>&nbsp;<\/p>\n<p>&nbsp;<\/p>\n","protected":false},"excerpt":{"rendered":"<p>CLARINE THAYS BARBOSA DA SILVA\u00a0(DO OUTRO LADO DO BEIRAD\u00c3O: A FRONTEIRA ENTRE LARANJAL DO JARI-AP E MONTE DOURADO-PA) DANILO CAETANO MENDES\u00a0(POVOS IND\u00cdGENAS DO OIAPOQUE: Transforma\u00e7\u00f5es territoriais em perspectiva s\u00f3cio-hist\u00f3rica) ESTER ALMEIDA DE SOUZA\u00a0(A INVISIBILIDADE DE DIREITOS PERSONAL\u00cdSSIMOS NA FRONTEIRA BRASIL E SURINAME) GABRIELA DA SILVA CAVALCANTE\u00a0(CONFLITOS SOCIOAMBIENTAIS EM UNIDADE DE\u00a0 CONSERVA\u00c7\u00c3O: UMA AN\u00c1LISE SOBRE O&#8230;<\/p>\n","protected":false},"author":976,"featured_media":0,"parent":872,"menu_order":7,"comment_status":"closed","ping_status":"closed","template":"","meta":{"inline_featured_image":false,"site-sidebar-layout":"default","site-content-layout":"","ast-site-content-layout":"default","site-content-style":"default","site-sidebar-style":"default","ast-global-header-display":"","ast-banner-title-visibility":"","ast-main-header-display":"","ast-hfb-above-header-display":"","ast-hfb-below-header-display":"","ast-hfb-mobile-header-display":"","site-post-title":"","ast-breadcrumbs-content":"","ast-featured-img":"","footer-sml-layout":"","theme-transparent-header-meta":"default","adv-header-id-meta":"","stick-header-meta":"","header-above-stick-meta":"","header-main-stick-meta":"","header-below-stick-meta":"","astra-migrate-meta-layouts":"set","ast-page-background-enabled":"default","ast-page-background-meta":{"desktop":{"background-color":"var(--ast-global-color-4)","background-image":"","background-repeat":"repeat","background-position":"center center","background-size":"auto","background-attachment":"scroll","background-type":"","background-media":"","overlay-type":"","overlay-color":"","overlay-opacity":"","overlay-gradient":""},"tablet":{"background-color":"","background-image":"","background-repeat":"repeat","background-position":"center center","background-size":"auto","background-attachment":"scroll","background-type":"","background-media":"","overlay-type":"","overlay-color":"","overlay-opacity":"","overlay-gradient":""},"mobile":{"background-color":"","background-image":"","background-repeat":"repeat","background-position":"center center","background-size":"auto","background-attachment":"scroll","background-type":"","background-media":"","overlay-type":"","overlay-color":"","overlay-opacity":"","overlay-gradient":""}},"ast-content-background-meta":{"desktop":{"background-color":"var(--ast-global-color-5)","background-image":"","background-repeat":"repeat","background-position":"center center","background-size":"auto","background-attachment":"scroll","background-type":"","background-media":"","overlay-type":"","overlay-color":"","overlay-opacity":"","overlay-gradient":""},"tablet":{"background-color":"var(--ast-global-color-5)","background-image":"","background-repeat":"repeat","background-position":"center center","background-size":"auto","background-attachment":"scroll","background-type":"","background-media":"","overlay-type":"","overlay-color":"","overlay-opacity":"","overlay-gradient":""},"mobile":{"background-color":"var(--ast-global-color-5)","background-image":"","background-repeat":"repeat","background-position":"center center","background-size":"auto","background-attachment":"scroll","background-type":"","background-media":"","overlay-type":"","overlay-color":"","overlay-opacity":"","overlay-gradient":""}},"ngg_post_thumbnail":0,"footnotes":""},"class_list":["post-3433","page","type-page","status-publish","hentry"],"_links":{"self":[{"href":"https:\/\/www2.unifap.br\/ppgef\/wp-json\/wp\/v2\/pages\/3433","targetHints":{"allow":["GET"]}}],"collection":[{"href":"https:\/\/www2.unifap.br\/ppgef\/wp-json\/wp\/v2\/pages"}],"about":[{"href":"https:\/\/www2.unifap.br\/ppgef\/wp-json\/wp\/v2\/types\/page"}],"author":[{"embeddable":true,"href":"https:\/\/www2.unifap.br\/ppgef\/wp-json\/wp\/v2\/users\/976"}],"replies":[{"embeddable":true,"href":"https:\/\/www2.unifap.br\/ppgef\/wp-json\/wp\/v2\/comments?post=3433"}],"version-history":[{"count":6,"href":"https:\/\/www2.unifap.br\/ppgef\/wp-json\/wp\/v2\/pages\/3433\/revisions"}],"predecessor-version":[{"id":3707,"href":"https:\/\/www2.unifap.br\/ppgef\/wp-json\/wp\/v2\/pages\/3433\/revisions\/3707"}],"up":[{"embeddable":true,"href":"https:\/\/www2.unifap.br\/ppgef\/wp-json\/wp\/v2\/pages\/872"}],"wp:attachment":[{"href":"https:\/\/www2.unifap.br\/ppgef\/wp-json\/wp\/v2\/media?parent=3433"}],"curies":[{"name":"wp","href":"https:\/\/api.w.org\/{rel}","templated":true}]}}