{"id":3511,"date":"2025-05-05T21:20:58","date_gmt":"2025-05-05T21:20:58","guid":{"rendered":"https:\/\/www2.unifap.br\/ppgef\/?page_id=3511"},"modified":"2025-07-24T13:48:37","modified_gmt":"2025-07-24T13:48:37","slug":"edital-no-01-2025-ppgef-processo-seletivo-nivel-doutorado","status":"publish","type":"page","link":"https:\/\/www2.unifap.br\/ppgef\/editais\/2025-2\/edital-no-01-2025-ppgef-processo-seletivo-nivel-doutorado\/","title":{"rendered":"EDITAL N\u00ba 01\/2025 \u2013 PPGEF-PROCESSO SELETIVO-NIVEL DOUTORADO"},"content":{"rendered":"<p><a href=\"http:\/\/www2.unifap.br\/ppgef\/files\/2025\/05\/Edital-01_2025-Processo-Seletivo-NIvel-Doutorado-1.pdf\">Edital 01_2025-Processo Seletivo-NIvel Doutorado<\/a><\/p>\n<p><a href=\"http:\/\/www2.unifap.br\/ppgef\/files\/2025\/06\/1a-RETIFICACAO-DO-EDITAL-No-01_2025-05-de-maio-de-2025-1.pdf\">1\u00aa RETIFICA\u00c7\u00c3O DO EDITAL N\u00ba 01_2025, 05 de maio de 2025<\/a><\/p>\n<p><a href=\"http:\/\/www2.unifap.br\/ppgef\/files\/2025\/06\/LISTA-PROVISORIA_Inscricoes-Homologadas.pdf\">LISTA PROVIS\u00d3RIA_Inscri\u00e7\u00f5es Homologadas<\/a><\/p>\n<p><a href=\"http:\/\/www2.unifap.br\/ppgef\/files\/2025\/06\/LISTA-DEFINITIVA_Inscricoes-Homologadas.pdf\">LISTA DEFINITIVA_Inscri\u00e7\u00f5es Homologadas<\/a><\/p>\n<p><a href=\"http:\/\/www2.unifap.br\/ppgef\/files\/2025\/06\/RESULTADO-PROVISORIO_etapas-de-Projeto-1.pdf\">RESULTADO PROVIS\u00d3RIO_etapas de Projeto<\/a><\/p>\n<p><a href=\"http:\/\/www2.unifap.br\/ppgef\/files\/2025\/07\/RESULTADO-DEFINITIVO_etapas-de-Projeto.pdf\">RESULTADO DEFINITIVO_etapas de Projeto<\/a><\/p>\n<p><a href=\"http:\/\/www2.unifap.br\/ppgef\/files\/2025\/07\/CRONOGRAMA-ETAPAS-DE-ENTREVISTAS.pdf\">CRONOGRAMA ETAPAS DE ENTREVISTAS<\/a><\/p>\n<p><a href=\"http:\/\/www2.unifap.br\/ppgef\/files\/2025\/07\/2a-RETIFICACAO-DO-EDITAL-No-01_2025-05-de-maio-de-2025.pdf\">2\u00aa RETIFICA\u00c7\u00c3O DO EDITAL N\u00ba 01_2025, 05 de maio de 2025<\/a><\/p>\n<p><a href=\"http:\/\/www2.unifap.br\/ppgef\/files\/2025\/07\/RESULTADO-PROVISORIO_ETAPA-DE-ENTREVISTA.pdf\">RESULTADO PROVISORIO_ETAPA DE ENTREVISTA<\/a><\/p>\n<p><a href=\"http:\/\/www2.unifap.br\/ppgef\/files\/2025\/07\/RESULTADO-DEFINITIVO_ETAPA-DE-ENTREVISTA.pdf\">RESULTADO DEFINITIVO_ETAPA DE ENTREVISTA<\/a><\/p>\n<p><a href=\"http:\/\/www2.unifap.br\/ppgef\/files\/2025\/07\/RESULTADO-DA-ANALISE-CURRICULAR.pdf\">RESULTADO DA ANALISE CURRICULAR<\/a><\/p>\n<p><a href=\"http:\/\/www2.unifap.br\/ppgef\/files\/2025\/07\/RESULTADO-FINAL-PROVISORIO_PS-2025.pdf\">RESULTADO FINAL PROVISORIO_PS 2025<\/a><\/p>\n<p><a href=\"http:\/\/www2.unifap.br\/ppgef\/files\/2025\/07\/RESULTADO-DEFINITIVO-PS-2025-PPGEF.pdf\">RESULTADO DEFINITIVO PS-2025-PPGEF<\/a><\/p>\n<p><a href=\"http:\/\/www2.unifap.br\/ppgef\/files\/2025\/07\/CON-VOCACAO-DE-HAIBILITACAO-DE-MATRICULA-INSTITUCIONAL-DOUTORADO_PPEGF-TURMA-2025.pdf\">CON VOCA\u00c7\u00c3O DE HAIBILITA\u00c7\u00c3O DE MATRICULA INSTITUCIONAL- DOUTORADO_PPEGF-TURMA 2025<\/a><\/p>\n<p>&nbsp;<\/p>\n","protected":false},"excerpt":{"rendered":"<p>Edital 01_2025-Processo Seletivo-NIvel Doutorado 1\u00aa RETIFICA\u00c7\u00c3O DO EDITAL N\u00ba 01_2025, 05 de maio de 2025 LISTA PROVIS\u00d3RIA_Inscri\u00e7\u00f5es Homologadas LISTA DEFINITIVA_Inscri\u00e7\u00f5es Homologadas RESULTADO PROVIS\u00d3RIO_etapas de Projeto RESULTADO DEFINITIVO_etapas de Projeto CRONOGRAMA ETAPAS DE ENTREVISTAS 2\u00aa RETIFICA\u00c7\u00c3O DO EDITAL N\u00ba 01_2025, 05 de maio de 2025 RESULTADO PROVISORIO_ETAPA DE ENTREVISTA RESULTADO DEFINITIVO_ETAPA DE ENTREVISTA RESULTADO DA ANALISE&#8230;<\/p>\n","protected":false},"author":976,"featured_media":0,"parent":3303,"menu_order":1,"comment_status":"closed","ping_status":"closed","template":"","meta":{"inline_featured_image":false,"site-sidebar-layout":"default","site-content-layout":"","ast-site-content-layout":"default","site-content-style":"default","site-sidebar-style":"default","ast-global-header-display":"","ast-banner-title-visibility":"","ast-main-header-display":"","ast-hfb-above-header-display":"","ast-hfb-below-header-display":"","ast-hfb-mobile-header-display":"","site-post-title":"","ast-breadcrumbs-content":"","ast-featured-img":"","footer-sml-layout":"","theme-transparent-header-meta":"default","adv-header-id-meta":"","stick-header-meta":"","header-above-stick-meta":"","header-main-stick-meta":"","header-below-stick-meta":"","astra-migrate-meta-layouts":"set","ast-page-background-enabled":"default","ast-page-background-meta":{"desktop":{"background-color":"var(--ast-global-color-4)","background-image":"","background-repeat":"repeat","background-position":"center center","background-size":"auto","background-attachment":"scroll","background-type":"","background-media":"","overlay-type":"","overlay-color":"","overlay-opacity":"","overlay-gradient":""},"tablet":{"background-color":"","background-image":"","background-repeat":"repeat","background-position":"center center","background-size":"auto","background-attachment":"scroll","background-type":"","background-media":"","overlay-type":"","overlay-color":"","overlay-opacity":"","overlay-gradient":""},"mobile":{"background-color":"","background-image":"","background-repeat":"repeat","background-position":"center center","background-size":"auto","background-attachment":"scroll","background-type":"","background-media":"","overlay-type":"","overlay-color":"","overlay-opacity":"","overlay-gradient":""}},"ast-content-background-meta":{"desktop":{"background-color":"var(--ast-global-color-5)","background-image":"","background-repeat":"repeat","background-position":"center center","background-size":"auto","background-attachment":"scroll","background-type":"","background-media":"","overlay-type":"","overlay-color":"","overlay-opacity":"","overlay-gradient":""},"tablet":{"background-color":"var(--ast-global-color-5)","background-image":"","background-repeat":"repeat","background-position":"center center","background-size":"auto","background-attachment":"scroll","background-type":"","background-media":"","overlay-type":"","overlay-color":"","overlay-opacity":"","overlay-gradient":""},"mobile":{"background-color":"var(--ast-global-color-5)","background-image":"","background-repeat":"repeat","background-position":"center center","background-size":"auto","background-attachment":"scroll","background-type":"","background-media":"","overlay-type":"","overlay-color":"","overlay-opacity":"","overlay-gradient":""}},"ngg_post_thumbnail":0,"footnotes":""},"class_list":["post-3511","page","type-page","status-publish","hentry"],"_links":{"self":[{"href":"https:\/\/www2.unifap.br\/ppgef\/wp-json\/wp\/v2\/pages\/3511","targetHints":{"allow":["GET"]}}],"collection":[{"href":"https:\/\/www2.unifap.br\/ppgef\/wp-json\/wp\/v2\/pages"}],"about":[{"href":"https:\/\/www2.unifap.br\/ppgef\/wp-json\/wp\/v2\/types\/page"}],"author":[{"embeddable":true,"href":"https:\/\/www2.unifap.br\/ppgef\/wp-json\/wp\/v2\/users\/976"}],"replies":[{"embeddable":true,"href":"https:\/\/www2.unifap.br\/ppgef\/wp-json\/wp\/v2\/comments?post=3511"}],"version-history":[{"count":17,"href":"https:\/\/www2.unifap.br\/ppgef\/wp-json\/wp\/v2\/pages\/3511\/revisions"}],"predecessor-version":[{"id":3613,"href":"https:\/\/www2.unifap.br\/ppgef\/wp-json\/wp\/v2\/pages\/3511\/revisions\/3613"}],"up":[{"embeddable":true,"href":"https:\/\/www2.unifap.br\/ppgef\/wp-json\/wp\/v2\/pages\/3303"}],"wp:attachment":[{"href":"https:\/\/www2.unifap.br\/ppgef\/wp-json\/wp\/v2\/media?parent=3511"}],"curies":[{"name":"wp","href":"https:\/\/api.w.org\/{rel}","templated":true}]}}