{"id":3653,"date":"2025-10-03T20:35:36","date_gmt":"2025-10-03T20:35:36","guid":{"rendered":"https:\/\/www2.unifap.br\/ppgef\/?page_id=3653"},"modified":"2026-01-16T11:58:28","modified_gmt":"2026-01-16T11:58:28","slug":"edital-no-02-2025-processo-seletivo-ppgef-turma-2026-mestrado-e-doutorado","status":"publish","type":"page","link":"https:\/\/www2.unifap.br\/ppgef\/editais\/2025-2\/edital-no-02-2025-processo-seletivo-ppgef-turma-2026-mestrado-e-doutorado\/","title":{"rendered":"EDITAL N\u00ba 02\/2025 \u2013 PROCESSO SELETIVO\/PPGEF-TURMA 2026-MESTRADO E DOUTORADO"},"content":{"rendered":"<p><a href=\"http:\/\/www2.unifap.br\/ppgef\/files\/2025\/10\/Edital-MD-TURMA-2026.pdf\">Edital M&amp;D-TURMA 2026<\/a><\/p>\n<p><a href=\"http:\/\/www2.unifap.br\/ppgef\/files\/2025\/10\/1a-RETIFICACAO-DO-EDITAL-No-02_2025-\u2013-PROCESSO-SELETIVO-PPGEF-TURMA-2026-MESTRADO-E-DOUTORADO.pdf\">1\u00aa RETIFICA\u00c7\u00c3O DO EDITAL N\u00ba 02_2025 \u2013 PROCESSO SELETIVO-PPGEF-TURMA 2026-MESTRADO E DOUTORADO<\/a><\/p>\n<p><a href=\"http:\/\/www2.unifap.br\/ppgef\/files\/2025\/11\/2a-RETIFICACAO-DO-EDITAL-N.o-002_2025.pdf\">2\u00aa RETIFICA\u00c7\u00c3O DO EDITAL N.\u00ba 002_2025<\/a><\/p>\n<p><a href=\"http:\/\/www2.unifap.br\/ppgef\/files\/2025\/11\/LISTA-PROVISORIA-DE-INSCRICOES-HOMOLOGADAS-MESTRADO.pdf\">LISTA PROVIS\u00d3RIA DE INSCRI\u00c7\u00d5ES HOMOLOGADAS-MESTRADO<\/a><\/p>\n<p><a href=\"http:\/\/www2.unifap.br\/ppgef\/files\/2025\/11\/LISTA-PROVISORIA-DE-INSCRICOES-HOMOLOGADAS-DOUTORADO.pdf\">LISTA PROVIS\u00d3RIA DE INSCRI\u00c7\u00d5ES HOMOLOGADAS-DOUTORADO<\/a><\/p>\n<p><a href=\"http:\/\/www2.unifap.br\/ppgef\/files\/2025\/11\/LISTA-DEFINITIVA-DE-INSCRICOES-HOMOLOGADAS-MESTRADO-1.pdf\">LISTA DEFINITIVA DE INSCRI\u00c7\u00d5ES HOMOLOGADAS &#8211; MESTRADO<\/a><\/p>\n<p><a href=\"http:\/\/www2.unifap.br\/ppgef\/files\/2025\/11\/LISTA-DEFINITIVA-DE-INSCRICOES-HOMOLOGADAS-DOUTORADO-1.pdf\">LISTA DEFINITIVA DE INSCRI\u00c7\u00d5ES HOMOLOGADAS &#8211; DOUTORADO<\/a><\/p>\n<p><a href=\"http:\/\/www2.unifap.br\/ppgef\/files\/2025\/11\/LISTA-PROVISORIA-DA-AVALIACAO-DE-PROJETO-MESTRADO-LINHA-ESTADO-FRONTEIRA-E-POLITICAS-PUBLICAS.pdf\">LISTA PROVIS\u00d3RIA DA AVALIA\u00c7\u00c3O DE PROJETO-MESTRADO-LINHA ESTADO, FRONTEIRA E POLITICAS PUBLICAS<\/a><\/p>\n<p><a href=\"http:\/\/www2.unifap.br\/ppgef\/files\/2025\/11\/LISTA-PROVISORIA-DA-AVALIACAO-DE-PROJETO-MESTRADO-LINHA-CULTURA-SOCIEDADE-E-FRONTEIRA.pdf\">LISTA PROVIS\u00d3RIA DA AVALIA\u00c7\u00c3O DE PROJETO-MESTRADO-LINHA CULTURA, SOCIEDADE E FRONTEIRA<\/a><\/p>\n<p><a href=\"http:\/\/www2.unifap.br\/ppgef\/files\/2025\/11\/LISTA-PROVISORIA-DA-AVALIACAO-DE-PROJETO-DOUTORADO-LINHA-ESTADO-FRONTEIRA-E-POLITICAS-PUBLICAS.pdf\">LISTA PROVIS\u00d3RIA DA AVALIA\u00c7\u00c3O DE PROJETO-DOUTORADO- LINHA ESTADO, FRONTEIRA E POLITICAS PUBLICAS<\/a><\/p>\n<p><a href=\"http:\/\/www2.unifap.br\/ppgef\/files\/2025\/11\/LISTA-PROVISORIA-DA-AVALIACAO-DE-PROJETO-DOUTORADO-LINHA-CULTURA-SOCIEDADE-E-FRONTEIRA.pdf\">LISTA PROVIS\u00d3RIA DA AVALIA\u00c7\u00c3O DE PROJETO-DOUTORADO-LINHA CULTURA, SOCIEDADE E FRONTEIRA<\/a><\/p>\n<p><a href=\"http:\/\/www2.unifap.br\/ppgef\/files\/2025\/12\/RESULTADO-DEFINITIVO-DA-AVALIACAO-DE-PROJETO_MESTRADO_ESTADO-FRONTEIRA-E-POLITICAS-PUBLICAS.pdf\">RESULTADO DEFINITIVO DA AVALIA\u00c7\u00c3O DE PROJETO_MESTRADO_ESTADO, FRONTEIRA E POLITICAS PUBLICAS<\/a><\/p>\n<p><a href=\"http:\/\/www2.unifap.br\/ppgef\/files\/2025\/12\/RESULTADO-DEFINITIVO-DA-AVALIACAO-DE-PROJETO_MESTRADO_LINHA-CULTURA-SOCIEDADE-E-FRONTEIRA.pdf\">RESULTADO DEFINITIVO DA AVALIA\u00c7\u00c3O DE PROJETO_MESTRADO_LINHA CULTURA, SOCIEDADE E FRONTEIRA<\/a><\/p>\n<p><a href=\"http:\/\/www2.unifap.br\/ppgef\/files\/2025\/12\/RESULTADO-DEFINITIVO-DA-AVALIACAO-DE-PROJETO_DOUTORADO_ESTADO-FRONTEIRA-E-POLITICAS-PUBLICAS.pdf\">RESULTADO DEFINITIVO DA AVALIA\u00c7\u00c3O DE PROJETO_DOUTORADO_ESTADO, FRONTEIRA E POLITICAS PUBLICAS<\/a><\/p>\n<p><a href=\"http:\/\/www2.unifap.br\/ppgef\/files\/2025\/12\/RESULTADO-DEFINITIVO-DA-AVALIACAO-DE-PROJETO_DOUTORADO_LINHA-CULTURA-SOCIEDADE-E-FRONTEIRA.pdf\">RESULTADO DEFINITIVO DA AVALIA\u00c7\u00c3O DE PROJETO_DOUTORADO_LINHA CULTURA, SOCIEDADE E FRONTEIRA<\/a><\/p>\n<p><a href=\"http:\/\/www2.unifap.br\/ppgef\/files\/2025\/12\/RESULTADO-PROVISORIO-DA-ETAPA-DE-ENTREVISTA_MESTRADO_ESTADO-FRONTEIRA-E-POLITICAS-PUBLICAS.pdf\">RESULTADO PROVIS\u00d3RIO DA ETAPA DE ENTREVISTA_MESTRADO_ESTADO, FRONTEIRA E POLITICAS PUBLICAS<\/a><\/p>\n<p><a href=\"http:\/\/www2.unifap.br\/ppgef\/files\/2025\/12\/RESULTADO-PROVISORIO-DA-ETAPA-DE-ENTREVISTA_MESTRADO_CULTURA-SOCIEDADE-E-FRONTEIRA.pdf\">RESULTADO PROVIS\u00d3RIO DA ETAPA DE ENTREVISTA_MESTRADO_CULTURA, SOCIEDADE E FRONTEIRA<\/a><\/p>\n<p><a href=\"http:\/\/www2.unifap.br\/ppgef\/files\/2025\/12\/RESULTADO-PROVISORIO-DA-ETAPA-DE-ENTREVISTA_DOUTORADO_ESTADO-FRONTEIRA-E-POLITICAS-PUBLICAS.pdf\">RESULTADO PROVIS\u00d3RIO DA ETAPA DE ENTREVISTA_DOUTORADO_ESTADO, FRONTEIRA E POLITICAS PUBLICAS<\/a><\/p>\n<p><a href=\"http:\/\/www2.unifap.br\/ppgef\/files\/2025\/12\/RESULTADO-PROVISORIO-DA-ETAPA-DE-ENTREVISTA_DOUTORADO_CULTURA-SOCIEDADE-E-FRONTEIRA.pdf\">RESULTADO PROVIS\u00d3RIO DA ETAPA DE ENTREVISTA_DOUTORADO_CULTURA, SOCIEDADE E FRONTEIRA<\/a><\/p>\n<p><a href=\"http:\/\/www2.unifap.br\/ppgef\/files\/2025\/12\/RESULTADO-DEFINITIVO-DA-ETAPA-DE-ENTREVISTA_MESTRADO_ESTADO-FRONTEIRA-E-POLITICAS-PUBLICAS.pdf\">RESULTADO DEFINITIVO DA ETAPA DE ENTREVISTA_MESTRADO_ESTADO, FRONTEIRA E POLITICAS PUBLICAS<\/a><\/p>\n<p><a href=\"http:\/\/www2.unifap.br\/ppgef\/files\/2025\/12\/RESULTADO-DEFINITIVO-DA-ETAPA-DE-ENTREVISTA_MESTRADO_CULTURA-SOCIEDADE-E-FRONTEIRA.pdf\">RESULTADO DEFINITIVO DA ETAPA DE ENTREVISTA_MESTRADO_CULTURA, SOCIEDADE E FRONTEIRA<\/a><\/p>\n<p><a href=\"http:\/\/www2.unifap.br\/ppgef\/files\/2025\/12\/RESULTADO-DEFINITIVO-DA-ETAPA-DE-ENTREVISTA_DOUTORADO_ESTADO-FRONTEIRA-E-POLITICAS-PUBLICAS.pdf\">RESULTADO DEFINITIVO DA ETAPA DE ENTREVISTA_DOUTORADO_ESTADO, FRONTEIRA E POLITICAS PUBLICAS<\/a><\/p>\n<p><a href=\"http:\/\/www2.unifap.br\/ppgef\/files\/2025\/12\/RESULTADO-DEFINITIVO-DA-ETAPA-DE-ENTREVISTA_DOUTORADO_CULTURA-SOCIEDADE-E-FRONTEIRA.pdf\">RESULTADO DEFINITIVO DA ETAPA DE ENTREVISTA_DOUTORADO_CULTURA, SOCIEDADE E FRONTEIRA<\/a><\/p>\n<p><a href=\"http:\/\/www2.unifap.br\/ppgef\/files\/2025\/12\/RESULTADO-\u00b4PROVISORIO-CURRICULO.pdf\">RESULTADO \u00b4PROVIS\u00d3RIO CURRICULO<\/a><\/p>\n<p><a href=\"http:\/\/www2.unifap.br\/ppgef\/files\/2025\/12\/RESULTADO-\u00b4DEFINITIVO-CURRICULO.pdf\">RESULTADO \u00b4DEFINITIVO CURRICULO<\/a><\/p>\n<p><a href=\"http:\/\/www2.unifap.br\/ppgef\/files\/2025\/12\/RESULTADO-PROVISORIO-DO-PROCESSO-SELETIVO.pdf\">RESULTADO PROVIS\u00d3RIO DO PROCESSO SELETIVO<\/a><\/p>\n<p><a href=\"http:\/\/www2.unifap.br\/ppgef\/files\/2025\/12\/RESULTADO-DEFINITIVO-DO-PROCESSO-SELETIVO.pdf\">RESULTADO DEFINITIVO DO PROCESSO SELETIVO<\/a><\/p>\n<p><a href=\"http:\/\/www2.unifap.br\/ppgef\/files\/2025\/12\/RESULTADO-DEFINITIVO-COM-NOMES.pdf\">RESULTADO DEFINITIVO COM NOMES<\/a><\/p>\n<p><a href=\"http:\/\/www2.unifap.br\/ppgef\/files\/2025\/12\/3a-RETIFICACAO-DO-EDITAL-N.o-002_2025.pdf\">3\u00aa RETIFICA\u00c7\u00c3O DO EDITAL N.\u00ba 002_2025<\/a><\/p>\n<p><a href=\"http:\/\/www2.unifap.br\/ppgef\/files\/2026\/01\/CONVOCACAO-DE-HABILITACAO-DE-MATRICULA-INSTITUCIONAL-TURMA-MESTRADO_DOUTORADO-2026.docx\">CONVOCA\u00c7\u00c3O DE HABILITA\u00c7\u00c3O DE MATRICULA INSTITUCIONAL-TURMA MESTRADO_DOUTORADO 2026<\/a><\/p>\n","protected":false},"excerpt":{"rendered":"<p>Edital M&amp;D-TURMA 2026 1\u00aa RETIFICA\u00c7\u00c3O DO EDITAL N\u00ba 02_2025 \u2013 PROCESSO SELETIVO-PPGEF-TURMA 2026-MESTRADO E DOUTORADO 2\u00aa RETIFICA\u00c7\u00c3O DO EDITAL N.\u00ba 002_2025 LISTA PROVIS\u00d3RIA DE INSCRI\u00c7\u00d5ES HOMOLOGADAS-MESTRADO LISTA PROVIS\u00d3RIA DE INSCRI\u00c7\u00d5ES HOMOLOGADAS-DOUTORADO LISTA DEFINITIVA DE INSCRI\u00c7\u00d5ES HOMOLOGADAS &#8211; MESTRADO LISTA DEFINITIVA DE INSCRI\u00c7\u00d5ES HOMOLOGADAS &#8211; DOUTORADO LISTA PROVIS\u00d3RIA DA AVALIA\u00c7\u00c3O DE PROJETO-MESTRADO-LINHA ESTADO, FRONTEIRA E POLITICAS&#8230;<\/p>\n","protected":false},"author":976,"featured_media":0,"parent":3303,"menu_order":2,"comment_status":"closed","ping_status":"closed","template":"","meta":{"inline_featured_image":false,"site-sidebar-layout":"default","site-content-layout":"","ast-site-content-layout":"default","site-content-style":"default","site-sidebar-style":"default","ast-global-header-display":"","ast-banner-title-visibility":"","ast-main-header-display":"","ast-hfb-above-header-display":"","ast-hfb-below-header-display":"","ast-hfb-mobile-header-display":"","site-post-title":"","ast-breadcrumbs-content":"","ast-featured-img":"","footer-sml-layout":"","theme-transparent-header-meta":"default","adv-header-id-meta":"","stick-header-meta":"","header-above-stick-meta":"","header-main-stick-meta":"","header-below-stick-meta":"","astra-migrate-meta-layouts":"set","ast-page-background-enabled":"default","ast-page-background-meta":{"desktop":{"background-color":"var(--ast-global-color-4)","background-image":"","background-repeat":"repeat","background-position":"center center","background-size":"auto","background-attachment":"scroll","background-type":"","background-media":"","overlay-type":"","overlay-color":"","overlay-opacity":"","overlay-gradient":""},"tablet":{"background-color":"","background-image":"","background-repeat":"repeat","background-position":"center center","background-size":"auto","background-attachment":"scroll","background-type":"","background-media":"","overlay-type":"","overlay-color":"","overlay-opacity":"","overlay-gradient":""},"mobile":{"background-color":"","background-image":"","background-repeat":"repeat","background-position":"center center","background-size":"auto","background-attachment":"scroll","background-type":"","background-media":"","overlay-type":"","overlay-color":"","overlay-opacity":"","overlay-gradient":""}},"ast-content-background-meta":{"desktop":{"background-color":"var(--ast-global-color-5)","background-image":"","background-repeat":"repeat","background-position":"center center","background-size":"auto","background-attachment":"scroll","background-type":"","background-media":"","overlay-type":"","overlay-color":"","overlay-opacity":"","overlay-gradient":""},"tablet":{"background-color":"var(--ast-global-color-5)","background-image":"","background-repeat":"repeat","background-position":"center center","background-size":"auto","background-attachment":"scroll","background-type":"","background-media":"","overlay-type":"","overlay-color":"","overlay-opacity":"","overlay-gradient":""},"mobile":{"background-color":"var(--ast-global-color-5)","background-image":"","background-repeat":"repeat","background-position":"center center","background-size":"auto","background-attachment":"scroll","background-type":"","background-media":"","overlay-type":"","overlay-color":"","overlay-opacity":"","overlay-gradient":""}},"ngg_post_thumbnail":0,"footnotes":""},"class_list":["post-3653","page","type-page","status-publish","hentry"],"_links":{"self":[{"href":"https:\/\/www2.unifap.br\/ppgef\/wp-json\/wp\/v2\/pages\/3653","targetHints":{"allow":["GET"]}}],"collection":[{"href":"https:\/\/www2.unifap.br\/ppgef\/wp-json\/wp\/v2\/pages"}],"about":[{"href":"https:\/\/www2.unifap.br\/ppgef\/wp-json\/wp\/v2\/types\/page"}],"author":[{"embeddable":true,"href":"https:\/\/www2.unifap.br\/ppgef\/wp-json\/wp\/v2\/users\/976"}],"replies":[{"embeddable":true,"href":"https:\/\/www2.unifap.br\/ppgef\/wp-json\/wp\/v2\/comments?post=3653"}],"version-history":[{"count":13,"href":"https:\/\/www2.unifap.br\/ppgef\/wp-json\/wp\/v2\/pages\/3653\/revisions"}],"predecessor-version":[{"id":3656,"href":"https:\/\/www2.unifap.br\/ppgef\/wp-json\/wp\/v2\/pages\/3653\/revisions\/3656"}],"up":[{"embeddable":true,"href":"https:\/\/www2.unifap.br\/ppgef\/wp-json\/wp\/v2\/pages\/3303"}],"wp:attachment":[{"href":"https:\/\/www2.unifap.br\/ppgef\/wp-json\/wp\/v2\/media?parent=3653"}],"curies":[{"name":"wp","href":"https:\/\/api.w.org\/{rel}","templated":true}]}}