{"id":374,"date":"2017-10-16T19:17:29","date_gmt":"2017-10-16T19:17:29","guid":{"rendered":"http:\/\/www2.unifap.br\/ppgef\/?page_id=374"},"modified":"2019-04-09T21:36:06","modified_gmt":"2019-04-09T21:36:06","slug":"eventos","status":"publish","type":"page","link":"https:\/\/www2.unifap.br\/ppgef\/eventos\/","title":{"rendered":"EVENTOS\/NOTICIAS E IMAGENS"},"content":{"rendered":"<p>EVENTOS<\/p>\n<p>2018:<\/p>\n<p><a href=\"http:\/\/www2.unifap.br\/ppgef\/files\/2017\/10\/Chamada-Paineis-logo.pdf\">I Semin\u00e1rio Internacional de Estudos de Fronteira das Guianas<\/a><\/p>\n<p><a href=\"http:\/\/www2.unifap.br\/ppgef\/files\/2017\/10\/Folder-Semin\u00e1rio-PPGEF.pdf\">Folder Semin\u00e1rio PPGEF<\/a><\/p>\n<p>&nbsp;<\/p>\n<p>2019:<\/p>\n<p><a href=\"https:\/\/doity.com.br\/seminario-dyaga\">SEMIN\u00c1RIO DYAGA: din\u00e2micas de circula\u00e7\u00e3o de bens, pessoas e planejamento territorial na fronteira guyano-amapaense<\/a><\/p>\n<p><a href=\"https:\/\/www.historyofconcepts.net\/22nd-international-conference-2019\/cfp-22nd-international-conference-2019\/\">Call for Papers: 22nd International Conference on the History of Concepts, July 25-27th 2019, El Colegio de M\u00e9xico, Mexico City<\/a><\/p>\n<p>&nbsp;<\/p>\n<p>NOT\u00cdCIAS<\/p>\n<p><a href=\"https:\/\/www.blogderocha.com.br\/inter-amazonias-uma-fronteira-musical-clicia-di-micelli-agora-e-mestra-e-quem-ganha-com-isso-e-a-cultura-do-amapa\/\">Inter Amazonias: Uma Fronteira Musical: Clicia Di Micelli agora \u00e9 Mestra e quem ganha como isso e a Cultura do Amap\u00e1<\/a><\/p>\n<h1><\/h1>\n","protected":false},"excerpt":{"rendered":"<p>EVENTOS 2018: I Semin\u00e1rio Internacional de Estudos de Fronteira das Guianas Folder Semin\u00e1rio PPGEF &nbsp; 2019: SEMIN\u00c1RIO DYAGA: din\u00e2micas de circula\u00e7\u00e3o de bens, pessoas e planejamento territorial na fronteira guyano-amapaense Call for Papers: 22nd International Conference on the History of Concepts, July 25-27th 2019, El Colegio de M\u00e9xico, Mexico City &nbsp; NOT\u00cdCIAS Inter Amazonias: Uma&#8230;<\/p>\n","protected":false},"author":175,"featured_media":0,"parent":0,"menu_order":7,"comment_status":"closed","ping_status":"open","template":"","meta":{"inline_featured_image":false,"site-sidebar-layout":"default","site-content-layout":"","ast-site-content-layout":"default","site-content-style":"default","site-sidebar-style":"default","ast-global-header-display":"","ast-banner-title-visibility":"","ast-main-header-display":"","ast-hfb-above-header-display":"","ast-hfb-below-header-display":"","ast-hfb-mobile-header-display":"","site-post-title":"","ast-breadcrumbs-content":"","ast-featured-img":"","footer-sml-layout":"","theme-transparent-header-meta":"","adv-header-id-meta":"","stick-header-meta":"","header-above-stick-meta":"","header-main-stick-meta":"","header-below-stick-meta":"","astra-migrate-meta-layouts":"default","ast-page-background-enabled":"default","ast-page-background-meta":{"desktop":{"background-color":"var(--ast-global-color-4)","background-image":"","background-repeat":"repeat","background-position":"center center","background-size":"auto","background-attachment":"scroll","background-type":"","background-media":"","overlay-type":"","overlay-color":"","overlay-opacity":"","overlay-gradient":""},"tablet":{"background-color":"","background-image":"","background-repeat":"repeat","background-position":"center center","background-size":"auto","background-attachment":"scroll","background-type":"","background-media":"","overlay-type":"","overlay-color":"","overlay-opacity":"","overlay-gradient":""},"mobile":{"background-color":"","background-image":"","background-repeat":"repeat","background-position":"center center","background-size":"auto","background-attachment":"scroll","background-type":"","background-media":"","overlay-type":"","overlay-color":"","overlay-opacity":"","overlay-gradient":""}},"ast-content-background-meta":{"desktop":{"background-color":"var(--ast-global-color-5)","background-image":"","background-repeat":"repeat","background-position":"center center","background-size":"auto","background-attachment":"scroll","background-type":"","background-media":"","overlay-type":"","overlay-color":"","overlay-opacity":"","overlay-gradient":""},"tablet":{"background-color":"var(--ast-global-color-5)","background-image":"","background-repeat":"repeat","background-position":"center center","background-size":"auto","background-attachment":"scroll","background-type":"","background-media":"","overlay-type":"","overlay-color":"","overlay-opacity":"","overlay-gradient":""},"mobile":{"background-color":"var(--ast-global-color-5)","background-image":"","background-repeat":"repeat","background-position":"center center","background-size":"auto","background-attachment":"scroll","background-type":"","background-media":"","overlay-type":"","overlay-color":"","overlay-opacity":"","overlay-gradient":""}},"ngg_post_thumbnail":0,"footnotes":""},"class_list":["post-374","page","type-page","status-publish","hentry"],"_links":{"self":[{"href":"https:\/\/www2.unifap.br\/ppgef\/wp-json\/wp\/v2\/pages\/374","targetHints":{"allow":["GET"]}}],"collection":[{"href":"https:\/\/www2.unifap.br\/ppgef\/wp-json\/wp\/v2\/pages"}],"about":[{"href":"https:\/\/www2.unifap.br\/ppgef\/wp-json\/wp\/v2\/types\/page"}],"author":[{"embeddable":true,"href":"https:\/\/www2.unifap.br\/ppgef\/wp-json\/wp\/v2\/users\/175"}],"replies":[{"embeddable":true,"href":"https:\/\/www2.unifap.br\/ppgef\/wp-json\/wp\/v2\/comments?post=374"}],"version-history":[{"count":12,"href":"https:\/\/www2.unifap.br\/ppgef\/wp-json\/wp\/v2\/pages\/374\/revisions"}],"predecessor-version":[{"id":1144,"href":"https:\/\/www2.unifap.br\/ppgef\/wp-json\/wp\/v2\/pages\/374\/revisions\/1144"}],"wp:attachment":[{"href":"https:\/\/www2.unifap.br\/ppgef\/wp-json\/wp\/v2\/media?parent=374"}],"curies":[{"name":"wp","href":"https:\/\/api.w.org\/{rel}","templated":true}]}}