{"id":412,"date":"2017-10-26T18:03:40","date_gmt":"2017-10-26T18:03:40","guid":{"rendered":"http:\/\/www2.unifap.br\/ppgef\/?page_id=412"},"modified":"2019-06-27T17:45:21","modified_gmt":"2019-06-27T17:45:21","slug":"edital-052017-ps-internacional-ppgef","status":"publish","type":"page","link":"https:\/\/www2.unifap.br\/ppgef\/editais\/2017-2-2\/edital-052017-ps-internacional-ppgef\/","title":{"rendered":"Edital 05\/2017 &#8211; PS INTERNACIONAL &#8211; PPGEF"},"content":{"rendered":"<p><a href=\"http:\/\/www2.unifap.br\/ppgef\/files\/2017\/10\/Edital-005-2017-PPGEF.pdf\">Edital-005-2017-PPGEF<\/a><\/p>\n<p><a href=\"http:\/\/www2.unifap.br\/ppgef\/files\/2017\/10\/Edital-005-2017-PPGEF-Ingl\u00eas.pdf\">Edital-005-2017-PPGEF-Ingl\u00eas<\/a><\/p>\n<p><a href=\"http:\/\/www2.unifap.br\/ppgef\/files\/2017\/10\/ANEXO-A-modelo-pre-projeto-novo-1.doc\">ANEXO-A-modelo-pre-projeto-novo (1)<\/a><\/p>\n<p><a href=\"http:\/\/www2.unifap.br\/ppgef\/files\/2017\/10\/ANEXO-B-\u2013-CRIT\u00c9RIOS-PROJETO-DE-PESQUISA1.pdf\">ANEXO-B-\u2013-CRIT\u00c9RIOS-PROJETO-DE-PESQUISA<\/a><\/p>\n<p><a href=\"http:\/\/www2.unifap.br\/ppgef\/files\/2017\/10\/ANEXO-C-_-QUADRO-pontua\u00e7\u00e3o-de-entrevistas1.pdf\">ANEXO-C-_-QUADRO-pontua\u00e7\u00e3o-de-entrevistas<\/a><\/p>\n<p><a href=\"http:\/\/www2.unifap.br\/ppgef\/files\/2017\/10\/ANEXO-D-\u2013-TEMAS-E-BIBLIOGRAFIA-PARA-A-PROVA-ESCRITA1.pdf\">ANEXO-D-\u2013-TEMAS-E-BIBLIOGRAFIA-PARA-A-PROVA-ESCRITA<\/a><\/p>\n<p><a href=\"http:\/\/www2.unifap.br\/ppgef\/files\/2017\/10\/ANEXO-E\u2013-Pontua\u00e7\u00e3o-Curr\u00edculo1.pdf\">ANEXO-E\u2013-Pontua\u00e7\u00e3o-Curr\u00edculo<\/a><\/p>\n<p><a href=\"http:\/\/www2.unifap.br\/ppgef\/files\/2017\/10\/ANEXO-F-\u2013-MODELO-DE-RECURSO1.pdf\">ANEXO-F-\u2013-MODELO-DE-RECURSO<\/a><\/p>\n","protected":false},"excerpt":{"rendered":"<p>Edital-005-2017-PPGEF Edital-005-2017-PPGEF-Ingl\u00eas ANEXO-A-modelo-pre-projeto-novo (1) ANEXO-B-\u2013-CRIT\u00c9RIOS-PROJETO-DE-PESQUISA ANEXO-C-_-QUADRO-pontua\u00e7\u00e3o-de-entrevistas ANEXO-D-\u2013-TEMAS-E-BIBLIOGRAFIA-PARA-A-PROVA-ESCRITA ANEXO-E\u2013-Pontua\u00e7\u00e3o-Curr\u00edculo ANEXO-F-\u2013-MODELO-DE-RECURSO<\/p>\n","protected":false},"author":976,"featured_media":0,"parent":1322,"menu_order":2,"comment_status":"closed","ping_status":"open","template":"","meta":{"inline_featured_image":false,"site-sidebar-layout":"default","site-content-layout":"","ast-site-content-layout":"default","site-content-style":"default","site-sidebar-style":"default","ast-global-header-display":"","ast-banner-title-visibility":"","ast-main-header-display":"","ast-hfb-above-header-display":"","ast-hfb-below-header-display":"","ast-hfb-mobile-header-display":"","site-post-title":"","ast-breadcrumbs-content":"","ast-featured-img":"","footer-sml-layout":"","theme-transparent-header-meta":"","adv-header-id-meta":"","stick-header-meta":"","header-above-stick-meta":"","header-main-stick-meta":"","header-below-stick-meta":"","astra-migrate-meta-layouts":"default","ast-page-background-enabled":"default","ast-page-background-meta":{"desktop":{"background-color":"var(--ast-global-color-4)","background-image":"","background-repeat":"repeat","background-position":"center center","background-size":"auto","background-attachment":"scroll","background-type":"","background-media":"","overlay-type":"","overlay-color":"","overlay-opacity":"","overlay-gradient":""},"tablet":{"background-color":"","background-image":"","background-repeat":"repeat","background-position":"center center","background-size":"auto","background-attachment":"scroll","background-type":"","background-media":"","overlay-type":"","overlay-color":"","overlay-opacity":"","overlay-gradient":""},"mobile":{"background-color":"","background-image":"","background-repeat":"repeat","background-position":"center center","background-size":"auto","background-attachment":"scroll","background-type":"","background-media":"","overlay-type":"","overlay-color":"","overlay-opacity":"","overlay-gradient":""}},"ast-content-background-meta":{"desktop":{"background-color":"var(--ast-global-color-5)","background-image":"","background-repeat":"repeat","background-position":"center center","background-size":"auto","background-attachment":"scroll","background-type":"","background-media":"","overlay-type":"","overlay-color":"","overlay-opacity":"","overlay-gradient":""},"tablet":{"background-color":"var(--ast-global-color-5)","background-image":"","background-repeat":"repeat","background-position":"center center","background-size":"auto","background-attachment":"scroll","background-type":"","background-media":"","overlay-type":"","overlay-color":"","overlay-opacity":"","overlay-gradient":""},"mobile":{"background-color":"var(--ast-global-color-5)","background-image":"","background-repeat":"repeat","background-position":"center center","background-size":"auto","background-attachment":"scroll","background-type":"","background-media":"","overlay-type":"","overlay-color":"","overlay-opacity":"","overlay-gradient":""}},"ngg_post_thumbnail":0,"footnotes":""},"class_list":["post-412","page","type-page","status-publish","hentry"],"_links":{"self":[{"href":"https:\/\/www2.unifap.br\/ppgef\/wp-json\/wp\/v2\/pages\/412","targetHints":{"allow":["GET"]}}],"collection":[{"href":"https:\/\/www2.unifap.br\/ppgef\/wp-json\/wp\/v2\/pages"}],"about":[{"href":"https:\/\/www2.unifap.br\/ppgef\/wp-json\/wp\/v2\/types\/page"}],"author":[{"embeddable":true,"href":"https:\/\/www2.unifap.br\/ppgef\/wp-json\/wp\/v2\/users\/976"}],"replies":[{"embeddable":true,"href":"https:\/\/www2.unifap.br\/ppgef\/wp-json\/wp\/v2\/comments?post=412"}],"version-history":[{"count":2,"href":"https:\/\/www2.unifap.br\/ppgef\/wp-json\/wp\/v2\/pages\/412\/revisions"}],"predecessor-version":[{"id":424,"href":"https:\/\/www2.unifap.br\/ppgef\/wp-json\/wp\/v2\/pages\/412\/revisions\/424"}],"up":[{"embeddable":true,"href":"https:\/\/www2.unifap.br\/ppgef\/wp-json\/wp\/v2\/pages\/1322"}],"wp:attachment":[{"href":"https:\/\/www2.unifap.br\/ppgef\/wp-json\/wp\/v2\/media?parent=412"}],"curies":[{"name":"wp","href":"https:\/\/api.w.org\/{rel}","templated":true}]}}