{"id":425,"date":"2017-12-06T17:21:04","date_gmt":"2017-12-06T17:21:04","guid":{"rendered":"http:\/\/www2.unifap.br\/ppgef\/?page_id=425"},"modified":"2019-06-27T17:42:09","modified_gmt":"2019-06-27T17:42:09","slug":"edital-042017-ps-nacional-ppgef","status":"publish","type":"page","link":"https:\/\/www2.unifap.br\/ppgef\/editais\/2017-2-2\/edital-042017-ps-nacional-ppgef\/","title":{"rendered":"Edital 04\/2017 &#8211; PS NACIONAL &#8211; PPGEF"},"content":{"rendered":"<p><a href=\"http:\/\/www2.unifap.br\/ppgef\/files\/2017\/10\/Edital-PPGEF-04-2017.pdf\">Edital-PPGEF-04-2017<\/a><\/p>\n<p><a href=\"http:\/\/www2.unifap.br\/ppgef\/files\/2017\/10\/ANEXO-A-modelo-pre-projeto-novo2.doc\">ANEXO-A-modelo-pre-projeto-novo<\/a><\/p>\n<p><a href=\"http:\/\/www2.unifap.br\/ppgef\/files\/2017\/10\/ANEXO-B-\u2013-CRIT\u00c9RIOS-PROJETO-DE-PESQUISA2.pdf\">ANEXO-B-\u2013-CRIT\u00c9RIOS-PROJETO-DE-PESQUISA<\/a><\/p>\n<p><a href=\"http:\/\/www2.unifap.br\/ppgef\/files\/2017\/10\/ANEXO-C-_-QUADRO-pontua\u00e7\u00e3o-de-entrevistas2.pdf\">ANEXO-C-_-QUADRO-pontua\u00e7\u00e3o-de-entrevistas<\/a><\/p>\n<p><a href=\"http:\/\/www2.unifap.br\/ppgef\/files\/2017\/10\/ANEXO-D-\u2013-TEMAS-E-BIBLIOGRAFIA-PARA-A-PROVA-ESCRITA2.pdf\">ANEXO-D-\u2013-TEMAS-E-BIBLIOGRAFIA-PARA-A-PROVA-ESCRITA<\/a><\/p>\n<p><a href=\"http:\/\/www2.unifap.br\/ppgef\/files\/2017\/10\/ANEXO-E\u2013-Pontua\u00e7\u00e3o-Curr\u00edculo2.pdf\">ANEXO-E\u2013-Pontua\u00e7\u00e3o-Curr\u00edculo<\/a><\/p>\n<p><a href=\"http:\/\/www2.unifap.br\/ppgef\/files\/2017\/10\/ANEXO-F-\u2013-MODELO-DE-RECURSO2.pdf\">ANEXO-F-\u2013-MODELO-DE-RECURSO<\/a><\/p>\n<p><a href=\"http:\/\/www2.unifap.br\/ppgef\/files\/2017\/10\/LISTA-DAS-INSCRI\u00c7\u00d5ES-HOMOLOGADAS.doc\">LISTA DAS INSCRI\u00c7\u00d5ES HOMOLOGADAS<\/a><\/p>\n<p><a href=\"http:\/\/www2.unifap.br\/ppgef\/files\/2017\/10\/RETIFICA\u00c7\u00c3O-DO-RESULTADO-DAS-INSCRI\u00c7\u00d5ES-HOMOLOGADAS.pdf\">RETIFICA\u00c7\u00c3O DO RESULTADO DAS INSCRI\u00c7\u00d5ES HOMOLOGADAS<\/a><\/p>\n<p><a href=\"http:\/\/www2.unifap.br\/ppgef\/files\/2017\/10\/RESULTADO-DEFINITIVO_ENTREVISTA-E-ANALISE-DE-CURRICULO_PPGEF.pdf\">RESULTADO DEFINITIVO_ENTREVISTA E ANALISE DE CURRICULO_PPGEF<\/a><\/p>\n<p><a href=\"http:\/\/www2.unifap.br\/ppgef\/files\/2017\/10\/RESULTADO-PROVIS\u00d3RIO-DA-ANALISE-DO-PRE-PROJETO.pdf\">RESULTADO PROVIS\u00d3RIO DA ANALISE DO PRE PROJETO<\/a><\/p>\n<p><a href=\"http:\/\/www2.unifap.br\/ppgef\/files\/2017\/10\/Comunicado-Sobre-o-Resultado-Provis\u00f3rio-da-Analise-do-Pr\u00e9-Projeto.pdf\">Comunicado Sobre o Resultado Provis\u00f3rio da Analise do Pr\u00e9 Projeto<\/a><\/p>\n<p><a href=\"http:\/\/www2.unifap.br\/ppgef\/files\/2017\/10\/RESULTADO-DEFINITIVO-DA-ANALISE-DO-PRE-PROJETO.pdf\">RESULTADO DEFINITIVO DA ANALISE DO PRE PROJETO<\/a><\/p>\n<p><a href=\"http:\/\/www2.unifap.br\/ppgef\/files\/2017\/10\/COMUNICADO-REALIZA\u00c7\u00c3O-DA-PROVA-DE-CONHECIMENTOS.pdf\">COMUNICADO REALIZA\u00c7\u00c3O DA PROVA DE CONHECIMENTOS<\/a><\/p>\n<p><a href=\"http:\/\/www2.unifap.br\/ppgef\/files\/2017\/10\/RESULTADO-PROVIS\u00d3RIO-DA-PROVA-DE-CONHECIMENTOS.pdf\">RESULTADO PROVIS\u00d3RIO DA PROVA DE CONHECIMENTOS<\/a><\/p>\n<p><a href=\"http:\/\/www2.unifap.br\/ppgef\/files\/2017\/10\/HORARIO-E-LOCAL-DA-ENTREVISTA.pdf\">HORARIO E LOCAL DA ENTREVISTA<\/a><\/p>\n<p><a href=\"http:\/\/www2.unifap.br\/ppgef\/files\/2017\/10\/RESULTADO-PROVIS\u00d3RIO_ENTREVISTA-E-ANALISE-DE-CURRICULO_PPGEF.pdf\">RESULTADO PROVIS\u00d3RIO_ENTREVISTA E ANALISE DE CURRICULO_PPGEF<\/a><\/p>\n<p><a href=\"http:\/\/www2.unifap.br\/ppgef\/files\/2017\/10\/ERRATA-DO-EDITAL-N\u00ba-04_2017-PPGEF-UNIFAP.pdf\">ERRATA DO EDITAL N\u00ba 04_2017-PPGEF-UNIFAP<\/a><\/p>\n<p><a href=\"http:\/\/www2.unifap.br\/ppgef\/files\/2017\/10\/RESULTADO-DEFINITIVO_ENTREVISTA-E-ANALISE-DE-CURRICULO_PPGEF.pdf\">RESULTADO DEFINITIVO_ENTREVISTA E ANALISE DE CURRICULO_PPGEF<\/a><\/p>\n<p><a href=\"http:\/\/www2.unifap.br\/ppgef\/files\/2017\/12\/COMUNICADO-DO-RESULTADO-DA-APRECIA\u00c7\u00c3O-DOS-RECURSOS.pdf\">COMUNICADO DO RESULTADO DA APRECIA\u00c7\u00c3O DOS RECURSOS<\/a><\/p>\n<p><a href=\"http:\/\/www2.unifap.br\/ppgef\/files\/2017\/12\/RESULTADO-PRELIMINAR_PS-PPGEF-EDITAL-N\u00ba-04_2017.pdf\">RESULTADO PRELIMINAR_PS PPGEF-EDITAL N\u00ba 04_2017<\/a><\/p>\n<p><a href=\"http:\/\/www2.unifap.br\/ppgef\/files\/2017\/12\/RESULTADO-FINAL_PS-PPGEF-EDITAL-N\u00ba-04_2017.pdf\">RESULTADO FINAL_PS PPGEF-EDITAL N\u00ba 04_2017<\/a><\/p>\n<p><a href=\"http:\/\/www2.unifap.br\/ppgef\/files\/2017\/12\/COMUNICADO-DE-MATRICULA.pdf\">COMUNICADO DE MATRICULA<\/a><\/p>\n<p>&nbsp;<\/p>\n","protected":false},"excerpt":{"rendered":"<p>Edital-PPGEF-04-2017 ANEXO-A-modelo-pre-projeto-novo ANEXO-B-\u2013-CRIT\u00c9RIOS-PROJETO-DE-PESQUISA ANEXO-C-_-QUADRO-pontua\u00e7\u00e3o-de-entrevistas ANEXO-D-\u2013-TEMAS-E-BIBLIOGRAFIA-PARA-A-PROVA-ESCRITA ANEXO-E\u2013-Pontua\u00e7\u00e3o-Curr\u00edculo ANEXO-F-\u2013-MODELO-DE-RECURSO LISTA DAS INSCRI\u00c7\u00d5ES HOMOLOGADAS RETIFICA\u00c7\u00c3O DO RESULTADO DAS INSCRI\u00c7\u00d5ES HOMOLOGADAS RESULTADO DEFINITIVO_ENTREVISTA E ANALISE DE CURRICULO_PPGEF RESULTADO PROVIS\u00d3RIO DA ANALISE DO PRE PROJETO Comunicado Sobre o Resultado Provis\u00f3rio da Analise do Pr\u00e9 Projeto RESULTADO DEFINITIVO DA ANALISE DO PRE PROJETO COMUNICADO REALIZA\u00c7\u00c3O DA PROVA DE CONHECIMENTOS RESULTADO PROVIS\u00d3RIO&#8230;<\/p>\n","protected":false},"author":976,"featured_media":0,"parent":1322,"menu_order":1,"comment_status":"closed","ping_status":"open","template":"","meta":{"inline_featured_image":false,"site-sidebar-layout":"default","site-content-layout":"","ast-site-content-layout":"default","site-content-style":"default","site-sidebar-style":"default","ast-global-header-display":"","ast-banner-title-visibility":"","ast-main-header-display":"","ast-hfb-above-header-display":"","ast-hfb-below-header-display":"","ast-hfb-mobile-header-display":"","site-post-title":"","ast-breadcrumbs-content":"","ast-featured-img":"","footer-sml-layout":"","theme-transparent-header-meta":"","adv-header-id-meta":"","stick-header-meta":"","header-above-stick-meta":"","header-main-stick-meta":"","header-below-stick-meta":"","astra-migrate-meta-layouts":"default","ast-page-background-enabled":"default","ast-page-background-meta":{"desktop":{"background-color":"var(--ast-global-color-4)","background-image":"","background-repeat":"repeat","background-position":"center center","background-size":"auto","background-attachment":"scroll","background-type":"","background-media":"","overlay-type":"","overlay-color":"","overlay-opacity":"","overlay-gradient":""},"tablet":{"background-color":"","background-image":"","background-repeat":"repeat","background-position":"center center","background-size":"auto","background-attachment":"scroll","background-type":"","background-media":"","overlay-type":"","overlay-color":"","overlay-opacity":"","overlay-gradient":""},"mobile":{"background-color":"","background-image":"","background-repeat":"repeat","background-position":"center center","background-size":"auto","background-attachment":"scroll","background-type":"","background-media":"","overlay-type":"","overlay-color":"","overlay-opacity":"","overlay-gradient":""}},"ast-content-background-meta":{"desktop":{"background-color":"var(--ast-global-color-5)","background-image":"","background-repeat":"repeat","background-position":"center center","background-size":"auto","background-attachment":"scroll","background-type":"","background-media":"","overlay-type":"","overlay-color":"","overlay-opacity":"","overlay-gradient":""},"tablet":{"background-color":"var(--ast-global-color-5)","background-image":"","background-repeat":"repeat","background-position":"center center","background-size":"auto","background-attachment":"scroll","background-type":"","background-media":"","overlay-type":"","overlay-color":"","overlay-opacity":"","overlay-gradient":""},"mobile":{"background-color":"var(--ast-global-color-5)","background-image":"","background-repeat":"repeat","background-position":"center center","background-size":"auto","background-attachment":"scroll","background-type":"","background-media":"","overlay-type":"","overlay-color":"","overlay-opacity":"","overlay-gradient":""}},"ngg_post_thumbnail":0,"footnotes":""},"class_list":["post-425","page","type-page","status-publish","hentry"],"_links":{"self":[{"href":"https:\/\/www2.unifap.br\/ppgef\/wp-json\/wp\/v2\/pages\/425","targetHints":{"allow":["GET"]}}],"collection":[{"href":"https:\/\/www2.unifap.br\/ppgef\/wp-json\/wp\/v2\/pages"}],"about":[{"href":"https:\/\/www2.unifap.br\/ppgef\/wp-json\/wp\/v2\/types\/page"}],"author":[{"embeddable":true,"href":"https:\/\/www2.unifap.br\/ppgef\/wp-json\/wp\/v2\/users\/976"}],"replies":[{"embeddable":true,"href":"https:\/\/www2.unifap.br\/ppgef\/wp-json\/wp\/v2\/comments?post=425"}],"version-history":[{"count":17,"href":"https:\/\/www2.unifap.br\/ppgef\/wp-json\/wp\/v2\/pages\/425\/revisions"}],"predecessor-version":[{"id":1324,"href":"https:\/\/www2.unifap.br\/ppgef\/wp-json\/wp\/v2\/pages\/425\/revisions\/1324"}],"up":[{"embeddable":true,"href":"https:\/\/www2.unifap.br\/ppgef\/wp-json\/wp\/v2\/pages\/1322"}],"wp:attachment":[{"href":"https:\/\/www2.unifap.br\/ppgef\/wp-json\/wp\/v2\/media?parent=425"}],"curies":[{"name":"wp","href":"https:\/\/api.w.org\/{rel}","templated":true}]}}